{"id":3689,"date":"2019-12-09T15:17:35","date_gmt":"2019-12-09T14:17:35","guid":{"rendered":"https:\/\/www.groods.de\/index.php\/produkt\/moyu-24-section-snake-green\/"},"modified":"2025-11-19T22:25:29","modified_gmt":"2025-11-19T21:25:29","slug":"moyu-24-section-snake-green","status":"publish","type":"product","link":"https:\/\/www.groods.de\/index.php\/produkt\/moyu-24-section-snake-green\/","title":{"rendered":"Moyu 24 Section Magic Snake &#8211; green"},"content":{"rendered":"<h1>Moyu 24 Section Magic Snake &#8211; green<\/h1>\n<p>Eine Magic Snake (auch Magic Twist, Magic Transformable Snake, Magic Snake Puzzle) ist ein Spielzeug mit 24 &#8211; 72 Keilen, die gleichschenklige Dreiecksprismen sind. Die Keile sind durch Federbolzen miteinander verbunden, so dass sie verdreht, aber nicht voneinander getrennt werden k\u00f6nnen. Durch drehen kann die Magic Snake so gestaltet werden, dass sie einer Vielzahl von Objekten, Tieren oder geometrischen Formen \u00e4hnelt.<\/p>\n<p>Die Magic Snake wurde 1981 auf dem H\u00f6hepunkt des Magic Cube-Wahnsinns ver\u00f6ffentlicht. Das l\u00f6sen der Schlange ist kein unl\u00f6sbares Problem, sie bietet aber unendlich viele Kombinationsm\u00f6glichkeiten. Sie ist ein Werkzeug, um Formvorstellungen im Raum zu testen. Theoretisch ist die Anzahl der Kombinationen der Schlange begrenzt. Aber praktisch ist diese Anzahl unbegrenzt, und eine Lebensdauer reicht nicht aus, um alle ihre M\u00f6glichkeiten zu verwirklichen.<\/p>\n<h3><strong data-spm-anchor-id=\"a2g0x.10010108.1000023.i0.3d0af4b4DKar3l\">Eigenschaften:<\/strong><\/h3>\n<ul>\n<li>glatte und schnelle Oberfl\u00e4che<\/li>\n<li class=\"md-end-block\">neu und Originalverpackt<\/li>\n<li class=\"md-end-block\">aus hochwertigem ABS Material, das umweltfreundlich, ungiftig und langlebig ist<\/li>\n<li class=\"md-end-block\">geschmeidige Rotation und komfortables Spielgef\u00fchl<\/li>\n<li>Viele Stunden Spa\u00df und Kopfzerbrechen mit Freunden und Familie sind garantiert<\/li>\n<\/ul>\n<h3>Spezifikationen:<\/h3>\n<ul>\n<li>Farbe: rot, gr\u00fcn, blau<\/li>\n<li>Material: Kunststoff<\/li>\n<li>Produkt Abmessungen: 10,3*7,0*2,7 cm<\/li>\n<li>Produkt Gewicht: 93g<\/li>\n<li>Verpackung: Karton Box<\/li>\n<\/ul>\n","protected":false},"excerpt":{"rendered":"<p>Moyu 24 Section Magic Snake &#8211; green Eine Magic Snake (auch Magic Twist, Magic Transformable Snake, Magic Snake Puzzle) ist ein Spielzeug mit 24 &#8211; 72 Keilen, die gleichschenklige Dreiecksprismen sind. Die Keile sind durch Federbolzen miteinander verbunden, so dass sie verdreht, aber nicht voneinander getrennt werden k\u00f6nnen. Durch drehen kann die Magic Snake so [&hellip;]<\/p>\n","protected":false},"featured_media":4021,"comment_status":"open","ping_status":"closed","template":"","meta":[],"product_brand":[],"product_cat":[86],"product_tag":[],"class_list":{"0":"post-3689","1":"product","2":"type-product","3":"status-publish","4":"has-post-thumbnail","6":"product_cat-neue-produkte","8":"first","9":"outofstock","10":"taxable","11":"shipping-taxable","12":"purchasable","13":"product-type-simple"},"yoast_head":"<!-- This site is optimized with the Yoast SEO plugin v26.7 - https:\/\/yoast.com\/wordpress\/plugins\/seo\/ -->\n<title>Moyu 24 Section Magic Snake - green - gRoods<\/title>\n<meta name=\"robots\" content=\"index, follow, max-snippet:-1, max-image-preview:large, max-video-preview:-1\" \/>\n<link rel=\"canonical\" href=\"https:\/\/www.groods.de\/index.php\/produkt\/moyu-24-section-snake-green\/\" \/>\n<meta property=\"og:locale\" content=\"de_DE\" \/>\n<meta property=\"og:type\" content=\"article\" \/>\n<meta property=\"og:title\" content=\"Moyu 24 Section Magic Snake - green - gRoods\" \/>\n<meta property=\"og:description\" content=\"Moyu 24 Section Magic Snake &#8211; green Eine Magic Snake (auch Magic Twist, Magic Transformable Snake, Magic Snake Puzzle) ist ein Spielzeug mit 24 &#8211; 72 Keilen, die gleichschenklige Dreiecksprismen sind. Die Keile sind durch Federbolzen miteinander verbunden, so dass sie verdreht, aber nicht voneinander getrennt werden k\u00f6nnen. Durch drehen kann die Magic Snake so [&hellip;]\" \/>\n<meta property=\"og:url\" content=\"https:\/\/www.groods.de\/index.php\/produkt\/moyu-24-section-snake-green\/\" \/>\n<meta property=\"og:site_name\" content=\"gRoods\" \/>\n<meta property=\"article:modified_time\" content=\"2025-11-19T21:25:29+00:00\" \/>\n<meta property=\"og:image\" content=\"https:\/\/i0.wp.com\/www.groods.de\/wp-content\/uploads\/2019\/12\/Moyu-24-Section-Rubiks-Snake-red-1.jpg?fit=932%2C932&ssl=1\" \/>\n\t<meta property=\"og:image:width\" content=\"932\" \/>\n\t<meta property=\"og:image:height\" content=\"932\" \/>\n\t<meta property=\"og:image:type\" content=\"image\/jpeg\" \/>\n<meta name=\"twitter:card\" content=\"summary_large_image\" \/>\n<meta name=\"twitter:label1\" content=\"Gesch\u00e4tzte Lesezeit\" \/>\n\t<meta name=\"twitter:data1\" content=\"1\u00a0Minute\" \/>\n<script type=\"application\/ld+json\" class=\"yoast-schema-graph\">{\"@context\":\"https:\/\/schema.org\",\"@graph\":[{\"@type\":\"WebPage\",\"@id\":\"https:\/\/www.groods.de\/index.php\/produkt\/moyu-24-section-snake-green\/\",\"url\":\"https:\/\/www.groods.de\/index.php\/produkt\/moyu-24-section-snake-green\/\",\"name\":\"Moyu 24 Section Magic Snake - green - gRoods\",\"isPartOf\":{\"@id\":\"https:\/\/www.groods.de\/#website\"},\"primaryImageOfPage\":{\"@id\":\"https:\/\/www.groods.de\/index.php\/produkt\/moyu-24-section-snake-green\/#primaryimage\"},\"image\":{\"@id\":\"https:\/\/www.groods.de\/index.php\/produkt\/moyu-24-section-snake-green\/#primaryimage\"},\"thumbnailUrl\":\"https:\/\/www.groods.de\/wp-content\/uploads\/2019\/12\/Moyu-24-Section-Rubiks-Snake-red-1.jpg\",\"datePublished\":\"2019-12-09T14:17:35+00:00\",\"dateModified\":\"2025-11-19T21:25:29+00:00\",\"breadcrumb\":{\"@id\":\"https:\/\/www.groods.de\/index.php\/produkt\/moyu-24-section-snake-green\/#breadcrumb\"},\"inLanguage\":\"de\",\"potentialAction\":[{\"@type\":\"ReadAction\",\"target\":[\"https:\/\/www.groods.de\/index.php\/produkt\/moyu-24-section-snake-green\/\"]}]},{\"@type\":\"ImageObject\",\"inLanguage\":\"de\",\"@id\":\"https:\/\/www.groods.de\/index.php\/produkt\/moyu-24-section-snake-green\/#primaryimage\",\"url\":\"https:\/\/www.groods.de\/wp-content\/uploads\/2019\/12\/Moyu-24-Section-Rubiks-Snake-red-1.jpg\",\"contentUrl\":\"https:\/\/www.groods.de\/wp-content\/uploads\/2019\/12\/Moyu-24-Section-Rubiks-Snake-red-1.jpg\",\"width\":932,\"height\":932},{\"@type\":\"BreadcrumbList\",\"@id\":\"https:\/\/www.groods.de\/index.php\/produkt\/moyu-24-section-snake-green\/#breadcrumb\",\"itemListElement\":[{\"@type\":\"ListItem\",\"position\":1,\"name\":\"Startseite\",\"item\":\"https:\/\/www.groods.de\/\"},{\"@type\":\"ListItem\",\"position\":2,\"name\":\"Shop\",\"item\":\"https:\/\/www.groods.de\/index.php\/shop\/\"},{\"@type\":\"ListItem\",\"position\":3,\"name\":\"Moyu 24 Section Magic Snake &#8211; green\"}]},{\"@type\":\"WebSite\",\"@id\":\"https:\/\/www.groods.de\/#website\",\"url\":\"https:\/\/www.groods.de\/\",\"name\":\"gRoods.de\",\"description\":\"Entdecke die Welt der Speedcubes\",\"publisher\":{\"@id\":\"https:\/\/www.groods.de\/#organization\"},\"potentialAction\":[{\"@type\":\"SearchAction\",\"target\":{\"@type\":\"EntryPoint\",\"urlTemplate\":\"https:\/\/www.groods.de\/?s={search_term_string}\"},\"query-input\":{\"@type\":\"PropertyValueSpecification\",\"valueRequired\":true,\"valueName\":\"search_term_string\"}}],\"inLanguage\":\"de\"},{\"@type\":\"Organization\",\"@id\":\"https:\/\/www.groods.de\/#organization\",\"name\":\"gRoods.de\",\"url\":\"https:\/\/www.groods.de\/\",\"logo\":{\"@type\":\"ImageObject\",\"inLanguage\":\"de\",\"@id\":\"https:\/\/www.groods.de\/#\/schema\/logo\/image\/\",\"url\":\"https:\/\/www.groods.de\/wp-content\/uploads\/2018\/08\/logo.png\",\"contentUrl\":\"https:\/\/www.groods.de\/wp-content\/uploads\/2018\/08\/logo.png\",\"width\":1077,\"height\":373,\"caption\":\"gRoods.de\"},\"image\":{\"@id\":\"https:\/\/www.groods.de\/#\/schema\/logo\/image\/\"}}]}<\/script>\n<!-- \/ Yoast SEO plugin. -->","yoast_head_json":{"title":"Moyu 24 Section Magic Snake - green - gRoods","robots":{"index":"index","follow":"follow","max-snippet":"max-snippet:-1","max-image-preview":"max-image-preview:large","max-video-preview":"max-video-preview:-1"},"canonical":"https:\/\/www.groods.de\/index.php\/produkt\/moyu-24-section-snake-green\/","og_locale":"de_DE","og_type":"article","og_title":"Moyu 24 Section Magic Snake - green - gRoods","og_description":"Moyu 24 Section Magic Snake &#8211; green Eine Magic Snake (auch Magic Twist, Magic Transformable Snake, Magic Snake Puzzle) ist ein Spielzeug mit 24 &#8211; 72 Keilen, die gleichschenklige Dreiecksprismen sind. Die Keile sind durch Federbolzen miteinander verbunden, so dass sie verdreht, aber nicht voneinander getrennt werden k\u00f6nnen. Durch drehen kann die Magic Snake so [&hellip;]","og_url":"https:\/\/www.groods.de\/index.php\/produkt\/moyu-24-section-snake-green\/","og_site_name":"gRoods","article_modified_time":"2025-11-19T21:25:29+00:00","og_image":[{"width":932,"height":932,"url":"https:\/\/i0.wp.com\/www.groods.de\/wp-content\/uploads\/2019\/12\/Moyu-24-Section-Rubiks-Snake-red-1.jpg?fit=932%2C932&ssl=1","type":"image\/jpeg"}],"twitter_card":"summary_large_image","twitter_misc":{"Gesch\u00e4tzte Lesezeit":"1\u00a0Minute"},"schema":{"@context":"https:\/\/schema.org","@graph":[{"@type":"WebPage","@id":"https:\/\/www.groods.de\/index.php\/produkt\/moyu-24-section-snake-green\/","url":"https:\/\/www.groods.de\/index.php\/produkt\/moyu-24-section-snake-green\/","name":"Moyu 24 Section Magic Snake - green - gRoods","isPartOf":{"@id":"https:\/\/www.groods.de\/#website"},"primaryImageOfPage":{"@id":"https:\/\/www.groods.de\/index.php\/produkt\/moyu-24-section-snake-green\/#primaryimage"},"image":{"@id":"https:\/\/www.groods.de\/index.php\/produkt\/moyu-24-section-snake-green\/#primaryimage"},"thumbnailUrl":"https:\/\/www.groods.de\/wp-content\/uploads\/2019\/12\/Moyu-24-Section-Rubiks-Snake-red-1.jpg","datePublished":"2019-12-09T14:17:35+00:00","dateModified":"2025-11-19T21:25:29+00:00","breadcrumb":{"@id":"https:\/\/www.groods.de\/index.php\/produkt\/moyu-24-section-snake-green\/#breadcrumb"},"inLanguage":"de","potentialAction":[{"@type":"ReadAction","target":["https:\/\/www.groods.de\/index.php\/produkt\/moyu-24-section-snake-green\/"]}]},{"@type":"ImageObject","inLanguage":"de","@id":"https:\/\/www.groods.de\/index.php\/produkt\/moyu-24-section-snake-green\/#primaryimage","url":"https:\/\/www.groods.de\/wp-content\/uploads\/2019\/12\/Moyu-24-Section-Rubiks-Snake-red-1.jpg","contentUrl":"https:\/\/www.groods.de\/wp-content\/uploads\/2019\/12\/Moyu-24-Section-Rubiks-Snake-red-1.jpg","width":932,"height":932},{"@type":"BreadcrumbList","@id":"https:\/\/www.groods.de\/index.php\/produkt\/moyu-24-section-snake-green\/#breadcrumb","itemListElement":[{"@type":"ListItem","position":1,"name":"Startseite","item":"https:\/\/www.groods.de\/"},{"@type":"ListItem","position":2,"name":"Shop","item":"https:\/\/www.groods.de\/index.php\/shop\/"},{"@type":"ListItem","position":3,"name":"Moyu 24 Section Magic Snake &#8211; green"}]},{"@type":"WebSite","@id":"https:\/\/www.groods.de\/#website","url":"https:\/\/www.groods.de\/","name":"gRoods.de","description":"Entdecke die Welt der Speedcubes","publisher":{"@id":"https:\/\/www.groods.de\/#organization"},"potentialAction":[{"@type":"SearchAction","target":{"@type":"EntryPoint","urlTemplate":"https:\/\/www.groods.de\/?s={search_term_string}"},"query-input":{"@type":"PropertyValueSpecification","valueRequired":true,"valueName":"search_term_string"}}],"inLanguage":"de"},{"@type":"Organization","@id":"https:\/\/www.groods.de\/#organization","name":"gRoods.de","url":"https:\/\/www.groods.de\/","logo":{"@type":"ImageObject","inLanguage":"de","@id":"https:\/\/www.groods.de\/#\/schema\/logo\/image\/","url":"https:\/\/www.groods.de\/wp-content\/uploads\/2018\/08\/logo.png","contentUrl":"https:\/\/www.groods.de\/wp-content\/uploads\/2018\/08\/logo.png","width":1077,"height":373,"caption":"gRoods.de"},"image":{"@id":"https:\/\/www.groods.de\/#\/schema\/logo\/image\/"}}]}},"_links":{"self":[{"href":"https:\/\/www.groods.de\/index.php\/wp-json\/wp\/v2\/product\/3689","targetHints":{"allow":["GET"]}}],"collection":[{"href":"https:\/\/www.groods.de\/index.php\/wp-json\/wp\/v2\/product"}],"about":[{"href":"https:\/\/www.groods.de\/index.php\/wp-json\/wp\/v2\/types\/product"}],"replies":[{"embeddable":true,"href":"https:\/\/www.groods.de\/index.php\/wp-json\/wp\/v2\/comments?post=3689"}],"wp:featuredmedia":[{"embeddable":true,"href":"https:\/\/www.groods.de\/index.php\/wp-json\/wp\/v2\/media\/4021"}],"wp:attachment":[{"href":"https:\/\/www.groods.de\/index.php\/wp-json\/wp\/v2\/media?parent=3689"}],"wp:term":[{"taxonomy":"product_brand","embeddable":true,"href":"https:\/\/www.groods.de\/index.php\/wp-json\/wp\/v2\/product_brand?post=3689"},{"taxonomy":"product_cat","embeddable":true,"href":"https:\/\/www.groods.de\/index.php\/wp-json\/wp\/v2\/product_cat?post=3689"},{"taxonomy":"product_tag","embeddable":true,"href":"https:\/\/www.groods.de\/index.php\/wp-json\/wp\/v2\/product_tag?post=3689"}],"curies":[{"name":"wp","href":"https:\/\/api.w.org\/{rel}","templated":true}]}}