{"id":3681,"date":"2019-12-09T15:17:11","date_gmt":"2019-12-09T14:17:11","guid":{"rendered":"https:\/\/www.groods.de\/index.php\/produkt\/moyu-weilong-gts3-m-3x3-magnet-speedcube\/"},"modified":"2025-11-19T22:24:17","modified_gmt":"2025-11-19T21:24:17","slug":"moyu-weilong-gts3-m-3x3-magnet-speedcube","status":"publish","type":"product","link":"https:\/\/www.groods.de\/index.php\/produkt\/moyu-weilong-gts3-m-3x3-magnet-speedcube\/","title":{"rendered":"MoYu Weilong GTS3 M 3&#215;3 Magnet Speedcube"},"content":{"rendered":"<h1>MoYu Weilong GTS3 M 3&#215;3 Magnet Speedcube<\/h1>\n<p><span class=\"\">RBK\u2018s Speedcube in Perfektion<\/span><\/p>\n<p>MoYu f\u00fchrt den legend\u00e4ren Namen &#8222;GTS&#8220; mit dem revolution\u00e4ren GTS3 M fort. Der GTS3 M bietet nicht nur neue strukturelle Designs und Magnete, sondern f\u00fchrt auch ein neues Dual-Verstellsystem und ein Rillen-Design ein! Dieses neue duale Einstellsystem macht das Einstellen der Federkompression einfacher und pr\u00e4ziser als je zuvor, w\u00e4hrend das neue gerippte Design Griffigkeit und Kontrolle unterst\u00fctzt. Durch das Einstellen der Federkompression k\u00f6nnen Sie mit Ihren Schraubenspannungen viel mehr Flexibilit\u00e4t erzielen, wodurch dieses Puzzle sehr anpassungsf\u00e4hig ist.<\/p>\n<p>Das neue Moyu Flaggschiff bietet Ihnen folgende<\/p>\n<h3><strong data-spm-anchor-id=\"a2g0x.10010108.1000023.i0.3d0af4b4DKar3l\">Eigenschaften:<\/strong><\/h3>\n<ul>\n<li class=\"md-end-block\">Innovatives und verbessertes Mittelst\u00fcckdesign<\/li>\n<li class=\"md-end-block\">4 in das Mittelst\u00fcck eingef\u00fchrte Schlitze verst\u00e4rken seine Struktur und 2 Innenst\u00fcckzus\u00e4tze sorgen daf\u00fcr, dass die Mittelkappe fester sitzt<\/li>\n<li class=\"md-end-block\">Verbesserte und neu gestaltete Oberfl\u00e4che<\/li>\n<li class=\"md-end-block\">Ein geformtes Muster au\u00dfen macht die Oberfl\u00e4che des W\u00fcrfels griffiger.<\/li>\n<li class=\"md-end-block\">Professionelle und einstellbare Federn (Dual-Adjustment System)<\/li>\n<li class=\"md-end-block\">Dual-Einstellwerkzeuge erm\u00f6glichen eine gr\u00f6\u00dfere Auswahl an Elastizit\u00e4t und Sie k\u00f6nnen die Spannung auf ein ideales Niveau einstellen.<\/li>\n<li class=\"md-end-block\">SMulti-Track-Design<\/li>\n<li class=\"md-end-block\">Dank des mehrspurigen Designs ist der W\u00fcrfel stabiler und geschmeidiger.<\/li>\n<li class=\"md-end-block\">Sie k\u00f6nnen die Federn nach Ihren W\u00fcnschen einstellen, um ein perfektes Spielgef\u00fchl zu erreichen.<\/li>\n<li class=\"md-end-block\">Magnetische Positioniertechnik<\/li>\n<li class=\"md-end-block\">48 Magnete im W\u00fcrfel verbessern das Drehgef\u00fchl<\/li>\n<li class=\"md-end-block\">Magnetschlitze sorgen f\u00fcr eine pr\u00e4zise Positionierung der Magnete.<\/li>\n<li class=\"md-end-block\">glattes Design<\/li>\n<li class=\"md-end-block\">Das Anti-Stick-Design in den Kontaktbereichen<\/li>\n<li class=\"md-end-block\">Hervorragendes Corner Cutting<\/li>\n<li class=\"md-end-block\">Das Corner Cutting des Weilong GTS3M betr\u00e4gt etwa 55 \u00b0 vorn etwa 30 \u00b0 hinten.<\/li>\n<li class=\"md-end-block\">\u00dcberarbeiteter Kern<\/li>\n<li class=\"md-end-block\">Der Kern besteht aus einem aufwendigen Nylon-Kunststoff und einem hochpr\u00e4zisen Federsatz, der dem W\u00fcrfel ein ruhiges und stabiles Drehen verleiht.<\/li>\n<li class=\"md-end-block\">Bequeme Gr\u00f6\u00dfe Mit einer flachen Abmessung von 55,5 mm und einer geformten Abmessung von 56,3 mm erleichtert die optimierte Gr\u00f6\u00dfe die Steuerung und Beschleunigung des W\u00fcrfels.<\/li>\n<li class=\"md-end-block\">Das Gewicht des W\u00fcrfels liegt bei etwa 92 g, sodass Sie sich angenehm und solide f\u00fchlen.<\/li>\n<li class=\"md-end-block\">hoch belastbares Material\u00a0verhindert Verformung und Abrieb.<\/li>\n<li class=\"md-end-block\">komfortable Demontage<\/li>\n<li class=\"md-end-block\">Injektion von Schmiermittel m\u00f6glich pr\u00e4zise Klebstoffinjektion an den Magneten stellt sicher, dass sie sich nicht l\u00f6sen.<\/li>\n<li class=\"md-end-block\">umweltfreundliche Materialien.<\/li>\n<li class=\"md-end-block\">Eine exquisite Display-Box in der Verpackung sch\u00fctzt den W\u00fcrfel und erm\u00f6glicht eine sch\u00f6ne Pr\u00e4sentation.<\/li>\n<\/ul>\n<h3>Warnhinweis<\/h3>\n<p>Achtung, Erstickungsgefahr! Der magische W\u00fcrfel besteht aus Kleinteilen, die sich evtl. l\u00f6sen k\u00f6nnen, daher ist er nicht f\u00fcr Kinder unter 3 Jahren geeignet!<\/p>\n<h3>Spezifikationen:<\/h3>\n<ul>\n<li>Farbe: stickerless<\/li>\n<li>Material: Kunststoff<\/li>\n<li>Produkt Abmessungen: 5,6*5,6*5,6 cm<\/li>\n<li>Produkt Gewicht: 193g<\/li>\n<li>Verpackung: Karton Box<\/li>\n<\/ul>\n","protected":false},"excerpt":{"rendered":"<p>MoYu Weilong GTS3 M 3&#215;3 Magnet Speedcube RBK\u2018s Speedcube in Perfektion MoYu f\u00fchrt den legend\u00e4ren Namen &#8222;GTS&#8220; mit dem revolution\u00e4ren GTS3 M fort. Der GTS3 M bietet nicht nur neue strukturelle Designs und Magnete, sondern f\u00fchrt auch ein neues Dual-Verstellsystem und ein Rillen-Design ein! Dieses neue duale Einstellsystem macht das Einstellen der Federkompression einfacher und [&hellip;]<\/p>\n","protected":false},"featured_media":6303,"comment_status":"open","ping_status":"closed","template":"","meta":[],"product_brand":[],"product_cat":[86],"product_tag":[],"class_list":{"0":"post-3681","1":"product","2":"type-product","3":"status-publish","4":"has-post-thumbnail","6":"product_cat-neue-produkte","8":"first","9":"outofstock","10":"taxable","11":"shipping-taxable","12":"purchasable","13":"product-type-simple"},"yoast_head":"<!-- This site is optimized with the Yoast SEO plugin v26.7 - https:\/\/yoast.com\/wordpress\/plugins\/seo\/ -->\n<title>MoYu Weilong GTS3 M 3x3 Magnet Speedcube - gRoods<\/title>\n<meta name=\"robots\" content=\"index, follow, max-snippet:-1, max-image-preview:large, max-video-preview:-1\" \/>\n<link rel=\"canonical\" href=\"https:\/\/www.groods.de\/index.php\/produkt\/moyu-weilong-gts3-m-3x3-magnet-speedcube\/\" \/>\n<meta property=\"og:locale\" content=\"de_DE\" \/>\n<meta property=\"og:type\" content=\"article\" \/>\n<meta property=\"og:title\" content=\"MoYu Weilong GTS3 M 3x3 Magnet Speedcube - gRoods\" \/>\n<meta property=\"og:description\" content=\"MoYu Weilong GTS3 M 3&#215;3 Magnet Speedcube RBK\u2018s Speedcube in Perfektion MoYu f\u00fchrt den legend\u00e4ren Namen &#8222;GTS&#8220; mit dem revolution\u00e4ren GTS3 M fort. Der GTS3 M bietet nicht nur neue strukturelle Designs und Magnete, sondern f\u00fchrt auch ein neues Dual-Verstellsystem und ein Rillen-Design ein! Dieses neue duale Einstellsystem macht das Einstellen der Federkompression einfacher und [&hellip;]\" \/>\n<meta property=\"og:url\" content=\"https:\/\/www.groods.de\/index.php\/produkt\/moyu-weilong-gts3-m-3x3-magnet-speedcube\/\" \/>\n<meta property=\"og:site_name\" content=\"gRoods\" \/>\n<meta property=\"article:modified_time\" content=\"2025-11-19T21:24:17+00:00\" \/>\n<meta property=\"og:image\" content=\"https:\/\/i0.wp.com\/www.groods.de\/wp-content\/uploads\/2019\/12\/MoYu-Weilong-GTS3-M-3x3-10.jpg?fit=1100%2C1100&ssl=1\" \/>\n\t<meta property=\"og:image:width\" content=\"1100\" \/>\n\t<meta property=\"og:image:height\" content=\"1100\" \/>\n\t<meta property=\"og:image:type\" content=\"image\/jpeg\" \/>\n<meta name=\"twitter:card\" content=\"summary_large_image\" \/>\n<meta name=\"twitter:label1\" content=\"Gesch\u00e4tzte Lesezeit\" \/>\n\t<meta name=\"twitter:data1\" content=\"2\u00a0Minuten\" \/>\n<script type=\"application\/ld+json\" class=\"yoast-schema-graph\">{\"@context\":\"https:\/\/schema.org\",\"@graph\":[{\"@type\":\"WebPage\",\"@id\":\"https:\/\/www.groods.de\/index.php\/produkt\/moyu-weilong-gts3-m-3x3-magnet-speedcube\/\",\"url\":\"https:\/\/www.groods.de\/index.php\/produkt\/moyu-weilong-gts3-m-3x3-magnet-speedcube\/\",\"name\":\"MoYu Weilong GTS3 M 3x3 Magnet Speedcube - gRoods\",\"isPartOf\":{\"@id\":\"https:\/\/www.groods.de\/#website\"},\"primaryImageOfPage\":{\"@id\":\"https:\/\/www.groods.de\/index.php\/produkt\/moyu-weilong-gts3-m-3x3-magnet-speedcube\/#primaryimage\"},\"image\":{\"@id\":\"https:\/\/www.groods.de\/index.php\/produkt\/moyu-weilong-gts3-m-3x3-magnet-speedcube\/#primaryimage\"},\"thumbnailUrl\":\"https:\/\/www.groods.de\/wp-content\/uploads\/2019\/12\/MoYu-Weilong-GTS3-M-3x3-10.jpg\",\"datePublished\":\"2019-12-09T14:17:11+00:00\",\"dateModified\":\"2025-11-19T21:24:17+00:00\",\"breadcrumb\":{\"@id\":\"https:\/\/www.groods.de\/index.php\/produkt\/moyu-weilong-gts3-m-3x3-magnet-speedcube\/#breadcrumb\"},\"inLanguage\":\"de\",\"potentialAction\":[{\"@type\":\"ReadAction\",\"target\":[\"https:\/\/www.groods.de\/index.php\/produkt\/moyu-weilong-gts3-m-3x3-magnet-speedcube\/\"]}]},{\"@type\":\"ImageObject\",\"inLanguage\":\"de\",\"@id\":\"https:\/\/www.groods.de\/index.php\/produkt\/moyu-weilong-gts3-m-3x3-magnet-speedcube\/#primaryimage\",\"url\":\"https:\/\/www.groods.de\/wp-content\/uploads\/2019\/12\/MoYu-Weilong-GTS3-M-3x3-10.jpg\",\"contentUrl\":\"https:\/\/www.groods.de\/wp-content\/uploads\/2019\/12\/MoYu-Weilong-GTS3-M-3x3-10.jpg\",\"width\":1100,\"height\":1100},{\"@type\":\"BreadcrumbList\",\"@id\":\"https:\/\/www.groods.de\/index.php\/produkt\/moyu-weilong-gts3-m-3x3-magnet-speedcube\/#breadcrumb\",\"itemListElement\":[{\"@type\":\"ListItem\",\"position\":1,\"name\":\"Startseite\",\"item\":\"https:\/\/www.groods.de\/\"},{\"@type\":\"ListItem\",\"position\":2,\"name\":\"Shop\",\"item\":\"https:\/\/www.groods.de\/index.php\/shop\/\"},{\"@type\":\"ListItem\",\"position\":3,\"name\":\"MoYu Weilong GTS3 M 3&#215;3 Magnet Speedcube\"}]},{\"@type\":\"WebSite\",\"@id\":\"https:\/\/www.groods.de\/#website\",\"url\":\"https:\/\/www.groods.de\/\",\"name\":\"gRoods.de\",\"description\":\"Entdecke die Welt der Speedcubes\",\"publisher\":{\"@id\":\"https:\/\/www.groods.de\/#organization\"},\"potentialAction\":[{\"@type\":\"SearchAction\",\"target\":{\"@type\":\"EntryPoint\",\"urlTemplate\":\"https:\/\/www.groods.de\/?s={search_term_string}\"},\"query-input\":{\"@type\":\"PropertyValueSpecification\",\"valueRequired\":true,\"valueName\":\"search_term_string\"}}],\"inLanguage\":\"de\"},{\"@type\":\"Organization\",\"@id\":\"https:\/\/www.groods.de\/#organization\",\"name\":\"gRoods.de\",\"url\":\"https:\/\/www.groods.de\/\",\"logo\":{\"@type\":\"ImageObject\",\"inLanguage\":\"de\",\"@id\":\"https:\/\/www.groods.de\/#\/schema\/logo\/image\/\",\"url\":\"https:\/\/www.groods.de\/wp-content\/uploads\/2018\/08\/logo.png\",\"contentUrl\":\"https:\/\/www.groods.de\/wp-content\/uploads\/2018\/08\/logo.png\",\"width\":1077,\"height\":373,\"caption\":\"gRoods.de\"},\"image\":{\"@id\":\"https:\/\/www.groods.de\/#\/schema\/logo\/image\/\"}}]}<\/script>\n<!-- \/ Yoast SEO plugin. -->","yoast_head_json":{"title":"MoYu Weilong GTS3 M 3x3 Magnet Speedcube - gRoods","robots":{"index":"index","follow":"follow","max-snippet":"max-snippet:-1","max-image-preview":"max-image-preview:large","max-video-preview":"max-video-preview:-1"},"canonical":"https:\/\/www.groods.de\/index.php\/produkt\/moyu-weilong-gts3-m-3x3-magnet-speedcube\/","og_locale":"de_DE","og_type":"article","og_title":"MoYu Weilong GTS3 M 3x3 Magnet Speedcube - gRoods","og_description":"MoYu Weilong GTS3 M 3&#215;3 Magnet Speedcube RBK\u2018s Speedcube in Perfektion MoYu f\u00fchrt den legend\u00e4ren Namen &#8222;GTS&#8220; mit dem revolution\u00e4ren GTS3 M fort. Der GTS3 M bietet nicht nur neue strukturelle Designs und Magnete, sondern f\u00fchrt auch ein neues Dual-Verstellsystem und ein Rillen-Design ein! Dieses neue duale Einstellsystem macht das Einstellen der Federkompression einfacher und [&hellip;]","og_url":"https:\/\/www.groods.de\/index.php\/produkt\/moyu-weilong-gts3-m-3x3-magnet-speedcube\/","og_site_name":"gRoods","article_modified_time":"2025-11-19T21:24:17+00:00","og_image":[{"width":1100,"height":1100,"url":"https:\/\/i0.wp.com\/www.groods.de\/wp-content\/uploads\/2019\/12\/MoYu-Weilong-GTS3-M-3x3-10.jpg?fit=1100%2C1100&ssl=1","type":"image\/jpeg"}],"twitter_card":"summary_large_image","twitter_misc":{"Gesch\u00e4tzte Lesezeit":"2\u00a0Minuten"},"schema":{"@context":"https:\/\/schema.org","@graph":[{"@type":"WebPage","@id":"https:\/\/www.groods.de\/index.php\/produkt\/moyu-weilong-gts3-m-3x3-magnet-speedcube\/","url":"https:\/\/www.groods.de\/index.php\/produkt\/moyu-weilong-gts3-m-3x3-magnet-speedcube\/","name":"MoYu Weilong GTS3 M 3x3 Magnet Speedcube - gRoods","isPartOf":{"@id":"https:\/\/www.groods.de\/#website"},"primaryImageOfPage":{"@id":"https:\/\/www.groods.de\/index.php\/produkt\/moyu-weilong-gts3-m-3x3-magnet-speedcube\/#primaryimage"},"image":{"@id":"https:\/\/www.groods.de\/index.php\/produkt\/moyu-weilong-gts3-m-3x3-magnet-speedcube\/#primaryimage"},"thumbnailUrl":"https:\/\/www.groods.de\/wp-content\/uploads\/2019\/12\/MoYu-Weilong-GTS3-M-3x3-10.jpg","datePublished":"2019-12-09T14:17:11+00:00","dateModified":"2025-11-19T21:24:17+00:00","breadcrumb":{"@id":"https:\/\/www.groods.de\/index.php\/produkt\/moyu-weilong-gts3-m-3x3-magnet-speedcube\/#breadcrumb"},"inLanguage":"de","potentialAction":[{"@type":"ReadAction","target":["https:\/\/www.groods.de\/index.php\/produkt\/moyu-weilong-gts3-m-3x3-magnet-speedcube\/"]}]},{"@type":"ImageObject","inLanguage":"de","@id":"https:\/\/www.groods.de\/index.php\/produkt\/moyu-weilong-gts3-m-3x3-magnet-speedcube\/#primaryimage","url":"https:\/\/www.groods.de\/wp-content\/uploads\/2019\/12\/MoYu-Weilong-GTS3-M-3x3-10.jpg","contentUrl":"https:\/\/www.groods.de\/wp-content\/uploads\/2019\/12\/MoYu-Weilong-GTS3-M-3x3-10.jpg","width":1100,"height":1100},{"@type":"BreadcrumbList","@id":"https:\/\/www.groods.de\/index.php\/produkt\/moyu-weilong-gts3-m-3x3-magnet-speedcube\/#breadcrumb","itemListElement":[{"@type":"ListItem","position":1,"name":"Startseite","item":"https:\/\/www.groods.de\/"},{"@type":"ListItem","position":2,"name":"Shop","item":"https:\/\/www.groods.de\/index.php\/shop\/"},{"@type":"ListItem","position":3,"name":"MoYu Weilong GTS3 M 3&#215;3 Magnet Speedcube"}]},{"@type":"WebSite","@id":"https:\/\/www.groods.de\/#website","url":"https:\/\/www.groods.de\/","name":"gRoods.de","description":"Entdecke die Welt der Speedcubes","publisher":{"@id":"https:\/\/www.groods.de\/#organization"},"potentialAction":[{"@type":"SearchAction","target":{"@type":"EntryPoint","urlTemplate":"https:\/\/www.groods.de\/?s={search_term_string}"},"query-input":{"@type":"PropertyValueSpecification","valueRequired":true,"valueName":"search_term_string"}}],"inLanguage":"de"},{"@type":"Organization","@id":"https:\/\/www.groods.de\/#organization","name":"gRoods.de","url":"https:\/\/www.groods.de\/","logo":{"@type":"ImageObject","inLanguage":"de","@id":"https:\/\/www.groods.de\/#\/schema\/logo\/image\/","url":"https:\/\/www.groods.de\/wp-content\/uploads\/2018\/08\/logo.png","contentUrl":"https:\/\/www.groods.de\/wp-content\/uploads\/2018\/08\/logo.png","width":1077,"height":373,"caption":"gRoods.de"},"image":{"@id":"https:\/\/www.groods.de\/#\/schema\/logo\/image\/"}}]}},"_links":{"self":[{"href":"https:\/\/www.groods.de\/index.php\/wp-json\/wp\/v2\/product\/3681","targetHints":{"allow":["GET"]}}],"collection":[{"href":"https:\/\/www.groods.de\/index.php\/wp-json\/wp\/v2\/product"}],"about":[{"href":"https:\/\/www.groods.de\/index.php\/wp-json\/wp\/v2\/types\/product"}],"replies":[{"embeddable":true,"href":"https:\/\/www.groods.de\/index.php\/wp-json\/wp\/v2\/comments?post=3681"}],"wp:featuredmedia":[{"embeddable":true,"href":"https:\/\/www.groods.de\/index.php\/wp-json\/wp\/v2\/media\/6303"}],"wp:attachment":[{"href":"https:\/\/www.groods.de\/index.php\/wp-json\/wp\/v2\/media?parent=3681"}],"wp:term":[{"taxonomy":"product_brand","embeddable":true,"href":"https:\/\/www.groods.de\/index.php\/wp-json\/wp\/v2\/product_brand?post=3681"},{"taxonomy":"product_cat","embeddable":true,"href":"https:\/\/www.groods.de\/index.php\/wp-json\/wp\/v2\/product_cat?post=3681"},{"taxonomy":"product_tag","embeddable":true,"href":"https:\/\/www.groods.de\/index.php\/wp-json\/wp\/v2\/product_tag?post=3681"}],"curies":[{"name":"wp","href":"https:\/\/api.w.org\/{rel}","templated":true}]}}