{"id":3669,"date":"2019-12-09T15:16:33","date_gmt":"2019-12-09T14:16:33","guid":{"rendered":"https:\/\/www.groods.de\/index.php\/produkt\/moyu-5ml-no-2-lubricant-lube-oil-for-magic-cube-red-bottle-2\/"},"modified":"2025-11-19T22:27:31","modified_gmt":"2025-11-19T21:27:31","slug":"moyu-5ml-no-2-lubricant-lube-oil-for-magic-cube-red-bottle-2","status":"publish","type":"product","link":"https:\/\/www.groods.de\/index.php\/produkt\/moyu-5ml-no-2-lubricant-lube-oil-for-magic-cube-red-bottle-2\/","title":{"rendered":"MoYu 5ML No.2 Lubricant Lube Oil for Magic Cube &#8211; Red Bottle"},"content":{"rendered":"<h1>MoYu 5ML No.2 Lubricant Lube Oil for Magic Cube &#8211; Red Bottle<\/h1>\n<h4><strong>Produktbeschreibung:<\/strong><\/h4>\n<ul>\n<li>Marke: MoYu<\/li>\n<li>High concentration methyl silicone oil<\/li>\n<li><span class=\"a-list-item\">professionelles Schmiermittel f\u00fcr Speedcubes aller Marken<\/span><\/li>\n<li><span class=\"a-list-item\">verf\u00fcgt \u00fcber ausgezeichnete Schmierung f\u00fcr noch schnellere Drehungen<\/span><\/li>\n<li><span class=\"a-list-item\">verbessert die Performance Ihres W\u00fcrfels und somit auch Ihre L\u00f6sungszeit<\/span><\/li>\n<li>Bringe deinen Zauberw\u00fcrfel dazu, sich reibungslos zu bewegen.<\/li>\n<li><span class=\"a-list-item\">f\u00fcr alle Cubes anwendbar 2&#215;2 3&#215;3 4&#215;4 5&#215;5 6&#215;6 7&#215;7 8&#215;8 9&#215;9 10&#215;10 11&#215;11 12&#215;12<\/span><\/li>\n<li><span class=\"a-list-item\">Einfach zu bedienen \u2013 die Innenseite des Cubes mit 1 oder 2 Tropfen befeuchten und dann den W\u00fcrfel drehen (ganz normal verdrehen\/l\u00f6sen). Durch die Drehungen wird das \u00d6l auch nach nach innen transportiert.\u00a0<\/span><\/li>\n<li><span class=\"a-list-item\">Verwenden nur 1 oder 2 Tropfen pro Ecke\/Kante\u00a0<\/span><\/li>\n<li><strong>Hinweis<\/strong>: Bitte halten Sie Kinder davon fern!<\/li>\n<\/ul>\n<h4><span style=\"font-size: 1.41575em;\">Eigenschaften<\/span><\/h4>\n<ul>\n<li>Material: High concentration methyl silicone oil<\/li>\n<li>Farbe durchsichtig<\/li>\n<li>Kapazit\u00e4t: 5ml<\/li>\n<li>Gewicht: 11 g<\/li>\n<\/ul>\n","protected":false},"excerpt":{"rendered":"<p>High concentration methyl silicone oil<\/p>\n","protected":false},"featured_media":3944,"comment_status":"open","ping_status":"closed","template":"","meta":[],"product_brand":[],"product_cat":[109,79],"product_tag":[],"class_list":{"0":"post-3669","1":"product","2":"type-product","3":"status-publish","4":"has-post-thumbnail","6":"product_cat-lube","7":"product_cat-weitere-produkte","9":"first","10":"instock","11":"taxable","12":"shipping-taxable","13":"purchasable","14":"product-type-simple"},"yoast_head":"<!-- This site is optimized with the Yoast SEO plugin v26.7 - https:\/\/yoast.com\/wordpress\/plugins\/seo\/ -->\n<title>MoYu 5ML No.2 Lubricant Lube Oil for Magic Cube - Red Bottle - gRoods<\/title>\n<meta name=\"robots\" content=\"index, follow, max-snippet:-1, max-image-preview:large, max-video-preview:-1\" \/>\n<link rel=\"canonical\" href=\"https:\/\/www.groods.de\/index.php\/produkt\/moyu-5ml-no-2-lubricant-lube-oil-for-magic-cube-red-bottle-2\/\" \/>\n<meta property=\"og:locale\" content=\"de_DE\" \/>\n<meta property=\"og:type\" content=\"article\" \/>\n<meta property=\"og:title\" content=\"MoYu 5ML No.2 Lubricant Lube Oil for Magic Cube - Red Bottle - gRoods\" \/>\n<meta property=\"og:description\" content=\"High concentration methyl silicone oil\" \/>\n<meta property=\"og:url\" content=\"https:\/\/www.groods.de\/index.php\/produkt\/moyu-5ml-no-2-lubricant-lube-oil-for-magic-cube-red-bottle-2\/\" \/>\n<meta property=\"og:site_name\" content=\"gRoods\" \/>\n<meta property=\"article:modified_time\" content=\"2025-11-19T21:27:31+00:00\" \/>\n<meta property=\"og:image\" content=\"https:\/\/www.groods.de\/wp-content\/uploads\/2019\/12\/MoYu-5ML-No.2-Lubricant-Lube-Oil-for-Magic-Cube-Red-Bottle-3.jpg\" \/>\n\t<meta property=\"og:image:width\" content=\"1100\" \/>\n\t<meta property=\"og:image:height\" content=\"1100\" \/>\n\t<meta property=\"og:image:type\" content=\"image\/jpeg\" \/>\n<meta name=\"twitter:card\" content=\"summary_large_image\" \/>\n<meta name=\"twitter:label1\" content=\"Gesch\u00e4tzte Lesezeit\" \/>\n\t<meta name=\"twitter:data1\" content=\"1\u00a0Minute\" \/>\n<script type=\"application\/ld+json\" class=\"yoast-schema-graph\">{\"@context\":\"https:\/\/schema.org\",\"@graph\":[{\"@type\":\"WebPage\",\"@id\":\"https:\/\/www.groods.de\/index.php\/produkt\/moyu-5ml-no-2-lubricant-lube-oil-for-magic-cube-red-bottle-2\/\",\"url\":\"https:\/\/www.groods.de\/index.php\/produkt\/moyu-5ml-no-2-lubricant-lube-oil-for-magic-cube-red-bottle-2\/\",\"name\":\"MoYu 5ML No.2 Lubricant Lube Oil for Magic Cube - Red Bottle - gRoods\",\"isPartOf\":{\"@id\":\"https:\/\/www.groods.de\/#website\"},\"primaryImageOfPage\":{\"@id\":\"https:\/\/www.groods.de\/index.php\/produkt\/moyu-5ml-no-2-lubricant-lube-oil-for-magic-cube-red-bottle-2\/#primaryimage\"},\"image\":{\"@id\":\"https:\/\/www.groods.de\/index.php\/produkt\/moyu-5ml-no-2-lubricant-lube-oil-for-magic-cube-red-bottle-2\/#primaryimage\"},\"thumbnailUrl\":\"https:\/\/www.groods.de\/wp-content\/uploads\/2019\/12\/MoYu-5ML-No.2-Lubricant-Lube-Oil-for-Magic-Cube-Red-Bottle-3.jpg\",\"datePublished\":\"2019-12-09T14:16:33+00:00\",\"dateModified\":\"2025-11-19T21:27:31+00:00\",\"breadcrumb\":{\"@id\":\"https:\/\/www.groods.de\/index.php\/produkt\/moyu-5ml-no-2-lubricant-lube-oil-for-magic-cube-red-bottle-2\/#breadcrumb\"},\"inLanguage\":\"de\",\"potentialAction\":[{\"@type\":\"ReadAction\",\"target\":[\"https:\/\/www.groods.de\/index.php\/produkt\/moyu-5ml-no-2-lubricant-lube-oil-for-magic-cube-red-bottle-2\/\"]}]},{\"@type\":\"ImageObject\",\"inLanguage\":\"de\",\"@id\":\"https:\/\/www.groods.de\/index.php\/produkt\/moyu-5ml-no-2-lubricant-lube-oil-for-magic-cube-red-bottle-2\/#primaryimage\",\"url\":\"https:\/\/www.groods.de\/wp-content\/uploads\/2019\/12\/MoYu-5ML-No.2-Lubricant-Lube-Oil-for-Magic-Cube-Red-Bottle-3.jpg\",\"contentUrl\":\"https:\/\/www.groods.de\/wp-content\/uploads\/2019\/12\/MoYu-5ML-No.2-Lubricant-Lube-Oil-for-Magic-Cube-Red-Bottle-3.jpg\",\"width\":1100,\"height\":1100},{\"@type\":\"BreadcrumbList\",\"@id\":\"https:\/\/www.groods.de\/index.php\/produkt\/moyu-5ml-no-2-lubricant-lube-oil-for-magic-cube-red-bottle-2\/#breadcrumb\",\"itemListElement\":[{\"@type\":\"ListItem\",\"position\":1,\"name\":\"Startseite\",\"item\":\"https:\/\/www.groods.de\/\"},{\"@type\":\"ListItem\",\"position\":2,\"name\":\"Shop\",\"item\":\"https:\/\/www.groods.de\/index.php\/shop\/\"},{\"@type\":\"ListItem\",\"position\":3,\"name\":\"MoYu 5ML No.2 Lubricant Lube Oil for Magic Cube &#8211; Red Bottle\"}]},{\"@type\":\"WebSite\",\"@id\":\"https:\/\/www.groods.de\/#website\",\"url\":\"https:\/\/www.groods.de\/\",\"name\":\"gRoods.de\",\"description\":\"Entdecke die Welt der Speedcubes\",\"publisher\":{\"@id\":\"https:\/\/www.groods.de\/#organization\"},\"potentialAction\":[{\"@type\":\"SearchAction\",\"target\":{\"@type\":\"EntryPoint\",\"urlTemplate\":\"https:\/\/www.groods.de\/?s={search_term_string}\"},\"query-input\":{\"@type\":\"PropertyValueSpecification\",\"valueRequired\":true,\"valueName\":\"search_term_string\"}}],\"inLanguage\":\"de\"},{\"@type\":\"Organization\",\"@id\":\"https:\/\/www.groods.de\/#organization\",\"name\":\"gRoods.de\",\"url\":\"https:\/\/www.groods.de\/\",\"logo\":{\"@type\":\"ImageObject\",\"inLanguage\":\"de\",\"@id\":\"https:\/\/www.groods.de\/#\/schema\/logo\/image\/\",\"url\":\"https:\/\/www.groods.de\/wp-content\/uploads\/2018\/08\/logo.png\",\"contentUrl\":\"https:\/\/www.groods.de\/wp-content\/uploads\/2018\/08\/logo.png\",\"width\":1077,\"height\":373,\"caption\":\"gRoods.de\"},\"image\":{\"@id\":\"https:\/\/www.groods.de\/#\/schema\/logo\/image\/\"}}]}<\/script>\n<!-- \/ Yoast SEO plugin. -->","yoast_head_json":{"title":"MoYu 5ML No.2 Lubricant Lube Oil for Magic Cube - Red Bottle - gRoods","robots":{"index":"index","follow":"follow","max-snippet":"max-snippet:-1","max-image-preview":"max-image-preview:large","max-video-preview":"max-video-preview:-1"},"canonical":"https:\/\/www.groods.de\/index.php\/produkt\/moyu-5ml-no-2-lubricant-lube-oil-for-magic-cube-red-bottle-2\/","og_locale":"de_DE","og_type":"article","og_title":"MoYu 5ML No.2 Lubricant Lube Oil for Magic Cube - Red Bottle - gRoods","og_description":"High concentration methyl silicone oil","og_url":"https:\/\/www.groods.de\/index.php\/produkt\/moyu-5ml-no-2-lubricant-lube-oil-for-magic-cube-red-bottle-2\/","og_site_name":"gRoods","article_modified_time":"2025-11-19T21:27:31+00:00","og_image":[{"width":1100,"height":1100,"url":"https:\/\/www.groods.de\/wp-content\/uploads\/2019\/12\/MoYu-5ML-No.2-Lubricant-Lube-Oil-for-Magic-Cube-Red-Bottle-3.jpg","type":"image\/jpeg"}],"twitter_card":"summary_large_image","twitter_misc":{"Gesch\u00e4tzte Lesezeit":"1\u00a0Minute"},"schema":{"@context":"https:\/\/schema.org","@graph":[{"@type":"WebPage","@id":"https:\/\/www.groods.de\/index.php\/produkt\/moyu-5ml-no-2-lubricant-lube-oil-for-magic-cube-red-bottle-2\/","url":"https:\/\/www.groods.de\/index.php\/produkt\/moyu-5ml-no-2-lubricant-lube-oil-for-magic-cube-red-bottle-2\/","name":"MoYu 5ML No.2 Lubricant Lube Oil for Magic Cube - Red Bottle - gRoods","isPartOf":{"@id":"https:\/\/www.groods.de\/#website"},"primaryImageOfPage":{"@id":"https:\/\/www.groods.de\/index.php\/produkt\/moyu-5ml-no-2-lubricant-lube-oil-for-magic-cube-red-bottle-2\/#primaryimage"},"image":{"@id":"https:\/\/www.groods.de\/index.php\/produkt\/moyu-5ml-no-2-lubricant-lube-oil-for-magic-cube-red-bottle-2\/#primaryimage"},"thumbnailUrl":"https:\/\/www.groods.de\/wp-content\/uploads\/2019\/12\/MoYu-5ML-No.2-Lubricant-Lube-Oil-for-Magic-Cube-Red-Bottle-3.jpg","datePublished":"2019-12-09T14:16:33+00:00","dateModified":"2025-11-19T21:27:31+00:00","breadcrumb":{"@id":"https:\/\/www.groods.de\/index.php\/produkt\/moyu-5ml-no-2-lubricant-lube-oil-for-magic-cube-red-bottle-2\/#breadcrumb"},"inLanguage":"de","potentialAction":[{"@type":"ReadAction","target":["https:\/\/www.groods.de\/index.php\/produkt\/moyu-5ml-no-2-lubricant-lube-oil-for-magic-cube-red-bottle-2\/"]}]},{"@type":"ImageObject","inLanguage":"de","@id":"https:\/\/www.groods.de\/index.php\/produkt\/moyu-5ml-no-2-lubricant-lube-oil-for-magic-cube-red-bottle-2\/#primaryimage","url":"https:\/\/www.groods.de\/wp-content\/uploads\/2019\/12\/MoYu-5ML-No.2-Lubricant-Lube-Oil-for-Magic-Cube-Red-Bottle-3.jpg","contentUrl":"https:\/\/www.groods.de\/wp-content\/uploads\/2019\/12\/MoYu-5ML-No.2-Lubricant-Lube-Oil-for-Magic-Cube-Red-Bottle-3.jpg","width":1100,"height":1100},{"@type":"BreadcrumbList","@id":"https:\/\/www.groods.de\/index.php\/produkt\/moyu-5ml-no-2-lubricant-lube-oil-for-magic-cube-red-bottle-2\/#breadcrumb","itemListElement":[{"@type":"ListItem","position":1,"name":"Startseite","item":"https:\/\/www.groods.de\/"},{"@type":"ListItem","position":2,"name":"Shop","item":"https:\/\/www.groods.de\/index.php\/shop\/"},{"@type":"ListItem","position":3,"name":"MoYu 5ML No.2 Lubricant Lube Oil for Magic Cube &#8211; Red Bottle"}]},{"@type":"WebSite","@id":"https:\/\/www.groods.de\/#website","url":"https:\/\/www.groods.de\/","name":"gRoods.de","description":"Entdecke die Welt der Speedcubes","publisher":{"@id":"https:\/\/www.groods.de\/#organization"},"potentialAction":[{"@type":"SearchAction","target":{"@type":"EntryPoint","urlTemplate":"https:\/\/www.groods.de\/?s={search_term_string}"},"query-input":{"@type":"PropertyValueSpecification","valueRequired":true,"valueName":"search_term_string"}}],"inLanguage":"de"},{"@type":"Organization","@id":"https:\/\/www.groods.de\/#organization","name":"gRoods.de","url":"https:\/\/www.groods.de\/","logo":{"@type":"ImageObject","inLanguage":"de","@id":"https:\/\/www.groods.de\/#\/schema\/logo\/image\/","url":"https:\/\/www.groods.de\/wp-content\/uploads\/2018\/08\/logo.png","contentUrl":"https:\/\/www.groods.de\/wp-content\/uploads\/2018\/08\/logo.png","width":1077,"height":373,"caption":"gRoods.de"},"image":{"@id":"https:\/\/www.groods.de\/#\/schema\/logo\/image\/"}}]}},"_links":{"self":[{"href":"https:\/\/www.groods.de\/index.php\/wp-json\/wp\/v2\/product\/3669","targetHints":{"allow":["GET"]}}],"collection":[{"href":"https:\/\/www.groods.de\/index.php\/wp-json\/wp\/v2\/product"}],"about":[{"href":"https:\/\/www.groods.de\/index.php\/wp-json\/wp\/v2\/types\/product"}],"replies":[{"embeddable":true,"href":"https:\/\/www.groods.de\/index.php\/wp-json\/wp\/v2\/comments?post=3669"}],"wp:featuredmedia":[{"embeddable":true,"href":"https:\/\/www.groods.de\/index.php\/wp-json\/wp\/v2\/media\/3944"}],"wp:attachment":[{"href":"https:\/\/www.groods.de\/index.php\/wp-json\/wp\/v2\/media?parent=3669"}],"wp:term":[{"taxonomy":"product_brand","embeddable":true,"href":"https:\/\/www.groods.de\/index.php\/wp-json\/wp\/v2\/product_brand?post=3669"},{"taxonomy":"product_cat","embeddable":true,"href":"https:\/\/www.groods.de\/index.php\/wp-json\/wp\/v2\/product_cat?post=3669"},{"taxonomy":"product_tag","embeddable":true,"href":"https:\/\/www.groods.de\/index.php\/wp-json\/wp\/v2\/product_tag?post=3669"}],"curies":[{"name":"wp","href":"https:\/\/api.w.org\/{rel}","templated":true}]}}