{"id":3631,"date":"2019-12-09T15:12:38","date_gmt":"2019-12-09T14:12:38","guid":{"rendered":"https:\/\/www.groods.de\/index.php\/produkt\/gan-magic-lube-10ml\/"},"modified":"2025-11-19T22:27:41","modified_gmt":"2025-11-19T21:27:41","slug":"gan-magic-lube-10ml","status":"publish","type":"product","link":"https:\/\/www.groods.de\/index.php\/produkt\/gan-magic-lube-10ml\/","title":{"rendered":"GAN Magic Lube 10ml"},"content":{"rendered":"<h1>GAN Magic Lube 10ml<\/h1>\n<p>Das GAN Magic Lube ist ein Schmiermittel mit niedriger bis mittlerer Viskosit\u00e4t, das f\u00fcr die Verwendung mit GAN-Puzzles, einschlie\u00dflich des GAN 356 Air, entwickelt wurde. Es ist in einer durchsichtigen Flasche mit manipulationssicherem Verschluss verpackt und in 2 ml und 10 ml pro Flasche erh\u00e4ltlich.<\/p>\n<p>Das GAN Magic Lube unterscheidet sich vom GAN Standard Lube, in der Zusammensetzung. Das Schmiermittel h\u00e4lt durchschnittlich 100 L\u00f6sungen, ohne auszutrocknen! Geeignet f\u00fcr Experten und Anf\u00e4nger, die sich gerne im Speedcubing auszeichnen w\u00fcrden!<\/p>\n<h4><strong>Produktbeschreibung:<\/strong><\/h4>\n<ul>\n<li>Marke: GAN<\/li>\n<li><span class=\"a-list-item\">professionelles Schmiermittel f\u00fcr Speedcubes aller Marken<\/span><\/li>\n<li><span class=\"a-list-item\">verf\u00fcgt \u00fcber ausgezeichnete Schmierung f\u00fcr noch schnellere Drehungen<\/span><\/li>\n<li><span class=\"a-list-item\">verbessert die Performance Ihres W\u00fcrfels und somit auch Ihre L\u00f6sungszeit<\/span><\/li>\n<li>Bringe deinen Zauberw\u00fcrfel dazu, sich reibungslos zu bewegen.<\/li>\n<li><span class=\"a-list-item\">f\u00fcr alle Cubes anwendbar 2&#215;2 3&#215;3 4&#215;4 5&#215;5 6&#215;6 7&#215;7 8&#215;8 9&#215;9 10&#215;10 11&#215;11 12&#215;12<\/span><\/li>\n<li><span class=\"a-list-item\">Einfach zu bedienen \u2013 die Innenseite des Cubes mit 1 oder 2 Tropfen befeuchten und dann den W\u00fcrfel drehen (ganz normal verdrehen\/l\u00f6sen). Durch die Drehungen wird das \u00d6l auch nach nach innen transportiert.\u00a0<\/span><\/li>\n<li><span class=\"a-list-item\">Verwenden nur 1 oder 2 Tropfen pro Ecke\/Kante\u00a0<\/span><\/li>\n<li><strong>Hinweis<\/strong>: Bitte halten Sie Kinder davon fern!<\/li>\n<\/ul>\n<h4>Eigenschaften<\/h4>\n<ul>\n<li>Kapazit\u00e4t: 10ml<\/li>\n<li>Gewicht: 15 g<\/li>\n<\/ul>\n","protected":false},"excerpt":{"rendered":"<p>GAN Magic Lube 10ml Das GAN Magic Lube ist ein Schmiermittel mit niedriger bis mittlerer Viskosit\u00e4t, das f\u00fcr die Verwendung mit GAN-Puzzles, einschlie\u00dflich des GAN 356 Air, entwickelt wurde. Es ist in einer durchsichtigen Flasche mit manipulationssicherem Verschluss verpackt und in 2 ml und 10 ml pro Flasche erh\u00e4ltlich. Das GAN Magic Lube unterscheidet sich [&hellip;]<\/p>\n","protected":false},"featured_media":3937,"comment_status":"open","ping_status":"closed","template":"","meta":[],"product_brand":[],"product_cat":[109,86,79],"product_tag":[],"class_list":{"0":"post-3631","1":"product","2":"type-product","3":"status-publish","4":"has-post-thumbnail","6":"product_cat-lube","7":"product_cat-neue-produkte","8":"product_cat-weitere-produkte","10":"first","11":"instock","12":"taxable","13":"shipping-taxable","14":"purchasable","15":"product-type-simple"},"yoast_head":"<!-- This site is optimized with the Yoast SEO plugin v26.7 - https:\/\/yoast.com\/wordpress\/plugins\/seo\/ -->\n<title>GAN Magic Lube 10ml - gRoods<\/title>\n<meta name=\"robots\" content=\"index, follow, max-snippet:-1, max-image-preview:large, max-video-preview:-1\" \/>\n<link rel=\"canonical\" href=\"https:\/\/www.groods.de\/index.php\/produkt\/gan-magic-lube-10ml\/\" \/>\n<meta property=\"og:locale\" content=\"de_DE\" \/>\n<meta property=\"og:type\" content=\"article\" \/>\n<meta property=\"og:title\" content=\"GAN Magic Lube 10ml - gRoods\" \/>\n<meta property=\"og:description\" content=\"GAN Magic Lube 10ml Das GAN Magic Lube ist ein Schmiermittel mit niedriger bis mittlerer Viskosit\u00e4t, das f\u00fcr die Verwendung mit GAN-Puzzles, einschlie\u00dflich des GAN 356 Air, entwickelt wurde. Es ist in einer durchsichtigen Flasche mit manipulationssicherem Verschluss verpackt und in 2 ml und 10 ml pro Flasche erh\u00e4ltlich. Das GAN Magic Lube unterscheidet sich [&hellip;]\" \/>\n<meta property=\"og:url\" content=\"https:\/\/www.groods.de\/index.php\/produkt\/gan-magic-lube-10ml\/\" \/>\n<meta property=\"og:site_name\" content=\"gRoods\" \/>\n<meta property=\"article:modified_time\" content=\"2025-11-19T21:27:41+00:00\" \/>\n<meta property=\"og:image\" content=\"https:\/\/www.groods.de\/wp-content\/uploads\/2019\/12\/GAN-Magic-Lube-10ml-6.jpg\" \/>\n\t<meta property=\"og:image:width\" content=\"1000\" \/>\n\t<meta property=\"og:image:height\" content=\"1000\" \/>\n\t<meta property=\"og:image:type\" content=\"image\/jpeg\" \/>\n<meta name=\"twitter:card\" content=\"summary_large_image\" \/>\n<meta name=\"twitter:label1\" content=\"Gesch\u00e4tzte Lesezeit\" \/>\n\t<meta name=\"twitter:data1\" content=\"2\u00a0Minuten\" \/>\n<script type=\"application\/ld+json\" class=\"yoast-schema-graph\">{\"@context\":\"https:\/\/schema.org\",\"@graph\":[{\"@type\":\"WebPage\",\"@id\":\"https:\/\/www.groods.de\/index.php\/produkt\/gan-magic-lube-10ml\/\",\"url\":\"https:\/\/www.groods.de\/index.php\/produkt\/gan-magic-lube-10ml\/\",\"name\":\"GAN Magic Lube 10ml - gRoods\",\"isPartOf\":{\"@id\":\"https:\/\/www.groods.de\/#website\"},\"primaryImageOfPage\":{\"@id\":\"https:\/\/www.groods.de\/index.php\/produkt\/gan-magic-lube-10ml\/#primaryimage\"},\"image\":{\"@id\":\"https:\/\/www.groods.de\/index.php\/produkt\/gan-magic-lube-10ml\/#primaryimage\"},\"thumbnailUrl\":\"https:\/\/www.groods.de\/wp-content\/uploads\/2019\/12\/GAN-Magic-Lube-10ml-6.jpg\",\"datePublished\":\"2019-12-09T14:12:38+00:00\",\"dateModified\":\"2025-11-19T21:27:41+00:00\",\"breadcrumb\":{\"@id\":\"https:\/\/www.groods.de\/index.php\/produkt\/gan-magic-lube-10ml\/#breadcrumb\"},\"inLanguage\":\"de\",\"potentialAction\":[{\"@type\":\"ReadAction\",\"target\":[\"https:\/\/www.groods.de\/index.php\/produkt\/gan-magic-lube-10ml\/\"]}]},{\"@type\":\"ImageObject\",\"inLanguage\":\"de\",\"@id\":\"https:\/\/www.groods.de\/index.php\/produkt\/gan-magic-lube-10ml\/#primaryimage\",\"url\":\"https:\/\/www.groods.de\/wp-content\/uploads\/2019\/12\/GAN-Magic-Lube-10ml-6.jpg\",\"contentUrl\":\"https:\/\/www.groods.de\/wp-content\/uploads\/2019\/12\/GAN-Magic-Lube-10ml-6.jpg\",\"width\":1000,\"height\":1000},{\"@type\":\"BreadcrumbList\",\"@id\":\"https:\/\/www.groods.de\/index.php\/produkt\/gan-magic-lube-10ml\/#breadcrumb\",\"itemListElement\":[{\"@type\":\"ListItem\",\"position\":1,\"name\":\"Startseite\",\"item\":\"https:\/\/www.groods.de\/\"},{\"@type\":\"ListItem\",\"position\":2,\"name\":\"Shop\",\"item\":\"https:\/\/www.groods.de\/index.php\/shop\/\"},{\"@type\":\"ListItem\",\"position\":3,\"name\":\"GAN Magic Lube 10ml\"}]},{\"@type\":\"WebSite\",\"@id\":\"https:\/\/www.groods.de\/#website\",\"url\":\"https:\/\/www.groods.de\/\",\"name\":\"gRoods.de\",\"description\":\"Entdecke die Welt der Speedcubes\",\"publisher\":{\"@id\":\"https:\/\/www.groods.de\/#organization\"},\"potentialAction\":[{\"@type\":\"SearchAction\",\"target\":{\"@type\":\"EntryPoint\",\"urlTemplate\":\"https:\/\/www.groods.de\/?s={search_term_string}\"},\"query-input\":{\"@type\":\"PropertyValueSpecification\",\"valueRequired\":true,\"valueName\":\"search_term_string\"}}],\"inLanguage\":\"de\"},{\"@type\":\"Organization\",\"@id\":\"https:\/\/www.groods.de\/#organization\",\"name\":\"gRoods.de\",\"url\":\"https:\/\/www.groods.de\/\",\"logo\":{\"@type\":\"ImageObject\",\"inLanguage\":\"de\",\"@id\":\"https:\/\/www.groods.de\/#\/schema\/logo\/image\/\",\"url\":\"https:\/\/www.groods.de\/wp-content\/uploads\/2018\/08\/logo.png\",\"contentUrl\":\"https:\/\/www.groods.de\/wp-content\/uploads\/2018\/08\/logo.png\",\"width\":1077,\"height\":373,\"caption\":\"gRoods.de\"},\"image\":{\"@id\":\"https:\/\/www.groods.de\/#\/schema\/logo\/image\/\"}}]}<\/script>\n<!-- \/ Yoast SEO plugin. -->","yoast_head_json":{"title":"GAN Magic Lube 10ml - gRoods","robots":{"index":"index","follow":"follow","max-snippet":"max-snippet:-1","max-image-preview":"max-image-preview:large","max-video-preview":"max-video-preview:-1"},"canonical":"https:\/\/www.groods.de\/index.php\/produkt\/gan-magic-lube-10ml\/","og_locale":"de_DE","og_type":"article","og_title":"GAN Magic Lube 10ml - gRoods","og_description":"GAN Magic Lube 10ml Das GAN Magic Lube ist ein Schmiermittel mit niedriger bis mittlerer Viskosit\u00e4t, das f\u00fcr die Verwendung mit GAN-Puzzles, einschlie\u00dflich des GAN 356 Air, entwickelt wurde. Es ist in einer durchsichtigen Flasche mit manipulationssicherem Verschluss verpackt und in 2 ml und 10 ml pro Flasche erh\u00e4ltlich. Das GAN Magic Lube unterscheidet sich [&hellip;]","og_url":"https:\/\/www.groods.de\/index.php\/produkt\/gan-magic-lube-10ml\/","og_site_name":"gRoods","article_modified_time":"2025-11-19T21:27:41+00:00","og_image":[{"width":1000,"height":1000,"url":"https:\/\/www.groods.de\/wp-content\/uploads\/2019\/12\/GAN-Magic-Lube-10ml-6.jpg","type":"image\/jpeg"}],"twitter_card":"summary_large_image","twitter_misc":{"Gesch\u00e4tzte Lesezeit":"2\u00a0Minuten"},"schema":{"@context":"https:\/\/schema.org","@graph":[{"@type":"WebPage","@id":"https:\/\/www.groods.de\/index.php\/produkt\/gan-magic-lube-10ml\/","url":"https:\/\/www.groods.de\/index.php\/produkt\/gan-magic-lube-10ml\/","name":"GAN Magic Lube 10ml - gRoods","isPartOf":{"@id":"https:\/\/www.groods.de\/#website"},"primaryImageOfPage":{"@id":"https:\/\/www.groods.de\/index.php\/produkt\/gan-magic-lube-10ml\/#primaryimage"},"image":{"@id":"https:\/\/www.groods.de\/index.php\/produkt\/gan-magic-lube-10ml\/#primaryimage"},"thumbnailUrl":"https:\/\/www.groods.de\/wp-content\/uploads\/2019\/12\/GAN-Magic-Lube-10ml-6.jpg","datePublished":"2019-12-09T14:12:38+00:00","dateModified":"2025-11-19T21:27:41+00:00","breadcrumb":{"@id":"https:\/\/www.groods.de\/index.php\/produkt\/gan-magic-lube-10ml\/#breadcrumb"},"inLanguage":"de","potentialAction":[{"@type":"ReadAction","target":["https:\/\/www.groods.de\/index.php\/produkt\/gan-magic-lube-10ml\/"]}]},{"@type":"ImageObject","inLanguage":"de","@id":"https:\/\/www.groods.de\/index.php\/produkt\/gan-magic-lube-10ml\/#primaryimage","url":"https:\/\/www.groods.de\/wp-content\/uploads\/2019\/12\/GAN-Magic-Lube-10ml-6.jpg","contentUrl":"https:\/\/www.groods.de\/wp-content\/uploads\/2019\/12\/GAN-Magic-Lube-10ml-6.jpg","width":1000,"height":1000},{"@type":"BreadcrumbList","@id":"https:\/\/www.groods.de\/index.php\/produkt\/gan-magic-lube-10ml\/#breadcrumb","itemListElement":[{"@type":"ListItem","position":1,"name":"Startseite","item":"https:\/\/www.groods.de\/"},{"@type":"ListItem","position":2,"name":"Shop","item":"https:\/\/www.groods.de\/index.php\/shop\/"},{"@type":"ListItem","position":3,"name":"GAN Magic Lube 10ml"}]},{"@type":"WebSite","@id":"https:\/\/www.groods.de\/#website","url":"https:\/\/www.groods.de\/","name":"gRoods.de","description":"Entdecke die Welt der Speedcubes","publisher":{"@id":"https:\/\/www.groods.de\/#organization"},"potentialAction":[{"@type":"SearchAction","target":{"@type":"EntryPoint","urlTemplate":"https:\/\/www.groods.de\/?s={search_term_string}"},"query-input":{"@type":"PropertyValueSpecification","valueRequired":true,"valueName":"search_term_string"}}],"inLanguage":"de"},{"@type":"Organization","@id":"https:\/\/www.groods.de\/#organization","name":"gRoods.de","url":"https:\/\/www.groods.de\/","logo":{"@type":"ImageObject","inLanguage":"de","@id":"https:\/\/www.groods.de\/#\/schema\/logo\/image\/","url":"https:\/\/www.groods.de\/wp-content\/uploads\/2018\/08\/logo.png","contentUrl":"https:\/\/www.groods.de\/wp-content\/uploads\/2018\/08\/logo.png","width":1077,"height":373,"caption":"gRoods.de"},"image":{"@id":"https:\/\/www.groods.de\/#\/schema\/logo\/image\/"}}]}},"_links":{"self":[{"href":"https:\/\/www.groods.de\/index.php\/wp-json\/wp\/v2\/product\/3631","targetHints":{"allow":["GET"]}}],"collection":[{"href":"https:\/\/www.groods.de\/index.php\/wp-json\/wp\/v2\/product"}],"about":[{"href":"https:\/\/www.groods.de\/index.php\/wp-json\/wp\/v2\/types\/product"}],"replies":[{"embeddable":true,"href":"https:\/\/www.groods.de\/index.php\/wp-json\/wp\/v2\/comments?post=3631"}],"wp:featuredmedia":[{"embeddable":true,"href":"https:\/\/www.groods.de\/index.php\/wp-json\/wp\/v2\/media\/3937"}],"wp:attachment":[{"href":"https:\/\/www.groods.de\/index.php\/wp-json\/wp\/v2\/media?parent=3631"}],"wp:term":[{"taxonomy":"product_brand","embeddable":true,"href":"https:\/\/www.groods.de\/index.php\/wp-json\/wp\/v2\/product_brand?post=3631"},{"taxonomy":"product_cat","embeddable":true,"href":"https:\/\/www.groods.de\/index.php\/wp-json\/wp\/v2\/product_cat?post=3631"},{"taxonomy":"product_tag","embeddable":true,"href":"https:\/\/www.groods.de\/index.php\/wp-json\/wp\/v2\/product_tag?post=3631"}],"curies":[{"name":"wp","href":"https:\/\/api.w.org\/{rel}","templated":true}]}}