{"id":2677,"date":"2019-11-13T12:45:13","date_gmt":"2019-11-13T11:45:13","guid":{"rendered":"https:\/\/www.groods.de\/index.php\/produkt\/yuxin-litte-magic-cube-5x5-magnetic-stickerless\/"},"modified":"2025-11-19T22:20:38","modified_gmt":"2025-11-19T21:20:38","slug":"yuxin-litte-magic-cube-5x5-magnetic-stickerless","status":"publish","type":"product","link":"https:\/\/www.groods.de\/index.php\/produkt\/yuxin-litte-magic-cube-5x5-magnetic-stickerless\/","title":{"rendered":"YuXin Little Magic 5&#215;5 magnetic &#8211; stickerless"},"content":{"rendered":"<h1>YuXin Little Magic 5&#215;5 magnetic &#8211; stickerless<\/h1>\n<p>Der neue Yuxin Little Magic ist ein 5&#215;5-Magnetw\u00fcrfel mit guter Leistung zu einem Superpreis f\u00fcr einen gro\u00dfen Magnetw\u00fcrfel. Der W\u00fcrfel enth\u00e4lt Designaspekte von Premium-W\u00fcrfeln wie Anti-Pop-Design und breitere Au\u00dfenschichtteile. Der W\u00fcrfel enth\u00e4lt jetzt auch Magnet-Schlitze in allen Teilen, wodurch sichergestellt wird, dass die werkseitig installierten Magnete fest sitzen. Dadurch wird das Risiko verringert, dass sich die Magnete l\u00f6sen. Der W\u00fcrfel misst 62,5 mm, was f\u00fcr kleinere H\u00e4nde eine sehr sch\u00f6ne Gr\u00f6\u00dfe darstellt. Die kontrastreichen, aufkleberlosen Farben machen das L\u00f6sen dieses Puzzles zu einer wahren Freude.<\/p>\n<h3>Zus\u00e4tzliche Informationen<\/h3>\n<p>Der Professor&#8217;s Cube ist eine 5x5x5-Version des urspr\u00fcnglichen RBK&#8217;s Cube. Die erste Version dieses Puzzles wurde 1986 von Udo Krell erfunden, der einen 3x3x3-W\u00fcrfel nahm und ihn erweiterte.<\/p>\n<p>Wie beim RBK&#8217;s Revenge (4x4x4) wird der h\u00e4ufigste Algorithmus zum L\u00f6sen dieses 5x5x5-W\u00fcrfels als &#8222;Reduktionsmethode&#8220; bezeichnet. Konzentrieren Sie sich zun\u00e4chst auf das L\u00f6sen der 3&#215;3-Mittelst\u00fccke und der 3&#215;1-Randst\u00fccke und &#8222;reduzieren&#8220; Sie das Problem auf ein 3x3x3-Puzzle, das mit einem normalen RBK-W\u00fcrfell\u00f6sungsalgorithmus gel\u00f6st werden kann. Dieses Puzzle hat nur einen Parit\u00e4tsfall.<\/p>\n<p>Dieses Puzzle hat viele bewegliche Teile und erm\u00f6glicht so eine Vielzahl von m\u00f6glichen Permutationen. Die Anzahl der m\u00f6glichen Permutationen des 5x5x5-W\u00fcrfels liegt knapp unter 2,83&#215;1074. Der aktuelle Weltrekord f\u00fcr das L\u00f6sen liegt bei 38,52 Sekunden und wurde von Feliks Zemdegs aus Australien bei der Weltmeisterschaft 2017 aufgestellt.<\/p>\n<h3><strong data-spm-anchor-id=\"a2g0x.10010108.1000023.i0.3d0af4b4DKar3l\">Eigenschaften:<\/strong><\/h3>\n<ul>\n<li>glatte und schnelle Oberfl\u00e4che<\/li>\n<li class=\"md-end-block\">neu und Originalverpackt<\/li>\n<li class=\"md-end-block\">aus hochwertigem ABS Material, das umweltfreundlich, ungiftig und langlebig ist<\/li>\n<li class=\"md-end-block\">einfarbig im stickerless Design<\/li>\n<li class=\"md-end-block\">geschmeidige Rotation und komfortables Spielgef\u00fchl<\/li>\n<li class=\"md-end-block\">ausgezeichnete Fehlertoleranz f\u00fcr besonders schnelle Zeiten<\/li>\n<li>Viele Stunden Spa\u00df und Kopfzerbrechen mit Freunden und Familie sind garantiert<\/li>\n<\/ul>\n<h3>Spezifikationen:<\/h3>\n<ul>\n<li>Farbe: stickerless<\/li>\n<li>Material: Kunststoff<\/li>\n<li>Produkt Abmessungen: 6,25*6,25*6,25 cm<\/li>\n<li>Produkt Gewicht: 127g<\/li>\n<li>Verpackung: Karton Box<\/li>\n<\/ul>\n","protected":false},"excerpt":{"rendered":"<p>YuXin Little Magic 5&#215;5 magnetic &#8211; stickerless Der neue Yuxin Little Magic ist ein 5&#215;5-Magnetw\u00fcrfel mit guter Leistung zu einem Superpreis f\u00fcr einen gro\u00dfen Magnetw\u00fcrfel. Der W\u00fcrfel enth\u00e4lt Designaspekte von Premium-W\u00fcrfeln wie Anti-Pop-Design und breitere Au\u00dfenschichtteile. Der W\u00fcrfel enth\u00e4lt jetzt auch Magnet-Schlitze in allen Teilen, wodurch sichergestellt wird, dass die werkseitig installierten Magnete fest sitzen. [&hellip;]<\/p>\n","protected":false},"featured_media":2943,"comment_status":"open","ping_status":"closed","template":"","meta":[],"product_brand":[],"product_cat":[55,40,86,51],"product_tag":[],"class_list":{"0":"post-2677","1":"product","2":"type-product","3":"status-publish","4":"has-post-thumbnail","6":"product_cat-5x5","7":"product_cat-magnetische-zauberwuerfel","8":"product_cat-neue-produkte","9":"product_cat-yuxin","11":"first","12":"instock","13":"taxable","14":"shipping-taxable","15":"purchasable","16":"product-type-simple"},"yoast_head":"<!-- This site is optimized with the Yoast SEO plugin v26.7 - https:\/\/yoast.com\/wordpress\/plugins\/seo\/ -->\n<title>YuXin Little Magic 5x5 magnetic - stickerless - gRoods<\/title>\n<meta name=\"robots\" content=\"index, follow, max-snippet:-1, max-image-preview:large, max-video-preview:-1\" \/>\n<link rel=\"canonical\" href=\"https:\/\/www.groods.de\/index.php\/produkt\/yuxin-litte-magic-cube-5x5-magnetic-stickerless\/\" \/>\n<meta property=\"og:locale\" content=\"de_DE\" \/>\n<meta property=\"og:type\" content=\"article\" \/>\n<meta property=\"og:title\" content=\"YuXin Little Magic 5x5 magnetic - stickerless - gRoods\" \/>\n<meta property=\"og:description\" content=\"YuXin Little Magic 5&#215;5 magnetic &#8211; stickerless Der neue Yuxin Little Magic ist ein 5&#215;5-Magnetw\u00fcrfel mit guter Leistung zu einem Superpreis f\u00fcr einen gro\u00dfen Magnetw\u00fcrfel. Der W\u00fcrfel enth\u00e4lt Designaspekte von Premium-W\u00fcrfeln wie Anti-Pop-Design und breitere Au\u00dfenschichtteile. Der W\u00fcrfel enth\u00e4lt jetzt auch Magnet-Schlitze in allen Teilen, wodurch sichergestellt wird, dass die werkseitig installierten Magnete fest sitzen. [&hellip;]\" \/>\n<meta property=\"og:url\" content=\"https:\/\/www.groods.de\/index.php\/produkt\/yuxin-litte-magic-cube-5x5-magnetic-stickerless\/\" \/>\n<meta property=\"og:site_name\" content=\"gRoods\" \/>\n<meta property=\"article:modified_time\" content=\"2025-11-19T21:20:38+00:00\" \/>\n<meta property=\"og:image\" content=\"https:\/\/www.groods.de\/wp-content\/uploads\/2019\/11\/YuXin-Little-Magic-5x5-magnetic-stickerless-1.png\" \/>\n\t<meta property=\"og:image:width\" content=\"1644\" \/>\n\t<meta property=\"og:image:height\" content=\"1646\" \/>\n\t<meta property=\"og:image:type\" content=\"image\/png\" \/>\n<meta name=\"twitter:card\" content=\"summary_large_image\" \/>\n<meta name=\"twitter:label1\" content=\"Gesch\u00e4tzte Lesezeit\" \/>\n\t<meta name=\"twitter:data1\" content=\"2\u00a0Minuten\" \/>\n<script type=\"application\/ld+json\" class=\"yoast-schema-graph\">{\"@context\":\"https:\/\/schema.org\",\"@graph\":[{\"@type\":\"WebPage\",\"@id\":\"https:\/\/www.groods.de\/index.php\/produkt\/yuxin-litte-magic-cube-5x5-magnetic-stickerless\/\",\"url\":\"https:\/\/www.groods.de\/index.php\/produkt\/yuxin-litte-magic-cube-5x5-magnetic-stickerless\/\",\"name\":\"YuXin Little Magic 5x5 magnetic - stickerless - gRoods\",\"isPartOf\":{\"@id\":\"https:\/\/www.groods.de\/#website\"},\"primaryImageOfPage\":{\"@id\":\"https:\/\/www.groods.de\/index.php\/produkt\/yuxin-litte-magic-cube-5x5-magnetic-stickerless\/#primaryimage\"},\"image\":{\"@id\":\"https:\/\/www.groods.de\/index.php\/produkt\/yuxin-litte-magic-cube-5x5-magnetic-stickerless\/#primaryimage\"},\"thumbnailUrl\":\"https:\/\/www.groods.de\/wp-content\/uploads\/2019\/11\/YuXin-Little-Magic-5x5-magnetic-stickerless-1.png\",\"datePublished\":\"2019-11-13T11:45:13+00:00\",\"dateModified\":\"2025-11-19T21:20:38+00:00\",\"breadcrumb\":{\"@id\":\"https:\/\/www.groods.de\/index.php\/produkt\/yuxin-litte-magic-cube-5x5-magnetic-stickerless\/#breadcrumb\"},\"inLanguage\":\"de\",\"potentialAction\":[{\"@type\":\"ReadAction\",\"target\":[\"https:\/\/www.groods.de\/index.php\/produkt\/yuxin-litte-magic-cube-5x5-magnetic-stickerless\/\"]}]},{\"@type\":\"ImageObject\",\"inLanguage\":\"de\",\"@id\":\"https:\/\/www.groods.de\/index.php\/produkt\/yuxin-litte-magic-cube-5x5-magnetic-stickerless\/#primaryimage\",\"url\":\"https:\/\/www.groods.de\/wp-content\/uploads\/2019\/11\/YuXin-Little-Magic-5x5-magnetic-stickerless-1.png\",\"contentUrl\":\"https:\/\/www.groods.de\/wp-content\/uploads\/2019\/11\/YuXin-Little-Magic-5x5-magnetic-stickerless-1.png\",\"width\":1644,\"height\":1646},{\"@type\":\"BreadcrumbList\",\"@id\":\"https:\/\/www.groods.de\/index.php\/produkt\/yuxin-litte-magic-cube-5x5-magnetic-stickerless\/#breadcrumb\",\"itemListElement\":[{\"@type\":\"ListItem\",\"position\":1,\"name\":\"Startseite\",\"item\":\"https:\/\/www.groods.de\/\"},{\"@type\":\"ListItem\",\"position\":2,\"name\":\"Shop\",\"item\":\"https:\/\/www.groods.de\/index.php\/shop\/\"},{\"@type\":\"ListItem\",\"position\":3,\"name\":\"YuXin Little Magic 5&#215;5 magnetic &#8211; stickerless\"}]},{\"@type\":\"WebSite\",\"@id\":\"https:\/\/www.groods.de\/#website\",\"url\":\"https:\/\/www.groods.de\/\",\"name\":\"gRoods.de\",\"description\":\"Entdecke die Welt der Speedcubes\",\"publisher\":{\"@id\":\"https:\/\/www.groods.de\/#organization\"},\"potentialAction\":[{\"@type\":\"SearchAction\",\"target\":{\"@type\":\"EntryPoint\",\"urlTemplate\":\"https:\/\/www.groods.de\/?s={search_term_string}\"},\"query-input\":{\"@type\":\"PropertyValueSpecification\",\"valueRequired\":true,\"valueName\":\"search_term_string\"}}],\"inLanguage\":\"de\"},{\"@type\":\"Organization\",\"@id\":\"https:\/\/www.groods.de\/#organization\",\"name\":\"gRoods.de\",\"url\":\"https:\/\/www.groods.de\/\",\"logo\":{\"@type\":\"ImageObject\",\"inLanguage\":\"de\",\"@id\":\"https:\/\/www.groods.de\/#\/schema\/logo\/image\/\",\"url\":\"https:\/\/www.groods.de\/wp-content\/uploads\/2018\/08\/logo.png\",\"contentUrl\":\"https:\/\/www.groods.de\/wp-content\/uploads\/2018\/08\/logo.png\",\"width\":1077,\"height\":373,\"caption\":\"gRoods.de\"},\"image\":{\"@id\":\"https:\/\/www.groods.de\/#\/schema\/logo\/image\/\"}}]}<\/script>\n<!-- \/ Yoast SEO plugin. -->","yoast_head_json":{"title":"YuXin Little Magic 5x5 magnetic - stickerless - gRoods","robots":{"index":"index","follow":"follow","max-snippet":"max-snippet:-1","max-image-preview":"max-image-preview:large","max-video-preview":"max-video-preview:-1"},"canonical":"https:\/\/www.groods.de\/index.php\/produkt\/yuxin-litte-magic-cube-5x5-magnetic-stickerless\/","og_locale":"de_DE","og_type":"article","og_title":"YuXin Little Magic 5x5 magnetic - stickerless - gRoods","og_description":"YuXin Little Magic 5&#215;5 magnetic &#8211; stickerless Der neue Yuxin Little Magic ist ein 5&#215;5-Magnetw\u00fcrfel mit guter Leistung zu einem Superpreis f\u00fcr einen gro\u00dfen Magnetw\u00fcrfel. Der W\u00fcrfel enth\u00e4lt Designaspekte von Premium-W\u00fcrfeln wie Anti-Pop-Design und breitere Au\u00dfenschichtteile. Der W\u00fcrfel enth\u00e4lt jetzt auch Magnet-Schlitze in allen Teilen, wodurch sichergestellt wird, dass die werkseitig installierten Magnete fest sitzen. [&hellip;]","og_url":"https:\/\/www.groods.de\/index.php\/produkt\/yuxin-litte-magic-cube-5x5-magnetic-stickerless\/","og_site_name":"gRoods","article_modified_time":"2025-11-19T21:20:38+00:00","og_image":[{"width":1644,"height":1646,"url":"https:\/\/www.groods.de\/wp-content\/uploads\/2019\/11\/YuXin-Little-Magic-5x5-magnetic-stickerless-1.png","type":"image\/png"}],"twitter_card":"summary_large_image","twitter_misc":{"Gesch\u00e4tzte Lesezeit":"2\u00a0Minuten"},"schema":{"@context":"https:\/\/schema.org","@graph":[{"@type":"WebPage","@id":"https:\/\/www.groods.de\/index.php\/produkt\/yuxin-litte-magic-cube-5x5-magnetic-stickerless\/","url":"https:\/\/www.groods.de\/index.php\/produkt\/yuxin-litte-magic-cube-5x5-magnetic-stickerless\/","name":"YuXin Little Magic 5x5 magnetic - stickerless - gRoods","isPartOf":{"@id":"https:\/\/www.groods.de\/#website"},"primaryImageOfPage":{"@id":"https:\/\/www.groods.de\/index.php\/produkt\/yuxin-litte-magic-cube-5x5-magnetic-stickerless\/#primaryimage"},"image":{"@id":"https:\/\/www.groods.de\/index.php\/produkt\/yuxin-litte-magic-cube-5x5-magnetic-stickerless\/#primaryimage"},"thumbnailUrl":"https:\/\/www.groods.de\/wp-content\/uploads\/2019\/11\/YuXin-Little-Magic-5x5-magnetic-stickerless-1.png","datePublished":"2019-11-13T11:45:13+00:00","dateModified":"2025-11-19T21:20:38+00:00","breadcrumb":{"@id":"https:\/\/www.groods.de\/index.php\/produkt\/yuxin-litte-magic-cube-5x5-magnetic-stickerless\/#breadcrumb"},"inLanguage":"de","potentialAction":[{"@type":"ReadAction","target":["https:\/\/www.groods.de\/index.php\/produkt\/yuxin-litte-magic-cube-5x5-magnetic-stickerless\/"]}]},{"@type":"ImageObject","inLanguage":"de","@id":"https:\/\/www.groods.de\/index.php\/produkt\/yuxin-litte-magic-cube-5x5-magnetic-stickerless\/#primaryimage","url":"https:\/\/www.groods.de\/wp-content\/uploads\/2019\/11\/YuXin-Little-Magic-5x5-magnetic-stickerless-1.png","contentUrl":"https:\/\/www.groods.de\/wp-content\/uploads\/2019\/11\/YuXin-Little-Magic-5x5-magnetic-stickerless-1.png","width":1644,"height":1646},{"@type":"BreadcrumbList","@id":"https:\/\/www.groods.de\/index.php\/produkt\/yuxin-litte-magic-cube-5x5-magnetic-stickerless\/#breadcrumb","itemListElement":[{"@type":"ListItem","position":1,"name":"Startseite","item":"https:\/\/www.groods.de\/"},{"@type":"ListItem","position":2,"name":"Shop","item":"https:\/\/www.groods.de\/index.php\/shop\/"},{"@type":"ListItem","position":3,"name":"YuXin Little Magic 5&#215;5 magnetic &#8211; stickerless"}]},{"@type":"WebSite","@id":"https:\/\/www.groods.de\/#website","url":"https:\/\/www.groods.de\/","name":"gRoods.de","description":"Entdecke die Welt der Speedcubes","publisher":{"@id":"https:\/\/www.groods.de\/#organization"},"potentialAction":[{"@type":"SearchAction","target":{"@type":"EntryPoint","urlTemplate":"https:\/\/www.groods.de\/?s={search_term_string}"},"query-input":{"@type":"PropertyValueSpecification","valueRequired":true,"valueName":"search_term_string"}}],"inLanguage":"de"},{"@type":"Organization","@id":"https:\/\/www.groods.de\/#organization","name":"gRoods.de","url":"https:\/\/www.groods.de\/","logo":{"@type":"ImageObject","inLanguage":"de","@id":"https:\/\/www.groods.de\/#\/schema\/logo\/image\/","url":"https:\/\/www.groods.de\/wp-content\/uploads\/2018\/08\/logo.png","contentUrl":"https:\/\/www.groods.de\/wp-content\/uploads\/2018\/08\/logo.png","width":1077,"height":373,"caption":"gRoods.de"},"image":{"@id":"https:\/\/www.groods.de\/#\/schema\/logo\/image\/"}}]}},"_links":{"self":[{"href":"https:\/\/www.groods.de\/index.php\/wp-json\/wp\/v2\/product\/2677","targetHints":{"allow":["GET"]}}],"collection":[{"href":"https:\/\/www.groods.de\/index.php\/wp-json\/wp\/v2\/product"}],"about":[{"href":"https:\/\/www.groods.de\/index.php\/wp-json\/wp\/v2\/types\/product"}],"replies":[{"embeddable":true,"href":"https:\/\/www.groods.de\/index.php\/wp-json\/wp\/v2\/comments?post=2677"}],"wp:featuredmedia":[{"embeddable":true,"href":"https:\/\/www.groods.de\/index.php\/wp-json\/wp\/v2\/media\/2943"}],"wp:attachment":[{"href":"https:\/\/www.groods.de\/index.php\/wp-json\/wp\/v2\/media?parent=2677"}],"wp:term":[{"taxonomy":"product_brand","embeddable":true,"href":"https:\/\/www.groods.de\/index.php\/wp-json\/wp\/v2\/product_brand?post=2677"},{"taxonomy":"product_cat","embeddable":true,"href":"https:\/\/www.groods.de\/index.php\/wp-json\/wp\/v2\/product_cat?post=2677"},{"taxonomy":"product_tag","embeddable":true,"href":"https:\/\/www.groods.de\/index.php\/wp-json\/wp\/v2\/product_tag?post=2677"}],"curies":[{"name":"wp","href":"https:\/\/api.w.org\/{rel}","templated":true}]}}