{"id":2667,"date":"2019-11-13T12:44:55","date_gmt":"2019-11-13T11:44:55","guid":{"rendered":"https:\/\/www.groods.de\/index.php\/produkt\/yj-yulong-3x3-pyraminx-magnetic-cube-black\/"},"modified":"2025-11-19T22:21:17","modified_gmt":"2025-11-19T21:21:17","slug":"yj-yulong-3x3-pyraminx-magnetic-cube-black","status":"publish","type":"product","link":"https:\/\/www.groods.de\/index.php\/produkt\/yj-yulong-3x3-pyraminx-magnetic-cube-black\/","title":{"rendered":"YJ Yulong 3&#215;3 Pyraminx Magnetic Cube &#8211; black"},"content":{"rendered":"<h1>YJ Yulong 3&#215;3 Pyraminx Magnetic Cube &#8211; black<\/h1>\n<p>Der Pyraminx ist ein ca. 6 cm gro\u00dfes mechanisches Geduldsspiel in Form eines gleichm\u00e4\u00dfigen Tetraeders, das vom Prinzip und Aufbau her mit dem Zauberw\u00fcrfel von Ern\u0151 RBK vergleichbar ist. Daher ist auch die Bezeichnung Zauberpyramide gebr\u00e4uchlich. Jede der vier Seitenfl\u00e4chen setzt sich aus neun dreieckigen Segmenten zusammen, die in der Grundstellung auf jeder Seite jeweils alle die gleiche Farbe haben. Mit dem internen Drehmechanismus k\u00f6nnen sowohl die Seitenfl\u00e4chen als auch die Ecken durch 120\u00b0-Drehungen um ihren Mittelpunkt wieder in Deckung gebracht werden. Auf diese Weise ver\u00e4ndern die beweglichen Teile ihre Position zueinander und k\u00f6nnen an fast jede Stelle im Tetraeder verschoben werden. Ziel des Geduldspiels ist es meist, den Pyraminx aus einer Stellung, in der die Farben gemischt sind wieder zur\u00fcck in die geordnete Grundstellung zu bringen.<\/p>\n<p>In den letzten Monaten hat sich YJ den Ruf erarbeitet, brillante und sehr g\u00fcnstige Magnetpuzzles herzustellen. Das Angebot an Magnetw\u00fcrfeln ist brillant und viel g\u00fcnstiger als bei fast allen anderen Magnetw\u00fcrfeln auf dem Markt! Ein brillanter Weg, um ein magnetisches Puzzle zum Superpreis zu erhalten.\u00a0Dies ist die YJ Yulong Pyraminx V2 M, eine neue preisg\u00fcnstige magnetische Pyraminx. Es ist eine gut gemachte, glatte und sehr schnelle Pyraminx zu einem brillanten Preis. Es f\u00fchlt sich durchgehend leicht magnetisch an und hilft beim Ausrichten, w\u00e4hrend Sie so schnell wie m\u00f6glich l\u00f6sen! Eine ausgezeichnete Wahl f\u00fcr jeden Pyraminx-L\u00f6ser.<\/p>\n<h3><strong>Eigenschaften:<\/strong><\/h3>\n<ul>\n<li>glatte und schnelle Oberfl\u00e4che<\/li>\n<li class=\"md-end-block\">neu und Originalverpackt<\/li>\n<li class=\"md-end-block\">aus hochwertigem ABS Material, das umweltfreundlich, ungiftig und langlebig ist<\/li>\n<li class=\"md-end-block\">geschmeidige Rotation und komfortables Spielgef\u00fchl<\/li>\n<li class=\"md-end-block\">ausgezeichnete Fehlertoleranz f\u00fcr besonders schnelle Zeiten<\/li>\n<li>Viele Stunden Spa\u00df und Kopfzerbrechen mit Freunden und Familie sind garantiert<\/li>\n<\/ul>\n<h3>Spezifikationen:<\/h3>\n<ul>\n<li>Farbe: schwarz<\/li>\n<li>Material: Kunststoff<\/li>\n<li>Produkt Abmessungen: 10,0*10,0*10,0\u00a0cm<\/li>\n<li>Produkt Gewicht: 80g<\/li>\n<li>Verpackung: Karton Box<\/li>\n<\/ul>\n","protected":false},"excerpt":{"rendered":"<p>YJ Yulong 3&#215;3 Pyraminx Magnetic Cube &#8211; black Der Pyraminx ist ein ca. 6 cm gro\u00dfes mechanisches Geduldsspiel in Form eines gleichm\u00e4\u00dfigen Tetraeders, das vom Prinzip und Aufbau her mit dem Zauberw\u00fcrfel von Ern\u0151 RBK vergleichbar ist. Daher ist auch die Bezeichnung Zauberpyramide gebr\u00e4uchlich. Jede der vier Seitenfl\u00e4chen setzt sich aus neun dreieckigen Segmenten zusammen, [&hellip;]<\/p>\n","protected":false},"featured_media":4923,"comment_status":"open","ping_status":"closed","template":"","meta":[],"product_brand":[],"product_cat":[45,86,102,42],"product_tag":[],"class_list":{"0":"post-2667","1":"product","2":"type-product","3":"status-publish","4":"has-post-thumbnail","6":"product_cat-andere-formen","7":"product_cat-neue-produkte","8":"product_cat-pyraminx","9":"product_cat-yj","11":"first","12":"instock","13":"taxable","14":"shipping-taxable","15":"purchasable","16":"product-type-simple"},"yoast_head":"<!-- This site is optimized with the Yoast SEO plugin v26.7 - https:\/\/yoast.com\/wordpress\/plugins\/seo\/ -->\n<title>YJ Yulong 3x3 Pyraminx Magnetic Cube - black - gRoods<\/title>\n<meta name=\"robots\" content=\"index, follow, max-snippet:-1, max-image-preview:large, max-video-preview:-1\" \/>\n<link rel=\"canonical\" href=\"https:\/\/www.groods.de\/index.php\/produkt\/yj-yulong-3x3-pyraminx-magnetic-cube-black\/\" \/>\n<meta property=\"og:locale\" content=\"de_DE\" \/>\n<meta property=\"og:type\" content=\"article\" \/>\n<meta property=\"og:title\" content=\"YJ Yulong 3x3 Pyraminx Magnetic Cube - black - gRoods\" \/>\n<meta property=\"og:description\" content=\"YJ Yulong 3&#215;3 Pyraminx Magnetic Cube &#8211; black Der Pyraminx ist ein ca. 6 cm gro\u00dfes mechanisches Geduldsspiel in Form eines gleichm\u00e4\u00dfigen Tetraeders, das vom Prinzip und Aufbau her mit dem Zauberw\u00fcrfel von Ern\u0151 RBK vergleichbar ist. Daher ist auch die Bezeichnung Zauberpyramide gebr\u00e4uchlich. Jede der vier Seitenfl\u00e4chen setzt sich aus neun dreieckigen Segmenten zusammen, [&hellip;]\" \/>\n<meta property=\"og:url\" content=\"https:\/\/www.groods.de\/index.php\/produkt\/yj-yulong-3x3-pyraminx-magnetic-cube-black\/\" \/>\n<meta property=\"og:site_name\" content=\"gRoods\" \/>\n<meta property=\"article:modified_time\" content=\"2025-11-19T21:21:17+00:00\" \/>\n<meta property=\"og:image\" content=\"https:\/\/i0.wp.com\/www.groods.de\/wp-content\/uploads\/2019\/11\/YJ-Yulong-3x3-Pyraminx-Magnetic-Cube-black-4.jpg?fit=591%2C591&ssl=1\" \/>\n\t<meta property=\"og:image:width\" content=\"591\" \/>\n\t<meta property=\"og:image:height\" content=\"591\" \/>\n\t<meta property=\"og:image:type\" content=\"image\/jpeg\" \/>\n<meta name=\"twitter:card\" content=\"summary_large_image\" \/>\n<meta name=\"twitter:label1\" content=\"Gesch\u00e4tzte Lesezeit\" \/>\n\t<meta name=\"twitter:data1\" content=\"2\u00a0Minuten\" \/>\n<script type=\"application\/ld+json\" class=\"yoast-schema-graph\">{\"@context\":\"https:\/\/schema.org\",\"@graph\":[{\"@type\":\"WebPage\",\"@id\":\"https:\/\/www.groods.de\/index.php\/produkt\/yj-yulong-3x3-pyraminx-magnetic-cube-black\/\",\"url\":\"https:\/\/www.groods.de\/index.php\/produkt\/yj-yulong-3x3-pyraminx-magnetic-cube-black\/\",\"name\":\"YJ Yulong 3x3 Pyraminx Magnetic Cube - black - gRoods\",\"isPartOf\":{\"@id\":\"https:\/\/www.groods.de\/#website\"},\"primaryImageOfPage\":{\"@id\":\"https:\/\/www.groods.de\/index.php\/produkt\/yj-yulong-3x3-pyraminx-magnetic-cube-black\/#primaryimage\"},\"image\":{\"@id\":\"https:\/\/www.groods.de\/index.php\/produkt\/yj-yulong-3x3-pyraminx-magnetic-cube-black\/#primaryimage\"},\"thumbnailUrl\":\"https:\/\/www.groods.de\/wp-content\/uploads\/2019\/11\/YJ-Yulong-3x3-Pyraminx-Magnetic-Cube-black-4.jpg\",\"datePublished\":\"2019-11-13T11:44:55+00:00\",\"dateModified\":\"2025-11-19T21:21:17+00:00\",\"breadcrumb\":{\"@id\":\"https:\/\/www.groods.de\/index.php\/produkt\/yj-yulong-3x3-pyraminx-magnetic-cube-black\/#breadcrumb\"},\"inLanguage\":\"de\",\"potentialAction\":[{\"@type\":\"ReadAction\",\"target\":[\"https:\/\/www.groods.de\/index.php\/produkt\/yj-yulong-3x3-pyraminx-magnetic-cube-black\/\"]}]},{\"@type\":\"ImageObject\",\"inLanguage\":\"de\",\"@id\":\"https:\/\/www.groods.de\/index.php\/produkt\/yj-yulong-3x3-pyraminx-magnetic-cube-black\/#primaryimage\",\"url\":\"https:\/\/www.groods.de\/wp-content\/uploads\/2019\/11\/YJ-Yulong-3x3-Pyraminx-Magnetic-Cube-black-4.jpg\",\"contentUrl\":\"https:\/\/www.groods.de\/wp-content\/uploads\/2019\/11\/YJ-Yulong-3x3-Pyraminx-Magnetic-Cube-black-4.jpg\",\"width\":591,\"height\":591},{\"@type\":\"BreadcrumbList\",\"@id\":\"https:\/\/www.groods.de\/index.php\/produkt\/yj-yulong-3x3-pyraminx-magnetic-cube-black\/#breadcrumb\",\"itemListElement\":[{\"@type\":\"ListItem\",\"position\":1,\"name\":\"Startseite\",\"item\":\"https:\/\/www.groods.de\/\"},{\"@type\":\"ListItem\",\"position\":2,\"name\":\"Shop\",\"item\":\"https:\/\/www.groods.de\/index.php\/shop\/\"},{\"@type\":\"ListItem\",\"position\":3,\"name\":\"YJ Yulong 3&#215;3 Pyraminx Magnetic Cube &#8211; black\"}]},{\"@type\":\"WebSite\",\"@id\":\"https:\/\/www.groods.de\/#website\",\"url\":\"https:\/\/www.groods.de\/\",\"name\":\"gRoods.de\",\"description\":\"Entdecke die Welt der Speedcubes\",\"publisher\":{\"@id\":\"https:\/\/www.groods.de\/#organization\"},\"potentialAction\":[{\"@type\":\"SearchAction\",\"target\":{\"@type\":\"EntryPoint\",\"urlTemplate\":\"https:\/\/www.groods.de\/?s={search_term_string}\"},\"query-input\":{\"@type\":\"PropertyValueSpecification\",\"valueRequired\":true,\"valueName\":\"search_term_string\"}}],\"inLanguage\":\"de\"},{\"@type\":\"Organization\",\"@id\":\"https:\/\/www.groods.de\/#organization\",\"name\":\"gRoods.de\",\"url\":\"https:\/\/www.groods.de\/\",\"logo\":{\"@type\":\"ImageObject\",\"inLanguage\":\"de\",\"@id\":\"https:\/\/www.groods.de\/#\/schema\/logo\/image\/\",\"url\":\"https:\/\/www.groods.de\/wp-content\/uploads\/2018\/08\/logo.png\",\"contentUrl\":\"https:\/\/www.groods.de\/wp-content\/uploads\/2018\/08\/logo.png\",\"width\":1077,\"height\":373,\"caption\":\"gRoods.de\"},\"image\":{\"@id\":\"https:\/\/www.groods.de\/#\/schema\/logo\/image\/\"}}]}<\/script>\n<!-- \/ Yoast SEO plugin. -->","yoast_head_json":{"title":"YJ Yulong 3x3 Pyraminx Magnetic Cube - black - gRoods","robots":{"index":"index","follow":"follow","max-snippet":"max-snippet:-1","max-image-preview":"max-image-preview:large","max-video-preview":"max-video-preview:-1"},"canonical":"https:\/\/www.groods.de\/index.php\/produkt\/yj-yulong-3x3-pyraminx-magnetic-cube-black\/","og_locale":"de_DE","og_type":"article","og_title":"YJ Yulong 3x3 Pyraminx Magnetic Cube - black - gRoods","og_description":"YJ Yulong 3&#215;3 Pyraminx Magnetic Cube &#8211; black Der Pyraminx ist ein ca. 6 cm gro\u00dfes mechanisches Geduldsspiel in Form eines gleichm\u00e4\u00dfigen Tetraeders, das vom Prinzip und Aufbau her mit dem Zauberw\u00fcrfel von Ern\u0151 RBK vergleichbar ist. Daher ist auch die Bezeichnung Zauberpyramide gebr\u00e4uchlich. Jede der vier Seitenfl\u00e4chen setzt sich aus neun dreieckigen Segmenten zusammen, [&hellip;]","og_url":"https:\/\/www.groods.de\/index.php\/produkt\/yj-yulong-3x3-pyraminx-magnetic-cube-black\/","og_site_name":"gRoods","article_modified_time":"2025-11-19T21:21:17+00:00","og_image":[{"width":591,"height":591,"url":"https:\/\/i0.wp.com\/www.groods.de\/wp-content\/uploads\/2019\/11\/YJ-Yulong-3x3-Pyraminx-Magnetic-Cube-black-4.jpg?fit=591%2C591&ssl=1","type":"image\/jpeg"}],"twitter_card":"summary_large_image","twitter_misc":{"Gesch\u00e4tzte Lesezeit":"2\u00a0Minuten"},"schema":{"@context":"https:\/\/schema.org","@graph":[{"@type":"WebPage","@id":"https:\/\/www.groods.de\/index.php\/produkt\/yj-yulong-3x3-pyraminx-magnetic-cube-black\/","url":"https:\/\/www.groods.de\/index.php\/produkt\/yj-yulong-3x3-pyraminx-magnetic-cube-black\/","name":"YJ Yulong 3x3 Pyraminx Magnetic Cube - black - gRoods","isPartOf":{"@id":"https:\/\/www.groods.de\/#website"},"primaryImageOfPage":{"@id":"https:\/\/www.groods.de\/index.php\/produkt\/yj-yulong-3x3-pyraminx-magnetic-cube-black\/#primaryimage"},"image":{"@id":"https:\/\/www.groods.de\/index.php\/produkt\/yj-yulong-3x3-pyraminx-magnetic-cube-black\/#primaryimage"},"thumbnailUrl":"https:\/\/www.groods.de\/wp-content\/uploads\/2019\/11\/YJ-Yulong-3x3-Pyraminx-Magnetic-Cube-black-4.jpg","datePublished":"2019-11-13T11:44:55+00:00","dateModified":"2025-11-19T21:21:17+00:00","breadcrumb":{"@id":"https:\/\/www.groods.de\/index.php\/produkt\/yj-yulong-3x3-pyraminx-magnetic-cube-black\/#breadcrumb"},"inLanguage":"de","potentialAction":[{"@type":"ReadAction","target":["https:\/\/www.groods.de\/index.php\/produkt\/yj-yulong-3x3-pyraminx-magnetic-cube-black\/"]}]},{"@type":"ImageObject","inLanguage":"de","@id":"https:\/\/www.groods.de\/index.php\/produkt\/yj-yulong-3x3-pyraminx-magnetic-cube-black\/#primaryimage","url":"https:\/\/www.groods.de\/wp-content\/uploads\/2019\/11\/YJ-Yulong-3x3-Pyraminx-Magnetic-Cube-black-4.jpg","contentUrl":"https:\/\/www.groods.de\/wp-content\/uploads\/2019\/11\/YJ-Yulong-3x3-Pyraminx-Magnetic-Cube-black-4.jpg","width":591,"height":591},{"@type":"BreadcrumbList","@id":"https:\/\/www.groods.de\/index.php\/produkt\/yj-yulong-3x3-pyraminx-magnetic-cube-black\/#breadcrumb","itemListElement":[{"@type":"ListItem","position":1,"name":"Startseite","item":"https:\/\/www.groods.de\/"},{"@type":"ListItem","position":2,"name":"Shop","item":"https:\/\/www.groods.de\/index.php\/shop\/"},{"@type":"ListItem","position":3,"name":"YJ Yulong 3&#215;3 Pyraminx Magnetic Cube &#8211; black"}]},{"@type":"WebSite","@id":"https:\/\/www.groods.de\/#website","url":"https:\/\/www.groods.de\/","name":"gRoods.de","description":"Entdecke die Welt der Speedcubes","publisher":{"@id":"https:\/\/www.groods.de\/#organization"},"potentialAction":[{"@type":"SearchAction","target":{"@type":"EntryPoint","urlTemplate":"https:\/\/www.groods.de\/?s={search_term_string}"},"query-input":{"@type":"PropertyValueSpecification","valueRequired":true,"valueName":"search_term_string"}}],"inLanguage":"de"},{"@type":"Organization","@id":"https:\/\/www.groods.de\/#organization","name":"gRoods.de","url":"https:\/\/www.groods.de\/","logo":{"@type":"ImageObject","inLanguage":"de","@id":"https:\/\/www.groods.de\/#\/schema\/logo\/image\/","url":"https:\/\/www.groods.de\/wp-content\/uploads\/2018\/08\/logo.png","contentUrl":"https:\/\/www.groods.de\/wp-content\/uploads\/2018\/08\/logo.png","width":1077,"height":373,"caption":"gRoods.de"},"image":{"@id":"https:\/\/www.groods.de\/#\/schema\/logo\/image\/"}}]}},"_links":{"self":[{"href":"https:\/\/www.groods.de\/index.php\/wp-json\/wp\/v2\/product\/2667","targetHints":{"allow":["GET"]}}],"collection":[{"href":"https:\/\/www.groods.de\/index.php\/wp-json\/wp\/v2\/product"}],"about":[{"href":"https:\/\/www.groods.de\/index.php\/wp-json\/wp\/v2\/types\/product"}],"replies":[{"embeddable":true,"href":"https:\/\/www.groods.de\/index.php\/wp-json\/wp\/v2\/comments?post=2667"}],"wp:featuredmedia":[{"embeddable":true,"href":"https:\/\/www.groods.de\/index.php\/wp-json\/wp\/v2\/media\/4923"}],"wp:attachment":[{"href":"https:\/\/www.groods.de\/index.php\/wp-json\/wp\/v2\/media?parent=2667"}],"wp:term":[{"taxonomy":"product_brand","embeddable":true,"href":"https:\/\/www.groods.de\/index.php\/wp-json\/wp\/v2\/product_brand?post=2667"},{"taxonomy":"product_cat","embeddable":true,"href":"https:\/\/www.groods.de\/index.php\/wp-json\/wp\/v2\/product_cat?post=2667"},{"taxonomy":"product_tag","embeddable":true,"href":"https:\/\/www.groods.de\/index.php\/wp-json\/wp\/v2\/product_tag?post=2667"}],"curies":[{"name":"wp","href":"https:\/\/api.w.org\/{rel}","templated":true}]}}