{"id":2665,"date":"2019-11-13T12:44:52","date_gmt":"2019-11-13T11:44:52","guid":{"rendered":"https:\/\/www.groods.de\/index.php\/produkt\/yj-yuchuang-v2-5x5-magnetic-cube\/"},"modified":"2025-11-19T22:21:22","modified_gmt":"2025-11-19T21:21:22","slug":"yj-yuchuang-v2-5x5-magnetic-cube","status":"publish","type":"product","link":"https:\/\/www.groods.de\/index.php\/produkt\/yj-yuchuang-v2-5x5-magnetic-cube\/","title":{"rendered":"YJ YUCHUANG V2M 5&#215;5 Magnetic Cube"},"content":{"rendered":"<h1>YJ YUCHUANG V2M 5&#215;5 Magnetic Cube<\/h1>\n<p>Der YuChuang V2 Magnetic ist ein neuer Budget-Magnet-W\u00fcrfel von YJ. Die Kombination der Mittelmagnete mit den extrem leicht drehenden Au\u00dfenschichten sorgt f\u00fcr viel Drehspa\u00df. Der W\u00fcrfel enth\u00e4lt Designaspekte von Premium-W\u00fcrfeln wie Anti-Pop-Design und breitere Au\u00dfenschichtteile. Der W\u00fcrfel misst 62,5 mm, was f\u00fcr kleinere H\u00e4nde eine sehr sch\u00f6ne Gr\u00f6\u00dfe darstellt. Die kontrastreichen, aufkleberlosen Farben machen das L\u00f6sen dieses Puzzles zu einer wahren Freude. Dieser W\u00fcrfel ist eine gute Wahl f\u00fcr Anf\u00e4nger und Fortgeschrittene.<\/p>\n<h3>Zus\u00e4tzliche Informationen<\/h3>\n<p>Der Professor&#8217;s Cube ist eine 5x5x5-Version des urspr\u00fcnglichen RBK&#8217;s Cube. Die erste Version dieses Puzzles wurde 1986 von Udo Krell erfunden, der einen 3x3x3-W\u00fcrfel nahm und ihn erweiterte.<\/p>\n<p>Wie beim RBK&#8217;s Revenge (4x4x4) wird der h\u00e4ufigste Algorithmus zum L\u00f6sen dieses 5x5x5-W\u00fcrfels als &#8222;Reduktionsmethode&#8220; bezeichnet. Konzentrieren Sie sich zun\u00e4chst auf das L\u00f6sen der 3&#215;3-Mittelst\u00fccke und der 3&#215;1-Randst\u00fccke und &#8222;reduzieren&#8220; Sie das Problem auf ein 3x3x3-Puzzle, das mit einem normalen RBK-W\u00fcrfell\u00f6sungsalgorithmus gel\u00f6st werden kann. Dieses Puzzle hat nur einen Parit\u00e4tsfall.<\/p>\n<p>Dieses Puzzle hat viele bewegliche Teile und erm\u00f6glicht so eine Vielzahl von m\u00f6glichen Permutationen. Die Anzahl der m\u00f6glichen Permutationen des 5x5x5-W\u00fcrfels liegt knapp unter 2,83&#215;1074. Der aktuelle Weltrekord f\u00fcr das L\u00f6sen liegt bei 38,52 Sekunden und wurde von Feliks Zemdegs aus Australien bei der Weltmeisterschaft 2017 aufgestellt.<\/p>\n<h3><strong data-spm-anchor-id=\"a2g0x.10010108.1000023.i0.3d0af4b4DKar3l\">Eigenschaften:<\/strong><\/h3>\n<ul>\n<li>glatte und schnelle Oberfl\u00e4che<\/li>\n<li class=\"md-end-block\">neu und Originalverpackt<\/li>\n<li class=\"md-end-block\">aus hochwertigem ABS Material, das umweltfreundlich, ungiftig und langlebig ist<\/li>\n<li class=\"md-end-block\">einfarbig im stickerless Design<\/li>\n<li class=\"md-end-block\">geschmeidige Rotation und komfortables Spielgef\u00fchl<\/li>\n<li class=\"md-end-block\">ausgezeichnete Fehlertoleranz f\u00fcr besonders schnelle Zeiten<\/li>\n<li>Viele Stunden Spa\u00df und Kopfzerbrechen mit Freunden und Familie sind garantiert<\/li>\n<\/ul>\n<h3>Spezifikationen:<\/h3>\n<ul>\n<li>Farbe: stickerless<\/li>\n<li>Material: Kunststoff<\/li>\n<li>Produkt Abmessungen: 6,25*6,25*6,25 cm<\/li>\n<li>Produkt Gewicht: 127g<\/li>\n<li>Verpackung: Karton Box<\/li>\n<\/ul>\n","protected":false},"excerpt":{"rendered":"<p>YJ YUCHUANG V2M 5&#215;5 Magnetic Cube Der YuChuang V2 Magnetic ist ein neuer Budget-Magnet-W\u00fcrfel von YJ. Die Kombination der Mittelmagnete mit den extrem leicht drehenden Au\u00dfenschichten sorgt f\u00fcr viel Drehspa\u00df. Der W\u00fcrfel enth\u00e4lt Designaspekte von Premium-W\u00fcrfeln wie Anti-Pop-Design und breitere Au\u00dfenschichtteile. Der W\u00fcrfel misst 62,5 mm, was f\u00fcr kleinere H\u00e4nde eine sehr sch\u00f6ne Gr\u00f6\u00dfe darstellt. [&hellip;]<\/p>\n","protected":false},"featured_media":3022,"comment_status":"open","ping_status":"closed","template":"","meta":[],"product_brand":[],"product_cat":[55,37,86,42,19],"product_tag":[],"class_list":{"0":"post-2665","1":"product","2":"type-product","3":"status-publish","4":"has-post-thumbnail","6":"product_cat-5x5","7":"product_cat-hersteller","8":"product_cat-neue-produkte","9":"product_cat-yj","10":"product_cat-zauberwuerfel","12":"first","13":"instock","14":"taxable","15":"shipping-taxable","16":"purchasable","17":"product-type-simple"},"yoast_head":"<!-- This site is optimized with the Yoast SEO plugin v26.7 - https:\/\/yoast.com\/wordpress\/plugins\/seo\/ -->\n<title>YJ YUCHUANG V2M 5x5 Magnetic Cube - gRoods<\/title>\n<meta name=\"robots\" content=\"index, follow, max-snippet:-1, max-image-preview:large, max-video-preview:-1\" \/>\n<link rel=\"canonical\" href=\"https:\/\/www.groods.de\/index.php\/produkt\/yj-yuchuang-v2-5x5-magnetic-cube\/\" \/>\n<meta property=\"og:locale\" content=\"de_DE\" \/>\n<meta property=\"og:type\" content=\"article\" \/>\n<meta property=\"og:title\" content=\"YJ YUCHUANG V2M 5x5 Magnetic Cube - gRoods\" \/>\n<meta property=\"og:description\" content=\"YJ YUCHUANG V2M 5&#215;5 Magnetic Cube Der YuChuang V2 Magnetic ist ein neuer Budget-Magnet-W\u00fcrfel von YJ. Die Kombination der Mittelmagnete mit den extrem leicht drehenden Au\u00dfenschichten sorgt f\u00fcr viel Drehspa\u00df. Der W\u00fcrfel enth\u00e4lt Designaspekte von Premium-W\u00fcrfeln wie Anti-Pop-Design und breitere Au\u00dfenschichtteile. Der W\u00fcrfel misst 62,5 mm, was f\u00fcr kleinere H\u00e4nde eine sehr sch\u00f6ne Gr\u00f6\u00dfe darstellt. [&hellip;]\" \/>\n<meta property=\"og:url\" content=\"https:\/\/www.groods.de\/index.php\/produkt\/yj-yuchuang-v2-5x5-magnetic-cube\/\" \/>\n<meta property=\"og:site_name\" content=\"gRoods\" \/>\n<meta property=\"article:modified_time\" content=\"2025-11-19T21:21:22+00:00\" \/>\n<meta property=\"og:image\" content=\"https:\/\/www.groods.de\/wp-content\/uploads\/2019\/11\/YJ-YUCHUANG-V2-5x5-Magnetic-Cube-9.png\" \/>\n\t<meta property=\"og:image:width\" content=\"1000\" \/>\n\t<meta property=\"og:image:height\" content=\"1000\" \/>\n\t<meta property=\"og:image:type\" content=\"image\/png\" \/>\n<meta name=\"twitter:card\" content=\"summary_large_image\" \/>\n<meta name=\"twitter:label1\" content=\"Gesch\u00e4tzte Lesezeit\" \/>\n\t<meta name=\"twitter:data1\" content=\"2\u00a0Minuten\" \/>\n<script type=\"application\/ld+json\" class=\"yoast-schema-graph\">{\"@context\":\"https:\/\/schema.org\",\"@graph\":[{\"@type\":\"WebPage\",\"@id\":\"https:\/\/www.groods.de\/index.php\/produkt\/yj-yuchuang-v2-5x5-magnetic-cube\/\",\"url\":\"https:\/\/www.groods.de\/index.php\/produkt\/yj-yuchuang-v2-5x5-magnetic-cube\/\",\"name\":\"YJ YUCHUANG V2M 5x5 Magnetic Cube - gRoods\",\"isPartOf\":{\"@id\":\"https:\/\/www.groods.de\/#website\"},\"primaryImageOfPage\":{\"@id\":\"https:\/\/www.groods.de\/index.php\/produkt\/yj-yuchuang-v2-5x5-magnetic-cube\/#primaryimage\"},\"image\":{\"@id\":\"https:\/\/www.groods.de\/index.php\/produkt\/yj-yuchuang-v2-5x5-magnetic-cube\/#primaryimage\"},\"thumbnailUrl\":\"https:\/\/www.groods.de\/wp-content\/uploads\/2019\/11\/YJ-YUCHUANG-V2-5x5-Magnetic-Cube-9.png\",\"datePublished\":\"2019-11-13T11:44:52+00:00\",\"dateModified\":\"2025-11-19T21:21:22+00:00\",\"breadcrumb\":{\"@id\":\"https:\/\/www.groods.de\/index.php\/produkt\/yj-yuchuang-v2-5x5-magnetic-cube\/#breadcrumb\"},\"inLanguage\":\"de\",\"potentialAction\":[{\"@type\":\"ReadAction\",\"target\":[\"https:\/\/www.groods.de\/index.php\/produkt\/yj-yuchuang-v2-5x5-magnetic-cube\/\"]}]},{\"@type\":\"ImageObject\",\"inLanguage\":\"de\",\"@id\":\"https:\/\/www.groods.de\/index.php\/produkt\/yj-yuchuang-v2-5x5-magnetic-cube\/#primaryimage\",\"url\":\"https:\/\/www.groods.de\/wp-content\/uploads\/2019\/11\/YJ-YUCHUANG-V2-5x5-Magnetic-Cube-9.png\",\"contentUrl\":\"https:\/\/www.groods.de\/wp-content\/uploads\/2019\/11\/YJ-YUCHUANG-V2-5x5-Magnetic-Cube-9.png\",\"width\":1000,\"height\":1000},{\"@type\":\"BreadcrumbList\",\"@id\":\"https:\/\/www.groods.de\/index.php\/produkt\/yj-yuchuang-v2-5x5-magnetic-cube\/#breadcrumb\",\"itemListElement\":[{\"@type\":\"ListItem\",\"position\":1,\"name\":\"Startseite\",\"item\":\"https:\/\/www.groods.de\/\"},{\"@type\":\"ListItem\",\"position\":2,\"name\":\"Shop\",\"item\":\"https:\/\/www.groods.de\/index.php\/shop\/\"},{\"@type\":\"ListItem\",\"position\":3,\"name\":\"YJ YUCHUANG V2M 5&#215;5 Magnetic Cube\"}]},{\"@type\":\"WebSite\",\"@id\":\"https:\/\/www.groods.de\/#website\",\"url\":\"https:\/\/www.groods.de\/\",\"name\":\"gRoods.de\",\"description\":\"Entdecke die Welt der Speedcubes\",\"publisher\":{\"@id\":\"https:\/\/www.groods.de\/#organization\"},\"potentialAction\":[{\"@type\":\"SearchAction\",\"target\":{\"@type\":\"EntryPoint\",\"urlTemplate\":\"https:\/\/www.groods.de\/?s={search_term_string}\"},\"query-input\":{\"@type\":\"PropertyValueSpecification\",\"valueRequired\":true,\"valueName\":\"search_term_string\"}}],\"inLanguage\":\"de\"},{\"@type\":\"Organization\",\"@id\":\"https:\/\/www.groods.de\/#organization\",\"name\":\"gRoods.de\",\"url\":\"https:\/\/www.groods.de\/\",\"logo\":{\"@type\":\"ImageObject\",\"inLanguage\":\"de\",\"@id\":\"https:\/\/www.groods.de\/#\/schema\/logo\/image\/\",\"url\":\"https:\/\/www.groods.de\/wp-content\/uploads\/2018\/08\/logo.png\",\"contentUrl\":\"https:\/\/www.groods.de\/wp-content\/uploads\/2018\/08\/logo.png\",\"width\":1077,\"height\":373,\"caption\":\"gRoods.de\"},\"image\":{\"@id\":\"https:\/\/www.groods.de\/#\/schema\/logo\/image\/\"}}]}<\/script>\n<!-- \/ Yoast SEO plugin. -->","yoast_head_json":{"title":"YJ YUCHUANG V2M 5x5 Magnetic Cube - gRoods","robots":{"index":"index","follow":"follow","max-snippet":"max-snippet:-1","max-image-preview":"max-image-preview:large","max-video-preview":"max-video-preview:-1"},"canonical":"https:\/\/www.groods.de\/index.php\/produkt\/yj-yuchuang-v2-5x5-magnetic-cube\/","og_locale":"de_DE","og_type":"article","og_title":"YJ YUCHUANG V2M 5x5 Magnetic Cube - gRoods","og_description":"YJ YUCHUANG V2M 5&#215;5 Magnetic Cube Der YuChuang V2 Magnetic ist ein neuer Budget-Magnet-W\u00fcrfel von YJ. Die Kombination der Mittelmagnete mit den extrem leicht drehenden Au\u00dfenschichten sorgt f\u00fcr viel Drehspa\u00df. Der W\u00fcrfel enth\u00e4lt Designaspekte von Premium-W\u00fcrfeln wie Anti-Pop-Design und breitere Au\u00dfenschichtteile. Der W\u00fcrfel misst 62,5 mm, was f\u00fcr kleinere H\u00e4nde eine sehr sch\u00f6ne Gr\u00f6\u00dfe darstellt. [&hellip;]","og_url":"https:\/\/www.groods.de\/index.php\/produkt\/yj-yuchuang-v2-5x5-magnetic-cube\/","og_site_name":"gRoods","article_modified_time":"2025-11-19T21:21:22+00:00","og_image":[{"width":1000,"height":1000,"url":"https:\/\/www.groods.de\/wp-content\/uploads\/2019\/11\/YJ-YUCHUANG-V2-5x5-Magnetic-Cube-9.png","type":"image\/png"}],"twitter_card":"summary_large_image","twitter_misc":{"Gesch\u00e4tzte Lesezeit":"2\u00a0Minuten"},"schema":{"@context":"https:\/\/schema.org","@graph":[{"@type":"WebPage","@id":"https:\/\/www.groods.de\/index.php\/produkt\/yj-yuchuang-v2-5x5-magnetic-cube\/","url":"https:\/\/www.groods.de\/index.php\/produkt\/yj-yuchuang-v2-5x5-magnetic-cube\/","name":"YJ YUCHUANG V2M 5x5 Magnetic Cube - gRoods","isPartOf":{"@id":"https:\/\/www.groods.de\/#website"},"primaryImageOfPage":{"@id":"https:\/\/www.groods.de\/index.php\/produkt\/yj-yuchuang-v2-5x5-magnetic-cube\/#primaryimage"},"image":{"@id":"https:\/\/www.groods.de\/index.php\/produkt\/yj-yuchuang-v2-5x5-magnetic-cube\/#primaryimage"},"thumbnailUrl":"https:\/\/www.groods.de\/wp-content\/uploads\/2019\/11\/YJ-YUCHUANG-V2-5x5-Magnetic-Cube-9.png","datePublished":"2019-11-13T11:44:52+00:00","dateModified":"2025-11-19T21:21:22+00:00","breadcrumb":{"@id":"https:\/\/www.groods.de\/index.php\/produkt\/yj-yuchuang-v2-5x5-magnetic-cube\/#breadcrumb"},"inLanguage":"de","potentialAction":[{"@type":"ReadAction","target":["https:\/\/www.groods.de\/index.php\/produkt\/yj-yuchuang-v2-5x5-magnetic-cube\/"]}]},{"@type":"ImageObject","inLanguage":"de","@id":"https:\/\/www.groods.de\/index.php\/produkt\/yj-yuchuang-v2-5x5-magnetic-cube\/#primaryimage","url":"https:\/\/www.groods.de\/wp-content\/uploads\/2019\/11\/YJ-YUCHUANG-V2-5x5-Magnetic-Cube-9.png","contentUrl":"https:\/\/www.groods.de\/wp-content\/uploads\/2019\/11\/YJ-YUCHUANG-V2-5x5-Magnetic-Cube-9.png","width":1000,"height":1000},{"@type":"BreadcrumbList","@id":"https:\/\/www.groods.de\/index.php\/produkt\/yj-yuchuang-v2-5x5-magnetic-cube\/#breadcrumb","itemListElement":[{"@type":"ListItem","position":1,"name":"Startseite","item":"https:\/\/www.groods.de\/"},{"@type":"ListItem","position":2,"name":"Shop","item":"https:\/\/www.groods.de\/index.php\/shop\/"},{"@type":"ListItem","position":3,"name":"YJ YUCHUANG V2M 5&#215;5 Magnetic Cube"}]},{"@type":"WebSite","@id":"https:\/\/www.groods.de\/#website","url":"https:\/\/www.groods.de\/","name":"gRoods.de","description":"Entdecke die Welt der Speedcubes","publisher":{"@id":"https:\/\/www.groods.de\/#organization"},"potentialAction":[{"@type":"SearchAction","target":{"@type":"EntryPoint","urlTemplate":"https:\/\/www.groods.de\/?s={search_term_string}"},"query-input":{"@type":"PropertyValueSpecification","valueRequired":true,"valueName":"search_term_string"}}],"inLanguage":"de"},{"@type":"Organization","@id":"https:\/\/www.groods.de\/#organization","name":"gRoods.de","url":"https:\/\/www.groods.de\/","logo":{"@type":"ImageObject","inLanguage":"de","@id":"https:\/\/www.groods.de\/#\/schema\/logo\/image\/","url":"https:\/\/www.groods.de\/wp-content\/uploads\/2018\/08\/logo.png","contentUrl":"https:\/\/www.groods.de\/wp-content\/uploads\/2018\/08\/logo.png","width":1077,"height":373,"caption":"gRoods.de"},"image":{"@id":"https:\/\/www.groods.de\/#\/schema\/logo\/image\/"}}]}},"_links":{"self":[{"href":"https:\/\/www.groods.de\/index.php\/wp-json\/wp\/v2\/product\/2665","targetHints":{"allow":["GET"]}}],"collection":[{"href":"https:\/\/www.groods.de\/index.php\/wp-json\/wp\/v2\/product"}],"about":[{"href":"https:\/\/www.groods.de\/index.php\/wp-json\/wp\/v2\/types\/product"}],"replies":[{"embeddable":true,"href":"https:\/\/www.groods.de\/index.php\/wp-json\/wp\/v2\/comments?post=2665"}],"wp:featuredmedia":[{"embeddable":true,"href":"https:\/\/www.groods.de\/index.php\/wp-json\/wp\/v2\/media\/3022"}],"wp:attachment":[{"href":"https:\/\/www.groods.de\/index.php\/wp-json\/wp\/v2\/media?parent=2665"}],"wp:term":[{"taxonomy":"product_brand","embeddable":true,"href":"https:\/\/www.groods.de\/index.php\/wp-json\/wp\/v2\/product_brand?post=2665"},{"taxonomy":"product_cat","embeddable":true,"href":"https:\/\/www.groods.de\/index.php\/wp-json\/wp\/v2\/product_cat?post=2665"},{"taxonomy":"product_tag","embeddable":true,"href":"https:\/\/www.groods.de\/index.php\/wp-json\/wp\/v2\/product_tag?post=2665"}],"curies":[{"name":"wp","href":"https:\/\/api.w.org\/{rel}","templated":true}]}}