{"id":2655,"date":"2019-11-13T12:44:29","date_gmt":"2019-11-13T11:44:29","guid":{"rendered":"https:\/\/www.groods.de\/index.php\/produkt\/yj-3x3-mirror-cube-silver\/"},"modified":"2025-11-19T22:23:00","modified_gmt":"2025-11-19T21:23:00","slug":"yj-3x3-mirror-cube-silver","status":"publish","type":"product","link":"https:\/\/www.groods.de\/index.php\/produkt\/yj-3x3-mirror-cube-silver\/","title":{"rendered":"YJ 3&#215;3 Mirror Cube &#8211; silver"},"content":{"rendered":"<h1>YJ 3&#215;3 Mirror Cube &#8211; silver<\/h1>\n<p>Der Mirror Cube, auch bekannt als Bump Cube, ist eine Ableitung des urspr\u00fcnglichen RBK&#8217;s Cube. Die RBK&#8217;s Cube-Teile haben zwar genau den gleichen Mechanismus, sind jedoch alle gleich gro\u00df, unterscheiden sich jedoch durch farbige Aufkleber voneinander. Der Mirror Cube ist genau das Gegenteil. Alle Aufkleber des Spiegelw\u00fcrfels haben die gleiche Farbe (traditionell reflektierendes Silber oder Gold &#8211; daher das Aussehen eines &#8222;Spiegels&#8220;), k\u00f6nnen jedoch nach Gr\u00f6\u00dfe differenziert werden. Jedes Teil des Spiegelw\u00fcrfels hat eine andere Gr\u00f6\u00dfe.<\/p>\n<p>Der Mirror Cube wurde 2006 von Hidetoshi Takeji erfunden, der ihn damals &#8222;Bump Cube&#8220; nannte. Der Grund f\u00fcr die Wahl dieses Namens ist die Tatsache, dass beim Verw\u00fcrfeln des Puzzles viele &#8222;Bumps&#8220; auftreten und einige Teile gr\u00f6\u00dfer sind als die andere und herausragen.<\/p>\n<p>Das L\u00f6sen des Spiegelw\u00fcrfels entspricht genau dem L\u00f6sen des Zauberw\u00fcrfels. Es ist jedoch schwieriger, die einzelnen Teile zu identifizieren, da der Gr\u00f6\u00dfenunterschied zwischen den Teilen des Puzzles weniger offensichtlich ist als der Farbunterschied der Aufkleber des urspr\u00fcnglichen Puzzles. Der aktuelle Weltrekord f\u00fcr das L\u00f6sen des Spiegelw\u00fcrfels liegt bei 20,93 Sekunden und wurde von Wataru Hashimura aufgestellt. Die Mirror Cube-L\u00f6sungswettbewerbe sind keine offiziellen WCA-Veranstaltungen.<\/p>\n<h3><strong data-spm-anchor-id=\"a2g0x.10010108.1000023.i0.3d0af4b4DKar3l\">Eigenschaften:<\/strong><\/h3>\n<ul>\n<li>glatte und schnelle Oberfl\u00e4che<\/li>\n<li class=\"md-end-block\">neu und Originalverpackt<\/li>\n<li class=\"md-end-block\">aus hochwertigem ABS Material, das umweltfreundlich, ungiftig und langlebig ist<\/li>\n<li class=\"md-end-block\">geschmeidige Rotation und komfortables Spielgef\u00fchl<\/li>\n<li class=\"md-end-block\">ausgezeichnete Fehlertoleranz f\u00fcr besonders schnelle Zeiten<\/li>\n<li>Viele Stunden Spa\u00df und Kopfzerbrechen mit Freunden und Familie sind garantiert<\/li>\n<\/ul>\n<h3>Spezifikationen:<\/h3>\n<ul>\n<li>Farbe: silber<\/li>\n<li>Material: Kunststoff<\/li>\n<li>Produkt Abmessungen: 56,5*56,5*56,5 cm<\/li>\n<li>Produkt Gewicht: 98g<\/li>\n<li>Verpackung: Karton Box<\/li>\n<\/ul>\n","protected":false},"excerpt":{"rendered":"<p>YJ 3&#215;3 Mirror Cube &#8211; silver Der Mirror Cube, auch bekannt als Bump Cube, ist eine Ableitung des urspr\u00fcnglichen RBK&#8217;s Cube. Die RBK&#8217;s Cube-Teile haben zwar genau den gleichen Mechanismus, sind jedoch alle gleich gro\u00df, unterscheiden sich jedoch durch farbige Aufkleber voneinander. Der Mirror Cube ist genau das Gegenteil. Alle Aufkleber des Spiegelw\u00fcrfels haben die [&hellip;]<\/p>\n","protected":false},"featured_media":2783,"comment_status":"open","ping_status":"closed","template":"","meta":[],"product_brand":[],"product_cat":[45,105,86,42],"product_tag":[],"class_list":{"0":"post-2655","1":"product","2":"type-product","3":"status-publish","4":"has-post-thumbnail","6":"product_cat-andere-formen","7":"product_cat-mirror-cube","8":"product_cat-neue-produkte","9":"product_cat-yj","11":"first","12":"instock","13":"taxable","14":"shipping-taxable","15":"purchasable","16":"product-type-simple"},"yoast_head":"<!-- This site is optimized with the Yoast SEO plugin v26.7 - https:\/\/yoast.com\/wordpress\/plugins\/seo\/ -->\n<title>YJ 3x3 Mirror Cube - silver - gRoods<\/title>\n<meta name=\"robots\" content=\"index, follow, max-snippet:-1, max-image-preview:large, max-video-preview:-1\" \/>\n<link rel=\"canonical\" href=\"https:\/\/www.groods.de\/index.php\/produkt\/yj-3x3-mirror-cube-silver\/\" \/>\n<meta property=\"og:locale\" content=\"de_DE\" \/>\n<meta property=\"og:type\" content=\"article\" \/>\n<meta property=\"og:title\" content=\"YJ 3x3 Mirror Cube - silver - gRoods\" \/>\n<meta property=\"og:description\" content=\"YJ 3&#215;3 Mirror Cube &#8211; silver Der Mirror Cube, auch bekannt als Bump Cube, ist eine Ableitung des urspr\u00fcnglichen RBK&#8217;s Cube. Die RBK&#8217;s Cube-Teile haben zwar genau den gleichen Mechanismus, sind jedoch alle gleich gro\u00df, unterscheiden sich jedoch durch farbige Aufkleber voneinander. Der Mirror Cube ist genau das Gegenteil. Alle Aufkleber des Spiegelw\u00fcrfels haben die [&hellip;]\" \/>\n<meta property=\"og:url\" content=\"https:\/\/www.groods.de\/index.php\/produkt\/yj-3x3-mirror-cube-silver\/\" \/>\n<meta property=\"og:site_name\" content=\"gRoods\" \/>\n<meta property=\"article:modified_time\" content=\"2025-11-19T21:23:00+00:00\" \/>\n<meta property=\"og:image\" content=\"https:\/\/www.groods.de\/wp-content\/uploads\/2019\/11\/YJ_Mirror_Cube_3x3_silver1.jpeg\" \/>\n\t<meta property=\"og:image:width\" content=\"1364\" \/>\n\t<meta property=\"og:image:height\" content=\"1240\" \/>\n\t<meta property=\"og:image:type\" content=\"image\/jpeg\" \/>\n<meta name=\"twitter:card\" content=\"summary_large_image\" \/>\n<meta name=\"twitter:label1\" content=\"Gesch\u00e4tzte Lesezeit\" \/>\n\t<meta name=\"twitter:data1\" content=\"2\u00a0Minuten\" \/>\n<script type=\"application\/ld+json\" class=\"yoast-schema-graph\">{\"@context\":\"https:\/\/schema.org\",\"@graph\":[{\"@type\":\"WebPage\",\"@id\":\"https:\/\/www.groods.de\/index.php\/produkt\/yj-3x3-mirror-cube-silver\/\",\"url\":\"https:\/\/www.groods.de\/index.php\/produkt\/yj-3x3-mirror-cube-silver\/\",\"name\":\"YJ 3x3 Mirror Cube - silver - gRoods\",\"isPartOf\":{\"@id\":\"https:\/\/www.groods.de\/#website\"},\"primaryImageOfPage\":{\"@id\":\"https:\/\/www.groods.de\/index.php\/produkt\/yj-3x3-mirror-cube-silver\/#primaryimage\"},\"image\":{\"@id\":\"https:\/\/www.groods.de\/index.php\/produkt\/yj-3x3-mirror-cube-silver\/#primaryimage\"},\"thumbnailUrl\":\"https:\/\/www.groods.de\/wp-content\/uploads\/2019\/11\/YJ_Mirror_Cube_3x3_silver1.jpeg\",\"datePublished\":\"2019-11-13T11:44:29+00:00\",\"dateModified\":\"2025-11-19T21:23:00+00:00\",\"breadcrumb\":{\"@id\":\"https:\/\/www.groods.de\/index.php\/produkt\/yj-3x3-mirror-cube-silver\/#breadcrumb\"},\"inLanguage\":\"de\",\"potentialAction\":[{\"@type\":\"ReadAction\",\"target\":[\"https:\/\/www.groods.de\/index.php\/produkt\/yj-3x3-mirror-cube-silver\/\"]}]},{\"@type\":\"ImageObject\",\"inLanguage\":\"de\",\"@id\":\"https:\/\/www.groods.de\/index.php\/produkt\/yj-3x3-mirror-cube-silver\/#primaryimage\",\"url\":\"https:\/\/www.groods.de\/wp-content\/uploads\/2019\/11\/YJ_Mirror_Cube_3x3_silver1.jpeg\",\"contentUrl\":\"https:\/\/www.groods.de\/wp-content\/uploads\/2019\/11\/YJ_Mirror_Cube_3x3_silver1.jpeg\",\"width\":1364,\"height\":1240},{\"@type\":\"BreadcrumbList\",\"@id\":\"https:\/\/www.groods.de\/index.php\/produkt\/yj-3x3-mirror-cube-silver\/#breadcrumb\",\"itemListElement\":[{\"@type\":\"ListItem\",\"position\":1,\"name\":\"Startseite\",\"item\":\"https:\/\/www.groods.de\/\"},{\"@type\":\"ListItem\",\"position\":2,\"name\":\"Shop\",\"item\":\"https:\/\/www.groods.de\/index.php\/shop\/\"},{\"@type\":\"ListItem\",\"position\":3,\"name\":\"YJ 3&#215;3 Mirror Cube &#8211; silver\"}]},{\"@type\":\"WebSite\",\"@id\":\"https:\/\/www.groods.de\/#website\",\"url\":\"https:\/\/www.groods.de\/\",\"name\":\"gRoods.de\",\"description\":\"Entdecke die Welt der Speedcubes\",\"publisher\":{\"@id\":\"https:\/\/www.groods.de\/#organization\"},\"potentialAction\":[{\"@type\":\"SearchAction\",\"target\":{\"@type\":\"EntryPoint\",\"urlTemplate\":\"https:\/\/www.groods.de\/?s={search_term_string}\"},\"query-input\":{\"@type\":\"PropertyValueSpecification\",\"valueRequired\":true,\"valueName\":\"search_term_string\"}}],\"inLanguage\":\"de\"},{\"@type\":\"Organization\",\"@id\":\"https:\/\/www.groods.de\/#organization\",\"name\":\"gRoods.de\",\"url\":\"https:\/\/www.groods.de\/\",\"logo\":{\"@type\":\"ImageObject\",\"inLanguage\":\"de\",\"@id\":\"https:\/\/www.groods.de\/#\/schema\/logo\/image\/\",\"url\":\"https:\/\/www.groods.de\/wp-content\/uploads\/2018\/08\/logo.png\",\"contentUrl\":\"https:\/\/www.groods.de\/wp-content\/uploads\/2018\/08\/logo.png\",\"width\":1077,\"height\":373,\"caption\":\"gRoods.de\"},\"image\":{\"@id\":\"https:\/\/www.groods.de\/#\/schema\/logo\/image\/\"}}]}<\/script>\n<!-- \/ Yoast SEO plugin. -->","yoast_head_json":{"title":"YJ 3x3 Mirror Cube - silver - gRoods","robots":{"index":"index","follow":"follow","max-snippet":"max-snippet:-1","max-image-preview":"max-image-preview:large","max-video-preview":"max-video-preview:-1"},"canonical":"https:\/\/www.groods.de\/index.php\/produkt\/yj-3x3-mirror-cube-silver\/","og_locale":"de_DE","og_type":"article","og_title":"YJ 3x3 Mirror Cube - silver - gRoods","og_description":"YJ 3&#215;3 Mirror Cube &#8211; silver Der Mirror Cube, auch bekannt als Bump Cube, ist eine Ableitung des urspr\u00fcnglichen RBK&#8217;s Cube. Die RBK&#8217;s Cube-Teile haben zwar genau den gleichen Mechanismus, sind jedoch alle gleich gro\u00df, unterscheiden sich jedoch durch farbige Aufkleber voneinander. Der Mirror Cube ist genau das Gegenteil. Alle Aufkleber des Spiegelw\u00fcrfels haben die [&hellip;]","og_url":"https:\/\/www.groods.de\/index.php\/produkt\/yj-3x3-mirror-cube-silver\/","og_site_name":"gRoods","article_modified_time":"2025-11-19T21:23:00+00:00","og_image":[{"width":1364,"height":1240,"url":"https:\/\/www.groods.de\/wp-content\/uploads\/2019\/11\/YJ_Mirror_Cube_3x3_silver1.jpeg","type":"image\/jpeg"}],"twitter_card":"summary_large_image","twitter_misc":{"Gesch\u00e4tzte Lesezeit":"2\u00a0Minuten"},"schema":{"@context":"https:\/\/schema.org","@graph":[{"@type":"WebPage","@id":"https:\/\/www.groods.de\/index.php\/produkt\/yj-3x3-mirror-cube-silver\/","url":"https:\/\/www.groods.de\/index.php\/produkt\/yj-3x3-mirror-cube-silver\/","name":"YJ 3x3 Mirror Cube - silver - gRoods","isPartOf":{"@id":"https:\/\/www.groods.de\/#website"},"primaryImageOfPage":{"@id":"https:\/\/www.groods.de\/index.php\/produkt\/yj-3x3-mirror-cube-silver\/#primaryimage"},"image":{"@id":"https:\/\/www.groods.de\/index.php\/produkt\/yj-3x3-mirror-cube-silver\/#primaryimage"},"thumbnailUrl":"https:\/\/www.groods.de\/wp-content\/uploads\/2019\/11\/YJ_Mirror_Cube_3x3_silver1.jpeg","datePublished":"2019-11-13T11:44:29+00:00","dateModified":"2025-11-19T21:23:00+00:00","breadcrumb":{"@id":"https:\/\/www.groods.de\/index.php\/produkt\/yj-3x3-mirror-cube-silver\/#breadcrumb"},"inLanguage":"de","potentialAction":[{"@type":"ReadAction","target":["https:\/\/www.groods.de\/index.php\/produkt\/yj-3x3-mirror-cube-silver\/"]}]},{"@type":"ImageObject","inLanguage":"de","@id":"https:\/\/www.groods.de\/index.php\/produkt\/yj-3x3-mirror-cube-silver\/#primaryimage","url":"https:\/\/www.groods.de\/wp-content\/uploads\/2019\/11\/YJ_Mirror_Cube_3x3_silver1.jpeg","contentUrl":"https:\/\/www.groods.de\/wp-content\/uploads\/2019\/11\/YJ_Mirror_Cube_3x3_silver1.jpeg","width":1364,"height":1240},{"@type":"BreadcrumbList","@id":"https:\/\/www.groods.de\/index.php\/produkt\/yj-3x3-mirror-cube-silver\/#breadcrumb","itemListElement":[{"@type":"ListItem","position":1,"name":"Startseite","item":"https:\/\/www.groods.de\/"},{"@type":"ListItem","position":2,"name":"Shop","item":"https:\/\/www.groods.de\/index.php\/shop\/"},{"@type":"ListItem","position":3,"name":"YJ 3&#215;3 Mirror Cube &#8211; silver"}]},{"@type":"WebSite","@id":"https:\/\/www.groods.de\/#website","url":"https:\/\/www.groods.de\/","name":"gRoods.de","description":"Entdecke die Welt der Speedcubes","publisher":{"@id":"https:\/\/www.groods.de\/#organization"},"potentialAction":[{"@type":"SearchAction","target":{"@type":"EntryPoint","urlTemplate":"https:\/\/www.groods.de\/?s={search_term_string}"},"query-input":{"@type":"PropertyValueSpecification","valueRequired":true,"valueName":"search_term_string"}}],"inLanguage":"de"},{"@type":"Organization","@id":"https:\/\/www.groods.de\/#organization","name":"gRoods.de","url":"https:\/\/www.groods.de\/","logo":{"@type":"ImageObject","inLanguage":"de","@id":"https:\/\/www.groods.de\/#\/schema\/logo\/image\/","url":"https:\/\/www.groods.de\/wp-content\/uploads\/2018\/08\/logo.png","contentUrl":"https:\/\/www.groods.de\/wp-content\/uploads\/2018\/08\/logo.png","width":1077,"height":373,"caption":"gRoods.de"},"image":{"@id":"https:\/\/www.groods.de\/#\/schema\/logo\/image\/"}}]}},"_links":{"self":[{"href":"https:\/\/www.groods.de\/index.php\/wp-json\/wp\/v2\/product\/2655","targetHints":{"allow":["GET"]}}],"collection":[{"href":"https:\/\/www.groods.de\/index.php\/wp-json\/wp\/v2\/product"}],"about":[{"href":"https:\/\/www.groods.de\/index.php\/wp-json\/wp\/v2\/types\/product"}],"replies":[{"embeddable":true,"href":"https:\/\/www.groods.de\/index.php\/wp-json\/wp\/v2\/comments?post=2655"}],"wp:featuredmedia":[{"embeddable":true,"href":"https:\/\/www.groods.de\/index.php\/wp-json\/wp\/v2\/media\/2783"}],"wp:attachment":[{"href":"https:\/\/www.groods.de\/index.php\/wp-json\/wp\/v2\/media?parent=2655"}],"wp:term":[{"taxonomy":"product_brand","embeddable":true,"href":"https:\/\/www.groods.de\/index.php\/wp-json\/wp\/v2\/product_brand?post=2655"},{"taxonomy":"product_cat","embeddable":true,"href":"https:\/\/www.groods.de\/index.php\/wp-json\/wp\/v2\/product_cat?post=2655"},{"taxonomy":"product_tag","embeddable":true,"href":"https:\/\/www.groods.de\/index.php\/wp-json\/wp\/v2\/product_tag?post=2655"}],"curies":[{"name":"wp","href":"https:\/\/api.w.org\/{rel}","templated":true}]}}