{"id":2006,"date":"2019-10-22T00:49:51","date_gmt":"2019-10-21T22:49:51","guid":{"rendered":"https:\/\/www.groods.de\/index.php\/produkt\/moyu-meilong-7x7-stickerless\/"},"modified":"2025-11-19T22:22:46","modified_gmt":"2025-11-19T21:22:46","slug":"moyu-meilong-7x7-stickerless","status":"publish","type":"product","link":"https:\/\/www.groods.de\/index.php\/produkt\/moyu-meilong-7x7-stickerless\/","title":{"rendered":"MoYu Meilong 7&#215;7 &#8211; stickerless"},"content":{"rendered":"<h1>MoYu Meilong 7&#215;7 &#8211; stickerless<\/h1>\n<p><span class=\"a-list-item\">Der MoYu Meilong geh\u00f6rt zur MoYu Cubing Classroom Serie und ist die erweiterte und verbesserte Version WCA Version des MF7. Obwohl er in die Budget Cube-Kategorie f\u00e4llt, hat er eine hervorragende Leistung gegen\u00fcber anderen Einsteigermodellen. Sein Positionierungssystem l\u00e4sst den W\u00fcrfel sich glatt anf\u00fchlen und hat weniger Verriegelungen. Das Design der aufgeh\u00e4ngten Ecken erm\u00f6glicht noch mehr Stabilit\u00e4t. <\/span><span class=\"a-list-item\">Das verbesserte Corner Cutting verringert Lockups daher ist der Meilong sowohl f\u00fcr Anf\u00e4nger als auch f\u00fcr Fortgeschrittene geeignet.<\/span><\/p>\n<h3><strong data-spm-anchor-id=\"a2g0x.10010108.1000023.i0.3d0af4b4DKar3l\">Eigenschaften:<\/strong><\/h3>\n<ul>\n<li>MoYu Meilong 7&#215;7 &#8211; stickerless<\/li>\n<li>glatte und schnelle Oberfl\u00e4che<\/li>\n<li class=\"md-end-block\">neu und Originalverpackt<\/li>\n<li class=\"md-end-block\">aus hochwertigem ABS Material, das umweltfreundlich, ungiftig und langlebig ist<\/li>\n<li class=\"md-end-block\">einfarbig im stickerless Design<\/li>\n<li class=\"md-end-block\">geschmeidige Rotation und komfortables Spielgef\u00fchl<\/li>\n<li class=\"md-end-block\">ausgezeichnete Fehlertoleranz f\u00fcr besonders schnelle Zeiten<\/li>\n<li>Viele Stunden Spa\u00df und Kopfzerbrechen mit Freunden und Familie sind garantiert<\/li>\n<\/ul>\n<h3>Spezifikationen:<\/h3>\n<ul>\n<li>Farbe: stickerless<\/li>\n<li>Material: Kunststoff<\/li>\n<li>Produkt Abmessungen: 6,6*6,6*6,6 cm<\/li>\n<li>Produkt Gewicht: 182g<\/li>\n<li>Verpackung: Karton Box<\/li>\n<\/ul>\n","protected":false},"excerpt":{"rendered":"<p>MoYu Meilong 7&#215;7 &#8211; stickerless Der MoYu Meilong geh\u00f6rt zur MoYu Cubing Classroom Serie und ist die erweiterte und verbesserte Version WCA Version des MF7. Obwohl er in die Budget Cube-Kategorie f\u00e4llt, hat er eine hervorragende Leistung gegen\u00fcber anderen Einsteigermodellen. Sein Positionierungssystem l\u00e4sst den W\u00fcrfel sich glatt anf\u00fchlen und hat weniger Verriegelungen. Das Design der [&hellip;]<\/p>\n","protected":false},"featured_media":2502,"comment_status":"open","ping_status":"closed","template":"","meta":[],"product_brand":[],"product_cat":[57,37,38,86,19],"product_tag":[],"class_list":{"0":"post-2006","1":"product","2":"type-product","3":"status-publish","4":"has-post-thumbnail","6":"product_cat-7x7","7":"product_cat-hersteller","8":"product_cat-moyu","9":"product_cat-neue-produkte","10":"product_cat-zauberwuerfel","12":"first","13":"instock","14":"taxable","15":"shipping-taxable","16":"purchasable","17":"product-type-simple"},"yoast_head":"<!-- This site is optimized with the Yoast SEO plugin v26.7 - https:\/\/yoast.com\/wordpress\/plugins\/seo\/ -->\n<title>MoYu Meilong 7x7 - stickerless - gRoods<\/title>\n<meta name=\"robots\" content=\"index, follow, max-snippet:-1, max-image-preview:large, max-video-preview:-1\" \/>\n<link rel=\"canonical\" href=\"https:\/\/www.groods.de\/index.php\/produkt\/moyu-meilong-7x7-stickerless\/\" \/>\n<meta property=\"og:locale\" content=\"de_DE\" \/>\n<meta property=\"og:type\" content=\"article\" \/>\n<meta property=\"og:title\" content=\"MoYu Meilong 7x7 - stickerless - gRoods\" \/>\n<meta property=\"og:description\" content=\"MoYu Meilong 7&#215;7 &#8211; stickerless Der MoYu Meilong geh\u00f6rt zur MoYu Cubing Classroom Serie und ist die erweiterte und verbesserte Version WCA Version des MF7. Obwohl er in die Budget Cube-Kategorie f\u00e4llt, hat er eine hervorragende Leistung gegen\u00fcber anderen Einsteigermodellen. Sein Positionierungssystem l\u00e4sst den W\u00fcrfel sich glatt anf\u00fchlen und hat weniger Verriegelungen. Das Design der [&hellip;]\" \/>\n<meta property=\"og:url\" content=\"https:\/\/www.groods.de\/index.php\/produkt\/moyu-meilong-7x7-stickerless\/\" \/>\n<meta property=\"og:site_name\" content=\"gRoods\" \/>\n<meta property=\"article:modified_time\" content=\"2025-11-19T21:22:46+00:00\" \/>\n<meta property=\"og:image\" content=\"https:\/\/www.groods.de\/wp-content\/uploads\/2019\/10\/MoYu-Meilong-7x7-stickerless-11.jpg\" \/>\n\t<meta property=\"og:image:width\" content=\"896\" \/>\n\t<meta property=\"og:image:height\" content=\"896\" \/>\n\t<meta property=\"og:image:type\" content=\"image\/jpeg\" \/>\n<meta name=\"twitter:card\" content=\"summary_large_image\" \/>\n<meta name=\"twitter:label1\" content=\"Gesch\u00e4tzte Lesezeit\" \/>\n\t<meta name=\"twitter:data1\" content=\"1\u00a0Minute\" \/>\n<script type=\"application\/ld+json\" class=\"yoast-schema-graph\">{\"@context\":\"https:\/\/schema.org\",\"@graph\":[{\"@type\":\"WebPage\",\"@id\":\"https:\/\/www.groods.de\/index.php\/produkt\/moyu-meilong-7x7-stickerless\/\",\"url\":\"https:\/\/www.groods.de\/index.php\/produkt\/moyu-meilong-7x7-stickerless\/\",\"name\":\"MoYu Meilong 7x7 - stickerless - gRoods\",\"isPartOf\":{\"@id\":\"https:\/\/www.groods.de\/#website\"},\"primaryImageOfPage\":{\"@id\":\"https:\/\/www.groods.de\/index.php\/produkt\/moyu-meilong-7x7-stickerless\/#primaryimage\"},\"image\":{\"@id\":\"https:\/\/www.groods.de\/index.php\/produkt\/moyu-meilong-7x7-stickerless\/#primaryimage\"},\"thumbnailUrl\":\"https:\/\/www.groods.de\/wp-content\/uploads\/2019\/10\/MoYu-Meilong-7x7-stickerless-11.jpg\",\"datePublished\":\"2019-10-21T22:49:51+00:00\",\"dateModified\":\"2025-11-19T21:22:46+00:00\",\"breadcrumb\":{\"@id\":\"https:\/\/www.groods.de\/index.php\/produkt\/moyu-meilong-7x7-stickerless\/#breadcrumb\"},\"inLanguage\":\"de\",\"potentialAction\":[{\"@type\":\"ReadAction\",\"target\":[\"https:\/\/www.groods.de\/index.php\/produkt\/moyu-meilong-7x7-stickerless\/\"]}]},{\"@type\":\"ImageObject\",\"inLanguage\":\"de\",\"@id\":\"https:\/\/www.groods.de\/index.php\/produkt\/moyu-meilong-7x7-stickerless\/#primaryimage\",\"url\":\"https:\/\/www.groods.de\/wp-content\/uploads\/2019\/10\/MoYu-Meilong-7x7-stickerless-11.jpg\",\"contentUrl\":\"https:\/\/www.groods.de\/wp-content\/uploads\/2019\/10\/MoYu-Meilong-7x7-stickerless-11.jpg\",\"width\":896,\"height\":896},{\"@type\":\"BreadcrumbList\",\"@id\":\"https:\/\/www.groods.de\/index.php\/produkt\/moyu-meilong-7x7-stickerless\/#breadcrumb\",\"itemListElement\":[{\"@type\":\"ListItem\",\"position\":1,\"name\":\"Startseite\",\"item\":\"https:\/\/www.groods.de\/\"},{\"@type\":\"ListItem\",\"position\":2,\"name\":\"Shop\",\"item\":\"https:\/\/www.groods.de\/index.php\/shop\/\"},{\"@type\":\"ListItem\",\"position\":3,\"name\":\"MoYu Meilong 7&#215;7 &#8211; stickerless\"}]},{\"@type\":\"WebSite\",\"@id\":\"https:\/\/www.groods.de\/#website\",\"url\":\"https:\/\/www.groods.de\/\",\"name\":\"gRoods.de\",\"description\":\"Entdecke die Welt der Speedcubes\",\"publisher\":{\"@id\":\"https:\/\/www.groods.de\/#organization\"},\"potentialAction\":[{\"@type\":\"SearchAction\",\"target\":{\"@type\":\"EntryPoint\",\"urlTemplate\":\"https:\/\/www.groods.de\/?s={search_term_string}\"},\"query-input\":{\"@type\":\"PropertyValueSpecification\",\"valueRequired\":true,\"valueName\":\"search_term_string\"}}],\"inLanguage\":\"de\"},{\"@type\":\"Organization\",\"@id\":\"https:\/\/www.groods.de\/#organization\",\"name\":\"gRoods.de\",\"url\":\"https:\/\/www.groods.de\/\",\"logo\":{\"@type\":\"ImageObject\",\"inLanguage\":\"de\",\"@id\":\"https:\/\/www.groods.de\/#\/schema\/logo\/image\/\",\"url\":\"https:\/\/www.groods.de\/wp-content\/uploads\/2018\/08\/logo.png\",\"contentUrl\":\"https:\/\/www.groods.de\/wp-content\/uploads\/2018\/08\/logo.png\",\"width\":1077,\"height\":373,\"caption\":\"gRoods.de\"},\"image\":{\"@id\":\"https:\/\/www.groods.de\/#\/schema\/logo\/image\/\"}}]}<\/script>\n<!-- \/ Yoast SEO plugin. -->","yoast_head_json":{"title":"MoYu Meilong 7x7 - stickerless - gRoods","robots":{"index":"index","follow":"follow","max-snippet":"max-snippet:-1","max-image-preview":"max-image-preview:large","max-video-preview":"max-video-preview:-1"},"canonical":"https:\/\/www.groods.de\/index.php\/produkt\/moyu-meilong-7x7-stickerless\/","og_locale":"de_DE","og_type":"article","og_title":"MoYu Meilong 7x7 - stickerless - gRoods","og_description":"MoYu Meilong 7&#215;7 &#8211; stickerless Der MoYu Meilong geh\u00f6rt zur MoYu Cubing Classroom Serie und ist die erweiterte und verbesserte Version WCA Version des MF7. Obwohl er in die Budget Cube-Kategorie f\u00e4llt, hat er eine hervorragende Leistung gegen\u00fcber anderen Einsteigermodellen. Sein Positionierungssystem l\u00e4sst den W\u00fcrfel sich glatt anf\u00fchlen und hat weniger Verriegelungen. Das Design der [&hellip;]","og_url":"https:\/\/www.groods.de\/index.php\/produkt\/moyu-meilong-7x7-stickerless\/","og_site_name":"gRoods","article_modified_time":"2025-11-19T21:22:46+00:00","og_image":[{"width":896,"height":896,"url":"https:\/\/www.groods.de\/wp-content\/uploads\/2019\/10\/MoYu-Meilong-7x7-stickerless-11.jpg","type":"image\/jpeg"}],"twitter_card":"summary_large_image","twitter_misc":{"Gesch\u00e4tzte Lesezeit":"1\u00a0Minute"},"schema":{"@context":"https:\/\/schema.org","@graph":[{"@type":"WebPage","@id":"https:\/\/www.groods.de\/index.php\/produkt\/moyu-meilong-7x7-stickerless\/","url":"https:\/\/www.groods.de\/index.php\/produkt\/moyu-meilong-7x7-stickerless\/","name":"MoYu Meilong 7x7 - stickerless - gRoods","isPartOf":{"@id":"https:\/\/www.groods.de\/#website"},"primaryImageOfPage":{"@id":"https:\/\/www.groods.de\/index.php\/produkt\/moyu-meilong-7x7-stickerless\/#primaryimage"},"image":{"@id":"https:\/\/www.groods.de\/index.php\/produkt\/moyu-meilong-7x7-stickerless\/#primaryimage"},"thumbnailUrl":"https:\/\/www.groods.de\/wp-content\/uploads\/2019\/10\/MoYu-Meilong-7x7-stickerless-11.jpg","datePublished":"2019-10-21T22:49:51+00:00","dateModified":"2025-11-19T21:22:46+00:00","breadcrumb":{"@id":"https:\/\/www.groods.de\/index.php\/produkt\/moyu-meilong-7x7-stickerless\/#breadcrumb"},"inLanguage":"de","potentialAction":[{"@type":"ReadAction","target":["https:\/\/www.groods.de\/index.php\/produkt\/moyu-meilong-7x7-stickerless\/"]}]},{"@type":"ImageObject","inLanguage":"de","@id":"https:\/\/www.groods.de\/index.php\/produkt\/moyu-meilong-7x7-stickerless\/#primaryimage","url":"https:\/\/www.groods.de\/wp-content\/uploads\/2019\/10\/MoYu-Meilong-7x7-stickerless-11.jpg","contentUrl":"https:\/\/www.groods.de\/wp-content\/uploads\/2019\/10\/MoYu-Meilong-7x7-stickerless-11.jpg","width":896,"height":896},{"@type":"BreadcrumbList","@id":"https:\/\/www.groods.de\/index.php\/produkt\/moyu-meilong-7x7-stickerless\/#breadcrumb","itemListElement":[{"@type":"ListItem","position":1,"name":"Startseite","item":"https:\/\/www.groods.de\/"},{"@type":"ListItem","position":2,"name":"Shop","item":"https:\/\/www.groods.de\/index.php\/shop\/"},{"@type":"ListItem","position":3,"name":"MoYu Meilong 7&#215;7 &#8211; stickerless"}]},{"@type":"WebSite","@id":"https:\/\/www.groods.de\/#website","url":"https:\/\/www.groods.de\/","name":"gRoods.de","description":"Entdecke die Welt der Speedcubes","publisher":{"@id":"https:\/\/www.groods.de\/#organization"},"potentialAction":[{"@type":"SearchAction","target":{"@type":"EntryPoint","urlTemplate":"https:\/\/www.groods.de\/?s={search_term_string}"},"query-input":{"@type":"PropertyValueSpecification","valueRequired":true,"valueName":"search_term_string"}}],"inLanguage":"de"},{"@type":"Organization","@id":"https:\/\/www.groods.de\/#organization","name":"gRoods.de","url":"https:\/\/www.groods.de\/","logo":{"@type":"ImageObject","inLanguage":"de","@id":"https:\/\/www.groods.de\/#\/schema\/logo\/image\/","url":"https:\/\/www.groods.de\/wp-content\/uploads\/2018\/08\/logo.png","contentUrl":"https:\/\/www.groods.de\/wp-content\/uploads\/2018\/08\/logo.png","width":1077,"height":373,"caption":"gRoods.de"},"image":{"@id":"https:\/\/www.groods.de\/#\/schema\/logo\/image\/"}}]}},"_links":{"self":[{"href":"https:\/\/www.groods.de\/index.php\/wp-json\/wp\/v2\/product\/2006","targetHints":{"allow":["GET"]}}],"collection":[{"href":"https:\/\/www.groods.de\/index.php\/wp-json\/wp\/v2\/product"}],"about":[{"href":"https:\/\/www.groods.de\/index.php\/wp-json\/wp\/v2\/types\/product"}],"replies":[{"embeddable":true,"href":"https:\/\/www.groods.de\/index.php\/wp-json\/wp\/v2\/comments?post=2006"}],"wp:featuredmedia":[{"embeddable":true,"href":"https:\/\/www.groods.de\/index.php\/wp-json\/wp\/v2\/media\/2502"}],"wp:attachment":[{"href":"https:\/\/www.groods.de\/index.php\/wp-json\/wp\/v2\/media?parent=2006"}],"wp:term":[{"taxonomy":"product_brand","embeddable":true,"href":"https:\/\/www.groods.de\/index.php\/wp-json\/wp\/v2\/product_brand?post=2006"},{"taxonomy":"product_cat","embeddable":true,"href":"https:\/\/www.groods.de\/index.php\/wp-json\/wp\/v2\/product_cat?post=2006"},{"taxonomy":"product_tag","embeddable":true,"href":"https:\/\/www.groods.de\/index.php\/wp-json\/wp\/v2\/product_tag?post=2006"}],"curies":[{"name":"wp","href":"https:\/\/api.w.org\/{rel}","templated":true}]}}