{"id":1942,"date":"2019-10-22T00:46:05","date_gmt":"2019-10-21T22:46:05","guid":{"rendered":"https:\/\/www.groods.de\/index.php\/produkt\/shengshou-mr-m-4x4x4-magnetic-stickerless\/"},"modified":"2025-12-03T11:56:48","modified_gmt":"2025-12-03T10:56:48","slug":"shengshou-mr-m-4x4x4-magnetic-stickerless","status":"publish","type":"product","link":"https:\/\/www.groods.de\/index.php\/produkt\/shengshou-mr-m-4x4x4-magnetic-stickerless\/","title":{"rendered":"ShengShou Mr. M 4x4x4 magnetic &#8211; stickerless"},"content":{"rendered":"<h1>ShengShou Mr. M 4x4x4 magnetic &#8211; stickerless<\/h1>\n<p class=\"md-end-block\">Der ShengShou Mr. M 4&#215;4 ist der erste magnetische 4&#215;4 W\u00fcrfel von ShengShou. Der Mr. M &#8211; Black hat sehr sch\u00f6ne kr\u00e4ftige Farben und eine griffige Oberfl\u00e4che. Die Magnete sind st\u00e4rker als bei anderen magnetischen W\u00fcrfeln. Das\u00a0f\u00fchrt zu einem deutlichen Einrasten der Drehungen. Das Drehgef\u00fchl und Performance sind sehr gut. Dieser W\u00fcrfel bietet nicht nur einen sehr g\u00fcnstigen Einstieg in die Welt der magnetischen Speedcubes, sondern auch eine sehr gute Qualit\u00e4t. F\u00fcr diesen Preis k\u00f6nnen Sie nichts falsch machen!<\/p>\n<p class=\"md-end-block\">Der ShengShou Mr. M verwendet 48 Neodym-Magnete, die das Drehgef\u00fchl dahingehend verbessern, dass man leicht sp\u00fcrt, wenn die jeweilige Drehung perfekt ausgerichtet ist. Alle Magnete sind sorgf\u00e4ltig, genau platziert, so dass sehr genau und pr\u00e4zise dreht.<\/p>\n<p class=\"md-end-block\"><span class=\"\"><strong>Eigenschaften<\/strong><\/span>:<\/p>\n<ul>\n<li class=\"md-end-block\">neu und Originalverpackt<\/li>\n<li class=\"md-end-block\">hohe Qualit\u00e4t<\/li>\n<li class=\"md-end-block\">aus hochwertigem ABS Material, das umweltfreundlich, ungiftig und langlebig ist<\/li>\n<li class=\"md-end-block\">einfarbig mit Frost Textur Design<\/li>\n<li class=\"md-end-block\">geschmeidige Rotation und komfortables Spielgef\u00fchl<\/li>\n<li class=\"md-end-block\">ausgezeichnete Fehlertoleranz f\u00fcr besonders schnelle Zeiten<\/li>\n<li class=\"md-end-block\">geeignet f\u00fcr Speedcube Wettbewerbe<\/li>\n<\/ul>\n<p class=\"md-end-block\"><span class=\"\"><strong>Spezifikationen<\/strong><\/span>:<\/p>\n<ul>\n<li class=\"md-end-block\">Farbe: stickerless<\/li>\n<li class=\"md-end-block\">Material: Kunststoff (ABS)<\/li>\n<li class=\"md-end-block\">Produkt Abmessungen: 6,2 x\u00a0<span class=\"\">6,2 x\u00a0<\/span>6,2 cm<\/li>\n<li class=\"md-end-block\">Gewicht: 186g<\/li>\n<li>Verpackung: Karton Box<\/li>\n<\/ul>\n","protected":false},"excerpt":{"rendered":"<p>ShengShou Mr. M 4x4x4 magnetic &#8211; stickerless Der ShengShou Mr. M 4&#215;4 ist der erste magnetische 4&#215;4 W\u00fcrfel von ShengShou. Der Mr. M &#8211; Black hat sehr sch\u00f6ne kr\u00e4ftige Farben und eine griffige Oberfl\u00e4che. Die Magnete sind st\u00e4rker als bei anderen magnetischen W\u00fcrfeln. Das\u00a0f\u00fchrt zu einem deutlichen Einrasten der Drehungen. Das Drehgef\u00fchl und Performance sind [&hellip;]<\/p>\n","protected":false},"featured_media":2885,"comment_status":"open","ping_status":"closed","template":"","meta":[],"product_brand":[],"product_cat":[54,86,39,19],"product_tag":[],"class_list":{"0":"post-1942","1":"product","2":"type-product","3":"status-publish","4":"has-post-thumbnail","6":"product_cat-4x4","7":"product_cat-neue-produkte","8":"product_cat-shengshou","9":"product_cat-zauberwuerfel","11":"first","12":"instock","13":"taxable","14":"shipping-taxable","15":"purchasable","16":"product-type-simple"},"yoast_head":"<!-- This site is optimized with the Yoast SEO plugin v26.7 - https:\/\/yoast.com\/wordpress\/plugins\/seo\/ -->\n<title>ShengShou Mr. M 4x4x4 magnetic - stickerless - gRoods<\/title>\n<meta name=\"robots\" content=\"index, follow, max-snippet:-1, max-image-preview:large, max-video-preview:-1\" \/>\n<link rel=\"canonical\" href=\"https:\/\/www.groods.de\/index.php\/produkt\/shengshou-mr-m-4x4x4-magnetic-stickerless\/\" \/>\n<meta property=\"og:locale\" content=\"de_DE\" \/>\n<meta property=\"og:type\" content=\"article\" \/>\n<meta property=\"og:title\" content=\"ShengShou Mr. M 4x4x4 magnetic - stickerless - gRoods\" \/>\n<meta property=\"og:description\" content=\"ShengShou Mr. M 4x4x4 magnetic &#8211; stickerless Der ShengShou Mr. M 4&#215;4 ist der erste magnetische 4&#215;4 W\u00fcrfel von ShengShou. Der Mr. M &#8211; Black hat sehr sch\u00f6ne kr\u00e4ftige Farben und eine griffige Oberfl\u00e4che. Die Magnete sind st\u00e4rker als bei anderen magnetischen W\u00fcrfeln. Das\u00a0f\u00fchrt zu einem deutlichen Einrasten der Drehungen. Das Drehgef\u00fchl und Performance sind [&hellip;]\" \/>\n<meta property=\"og:url\" content=\"https:\/\/www.groods.de\/index.php\/produkt\/shengshou-mr-m-4x4x4-magnetic-stickerless\/\" \/>\n<meta property=\"og:site_name\" content=\"gRoods\" \/>\n<meta property=\"article:modified_time\" content=\"2025-12-03T10:56:48+00:00\" \/>\n<meta property=\"og:image\" content=\"https:\/\/www.groods.de\/wp-content\/uploads\/2019\/10\/ShengShou-Mr.-M-4x4x4-magnetic-stickerless-3.jpg\" \/>\n\t<meta property=\"og:image:width\" content=\"540\" \/>\n\t<meta property=\"og:image:height\" content=\"540\" \/>\n\t<meta property=\"og:image:type\" content=\"image\/jpeg\" \/>\n<meta name=\"twitter:card\" content=\"summary_large_image\" \/>\n<meta name=\"twitter:label1\" content=\"Gesch\u00e4tzte Lesezeit\" \/>\n\t<meta name=\"twitter:data1\" content=\"2\u00a0Minuten\" \/>\n<script type=\"application\/ld+json\" class=\"yoast-schema-graph\">{\"@context\":\"https:\/\/schema.org\",\"@graph\":[{\"@type\":\"WebPage\",\"@id\":\"https:\/\/www.groods.de\/index.php\/produkt\/shengshou-mr-m-4x4x4-magnetic-stickerless\/\",\"url\":\"https:\/\/www.groods.de\/index.php\/produkt\/shengshou-mr-m-4x4x4-magnetic-stickerless\/\",\"name\":\"ShengShou Mr. M 4x4x4 magnetic - stickerless - gRoods\",\"isPartOf\":{\"@id\":\"https:\/\/www.groods.de\/#website\"},\"primaryImageOfPage\":{\"@id\":\"https:\/\/www.groods.de\/index.php\/produkt\/shengshou-mr-m-4x4x4-magnetic-stickerless\/#primaryimage\"},\"image\":{\"@id\":\"https:\/\/www.groods.de\/index.php\/produkt\/shengshou-mr-m-4x4x4-magnetic-stickerless\/#primaryimage\"},\"thumbnailUrl\":\"https:\/\/www.groods.de\/wp-content\/uploads\/2019\/10\/ShengShou-Mr.-M-4x4x4-magnetic-stickerless-3.jpg\",\"datePublished\":\"2019-10-21T22:46:05+00:00\",\"dateModified\":\"2025-12-03T10:56:48+00:00\",\"breadcrumb\":{\"@id\":\"https:\/\/www.groods.de\/index.php\/produkt\/shengshou-mr-m-4x4x4-magnetic-stickerless\/#breadcrumb\"},\"inLanguage\":\"de\",\"potentialAction\":[{\"@type\":\"ReadAction\",\"target\":[\"https:\/\/www.groods.de\/index.php\/produkt\/shengshou-mr-m-4x4x4-magnetic-stickerless\/\"]}]},{\"@type\":\"ImageObject\",\"inLanguage\":\"de\",\"@id\":\"https:\/\/www.groods.de\/index.php\/produkt\/shengshou-mr-m-4x4x4-magnetic-stickerless\/#primaryimage\",\"url\":\"https:\/\/www.groods.de\/wp-content\/uploads\/2019\/10\/ShengShou-Mr.-M-4x4x4-magnetic-stickerless-3.jpg\",\"contentUrl\":\"https:\/\/www.groods.de\/wp-content\/uploads\/2019\/10\/ShengShou-Mr.-M-4x4x4-magnetic-stickerless-3.jpg\",\"width\":540,\"height\":540},{\"@type\":\"BreadcrumbList\",\"@id\":\"https:\/\/www.groods.de\/index.php\/produkt\/shengshou-mr-m-4x4x4-magnetic-stickerless\/#breadcrumb\",\"itemListElement\":[{\"@type\":\"ListItem\",\"position\":1,\"name\":\"Startseite\",\"item\":\"https:\/\/www.groods.de\/\"},{\"@type\":\"ListItem\",\"position\":2,\"name\":\"Shop\",\"item\":\"https:\/\/www.groods.de\/index.php\/shop\/\"},{\"@type\":\"ListItem\",\"position\":3,\"name\":\"ShengShou Mr. M 4x4x4 magnetic &#8211; stickerless\"}]},{\"@type\":\"WebSite\",\"@id\":\"https:\/\/www.groods.de\/#website\",\"url\":\"https:\/\/www.groods.de\/\",\"name\":\"gRoods.de\",\"description\":\"Entdecke die Welt der Speedcubes\",\"publisher\":{\"@id\":\"https:\/\/www.groods.de\/#organization\"},\"potentialAction\":[{\"@type\":\"SearchAction\",\"target\":{\"@type\":\"EntryPoint\",\"urlTemplate\":\"https:\/\/www.groods.de\/?s={search_term_string}\"},\"query-input\":{\"@type\":\"PropertyValueSpecification\",\"valueRequired\":true,\"valueName\":\"search_term_string\"}}],\"inLanguage\":\"de\"},{\"@type\":\"Organization\",\"@id\":\"https:\/\/www.groods.de\/#organization\",\"name\":\"gRoods.de\",\"url\":\"https:\/\/www.groods.de\/\",\"logo\":{\"@type\":\"ImageObject\",\"inLanguage\":\"de\",\"@id\":\"https:\/\/www.groods.de\/#\/schema\/logo\/image\/\",\"url\":\"https:\/\/www.groods.de\/wp-content\/uploads\/2018\/08\/logo.png\",\"contentUrl\":\"https:\/\/www.groods.de\/wp-content\/uploads\/2018\/08\/logo.png\",\"width\":1077,\"height\":373,\"caption\":\"gRoods.de\"},\"image\":{\"@id\":\"https:\/\/www.groods.de\/#\/schema\/logo\/image\/\"}}]}<\/script>\n<!-- \/ Yoast SEO plugin. -->","yoast_head_json":{"title":"ShengShou Mr. M 4x4x4 magnetic - stickerless - gRoods","robots":{"index":"index","follow":"follow","max-snippet":"max-snippet:-1","max-image-preview":"max-image-preview:large","max-video-preview":"max-video-preview:-1"},"canonical":"https:\/\/www.groods.de\/index.php\/produkt\/shengshou-mr-m-4x4x4-magnetic-stickerless\/","og_locale":"de_DE","og_type":"article","og_title":"ShengShou Mr. M 4x4x4 magnetic - stickerless - gRoods","og_description":"ShengShou Mr. M 4x4x4 magnetic &#8211; stickerless Der ShengShou Mr. M 4&#215;4 ist der erste magnetische 4&#215;4 W\u00fcrfel von ShengShou. Der Mr. M &#8211; Black hat sehr sch\u00f6ne kr\u00e4ftige Farben und eine griffige Oberfl\u00e4che. Die Magnete sind st\u00e4rker als bei anderen magnetischen W\u00fcrfeln. Das\u00a0f\u00fchrt zu einem deutlichen Einrasten der Drehungen. Das Drehgef\u00fchl und Performance sind [&hellip;]","og_url":"https:\/\/www.groods.de\/index.php\/produkt\/shengshou-mr-m-4x4x4-magnetic-stickerless\/","og_site_name":"gRoods","article_modified_time":"2025-12-03T10:56:48+00:00","og_image":[{"width":540,"height":540,"url":"https:\/\/www.groods.de\/wp-content\/uploads\/2019\/10\/ShengShou-Mr.-M-4x4x4-magnetic-stickerless-3.jpg","type":"image\/jpeg"}],"twitter_card":"summary_large_image","twitter_misc":{"Gesch\u00e4tzte Lesezeit":"2\u00a0Minuten"},"schema":{"@context":"https:\/\/schema.org","@graph":[{"@type":"WebPage","@id":"https:\/\/www.groods.de\/index.php\/produkt\/shengshou-mr-m-4x4x4-magnetic-stickerless\/","url":"https:\/\/www.groods.de\/index.php\/produkt\/shengshou-mr-m-4x4x4-magnetic-stickerless\/","name":"ShengShou Mr. M 4x4x4 magnetic - stickerless - gRoods","isPartOf":{"@id":"https:\/\/www.groods.de\/#website"},"primaryImageOfPage":{"@id":"https:\/\/www.groods.de\/index.php\/produkt\/shengshou-mr-m-4x4x4-magnetic-stickerless\/#primaryimage"},"image":{"@id":"https:\/\/www.groods.de\/index.php\/produkt\/shengshou-mr-m-4x4x4-magnetic-stickerless\/#primaryimage"},"thumbnailUrl":"https:\/\/www.groods.de\/wp-content\/uploads\/2019\/10\/ShengShou-Mr.-M-4x4x4-magnetic-stickerless-3.jpg","datePublished":"2019-10-21T22:46:05+00:00","dateModified":"2025-12-03T10:56:48+00:00","breadcrumb":{"@id":"https:\/\/www.groods.de\/index.php\/produkt\/shengshou-mr-m-4x4x4-magnetic-stickerless\/#breadcrumb"},"inLanguage":"de","potentialAction":[{"@type":"ReadAction","target":["https:\/\/www.groods.de\/index.php\/produkt\/shengshou-mr-m-4x4x4-magnetic-stickerless\/"]}]},{"@type":"ImageObject","inLanguage":"de","@id":"https:\/\/www.groods.de\/index.php\/produkt\/shengshou-mr-m-4x4x4-magnetic-stickerless\/#primaryimage","url":"https:\/\/www.groods.de\/wp-content\/uploads\/2019\/10\/ShengShou-Mr.-M-4x4x4-magnetic-stickerless-3.jpg","contentUrl":"https:\/\/www.groods.de\/wp-content\/uploads\/2019\/10\/ShengShou-Mr.-M-4x4x4-magnetic-stickerless-3.jpg","width":540,"height":540},{"@type":"BreadcrumbList","@id":"https:\/\/www.groods.de\/index.php\/produkt\/shengshou-mr-m-4x4x4-magnetic-stickerless\/#breadcrumb","itemListElement":[{"@type":"ListItem","position":1,"name":"Startseite","item":"https:\/\/www.groods.de\/"},{"@type":"ListItem","position":2,"name":"Shop","item":"https:\/\/www.groods.de\/index.php\/shop\/"},{"@type":"ListItem","position":3,"name":"ShengShou Mr. M 4x4x4 magnetic &#8211; stickerless"}]},{"@type":"WebSite","@id":"https:\/\/www.groods.de\/#website","url":"https:\/\/www.groods.de\/","name":"gRoods.de","description":"Entdecke die Welt der Speedcubes","publisher":{"@id":"https:\/\/www.groods.de\/#organization"},"potentialAction":[{"@type":"SearchAction","target":{"@type":"EntryPoint","urlTemplate":"https:\/\/www.groods.de\/?s={search_term_string}"},"query-input":{"@type":"PropertyValueSpecification","valueRequired":true,"valueName":"search_term_string"}}],"inLanguage":"de"},{"@type":"Organization","@id":"https:\/\/www.groods.de\/#organization","name":"gRoods.de","url":"https:\/\/www.groods.de\/","logo":{"@type":"ImageObject","inLanguage":"de","@id":"https:\/\/www.groods.de\/#\/schema\/logo\/image\/","url":"https:\/\/www.groods.de\/wp-content\/uploads\/2018\/08\/logo.png","contentUrl":"https:\/\/www.groods.de\/wp-content\/uploads\/2018\/08\/logo.png","width":1077,"height":373,"caption":"gRoods.de"},"image":{"@id":"https:\/\/www.groods.de\/#\/schema\/logo\/image\/"}}]}},"_links":{"self":[{"href":"https:\/\/www.groods.de\/index.php\/wp-json\/wp\/v2\/product\/1942","targetHints":{"allow":["GET"]}}],"collection":[{"href":"https:\/\/www.groods.de\/index.php\/wp-json\/wp\/v2\/product"}],"about":[{"href":"https:\/\/www.groods.de\/index.php\/wp-json\/wp\/v2\/types\/product"}],"replies":[{"embeddable":true,"href":"https:\/\/www.groods.de\/index.php\/wp-json\/wp\/v2\/comments?post=1942"}],"wp:featuredmedia":[{"embeddable":true,"href":"https:\/\/www.groods.de\/index.php\/wp-json\/wp\/v2\/media\/2885"}],"wp:attachment":[{"href":"https:\/\/www.groods.de\/index.php\/wp-json\/wp\/v2\/media?parent=1942"}],"wp:term":[{"taxonomy":"product_brand","embeddable":true,"href":"https:\/\/www.groods.de\/index.php\/wp-json\/wp\/v2\/product_brand?post=1942"},{"taxonomy":"product_cat","embeddable":true,"href":"https:\/\/www.groods.de\/index.php\/wp-json\/wp\/v2\/product_cat?post=1942"},{"taxonomy":"product_tag","embeddable":true,"href":"https:\/\/www.groods.de\/index.php\/wp-json\/wp\/v2\/product_tag?post=1942"}],"curies":[{"name":"wp","href":"https:\/\/api.w.org\/{rel}","templated":true}]}}