{"id":1929,"date":"2019-10-21T20:45:31","date_gmt":"2019-10-21T18:45:31","guid":{"rendered":"https:\/\/www.groods.de\/index.php\/produkt\/moyu-meilong-4x4-stickerless\/"},"modified":"2025-11-19T22:22:31","modified_gmt":"2025-11-19T21:22:31","slug":"moyu-meilong-4x4-stickerless","status":"publish","type":"product","link":"https:\/\/www.groods.de\/index.php\/produkt\/moyu-meilong-4x4-stickerless\/","title":{"rendered":"MoYu Meilong 4&#215;4 &#8211; stickerless"},"content":{"rendered":"<h1 class=\"md-end-block md-heading\">MoYu Meilong 4&#215;4 &#8211; stickerless<\/h1>\n<p>Die RBK&#8217;s Revenge (auch bekannt als der Master Cube) hat 4x4x4 Bl\u00f6cke, was es schwieriger macht, sie zu l\u00f6sen als der urspr\u00fcngliche RBK&#8217;s Cube. Dieses R\u00e4tsel wurde 1981 ver\u00f6ffentlicht und nicht von Professor RBK selbst, sondern von P\u00e9ter Sebest\u00e9ny erfunden.<\/p>\n<p>Der gebr\u00e4uchlichste Algorithmus zum L\u00f6sen der Rache von RBK wird als &#8222;Reduktionsmethode&#8220; bezeichnet. Wie der Name andeutet, konzentriert sich dieser Algorithmus darauf, zuerst die 2 \u00d7 2 Mittelst\u00fccke und 2 \u00d7 1 Randst\u00fccke zu l\u00f6sen. Auf diese Weise wird das Problem auf ein 3 \u00d7 3 \u00d7 3-Puzzle &#8222;reduziert&#8220;, das genau wie ein regul\u00e4rer 3 \u00d7 3 \u00d7 3-W\u00fcrfel gel\u00f6st werden kann (mit Ausnahme von zwei Parit\u00e4tsf\u00e4llen, die dies erfordern) weitere Algorithmen).<\/p>\n<p>Dieses Puzzle hat mehr Teile als der RBK&#8217;s Cube, also viel mehr m\u00f6gliche Permutationen. Die Anzahl der m\u00f6glichen Permutationen der RBK&#8217;s Revenge liegt bei \u00fcber 7,4&#215;1045. Der aktuelle Weltrekord f\u00fcr das L\u00f6sen betr\u00e4gt 19,36 Sekunden und wurde von Feliks Zemdegs aus Australien bei der LatAm Tour &#8211; Arequipa 2017 aufgestellt.<\/p>\n<p><span class=\"a-list-item\">Der MoYu Meilong geh\u00f6rt zur MoYu Cubing Classroom Serie und ist die erweiterte und verbesserte Version WCA Version des MF4. Obwohl er in die Budget Cube-Kategorie f\u00e4llt, hat er eine hervorragende Leistung gegen\u00fcber anderen 4&#215;4-Einsteigermodellen. Sein Positionierungssystem l\u00e4sst den W\u00fcrfel sich glatt anf\u00fchlen und hat weniger Verriegelungen, das Design der aufgeh\u00e4ngten Ecken erm\u00f6glicht noch mehr Stabilit\u00e4t. <\/span><span class=\"a-list-item\">Das verbesserte Corner Cutting verringert Lockups daher ist der Meilong sowohl f\u00fcr Anf\u00e4nger als auch f\u00fcr Fortgeschrittene geeignet.<\/span><\/p>\n<h3><strong data-spm-anchor-id=\"a2g0x.10010108.1000023.i0.3d0af4b4DKar3l\">Eigenschaften:<\/strong><\/h3>\n<ul>\n<li>glatte und schnelle Oberfl\u00e4che<\/li>\n<li class=\"md-end-block\">neu und Originalverpackt<\/li>\n<li class=\"md-end-block\">aus hochwertigem ABS Material, das umweltfreundlich, ungiftig und langlebig ist<\/li>\n<li class=\"md-end-block\">einfarbig im stickerless Design<\/li>\n<li class=\"md-end-block\">geschmeidige Rotation und komfortables Spielgef\u00fchl<\/li>\n<li class=\"md-end-block\">ausgezeichnete Fehlertoleranz f\u00fcr besonders schnelle Zeiten<\/li>\n<li>Viele Stunden Spa\u00df und Kopfzerbrechen mit Freunden und Familie sind garantiert<\/li>\n<\/ul>\n<h3>Spezifikationen:<\/h3>\n<ul>\n<li>Farbe: stickerless<\/li>\n<li>Material: Kunststoff<\/li>\n<li>Produkt Abmessungen: 6,2*6,2*6,2 cm<\/li>\n<li>Produkt Gewicht: 148g<\/li>\n<li>Verpackung: Karton Box<\/li>\n<\/ul>\n","protected":false},"excerpt":{"rendered":"<p>MoYu Meilong 4&#215;4 &#8211; stickerless Die RBK&#8217;s Revenge (auch bekannt als der Master Cube) hat 4x4x4 Bl\u00f6cke, was es schwieriger macht, sie zu l\u00f6sen als der urspr\u00fcngliche RBK&#8217;s Cube. Dieses R\u00e4tsel wurde 1981 ver\u00f6ffentlicht und nicht von Professor RBK selbst, sondern von P\u00e9ter Sebest\u00e9ny erfunden. Der gebr\u00e4uchlichste Algorithmus zum L\u00f6sen der Rache von RBK wird [&hellip;]<\/p>\n","protected":false},"featured_media":2466,"comment_status":"open","ping_status":"closed","template":"","meta":[],"product_brand":[],"product_cat":[54,38,19],"product_tag":[],"class_list":{"0":"post-1929","1":"product","2":"type-product","3":"status-publish","4":"has-post-thumbnail","6":"product_cat-4x4","7":"product_cat-moyu","8":"product_cat-zauberwuerfel","10":"first","11":"instock","12":"taxable","13":"shipping-taxable","14":"purchasable","15":"product-type-simple"},"yoast_head":"<!-- This site is optimized with the Yoast SEO plugin v26.7 - https:\/\/yoast.com\/wordpress\/plugins\/seo\/ -->\n<title>MoYu Meilong 4x4 - stickerless - gRoods<\/title>\n<meta name=\"robots\" content=\"index, follow, max-snippet:-1, max-image-preview:large, max-video-preview:-1\" \/>\n<link rel=\"canonical\" href=\"https:\/\/www.groods.de\/index.php\/produkt\/moyu-meilong-4x4-stickerless\/\" \/>\n<meta property=\"og:locale\" content=\"de_DE\" \/>\n<meta property=\"og:type\" content=\"article\" \/>\n<meta property=\"og:title\" content=\"MoYu Meilong 4x4 - stickerless - gRoods\" \/>\n<meta property=\"og:description\" content=\"MoYu Meilong 4&#215;4 &#8211; stickerless Die RBK&#8217;s Revenge (auch bekannt als der Master Cube) hat 4x4x4 Bl\u00f6cke, was es schwieriger macht, sie zu l\u00f6sen als der urspr\u00fcngliche RBK&#8217;s Cube. Dieses R\u00e4tsel wurde 1981 ver\u00f6ffentlicht und nicht von Professor RBK selbst, sondern von P\u00e9ter Sebest\u00e9ny erfunden. Der gebr\u00e4uchlichste Algorithmus zum L\u00f6sen der Rache von RBK wird [&hellip;]\" \/>\n<meta property=\"og:url\" content=\"https:\/\/www.groods.de\/index.php\/produkt\/moyu-meilong-4x4-stickerless\/\" \/>\n<meta property=\"og:site_name\" content=\"gRoods\" \/>\n<meta property=\"article:modified_time\" content=\"2025-11-19T21:22:31+00:00\" \/>\n<meta property=\"og:image\" content=\"https:\/\/www.groods.de\/wp-content\/uploads\/2019\/10\/MoYu-Meilong-4x4-stickerless-1.jpg\" \/>\n\t<meta property=\"og:image:width\" content=\"896\" \/>\n\t<meta property=\"og:image:height\" content=\"896\" \/>\n\t<meta property=\"og:image:type\" content=\"image\/jpeg\" \/>\n<meta name=\"twitter:card\" content=\"summary_large_image\" \/>\n<meta name=\"twitter:label1\" content=\"Gesch\u00e4tzte Lesezeit\" \/>\n\t<meta name=\"twitter:data1\" content=\"2\u00a0Minuten\" \/>\n<script type=\"application\/ld+json\" class=\"yoast-schema-graph\">{\"@context\":\"https:\/\/schema.org\",\"@graph\":[{\"@type\":\"WebPage\",\"@id\":\"https:\/\/www.groods.de\/index.php\/produkt\/moyu-meilong-4x4-stickerless\/\",\"url\":\"https:\/\/www.groods.de\/index.php\/produkt\/moyu-meilong-4x4-stickerless\/\",\"name\":\"MoYu Meilong 4x4 - stickerless - gRoods\",\"isPartOf\":{\"@id\":\"https:\/\/www.groods.de\/#website\"},\"primaryImageOfPage\":{\"@id\":\"https:\/\/www.groods.de\/index.php\/produkt\/moyu-meilong-4x4-stickerless\/#primaryimage\"},\"image\":{\"@id\":\"https:\/\/www.groods.de\/index.php\/produkt\/moyu-meilong-4x4-stickerless\/#primaryimage\"},\"thumbnailUrl\":\"https:\/\/www.groods.de\/wp-content\/uploads\/2019\/10\/MoYu-Meilong-4x4-stickerless-1.jpg\",\"datePublished\":\"2019-10-21T18:45:31+00:00\",\"dateModified\":\"2025-11-19T21:22:31+00:00\",\"breadcrumb\":{\"@id\":\"https:\/\/www.groods.de\/index.php\/produkt\/moyu-meilong-4x4-stickerless\/#breadcrumb\"},\"inLanguage\":\"de\",\"potentialAction\":[{\"@type\":\"ReadAction\",\"target\":[\"https:\/\/www.groods.de\/index.php\/produkt\/moyu-meilong-4x4-stickerless\/\"]}]},{\"@type\":\"ImageObject\",\"inLanguage\":\"de\",\"@id\":\"https:\/\/www.groods.de\/index.php\/produkt\/moyu-meilong-4x4-stickerless\/#primaryimage\",\"url\":\"https:\/\/www.groods.de\/wp-content\/uploads\/2019\/10\/MoYu-Meilong-4x4-stickerless-1.jpg\",\"contentUrl\":\"https:\/\/www.groods.de\/wp-content\/uploads\/2019\/10\/MoYu-Meilong-4x4-stickerless-1.jpg\",\"width\":896,\"height\":896},{\"@type\":\"BreadcrumbList\",\"@id\":\"https:\/\/www.groods.de\/index.php\/produkt\/moyu-meilong-4x4-stickerless\/#breadcrumb\",\"itemListElement\":[{\"@type\":\"ListItem\",\"position\":1,\"name\":\"Startseite\",\"item\":\"https:\/\/www.groods.de\/\"},{\"@type\":\"ListItem\",\"position\":2,\"name\":\"Shop\",\"item\":\"https:\/\/www.groods.de\/index.php\/shop\/\"},{\"@type\":\"ListItem\",\"position\":3,\"name\":\"MoYu Meilong 4&#215;4 &#8211; stickerless\"}]},{\"@type\":\"WebSite\",\"@id\":\"https:\/\/www.groods.de\/#website\",\"url\":\"https:\/\/www.groods.de\/\",\"name\":\"gRoods.de\",\"description\":\"Entdecke die Welt der Speedcubes\",\"publisher\":{\"@id\":\"https:\/\/www.groods.de\/#organization\"},\"potentialAction\":[{\"@type\":\"SearchAction\",\"target\":{\"@type\":\"EntryPoint\",\"urlTemplate\":\"https:\/\/www.groods.de\/?s={search_term_string}\"},\"query-input\":{\"@type\":\"PropertyValueSpecification\",\"valueRequired\":true,\"valueName\":\"search_term_string\"}}],\"inLanguage\":\"de\"},{\"@type\":\"Organization\",\"@id\":\"https:\/\/www.groods.de\/#organization\",\"name\":\"gRoods.de\",\"url\":\"https:\/\/www.groods.de\/\",\"logo\":{\"@type\":\"ImageObject\",\"inLanguage\":\"de\",\"@id\":\"https:\/\/www.groods.de\/#\/schema\/logo\/image\/\",\"url\":\"https:\/\/www.groods.de\/wp-content\/uploads\/2018\/08\/logo.png\",\"contentUrl\":\"https:\/\/www.groods.de\/wp-content\/uploads\/2018\/08\/logo.png\",\"width\":1077,\"height\":373,\"caption\":\"gRoods.de\"},\"image\":{\"@id\":\"https:\/\/www.groods.de\/#\/schema\/logo\/image\/\"}}]}<\/script>\n<!-- \/ Yoast SEO plugin. -->","yoast_head_json":{"title":"MoYu Meilong 4x4 - stickerless - gRoods","robots":{"index":"index","follow":"follow","max-snippet":"max-snippet:-1","max-image-preview":"max-image-preview:large","max-video-preview":"max-video-preview:-1"},"canonical":"https:\/\/www.groods.de\/index.php\/produkt\/moyu-meilong-4x4-stickerless\/","og_locale":"de_DE","og_type":"article","og_title":"MoYu Meilong 4x4 - stickerless - gRoods","og_description":"MoYu Meilong 4&#215;4 &#8211; stickerless Die RBK&#8217;s Revenge (auch bekannt als der Master Cube) hat 4x4x4 Bl\u00f6cke, was es schwieriger macht, sie zu l\u00f6sen als der urspr\u00fcngliche RBK&#8217;s Cube. Dieses R\u00e4tsel wurde 1981 ver\u00f6ffentlicht und nicht von Professor RBK selbst, sondern von P\u00e9ter Sebest\u00e9ny erfunden. Der gebr\u00e4uchlichste Algorithmus zum L\u00f6sen der Rache von RBK wird [&hellip;]","og_url":"https:\/\/www.groods.de\/index.php\/produkt\/moyu-meilong-4x4-stickerless\/","og_site_name":"gRoods","article_modified_time":"2025-11-19T21:22:31+00:00","og_image":[{"width":896,"height":896,"url":"https:\/\/www.groods.de\/wp-content\/uploads\/2019\/10\/MoYu-Meilong-4x4-stickerless-1.jpg","type":"image\/jpeg"}],"twitter_card":"summary_large_image","twitter_misc":{"Gesch\u00e4tzte Lesezeit":"2\u00a0Minuten"},"schema":{"@context":"https:\/\/schema.org","@graph":[{"@type":"WebPage","@id":"https:\/\/www.groods.de\/index.php\/produkt\/moyu-meilong-4x4-stickerless\/","url":"https:\/\/www.groods.de\/index.php\/produkt\/moyu-meilong-4x4-stickerless\/","name":"MoYu Meilong 4x4 - stickerless - gRoods","isPartOf":{"@id":"https:\/\/www.groods.de\/#website"},"primaryImageOfPage":{"@id":"https:\/\/www.groods.de\/index.php\/produkt\/moyu-meilong-4x4-stickerless\/#primaryimage"},"image":{"@id":"https:\/\/www.groods.de\/index.php\/produkt\/moyu-meilong-4x4-stickerless\/#primaryimage"},"thumbnailUrl":"https:\/\/www.groods.de\/wp-content\/uploads\/2019\/10\/MoYu-Meilong-4x4-stickerless-1.jpg","datePublished":"2019-10-21T18:45:31+00:00","dateModified":"2025-11-19T21:22:31+00:00","breadcrumb":{"@id":"https:\/\/www.groods.de\/index.php\/produkt\/moyu-meilong-4x4-stickerless\/#breadcrumb"},"inLanguage":"de","potentialAction":[{"@type":"ReadAction","target":["https:\/\/www.groods.de\/index.php\/produkt\/moyu-meilong-4x4-stickerless\/"]}]},{"@type":"ImageObject","inLanguage":"de","@id":"https:\/\/www.groods.de\/index.php\/produkt\/moyu-meilong-4x4-stickerless\/#primaryimage","url":"https:\/\/www.groods.de\/wp-content\/uploads\/2019\/10\/MoYu-Meilong-4x4-stickerless-1.jpg","contentUrl":"https:\/\/www.groods.de\/wp-content\/uploads\/2019\/10\/MoYu-Meilong-4x4-stickerless-1.jpg","width":896,"height":896},{"@type":"BreadcrumbList","@id":"https:\/\/www.groods.de\/index.php\/produkt\/moyu-meilong-4x4-stickerless\/#breadcrumb","itemListElement":[{"@type":"ListItem","position":1,"name":"Startseite","item":"https:\/\/www.groods.de\/"},{"@type":"ListItem","position":2,"name":"Shop","item":"https:\/\/www.groods.de\/index.php\/shop\/"},{"@type":"ListItem","position":3,"name":"MoYu Meilong 4&#215;4 &#8211; stickerless"}]},{"@type":"WebSite","@id":"https:\/\/www.groods.de\/#website","url":"https:\/\/www.groods.de\/","name":"gRoods.de","description":"Entdecke die Welt der Speedcubes","publisher":{"@id":"https:\/\/www.groods.de\/#organization"},"potentialAction":[{"@type":"SearchAction","target":{"@type":"EntryPoint","urlTemplate":"https:\/\/www.groods.de\/?s={search_term_string}"},"query-input":{"@type":"PropertyValueSpecification","valueRequired":true,"valueName":"search_term_string"}}],"inLanguage":"de"},{"@type":"Organization","@id":"https:\/\/www.groods.de\/#organization","name":"gRoods.de","url":"https:\/\/www.groods.de\/","logo":{"@type":"ImageObject","inLanguage":"de","@id":"https:\/\/www.groods.de\/#\/schema\/logo\/image\/","url":"https:\/\/www.groods.de\/wp-content\/uploads\/2018\/08\/logo.png","contentUrl":"https:\/\/www.groods.de\/wp-content\/uploads\/2018\/08\/logo.png","width":1077,"height":373,"caption":"gRoods.de"},"image":{"@id":"https:\/\/www.groods.de\/#\/schema\/logo\/image\/"}}]}},"_links":{"self":[{"href":"https:\/\/www.groods.de\/index.php\/wp-json\/wp\/v2\/product\/1929","targetHints":{"allow":["GET"]}}],"collection":[{"href":"https:\/\/www.groods.de\/index.php\/wp-json\/wp\/v2\/product"}],"about":[{"href":"https:\/\/www.groods.de\/index.php\/wp-json\/wp\/v2\/types\/product"}],"replies":[{"embeddable":true,"href":"https:\/\/www.groods.de\/index.php\/wp-json\/wp\/v2\/comments?post=1929"}],"wp:featuredmedia":[{"embeddable":true,"href":"https:\/\/www.groods.de\/index.php\/wp-json\/wp\/v2\/media\/2466"}],"wp:attachment":[{"href":"https:\/\/www.groods.de\/index.php\/wp-json\/wp\/v2\/media?parent=1929"}],"wp:term":[{"taxonomy":"product_brand","embeddable":true,"href":"https:\/\/www.groods.de\/index.php\/wp-json\/wp\/v2\/product_brand?post=1929"},{"taxonomy":"product_cat","embeddable":true,"href":"https:\/\/www.groods.de\/index.php\/wp-json\/wp\/v2\/product_cat?post=1929"},{"taxonomy":"product_tag","embeddable":true,"href":"https:\/\/www.groods.de\/index.php\/wp-json\/wp\/v2\/product_tag?post=1929"}],"curies":[{"name":"wp","href":"https:\/\/api.w.org\/{rel}","templated":true}]}}