{"id":1692,"date":"2019-05-16T10:23:09","date_gmt":"2019-05-16T08:23:09","guid":{"rendered":"https:\/\/www.groods.de\/?post_type=product&#038;p=1692"},"modified":"2025-11-19T22:20:33","modified_gmt":"2025-11-19T21:20:33","slug":"yuxin-black-kirin-4x4-stickerless","status":"publish","type":"product","link":"https:\/\/www.groods.de\/index.php\/produkt\/yuxin-black-kirin-4x4-stickerless\/","title":{"rendered":"YuXin Black Kirin 4&#215;4 &#8211; stickerless"},"content":{"rendered":"<div class=\"arearef heightref valignmiddle\">\n<div class=\"inline-block floatleft valignmiddle refid refidpadding\">\n<h1 class=\"refidno\">YuXin Black Kirin 4&#215;4 &#8211; stickerless<\/h1>\n<\/div>\n<\/div>\n<p>Der YuXin Black Kirin 4&#215;4 ist ein neuer Einsteiger 4&#215;4 mit vielen modernen Designmerkmalen. Dieses Puzzle hat eine leicht gefrostete Plastikoberfl\u00e4che und ist ein gro\u00dfartiger und g\u00fcnstiger erster Speedcube f\u00fcr Anf\u00e4nger!<\/p>\n<p>Wenn Sie ein begrenztes Budget haben, sollten Sie den YuXin Black Kirin 4&#215;4 in Betracht ziehen! Als Auffrischung der Budgetlinie von YuXin bietet der Black Kirin \u00e4hnliche Funktionen wie die beliebte Little Magic-Serie. Ein wesentliches Merkmal ist der mattierte aufkleberlose Kunststoff und die glatten, geschmeidigen Kurven. Er hat Rillen an den Innenseiten der Teile um noch pr\u00e4zieseres drehen zu erm\u00f6glichen. Der Mechanismus und das Gef\u00fchl \u00e4hneln dem Yuxin Little Magic.<\/p>\n<p><span class=\"\"><strong>Eigenschaften<\/strong><\/span>:<\/p>\n<ul>\n<li class=\"md-end-block\">neu und Originalverpackt<\/li>\n<li class=\"md-end-block\">hohe Qualit\u00e4t<\/li>\n<li class=\"md-end-block\">aus hochwertigem ABS Material, das umweltfreundlich, ungiftig und langlebig ist<\/li>\n<li class=\"md-end-block\">geschmeidige Rotation und komfortables Spielgef\u00fchl<\/li>\n<li class=\"md-end-block\">ausgezeichnete Fehlertoleranz f\u00fcr besonders schnelle Zeiten<\/li>\n<li class=\"md-end-block\">geeignet f\u00fcr Speedcube Wettbewerbe<\/li>\n<\/ul>\n<p class=\"md-end-block\"><span class=\"\"><strong>Spezifikationen<\/strong><\/span>:<\/p>\n<ul>\n<li class=\"md-end-block\">Farbe: stickerless Design<\/li>\n<li class=\"md-end-block\">Material: Kunststoff (ABS)<\/li>\n<li class=\"md-end-block\">Produkt Abmessungen: 5,6 x\u00a0<span class=\"\">5,6 x\u00a0<\/span>5,6 cm<\/li>\n<li class=\"md-end-block\">Gewicht: 130g<\/li>\n<\/ul>\n","protected":false},"excerpt":{"rendered":"<p>YuXin Black Kirin 4&#215;4 &#8211; stickerless Der YuXin Black Kirin 4&#215;4 ist ein neuer Einsteiger 4&#215;4 mit vielen modernen Designmerkmalen. Dieses Puzzle hat eine leicht gefrostete Plastikoberfl\u00e4che und ist ein gro\u00dfartiger und g\u00fcnstiger erster Speedcube f\u00fcr Anf\u00e4nger! Wenn Sie ein begrenztes Budget haben, sollten Sie den YuXin Black Kirin 4&#215;4 in Betracht ziehen! Als Auffrischung [&hellip;]<\/p>\n","protected":false},"featured_media":1699,"comment_status":"open","ping_status":"closed","template":"","meta":[],"product_brand":[],"product_cat":[53,51,19],"product_tag":[],"class_list":{"0":"post-1692","1":"product","2":"type-product","3":"status-publish","4":"has-post-thumbnail","6":"product_cat-3x3","7":"product_cat-yuxin","8":"product_cat-zauberwuerfel","10":"first","11":"instock","12":"taxable","13":"shipping-taxable","14":"purchasable","15":"product-type-simple"},"yoast_head":"<!-- This site is optimized with the Yoast SEO plugin v26.7 - https:\/\/yoast.com\/wordpress\/plugins\/seo\/ -->\n<title>YuXin Black Kirin 4x4 - stickerless - gRoods<\/title>\n<meta name=\"robots\" content=\"index, follow, max-snippet:-1, max-image-preview:large, max-video-preview:-1\" \/>\n<link rel=\"canonical\" href=\"https:\/\/www.groods.de\/index.php\/produkt\/yuxin-black-kirin-4x4-stickerless\/\" \/>\n<meta property=\"og:locale\" content=\"de_DE\" \/>\n<meta property=\"og:type\" content=\"article\" \/>\n<meta property=\"og:title\" content=\"YuXin Black Kirin 4x4 - stickerless - gRoods\" \/>\n<meta property=\"og:description\" content=\"YuXin Black Kirin 4&#215;4 &#8211; stickerless Der YuXin Black Kirin 4&#215;4 ist ein neuer Einsteiger 4&#215;4 mit vielen modernen Designmerkmalen. Dieses Puzzle hat eine leicht gefrostete Plastikoberfl\u00e4che und ist ein gro\u00dfartiger und g\u00fcnstiger erster Speedcube f\u00fcr Anf\u00e4nger! Wenn Sie ein begrenztes Budget haben, sollten Sie den YuXin Black Kirin 4&#215;4 in Betracht ziehen! Als Auffrischung [&hellip;]\" \/>\n<meta property=\"og:url\" content=\"https:\/\/www.groods.de\/index.php\/produkt\/yuxin-black-kirin-4x4-stickerless\/\" \/>\n<meta property=\"og:site_name\" content=\"gRoods\" \/>\n<meta property=\"article:modified_time\" content=\"2025-11-19T21:20:33+00:00\" \/>\n<meta property=\"og:image\" content=\"https:\/\/www.groods.de\/wp-content\/uploads\/2019\/05\/YuXin_Black_Kirin_4x4-stickerless_7_1024.jpeg\" \/>\n\t<meta property=\"og:image:width\" content=\"1000\" \/>\n\t<meta property=\"og:image:height\" content=\"1000\" \/>\n\t<meta property=\"og:image:type\" content=\"image\/jpeg\" \/>\n<meta name=\"twitter:card\" content=\"summary_large_image\" \/>\n<meta name=\"twitter:label1\" content=\"Gesch\u00e4tzte Lesezeit\" \/>\n\t<meta name=\"twitter:data1\" content=\"2\u00a0Minuten\" \/>\n<script type=\"application\/ld+json\" class=\"yoast-schema-graph\">{\"@context\":\"https:\/\/schema.org\",\"@graph\":[{\"@type\":\"WebPage\",\"@id\":\"https:\/\/www.groods.de\/index.php\/produkt\/yuxin-black-kirin-4x4-stickerless\/\",\"url\":\"https:\/\/www.groods.de\/index.php\/produkt\/yuxin-black-kirin-4x4-stickerless\/\",\"name\":\"YuXin Black Kirin 4x4 - stickerless - gRoods\",\"isPartOf\":{\"@id\":\"https:\/\/www.groods.de\/#website\"},\"primaryImageOfPage\":{\"@id\":\"https:\/\/www.groods.de\/index.php\/produkt\/yuxin-black-kirin-4x4-stickerless\/#primaryimage\"},\"image\":{\"@id\":\"https:\/\/www.groods.de\/index.php\/produkt\/yuxin-black-kirin-4x4-stickerless\/#primaryimage\"},\"thumbnailUrl\":\"https:\/\/www.groods.de\/wp-content\/uploads\/2019\/05\/YuXin_Black_Kirin_4x4-stickerless_7_1024.jpeg\",\"datePublished\":\"2019-05-16T08:23:09+00:00\",\"dateModified\":\"2025-11-19T21:20:33+00:00\",\"breadcrumb\":{\"@id\":\"https:\/\/www.groods.de\/index.php\/produkt\/yuxin-black-kirin-4x4-stickerless\/#breadcrumb\"},\"inLanguage\":\"de\",\"potentialAction\":[{\"@type\":\"ReadAction\",\"target\":[\"https:\/\/www.groods.de\/index.php\/produkt\/yuxin-black-kirin-4x4-stickerless\/\"]}]},{\"@type\":\"ImageObject\",\"inLanguage\":\"de\",\"@id\":\"https:\/\/www.groods.de\/index.php\/produkt\/yuxin-black-kirin-4x4-stickerless\/#primaryimage\",\"url\":\"https:\/\/www.groods.de\/wp-content\/uploads\/2019\/05\/YuXin_Black_Kirin_4x4-stickerless_7_1024.jpeg\",\"contentUrl\":\"https:\/\/www.groods.de\/wp-content\/uploads\/2019\/05\/YuXin_Black_Kirin_4x4-stickerless_7_1024.jpeg\",\"width\":1000,\"height\":1000},{\"@type\":\"BreadcrumbList\",\"@id\":\"https:\/\/www.groods.de\/index.php\/produkt\/yuxin-black-kirin-4x4-stickerless\/#breadcrumb\",\"itemListElement\":[{\"@type\":\"ListItem\",\"position\":1,\"name\":\"Startseite\",\"item\":\"https:\/\/www.groods.de\/\"},{\"@type\":\"ListItem\",\"position\":2,\"name\":\"Shop\",\"item\":\"https:\/\/www.groods.de\/index.php\/shop\/\"},{\"@type\":\"ListItem\",\"position\":3,\"name\":\"YuXin Black Kirin 4&#215;4 &#8211; stickerless\"}]},{\"@type\":\"WebSite\",\"@id\":\"https:\/\/www.groods.de\/#website\",\"url\":\"https:\/\/www.groods.de\/\",\"name\":\"gRoods.de\",\"description\":\"Entdecke die Welt der Speedcubes\",\"publisher\":{\"@id\":\"https:\/\/www.groods.de\/#organization\"},\"potentialAction\":[{\"@type\":\"SearchAction\",\"target\":{\"@type\":\"EntryPoint\",\"urlTemplate\":\"https:\/\/www.groods.de\/?s={search_term_string}\"},\"query-input\":{\"@type\":\"PropertyValueSpecification\",\"valueRequired\":true,\"valueName\":\"search_term_string\"}}],\"inLanguage\":\"de\"},{\"@type\":\"Organization\",\"@id\":\"https:\/\/www.groods.de\/#organization\",\"name\":\"gRoods.de\",\"url\":\"https:\/\/www.groods.de\/\",\"logo\":{\"@type\":\"ImageObject\",\"inLanguage\":\"de\",\"@id\":\"https:\/\/www.groods.de\/#\/schema\/logo\/image\/\",\"url\":\"https:\/\/www.groods.de\/wp-content\/uploads\/2018\/08\/logo.png\",\"contentUrl\":\"https:\/\/www.groods.de\/wp-content\/uploads\/2018\/08\/logo.png\",\"width\":1077,\"height\":373,\"caption\":\"gRoods.de\"},\"image\":{\"@id\":\"https:\/\/www.groods.de\/#\/schema\/logo\/image\/\"}}]}<\/script>\n<!-- \/ Yoast SEO plugin. -->","yoast_head_json":{"title":"YuXin Black Kirin 4x4 - stickerless - gRoods","robots":{"index":"index","follow":"follow","max-snippet":"max-snippet:-1","max-image-preview":"max-image-preview:large","max-video-preview":"max-video-preview:-1"},"canonical":"https:\/\/www.groods.de\/index.php\/produkt\/yuxin-black-kirin-4x4-stickerless\/","og_locale":"de_DE","og_type":"article","og_title":"YuXin Black Kirin 4x4 - stickerless - gRoods","og_description":"YuXin Black Kirin 4&#215;4 &#8211; stickerless Der YuXin Black Kirin 4&#215;4 ist ein neuer Einsteiger 4&#215;4 mit vielen modernen Designmerkmalen. Dieses Puzzle hat eine leicht gefrostete Plastikoberfl\u00e4che und ist ein gro\u00dfartiger und g\u00fcnstiger erster Speedcube f\u00fcr Anf\u00e4nger! Wenn Sie ein begrenztes Budget haben, sollten Sie den YuXin Black Kirin 4&#215;4 in Betracht ziehen! Als Auffrischung [&hellip;]","og_url":"https:\/\/www.groods.de\/index.php\/produkt\/yuxin-black-kirin-4x4-stickerless\/","og_site_name":"gRoods","article_modified_time":"2025-11-19T21:20:33+00:00","og_image":[{"width":1000,"height":1000,"url":"https:\/\/www.groods.de\/wp-content\/uploads\/2019\/05\/YuXin_Black_Kirin_4x4-stickerless_7_1024.jpeg","type":"image\/jpeg"}],"twitter_card":"summary_large_image","twitter_misc":{"Gesch\u00e4tzte Lesezeit":"2\u00a0Minuten"},"schema":{"@context":"https:\/\/schema.org","@graph":[{"@type":"WebPage","@id":"https:\/\/www.groods.de\/index.php\/produkt\/yuxin-black-kirin-4x4-stickerless\/","url":"https:\/\/www.groods.de\/index.php\/produkt\/yuxin-black-kirin-4x4-stickerless\/","name":"YuXin Black Kirin 4x4 - stickerless - gRoods","isPartOf":{"@id":"https:\/\/www.groods.de\/#website"},"primaryImageOfPage":{"@id":"https:\/\/www.groods.de\/index.php\/produkt\/yuxin-black-kirin-4x4-stickerless\/#primaryimage"},"image":{"@id":"https:\/\/www.groods.de\/index.php\/produkt\/yuxin-black-kirin-4x4-stickerless\/#primaryimage"},"thumbnailUrl":"https:\/\/www.groods.de\/wp-content\/uploads\/2019\/05\/YuXin_Black_Kirin_4x4-stickerless_7_1024.jpeg","datePublished":"2019-05-16T08:23:09+00:00","dateModified":"2025-11-19T21:20:33+00:00","breadcrumb":{"@id":"https:\/\/www.groods.de\/index.php\/produkt\/yuxin-black-kirin-4x4-stickerless\/#breadcrumb"},"inLanguage":"de","potentialAction":[{"@type":"ReadAction","target":["https:\/\/www.groods.de\/index.php\/produkt\/yuxin-black-kirin-4x4-stickerless\/"]}]},{"@type":"ImageObject","inLanguage":"de","@id":"https:\/\/www.groods.de\/index.php\/produkt\/yuxin-black-kirin-4x4-stickerless\/#primaryimage","url":"https:\/\/www.groods.de\/wp-content\/uploads\/2019\/05\/YuXin_Black_Kirin_4x4-stickerless_7_1024.jpeg","contentUrl":"https:\/\/www.groods.de\/wp-content\/uploads\/2019\/05\/YuXin_Black_Kirin_4x4-stickerless_7_1024.jpeg","width":1000,"height":1000},{"@type":"BreadcrumbList","@id":"https:\/\/www.groods.de\/index.php\/produkt\/yuxin-black-kirin-4x4-stickerless\/#breadcrumb","itemListElement":[{"@type":"ListItem","position":1,"name":"Startseite","item":"https:\/\/www.groods.de\/"},{"@type":"ListItem","position":2,"name":"Shop","item":"https:\/\/www.groods.de\/index.php\/shop\/"},{"@type":"ListItem","position":3,"name":"YuXin Black Kirin 4&#215;4 &#8211; stickerless"}]},{"@type":"WebSite","@id":"https:\/\/www.groods.de\/#website","url":"https:\/\/www.groods.de\/","name":"gRoods.de","description":"Entdecke die Welt der Speedcubes","publisher":{"@id":"https:\/\/www.groods.de\/#organization"},"potentialAction":[{"@type":"SearchAction","target":{"@type":"EntryPoint","urlTemplate":"https:\/\/www.groods.de\/?s={search_term_string}"},"query-input":{"@type":"PropertyValueSpecification","valueRequired":true,"valueName":"search_term_string"}}],"inLanguage":"de"},{"@type":"Organization","@id":"https:\/\/www.groods.de\/#organization","name":"gRoods.de","url":"https:\/\/www.groods.de\/","logo":{"@type":"ImageObject","inLanguage":"de","@id":"https:\/\/www.groods.de\/#\/schema\/logo\/image\/","url":"https:\/\/www.groods.de\/wp-content\/uploads\/2018\/08\/logo.png","contentUrl":"https:\/\/www.groods.de\/wp-content\/uploads\/2018\/08\/logo.png","width":1077,"height":373,"caption":"gRoods.de"},"image":{"@id":"https:\/\/www.groods.de\/#\/schema\/logo\/image\/"}}]}},"_links":{"self":[{"href":"https:\/\/www.groods.de\/index.php\/wp-json\/wp\/v2\/product\/1692","targetHints":{"allow":["GET"]}}],"collection":[{"href":"https:\/\/www.groods.de\/index.php\/wp-json\/wp\/v2\/product"}],"about":[{"href":"https:\/\/www.groods.de\/index.php\/wp-json\/wp\/v2\/types\/product"}],"replies":[{"embeddable":true,"href":"https:\/\/www.groods.de\/index.php\/wp-json\/wp\/v2\/comments?post=1692"}],"wp:featuredmedia":[{"embeddable":true,"href":"https:\/\/www.groods.de\/index.php\/wp-json\/wp\/v2\/media\/1699"}],"wp:attachment":[{"href":"https:\/\/www.groods.de\/index.php\/wp-json\/wp\/v2\/media?parent=1692"}],"wp:term":[{"taxonomy":"product_brand","embeddable":true,"href":"https:\/\/www.groods.de\/index.php\/wp-json\/wp\/v2\/product_brand?post=1692"},{"taxonomy":"product_cat","embeddable":true,"href":"https:\/\/www.groods.de\/index.php\/wp-json\/wp\/v2\/product_cat?post=1692"},{"taxonomy":"product_tag","embeddable":true,"href":"https:\/\/www.groods.de\/index.php\/wp-json\/wp\/v2\/product_tag?post=1692"}],"curies":[{"name":"wp","href":"https:\/\/api.w.org\/{rel}","templated":true}]}}