{"id":1659,"date":"2019-05-08T11:34:28","date_gmt":"2019-05-08T09:34:28","guid":{"rendered":"https:\/\/www.groods.de\/?post_type=product&#038;p=1659"},"modified":"2025-11-19T22:18:16","modified_gmt":"2025-11-19T21:18:16","slug":"yulong-v2-3x3-magnetic-stickerless","status":"publish","type":"product","link":"https:\/\/www.groods.de\/index.php\/produkt\/yulong-v2-3x3-magnetic-stickerless\/","title":{"rendered":"YULONG V2 3&#215;3 Magnetic &#8211; stickerless"},"content":{"rendered":"<h1>YULONG V2 3&#215;3 Magnetic &#8211; stickerless<\/h1>\n<p>Der YJ YuLong V2 Magnetic ist der neue magnetische 3&#215;3 vom erfahrenen Produzenten YJ. Das Design des Vorg\u00e4ngers wurde komplett \u00fcberarbeitet und an allen Ecken und Kanten verbessert. Er verf\u00fcgt \u00fcber Einkerbungen zur pr\u00e4zisen Drehung sowie \u00fcber Schlitze f\u00fcr die Magnete. Es wurde mit modernster Technologie ein komplett neues Spielerlebnis geschaffen! Der YJ YuLong V2 Magnetic 3&#215;3 ist f\u00fcr den Preis kaum zu schlagen. Mittelfeste Magnete verbessern die Stabilit\u00e4t und das Drehen des YuLong erheblich und der Gesamtmechanismus ist solide. Somit ist er eine fantastische Wahl f\u00fcr Anf\u00e4nger und Fortgeschrittene.<\/p>\n<p>Dieser W\u00fcrfel tritt an und liefert sich mit dem ShengShou Mr. M und den YuXin Kylin V2 einen harten Kampf um den Titel &#8222;Bester Budget-Cube&#8220;, der derzeit auf dem Markt ist.<\/p>\n<p class=\"md-end-block\">Der YJ YuLong V2 Magnetic verwendet 48 Neodym-Magnete, die das Drehgef\u00fchl dahingehend verbessern, dass man leicht sp\u00fcrt, wenn die jeweilige Drehung perfekt ausgerichtet ist. Alle Magnete sind sorgf\u00e4ltig, genau platziert, so dass sehr genau und pr\u00e4zise dreht.<\/p>\n<p class=\"md-end-block\"><span class=\"\"><strong>Eigenschaften<\/strong><\/span>:<\/p>\n<ul>\n<li class=\"md-end-block\">neu und Originalverpackt<\/li>\n<li class=\"md-end-block\">hohe Qualit\u00e4t<\/li>\n<li class=\"md-end-block\">aus hochwertigem ABS Material, das umweltfreundlich, ungiftig und langlebig ist<\/li>\n<li class=\"md-end-block\">geschmeidige Rotation und komfortables Spielgef\u00fchl<\/li>\n<li class=\"md-end-block\">ausgezeichnete Fehlertoleranz f\u00fcr besonders schnelle Zeiten<\/li>\n<li class=\"md-end-block\">geeignet f\u00fcr Speedcube Wettbewerbe<\/li>\n<\/ul>\n<p class=\"md-end-block\"><span class=\"\"><strong>Spezifikationen<\/strong><\/span>:<\/p>\n<ul>\n<li class=\"md-end-block\">Farbe: stickerless<\/li>\n<li class=\"md-end-block\">Material: Kunststoff (ABS)<\/li>\n<li class=\"md-end-block\">Produkt Abmessungen: 5,6 x\u00a0<span class=\"\">5,6 x\u00a0<\/span>5,6 cm<\/li>\n<li class=\"md-end-block\">Gewicht: 100g<\/li>\n<\/ul>\n<p>&nbsp;<\/p>\n","protected":false},"excerpt":{"rendered":"<p>YULONG V2 3&#215;3 Magnetic &#8211; stickerless Der YJ YuLong V2 Magnetic ist der neue magnetische 3&#215;3 vom erfahrenen Produzenten YJ. Das Design des Vorg\u00e4ngers wurde komplett \u00fcberarbeitet und an allen Ecken und Kanten verbessert. Er verf\u00fcgt \u00fcber Einkerbungen zur pr\u00e4zisen Drehung sowie \u00fcber Schlitze f\u00fcr die Magnete. Es wurde mit modernster Technologie ein komplett neues [&hellip;]<\/p>\n","protected":false},"featured_media":1664,"comment_status":"open","ping_status":"closed","template":"","meta":[],"product_brand":[],"product_cat":[53,40,42,19],"product_tag":[69,73,74,63,62,84,61],"class_list":{"0":"post-1659","1":"product","2":"type-product","3":"status-publish","4":"has-post-thumbnail","6":"product_cat-3x3","7":"product_cat-magnetische-zauberwuerfel","8":"product_cat-yj","9":"product_cat-zauberwuerfel","10":"product_tag-3x3","11":"product_tag-magnet","12":"product_tag-magnetic","13":"product_tag-rubiks","14":"product_tag-speedcube","15":"product_tag-yj","16":"product_tag-zauberwuerfel","18":"first","19":"instock","20":"taxable","21":"shipping-taxable","22":"purchasable","23":"product-type-simple"},"yoast_head":"<!-- This site is optimized with the Yoast SEO plugin v26.7 - https:\/\/yoast.com\/wordpress\/plugins\/seo\/ -->\n<title>YULONG V2 3x3 Magnetic - stickerless - gRoods<\/title>\n<meta name=\"robots\" content=\"index, follow, max-snippet:-1, max-image-preview:large, max-video-preview:-1\" \/>\n<link rel=\"canonical\" href=\"https:\/\/www.groods.de\/index.php\/produkt\/yulong-v2-3x3-magnetic-stickerless\/\" \/>\n<meta property=\"og:locale\" content=\"de_DE\" \/>\n<meta property=\"og:type\" content=\"article\" \/>\n<meta property=\"og:title\" content=\"YULONG V2 3x3 Magnetic - stickerless - gRoods\" \/>\n<meta property=\"og:description\" content=\"YULONG V2 3&#215;3 Magnetic &#8211; stickerless Der YJ YuLong V2 Magnetic ist der neue magnetische 3&#215;3 vom erfahrenen Produzenten YJ. Das Design des Vorg\u00e4ngers wurde komplett \u00fcberarbeitet und an allen Ecken und Kanten verbessert. Er verf\u00fcgt \u00fcber Einkerbungen zur pr\u00e4zisen Drehung sowie \u00fcber Schlitze f\u00fcr die Magnete. Es wurde mit modernster Technologie ein komplett neues [&hellip;]\" \/>\n<meta property=\"og:url\" content=\"https:\/\/www.groods.de\/index.php\/produkt\/yulong-v2-3x3-magnetic-stickerless\/\" \/>\n<meta property=\"og:site_name\" content=\"gRoods\" \/>\n<meta property=\"article:modified_time\" content=\"2025-11-19T21:18:16+00:00\" \/>\n<meta property=\"og:image\" content=\"https:\/\/www.groods.de\/wp-content\/uploads\/2019\/05\/YULONG_V2_3x3_Magnetic_stickerless_5_1024.jpeg\" \/>\n\t<meta property=\"og:image:width\" content=\"1000\" \/>\n\t<meta property=\"og:image:height\" content=\"1000\" \/>\n\t<meta property=\"og:image:type\" content=\"image\/jpeg\" \/>\n<meta name=\"twitter:card\" content=\"summary_large_image\" \/>\n<meta name=\"twitter:label1\" content=\"Gesch\u00e4tzte Lesezeit\" \/>\n\t<meta name=\"twitter:data1\" content=\"2\u00a0Minuten\" \/>\n<script type=\"application\/ld+json\" class=\"yoast-schema-graph\">{\"@context\":\"https:\/\/schema.org\",\"@graph\":[{\"@type\":\"WebPage\",\"@id\":\"https:\/\/www.groods.de\/index.php\/produkt\/yulong-v2-3x3-magnetic-stickerless\/\",\"url\":\"https:\/\/www.groods.de\/index.php\/produkt\/yulong-v2-3x3-magnetic-stickerless\/\",\"name\":\"YULONG V2 3x3 Magnetic - stickerless - gRoods\",\"isPartOf\":{\"@id\":\"https:\/\/www.groods.de\/#website\"},\"primaryImageOfPage\":{\"@id\":\"https:\/\/www.groods.de\/index.php\/produkt\/yulong-v2-3x3-magnetic-stickerless\/#primaryimage\"},\"image\":{\"@id\":\"https:\/\/www.groods.de\/index.php\/produkt\/yulong-v2-3x3-magnetic-stickerless\/#primaryimage\"},\"thumbnailUrl\":\"https:\/\/www.groods.de\/wp-content\/uploads\/2019\/05\/YULONG_V2_3x3_Magnetic_stickerless_5_1024.jpeg\",\"datePublished\":\"2019-05-08T09:34:28+00:00\",\"dateModified\":\"2025-11-19T21:18:16+00:00\",\"breadcrumb\":{\"@id\":\"https:\/\/www.groods.de\/index.php\/produkt\/yulong-v2-3x3-magnetic-stickerless\/#breadcrumb\"},\"inLanguage\":\"de\",\"potentialAction\":[{\"@type\":\"ReadAction\",\"target\":[\"https:\/\/www.groods.de\/index.php\/produkt\/yulong-v2-3x3-magnetic-stickerless\/\"]}]},{\"@type\":\"ImageObject\",\"inLanguage\":\"de\",\"@id\":\"https:\/\/www.groods.de\/index.php\/produkt\/yulong-v2-3x3-magnetic-stickerless\/#primaryimage\",\"url\":\"https:\/\/www.groods.de\/wp-content\/uploads\/2019\/05\/YULONG_V2_3x3_Magnetic_stickerless_5_1024.jpeg\",\"contentUrl\":\"https:\/\/www.groods.de\/wp-content\/uploads\/2019\/05\/YULONG_V2_3x3_Magnetic_stickerless_5_1024.jpeg\",\"width\":1000,\"height\":1000},{\"@type\":\"BreadcrumbList\",\"@id\":\"https:\/\/www.groods.de\/index.php\/produkt\/yulong-v2-3x3-magnetic-stickerless\/#breadcrumb\",\"itemListElement\":[{\"@type\":\"ListItem\",\"position\":1,\"name\":\"Startseite\",\"item\":\"https:\/\/www.groods.de\/\"},{\"@type\":\"ListItem\",\"position\":2,\"name\":\"Shop\",\"item\":\"https:\/\/www.groods.de\/index.php\/shop\/\"},{\"@type\":\"ListItem\",\"position\":3,\"name\":\"YULONG V2 3&#215;3 Magnetic &#8211; stickerless\"}]},{\"@type\":\"WebSite\",\"@id\":\"https:\/\/www.groods.de\/#website\",\"url\":\"https:\/\/www.groods.de\/\",\"name\":\"gRoods.de\",\"description\":\"Entdecke die Welt der Speedcubes\",\"publisher\":{\"@id\":\"https:\/\/www.groods.de\/#organization\"},\"potentialAction\":[{\"@type\":\"SearchAction\",\"target\":{\"@type\":\"EntryPoint\",\"urlTemplate\":\"https:\/\/www.groods.de\/?s={search_term_string}\"},\"query-input\":{\"@type\":\"PropertyValueSpecification\",\"valueRequired\":true,\"valueName\":\"search_term_string\"}}],\"inLanguage\":\"de\"},{\"@type\":\"Organization\",\"@id\":\"https:\/\/www.groods.de\/#organization\",\"name\":\"gRoods.de\",\"url\":\"https:\/\/www.groods.de\/\",\"logo\":{\"@type\":\"ImageObject\",\"inLanguage\":\"de\",\"@id\":\"https:\/\/www.groods.de\/#\/schema\/logo\/image\/\",\"url\":\"https:\/\/www.groods.de\/wp-content\/uploads\/2018\/08\/logo.png\",\"contentUrl\":\"https:\/\/www.groods.de\/wp-content\/uploads\/2018\/08\/logo.png\",\"width\":1077,\"height\":373,\"caption\":\"gRoods.de\"},\"image\":{\"@id\":\"https:\/\/www.groods.de\/#\/schema\/logo\/image\/\"}}]}<\/script>\n<!-- \/ Yoast SEO plugin. -->","yoast_head_json":{"title":"YULONG V2 3x3 Magnetic - stickerless - gRoods","robots":{"index":"index","follow":"follow","max-snippet":"max-snippet:-1","max-image-preview":"max-image-preview:large","max-video-preview":"max-video-preview:-1"},"canonical":"https:\/\/www.groods.de\/index.php\/produkt\/yulong-v2-3x3-magnetic-stickerless\/","og_locale":"de_DE","og_type":"article","og_title":"YULONG V2 3x3 Magnetic - stickerless - gRoods","og_description":"YULONG V2 3&#215;3 Magnetic &#8211; stickerless Der YJ YuLong V2 Magnetic ist der neue magnetische 3&#215;3 vom erfahrenen Produzenten YJ. Das Design des Vorg\u00e4ngers wurde komplett \u00fcberarbeitet und an allen Ecken und Kanten verbessert. Er verf\u00fcgt \u00fcber Einkerbungen zur pr\u00e4zisen Drehung sowie \u00fcber Schlitze f\u00fcr die Magnete. Es wurde mit modernster Technologie ein komplett neues [&hellip;]","og_url":"https:\/\/www.groods.de\/index.php\/produkt\/yulong-v2-3x3-magnetic-stickerless\/","og_site_name":"gRoods","article_modified_time":"2025-11-19T21:18:16+00:00","og_image":[{"width":1000,"height":1000,"url":"https:\/\/www.groods.de\/wp-content\/uploads\/2019\/05\/YULONG_V2_3x3_Magnetic_stickerless_5_1024.jpeg","type":"image\/jpeg"}],"twitter_card":"summary_large_image","twitter_misc":{"Gesch\u00e4tzte Lesezeit":"2\u00a0Minuten"},"schema":{"@context":"https:\/\/schema.org","@graph":[{"@type":"WebPage","@id":"https:\/\/www.groods.de\/index.php\/produkt\/yulong-v2-3x3-magnetic-stickerless\/","url":"https:\/\/www.groods.de\/index.php\/produkt\/yulong-v2-3x3-magnetic-stickerless\/","name":"YULONG V2 3x3 Magnetic - stickerless - gRoods","isPartOf":{"@id":"https:\/\/www.groods.de\/#website"},"primaryImageOfPage":{"@id":"https:\/\/www.groods.de\/index.php\/produkt\/yulong-v2-3x3-magnetic-stickerless\/#primaryimage"},"image":{"@id":"https:\/\/www.groods.de\/index.php\/produkt\/yulong-v2-3x3-magnetic-stickerless\/#primaryimage"},"thumbnailUrl":"https:\/\/www.groods.de\/wp-content\/uploads\/2019\/05\/YULONG_V2_3x3_Magnetic_stickerless_5_1024.jpeg","datePublished":"2019-05-08T09:34:28+00:00","dateModified":"2025-11-19T21:18:16+00:00","breadcrumb":{"@id":"https:\/\/www.groods.de\/index.php\/produkt\/yulong-v2-3x3-magnetic-stickerless\/#breadcrumb"},"inLanguage":"de","potentialAction":[{"@type":"ReadAction","target":["https:\/\/www.groods.de\/index.php\/produkt\/yulong-v2-3x3-magnetic-stickerless\/"]}]},{"@type":"ImageObject","inLanguage":"de","@id":"https:\/\/www.groods.de\/index.php\/produkt\/yulong-v2-3x3-magnetic-stickerless\/#primaryimage","url":"https:\/\/www.groods.de\/wp-content\/uploads\/2019\/05\/YULONG_V2_3x3_Magnetic_stickerless_5_1024.jpeg","contentUrl":"https:\/\/www.groods.de\/wp-content\/uploads\/2019\/05\/YULONG_V2_3x3_Magnetic_stickerless_5_1024.jpeg","width":1000,"height":1000},{"@type":"BreadcrumbList","@id":"https:\/\/www.groods.de\/index.php\/produkt\/yulong-v2-3x3-magnetic-stickerless\/#breadcrumb","itemListElement":[{"@type":"ListItem","position":1,"name":"Startseite","item":"https:\/\/www.groods.de\/"},{"@type":"ListItem","position":2,"name":"Shop","item":"https:\/\/www.groods.de\/index.php\/shop\/"},{"@type":"ListItem","position":3,"name":"YULONG V2 3&#215;3 Magnetic &#8211; stickerless"}]},{"@type":"WebSite","@id":"https:\/\/www.groods.de\/#website","url":"https:\/\/www.groods.de\/","name":"gRoods.de","description":"Entdecke die Welt der Speedcubes","publisher":{"@id":"https:\/\/www.groods.de\/#organization"},"potentialAction":[{"@type":"SearchAction","target":{"@type":"EntryPoint","urlTemplate":"https:\/\/www.groods.de\/?s={search_term_string}"},"query-input":{"@type":"PropertyValueSpecification","valueRequired":true,"valueName":"search_term_string"}}],"inLanguage":"de"},{"@type":"Organization","@id":"https:\/\/www.groods.de\/#organization","name":"gRoods.de","url":"https:\/\/www.groods.de\/","logo":{"@type":"ImageObject","inLanguage":"de","@id":"https:\/\/www.groods.de\/#\/schema\/logo\/image\/","url":"https:\/\/www.groods.de\/wp-content\/uploads\/2018\/08\/logo.png","contentUrl":"https:\/\/www.groods.de\/wp-content\/uploads\/2018\/08\/logo.png","width":1077,"height":373,"caption":"gRoods.de"},"image":{"@id":"https:\/\/www.groods.de\/#\/schema\/logo\/image\/"}}]}},"_links":{"self":[{"href":"https:\/\/www.groods.de\/index.php\/wp-json\/wp\/v2\/product\/1659","targetHints":{"allow":["GET"]}}],"collection":[{"href":"https:\/\/www.groods.de\/index.php\/wp-json\/wp\/v2\/product"}],"about":[{"href":"https:\/\/www.groods.de\/index.php\/wp-json\/wp\/v2\/types\/product"}],"replies":[{"embeddable":true,"href":"https:\/\/www.groods.de\/index.php\/wp-json\/wp\/v2\/comments?post=1659"}],"wp:featuredmedia":[{"embeddable":true,"href":"https:\/\/www.groods.de\/index.php\/wp-json\/wp\/v2\/media\/1664"}],"wp:attachment":[{"href":"https:\/\/www.groods.de\/index.php\/wp-json\/wp\/v2\/media?parent=1659"}],"wp:term":[{"taxonomy":"product_brand","embeddable":true,"href":"https:\/\/www.groods.de\/index.php\/wp-json\/wp\/v2\/product_brand?post=1659"},{"taxonomy":"product_cat","embeddable":true,"href":"https:\/\/www.groods.de\/index.php\/wp-json\/wp\/v2\/product_cat?post=1659"},{"taxonomy":"product_tag","embeddable":true,"href":"https:\/\/www.groods.de\/index.php\/wp-json\/wp\/v2\/product_tag?post=1659"}],"curies":[{"name":"wp","href":"https:\/\/api.w.org\/{rel}","templated":true}]}}