{"id":1647,"date":"2019-05-08T11:09:38","date_gmt":"2019-05-08T09:09:38","guid":{"rendered":"https:\/\/www.groods.de\/?post_type=product&#038;p=1647"},"modified":"2025-11-19T22:19:10","modified_gmt":"2025-11-19T21:19:10","slug":"moyu-mini-3x3-45-cm","status":"publish","type":"product","link":"https:\/\/www.groods.de\/index.php\/produkt\/moyu-mini-3x3-45-cm\/","title":{"rendered":"MoYu Mini 3&#215;3 &#8211; 4,5 cm"},"content":{"rendered":"<h1>MoYu Mini 3&#215;3 &#8211; 4,5 cm<\/h1>\n<p>Der MoYu Mini ist ein neuer 3&#215;3 mit MoYu-Sub-Branding aus der Cubing Classroom-Serie mit einer Seitenl\u00e4nge von nur 4,5 cm. Damit ist er etwas kleiner als ein gew\u00f6hnlicher 2&#215;2. Der Mini 3&#215;3 zeichnet sich durch hervorragende Leistung, ein super Design und erstklassige Funktionalit\u00e4t aus, die die M\u00f6glichkeiten eines Mini-Budgetw\u00fcrfels sprengen. Mit einer hervorragenden Leistung und einem niedrigen Preis ist der Mini 3&#215;3 sowohl f\u00fcr Einsteiger als auch f\u00fcr Fortgeschrittene eine gute Wahl.<\/p>\n<p class=\"md-end-block\"><span class=\"\"><strong>Eigenschaften<\/strong><\/span>:<\/p>\n<ul>\n<li class=\"md-end-block\">neu und Originalverpackt<\/li>\n<li class=\"md-end-block\">hohe Qualit\u00e4t<\/li>\n<li class=\"md-end-block\">aus hochwertigem ABS Material, das umweltfreundlich, ungiftig und langlebig ist<\/li>\n<li class=\"md-end-block\">einfarbig im stickerless\u00a0Design<\/li>\n<li class=\"md-end-block\">geschmeidige Rotation und komfortables Spielgef\u00fchl<\/li>\n<li class=\"md-end-block\">abgerundete Ecken (ideal f\u00fcr die Hosentasche)<\/li>\n<\/ul>\n<p><strong>Spezifikationen<\/strong><span style=\"font-family: -apple-system, BlinkMacSystemFont, 'Segoe UI', Roboto, Oxygen-Sans, Ubuntu, Cantarell, 'Helvetica Neue', sans-serif;\">:<\/span><\/p>\n<ul>\n<li class=\"md-end-block\">Farbe: stickerless<\/li>\n<li class=\"md-end-block\">Material: Kunststoff (ABS)<\/li>\n<li class=\"md-end-block\">Produkt Abmessungen: 4,5 x 4,<span class=\"\">5 x 4,<\/span>5 cm<\/li>\n<li class=\"md-end-block\">Gewicht: 45g<\/li>\n<\/ul>\n","protected":false},"excerpt":{"rendered":"<p>MoYu Mini 3&#215;3 &#8211; 4,5 cm Der MoYu Mini ist ein neuer 3&#215;3 mit MoYu-Sub-Branding aus der Cubing Classroom-Serie mit einer Seitenl\u00e4nge von nur 4,5 cm. Damit ist er etwas kleiner als ein gew\u00f6hnlicher 2&#215;2. Der Mini 3&#215;3 zeichnet sich durch hervorragende Leistung, ein super Design und erstklassige Funktionalit\u00e4t aus, die die M\u00f6glichkeiten eines Mini-Budgetw\u00fcrfels [&hellip;]<\/p>\n","protected":false},"featured_media":1648,"comment_status":"open","ping_status":"closed","template":"","meta":[],"product_brand":[],"product_cat":[53,38],"product_tag":[69,83,82,47,61],"class_list":{"0":"post-1647","1":"product","2":"type-product","3":"status-publish","4":"has-post-thumbnail","6":"product_cat-3x3","7":"product_cat-moyu","8":"product_tag-3x3","9":"product_tag-bread","10":"product_tag-mini","11":"product_tag-moyu","12":"product_tag-zauberwuerfel","14":"first","15":"instock","16":"taxable","17":"shipping-taxable","18":"purchasable","19":"product-type-simple"},"yoast_head":"<!-- This site is optimized with the Yoast SEO plugin v26.7 - https:\/\/yoast.com\/wordpress\/plugins\/seo\/ -->\n<title>MoYu Mini 3x3 - 4,5 cm - gRoods<\/title>\n<meta name=\"robots\" content=\"index, follow, max-snippet:-1, max-image-preview:large, max-video-preview:-1\" \/>\n<link rel=\"canonical\" href=\"https:\/\/www.groods.de\/index.php\/produkt\/moyu-mini-3x3-45-cm\/\" \/>\n<meta property=\"og:locale\" content=\"de_DE\" \/>\n<meta property=\"og:type\" content=\"article\" \/>\n<meta property=\"og:title\" content=\"MoYu Mini 3x3 - 4,5 cm - gRoods\" \/>\n<meta property=\"og:description\" content=\"MoYu Mini 3&#215;3 &#8211; 4,5 cm Der MoYu Mini ist ein neuer 3&#215;3 mit MoYu-Sub-Branding aus der Cubing Classroom-Serie mit einer Seitenl\u00e4nge von nur 4,5 cm. Damit ist er etwas kleiner als ein gew\u00f6hnlicher 2&#215;2. Der Mini 3&#215;3 zeichnet sich durch hervorragende Leistung, ein super Design und erstklassige Funktionalit\u00e4t aus, die die M\u00f6glichkeiten eines Mini-Budgetw\u00fcrfels [&hellip;]\" \/>\n<meta property=\"og:url\" content=\"https:\/\/www.groods.de\/index.php\/produkt\/moyu-mini-3x3-45-cm\/\" \/>\n<meta property=\"og:site_name\" content=\"gRoods\" \/>\n<meta property=\"article:modified_time\" content=\"2025-11-19T21:19:10+00:00\" \/>\n<meta property=\"og:image\" content=\"https:\/\/www.groods.de\/wp-content\/uploads\/2019\/05\/MoYu_Mini_4_5_cm_3x3_5_1024.jpeg\" \/>\n\t<meta property=\"og:image:width\" content=\"1000\" \/>\n\t<meta property=\"og:image:height\" content=\"1000\" \/>\n\t<meta property=\"og:image:type\" content=\"image\/jpeg\" \/>\n<meta name=\"twitter:card\" content=\"summary_large_image\" \/>\n<meta name=\"twitter:label1\" content=\"Gesch\u00e4tzte Lesezeit\" \/>\n\t<meta name=\"twitter:data1\" content=\"1\u00a0Minute\" \/>\n<script type=\"application\/ld+json\" class=\"yoast-schema-graph\">{\"@context\":\"https:\/\/schema.org\",\"@graph\":[{\"@type\":\"WebPage\",\"@id\":\"https:\/\/www.groods.de\/index.php\/produkt\/moyu-mini-3x3-45-cm\/\",\"url\":\"https:\/\/www.groods.de\/index.php\/produkt\/moyu-mini-3x3-45-cm\/\",\"name\":\"MoYu Mini 3x3 - 4,5 cm - gRoods\",\"isPartOf\":{\"@id\":\"https:\/\/www.groods.de\/#website\"},\"primaryImageOfPage\":{\"@id\":\"https:\/\/www.groods.de\/index.php\/produkt\/moyu-mini-3x3-45-cm\/#primaryimage\"},\"image\":{\"@id\":\"https:\/\/www.groods.de\/index.php\/produkt\/moyu-mini-3x3-45-cm\/#primaryimage\"},\"thumbnailUrl\":\"https:\/\/www.groods.de\/wp-content\/uploads\/2019\/05\/MoYu_Mini_4_5_cm_3x3_5_1024.jpeg\",\"datePublished\":\"2019-05-08T09:09:38+00:00\",\"dateModified\":\"2025-11-19T21:19:10+00:00\",\"breadcrumb\":{\"@id\":\"https:\/\/www.groods.de\/index.php\/produkt\/moyu-mini-3x3-45-cm\/#breadcrumb\"},\"inLanguage\":\"de\",\"potentialAction\":[{\"@type\":\"ReadAction\",\"target\":[\"https:\/\/www.groods.de\/index.php\/produkt\/moyu-mini-3x3-45-cm\/\"]}]},{\"@type\":\"ImageObject\",\"inLanguage\":\"de\",\"@id\":\"https:\/\/www.groods.de\/index.php\/produkt\/moyu-mini-3x3-45-cm\/#primaryimage\",\"url\":\"https:\/\/www.groods.de\/wp-content\/uploads\/2019\/05\/MoYu_Mini_4_5_cm_3x3_5_1024.jpeg\",\"contentUrl\":\"https:\/\/www.groods.de\/wp-content\/uploads\/2019\/05\/MoYu_Mini_4_5_cm_3x3_5_1024.jpeg\",\"width\":1000,\"height\":1000},{\"@type\":\"BreadcrumbList\",\"@id\":\"https:\/\/www.groods.de\/index.php\/produkt\/moyu-mini-3x3-45-cm\/#breadcrumb\",\"itemListElement\":[{\"@type\":\"ListItem\",\"position\":1,\"name\":\"Startseite\",\"item\":\"https:\/\/www.groods.de\/\"},{\"@type\":\"ListItem\",\"position\":2,\"name\":\"Shop\",\"item\":\"https:\/\/www.groods.de\/index.php\/shop\/\"},{\"@type\":\"ListItem\",\"position\":3,\"name\":\"MoYu Mini 3&#215;3 &#8211; 4,5 cm\"}]},{\"@type\":\"WebSite\",\"@id\":\"https:\/\/www.groods.de\/#website\",\"url\":\"https:\/\/www.groods.de\/\",\"name\":\"gRoods.de\",\"description\":\"Entdecke die Welt der Speedcubes\",\"publisher\":{\"@id\":\"https:\/\/www.groods.de\/#organization\"},\"potentialAction\":[{\"@type\":\"SearchAction\",\"target\":{\"@type\":\"EntryPoint\",\"urlTemplate\":\"https:\/\/www.groods.de\/?s={search_term_string}\"},\"query-input\":{\"@type\":\"PropertyValueSpecification\",\"valueRequired\":true,\"valueName\":\"search_term_string\"}}],\"inLanguage\":\"de\"},{\"@type\":\"Organization\",\"@id\":\"https:\/\/www.groods.de\/#organization\",\"name\":\"gRoods.de\",\"url\":\"https:\/\/www.groods.de\/\",\"logo\":{\"@type\":\"ImageObject\",\"inLanguage\":\"de\",\"@id\":\"https:\/\/www.groods.de\/#\/schema\/logo\/image\/\",\"url\":\"https:\/\/www.groods.de\/wp-content\/uploads\/2018\/08\/logo.png\",\"contentUrl\":\"https:\/\/www.groods.de\/wp-content\/uploads\/2018\/08\/logo.png\",\"width\":1077,\"height\":373,\"caption\":\"gRoods.de\"},\"image\":{\"@id\":\"https:\/\/www.groods.de\/#\/schema\/logo\/image\/\"}}]}<\/script>\n<!-- \/ Yoast SEO plugin. -->","yoast_head_json":{"title":"MoYu Mini 3x3 - 4,5 cm - gRoods","robots":{"index":"index","follow":"follow","max-snippet":"max-snippet:-1","max-image-preview":"max-image-preview:large","max-video-preview":"max-video-preview:-1"},"canonical":"https:\/\/www.groods.de\/index.php\/produkt\/moyu-mini-3x3-45-cm\/","og_locale":"de_DE","og_type":"article","og_title":"MoYu Mini 3x3 - 4,5 cm - gRoods","og_description":"MoYu Mini 3&#215;3 &#8211; 4,5 cm Der MoYu Mini ist ein neuer 3&#215;3 mit MoYu-Sub-Branding aus der Cubing Classroom-Serie mit einer Seitenl\u00e4nge von nur 4,5 cm. Damit ist er etwas kleiner als ein gew\u00f6hnlicher 2&#215;2. Der Mini 3&#215;3 zeichnet sich durch hervorragende Leistung, ein super Design und erstklassige Funktionalit\u00e4t aus, die die M\u00f6glichkeiten eines Mini-Budgetw\u00fcrfels [&hellip;]","og_url":"https:\/\/www.groods.de\/index.php\/produkt\/moyu-mini-3x3-45-cm\/","og_site_name":"gRoods","article_modified_time":"2025-11-19T21:19:10+00:00","og_image":[{"width":1000,"height":1000,"url":"https:\/\/www.groods.de\/wp-content\/uploads\/2019\/05\/MoYu_Mini_4_5_cm_3x3_5_1024.jpeg","type":"image\/jpeg"}],"twitter_card":"summary_large_image","twitter_misc":{"Gesch\u00e4tzte Lesezeit":"1\u00a0Minute"},"schema":{"@context":"https:\/\/schema.org","@graph":[{"@type":"WebPage","@id":"https:\/\/www.groods.de\/index.php\/produkt\/moyu-mini-3x3-45-cm\/","url":"https:\/\/www.groods.de\/index.php\/produkt\/moyu-mini-3x3-45-cm\/","name":"MoYu Mini 3x3 - 4,5 cm - gRoods","isPartOf":{"@id":"https:\/\/www.groods.de\/#website"},"primaryImageOfPage":{"@id":"https:\/\/www.groods.de\/index.php\/produkt\/moyu-mini-3x3-45-cm\/#primaryimage"},"image":{"@id":"https:\/\/www.groods.de\/index.php\/produkt\/moyu-mini-3x3-45-cm\/#primaryimage"},"thumbnailUrl":"https:\/\/www.groods.de\/wp-content\/uploads\/2019\/05\/MoYu_Mini_4_5_cm_3x3_5_1024.jpeg","datePublished":"2019-05-08T09:09:38+00:00","dateModified":"2025-11-19T21:19:10+00:00","breadcrumb":{"@id":"https:\/\/www.groods.de\/index.php\/produkt\/moyu-mini-3x3-45-cm\/#breadcrumb"},"inLanguage":"de","potentialAction":[{"@type":"ReadAction","target":["https:\/\/www.groods.de\/index.php\/produkt\/moyu-mini-3x3-45-cm\/"]}]},{"@type":"ImageObject","inLanguage":"de","@id":"https:\/\/www.groods.de\/index.php\/produkt\/moyu-mini-3x3-45-cm\/#primaryimage","url":"https:\/\/www.groods.de\/wp-content\/uploads\/2019\/05\/MoYu_Mini_4_5_cm_3x3_5_1024.jpeg","contentUrl":"https:\/\/www.groods.de\/wp-content\/uploads\/2019\/05\/MoYu_Mini_4_5_cm_3x3_5_1024.jpeg","width":1000,"height":1000},{"@type":"BreadcrumbList","@id":"https:\/\/www.groods.de\/index.php\/produkt\/moyu-mini-3x3-45-cm\/#breadcrumb","itemListElement":[{"@type":"ListItem","position":1,"name":"Startseite","item":"https:\/\/www.groods.de\/"},{"@type":"ListItem","position":2,"name":"Shop","item":"https:\/\/www.groods.de\/index.php\/shop\/"},{"@type":"ListItem","position":3,"name":"MoYu Mini 3&#215;3 &#8211; 4,5 cm"}]},{"@type":"WebSite","@id":"https:\/\/www.groods.de\/#website","url":"https:\/\/www.groods.de\/","name":"gRoods.de","description":"Entdecke die Welt der Speedcubes","publisher":{"@id":"https:\/\/www.groods.de\/#organization"},"potentialAction":[{"@type":"SearchAction","target":{"@type":"EntryPoint","urlTemplate":"https:\/\/www.groods.de\/?s={search_term_string}"},"query-input":{"@type":"PropertyValueSpecification","valueRequired":true,"valueName":"search_term_string"}}],"inLanguage":"de"},{"@type":"Organization","@id":"https:\/\/www.groods.de\/#organization","name":"gRoods.de","url":"https:\/\/www.groods.de\/","logo":{"@type":"ImageObject","inLanguage":"de","@id":"https:\/\/www.groods.de\/#\/schema\/logo\/image\/","url":"https:\/\/www.groods.de\/wp-content\/uploads\/2018\/08\/logo.png","contentUrl":"https:\/\/www.groods.de\/wp-content\/uploads\/2018\/08\/logo.png","width":1077,"height":373,"caption":"gRoods.de"},"image":{"@id":"https:\/\/www.groods.de\/#\/schema\/logo\/image\/"}}]}},"_links":{"self":[{"href":"https:\/\/www.groods.de\/index.php\/wp-json\/wp\/v2\/product\/1647","targetHints":{"allow":["GET"]}}],"collection":[{"href":"https:\/\/www.groods.de\/index.php\/wp-json\/wp\/v2\/product"}],"about":[{"href":"https:\/\/www.groods.de\/index.php\/wp-json\/wp\/v2\/types\/product"}],"replies":[{"embeddable":true,"href":"https:\/\/www.groods.de\/index.php\/wp-json\/wp\/v2\/comments?post=1647"}],"wp:featuredmedia":[{"embeddable":true,"href":"https:\/\/www.groods.de\/index.php\/wp-json\/wp\/v2\/media\/1648"}],"wp:attachment":[{"href":"https:\/\/www.groods.de\/index.php\/wp-json\/wp\/v2\/media?parent=1647"}],"wp:term":[{"taxonomy":"product_brand","embeddable":true,"href":"https:\/\/www.groods.de\/index.php\/wp-json\/wp\/v2\/product_brand?post=1647"},{"taxonomy":"product_cat","embeddable":true,"href":"https:\/\/www.groods.de\/index.php\/wp-json\/wp\/v2\/product_cat?post=1647"},{"taxonomy":"product_tag","embeddable":true,"href":"https:\/\/www.groods.de\/index.php\/wp-json\/wp\/v2\/product_tag?post=1647"}],"curies":[{"name":"wp","href":"https:\/\/api.w.org\/{rel}","templated":true}]}}