{"id":1631,"date":"2019-05-08T11:00:03","date_gmt":"2019-05-08T09:00:03","guid":{"rendered":"https:\/\/www.groods.de\/?post_type=product&#038;p=1631"},"modified":"2025-11-19T22:18:25","modified_gmt":"2025-11-19T21:18:25","slug":"yj-mini-bread-cube-3x3-3-5-cm","status":"publish","type":"product","link":"https:\/\/www.groods.de\/index.php\/produkt\/yj-mini-bread-cube-3x3-3-5-cm\/","title":{"rendered":"YJ Mini Bread Cube 3&#215;3 &#8211; 3.5 cm"},"content":{"rendered":"<h1>YJ Mini Bread Cube 3&#215;3 &#8211; 3.5 cm<\/h1>\n<p>Der YJ Mini 3.5cm 3&#215;3 ist ein gut drehender 3&#215;3 in einer tragbareren, kleineren Gr\u00f6\u00dfe! Er ist extrem leicht und hat abgerundete Ecken, durch die er auch ideal f\u00fcr die Hosentasche geeignet ist. F\u00fcr einen so kleinen W\u00fcrfel verf\u00fcgt er \u00fcber einen robusten internen Mechanismus und l\u00e4sst sich leicht drehten.<\/p>\n<p class=\"md-end-block\"><span class=\"\"><strong>Eigenschaften<\/strong><\/span>:<\/p>\n<ul>\n<li class=\"md-end-block\">neu und Originalverpackt<\/li>\n<li class=\"md-end-block\">hohe Qualit\u00e4t<\/li>\n<li class=\"md-end-block\">aus hochwertigem ABS Material, das umweltfreundlich, ungiftig und langlebig ist<\/li>\n<li class=\"md-end-block\">einfarbig im stickerless\u00a0Design<\/li>\n<li class=\"md-end-block\">geschmeidige Rotation und komfortables Spielgef\u00fchl<\/li>\n<li class=\"md-end-block\">abgerundete Ecken (ideal f\u00fcr die Hosentasche)<\/li>\n<\/ul>\n<p><strong>Spezifikationen<\/strong><span style=\"font-family: -apple-system, BlinkMacSystemFont, 'Segoe UI', Roboto, Oxygen-Sans, Ubuntu, Cantarell, 'Helvetica Neue', sans-serif;\">:<\/span><\/p>\n<ul>\n<li class=\"md-end-block\">Farbe: stickerless<\/li>\n<li class=\"md-end-block\">Material: Kunststoff (ABS)<\/li>\n<li class=\"md-end-block\">Produkt Abmessungen: 3,5 x <span class=\"\">3,5 x <\/span>3,5 cm<\/li>\n<li class=\"md-end-block\">Gewicht: 30g<\/li>\n<\/ul>\n","protected":false},"excerpt":{"rendered":"<p>YJ Mini Bread Cube 3&#215;3 &#8211; 3.5 cm Der YJ Mini 3.5cm 3&#215;3 ist ein gut drehender 3&#215;3 in einer tragbareren, kleineren Gr\u00f6\u00dfe! Er ist extrem leicht und hat abgerundete Ecken, durch die er auch ideal f\u00fcr die Hosentasche geeignet ist. F\u00fcr einen so kleinen W\u00fcrfel verf\u00fcgt er \u00fcber einen robusten internen Mechanismus und l\u00e4sst [&hellip;]<\/p>\n","protected":false},"featured_media":1632,"comment_status":"open","ping_status":"closed","template":"","meta":[],"product_brand":[],"product_cat":[53,42],"product_tag":[69,83,82,84,61],"class_list":{"0":"post-1631","1":"product","2":"type-product","3":"status-publish","4":"has-post-thumbnail","6":"product_cat-3x3","7":"product_cat-yj","8":"product_tag-3x3","9":"product_tag-bread","10":"product_tag-mini","11":"product_tag-yj","12":"product_tag-zauberwuerfel","14":"first","15":"instock","16":"taxable","17":"shipping-taxable","18":"purchasable","19":"product-type-simple"},"yoast_head":"<!-- This site is optimized with the Yoast SEO plugin v26.7 - https:\/\/yoast.com\/wordpress\/plugins\/seo\/ -->\n<title>YJ Mini Bread Cube 3x3 - 3.5 cm - gRoods<\/title>\n<meta name=\"robots\" content=\"index, follow, max-snippet:-1, max-image-preview:large, max-video-preview:-1\" \/>\n<link rel=\"canonical\" href=\"https:\/\/www.groods.de\/index.php\/produkt\/yj-mini-bread-cube-3x3-3-5-cm\/\" \/>\n<meta property=\"og:locale\" content=\"de_DE\" \/>\n<meta property=\"og:type\" content=\"article\" \/>\n<meta property=\"og:title\" content=\"YJ Mini Bread Cube 3x3 - 3.5 cm - gRoods\" \/>\n<meta property=\"og:description\" content=\"YJ Mini Bread Cube 3&#215;3 &#8211; 3.5 cm Der YJ Mini 3.5cm 3&#215;3 ist ein gut drehender 3&#215;3 in einer tragbareren, kleineren Gr\u00f6\u00dfe! Er ist extrem leicht und hat abgerundete Ecken, durch die er auch ideal f\u00fcr die Hosentasche geeignet ist. F\u00fcr einen so kleinen W\u00fcrfel verf\u00fcgt er \u00fcber einen robusten internen Mechanismus und l\u00e4sst [&hellip;]\" \/>\n<meta property=\"og:url\" content=\"https:\/\/www.groods.de\/index.php\/produkt\/yj-mini-bread-cube-3x3-3-5-cm\/\" \/>\n<meta property=\"og:site_name\" content=\"gRoods\" \/>\n<meta property=\"article:modified_time\" content=\"2025-11-19T21:18:25+00:00\" \/>\n<meta property=\"og:image\" content=\"https:\/\/www.groods.de\/wp-content\/uploads\/2019\/05\/YJ_Mini_Bread_Cube_3_5_cm_3x3_7_1024.jpeg\" \/>\n\t<meta property=\"og:image:width\" content=\"1000\" \/>\n\t<meta property=\"og:image:height\" content=\"1000\" \/>\n\t<meta property=\"og:image:type\" content=\"image\/jpeg\" \/>\n<meta name=\"twitter:card\" content=\"summary_large_image\" \/>\n<meta name=\"twitter:label1\" content=\"Gesch\u00e4tzte Lesezeit\" \/>\n\t<meta name=\"twitter:data1\" content=\"1\u00a0Minute\" \/>\n<script type=\"application\/ld+json\" class=\"yoast-schema-graph\">{\"@context\":\"https:\/\/schema.org\",\"@graph\":[{\"@type\":\"WebPage\",\"@id\":\"https:\/\/www.groods.de\/index.php\/produkt\/yj-mini-bread-cube-3x3-3-5-cm\/\",\"url\":\"https:\/\/www.groods.de\/index.php\/produkt\/yj-mini-bread-cube-3x3-3-5-cm\/\",\"name\":\"YJ Mini Bread Cube 3x3 - 3.5 cm - gRoods\",\"isPartOf\":{\"@id\":\"https:\/\/www.groods.de\/#website\"},\"primaryImageOfPage\":{\"@id\":\"https:\/\/www.groods.de\/index.php\/produkt\/yj-mini-bread-cube-3x3-3-5-cm\/#primaryimage\"},\"image\":{\"@id\":\"https:\/\/www.groods.de\/index.php\/produkt\/yj-mini-bread-cube-3x3-3-5-cm\/#primaryimage\"},\"thumbnailUrl\":\"https:\/\/www.groods.de\/wp-content\/uploads\/2019\/05\/YJ_Mini_Bread_Cube_3_5_cm_3x3_7_1024.jpeg\",\"datePublished\":\"2019-05-08T09:00:03+00:00\",\"dateModified\":\"2025-11-19T21:18:25+00:00\",\"breadcrumb\":{\"@id\":\"https:\/\/www.groods.de\/index.php\/produkt\/yj-mini-bread-cube-3x3-3-5-cm\/#breadcrumb\"},\"inLanguage\":\"de\",\"potentialAction\":[{\"@type\":\"ReadAction\",\"target\":[\"https:\/\/www.groods.de\/index.php\/produkt\/yj-mini-bread-cube-3x3-3-5-cm\/\"]}]},{\"@type\":\"ImageObject\",\"inLanguage\":\"de\",\"@id\":\"https:\/\/www.groods.de\/index.php\/produkt\/yj-mini-bread-cube-3x3-3-5-cm\/#primaryimage\",\"url\":\"https:\/\/www.groods.de\/wp-content\/uploads\/2019\/05\/YJ_Mini_Bread_Cube_3_5_cm_3x3_7_1024.jpeg\",\"contentUrl\":\"https:\/\/www.groods.de\/wp-content\/uploads\/2019\/05\/YJ_Mini_Bread_Cube_3_5_cm_3x3_7_1024.jpeg\",\"width\":1000,\"height\":1000},{\"@type\":\"BreadcrumbList\",\"@id\":\"https:\/\/www.groods.de\/index.php\/produkt\/yj-mini-bread-cube-3x3-3-5-cm\/#breadcrumb\",\"itemListElement\":[{\"@type\":\"ListItem\",\"position\":1,\"name\":\"Startseite\",\"item\":\"https:\/\/www.groods.de\/\"},{\"@type\":\"ListItem\",\"position\":2,\"name\":\"Shop\",\"item\":\"https:\/\/www.groods.de\/index.php\/shop\/\"},{\"@type\":\"ListItem\",\"position\":3,\"name\":\"YJ Mini Bread Cube 3&#215;3 &#8211; 3.5 cm\"}]},{\"@type\":\"WebSite\",\"@id\":\"https:\/\/www.groods.de\/#website\",\"url\":\"https:\/\/www.groods.de\/\",\"name\":\"gRoods.de\",\"description\":\"Entdecke die Welt der Speedcubes\",\"publisher\":{\"@id\":\"https:\/\/www.groods.de\/#organization\"},\"potentialAction\":[{\"@type\":\"SearchAction\",\"target\":{\"@type\":\"EntryPoint\",\"urlTemplate\":\"https:\/\/www.groods.de\/?s={search_term_string}\"},\"query-input\":{\"@type\":\"PropertyValueSpecification\",\"valueRequired\":true,\"valueName\":\"search_term_string\"}}],\"inLanguage\":\"de\"},{\"@type\":\"Organization\",\"@id\":\"https:\/\/www.groods.de\/#organization\",\"name\":\"gRoods.de\",\"url\":\"https:\/\/www.groods.de\/\",\"logo\":{\"@type\":\"ImageObject\",\"inLanguage\":\"de\",\"@id\":\"https:\/\/www.groods.de\/#\/schema\/logo\/image\/\",\"url\":\"https:\/\/www.groods.de\/wp-content\/uploads\/2018\/08\/logo.png\",\"contentUrl\":\"https:\/\/www.groods.de\/wp-content\/uploads\/2018\/08\/logo.png\",\"width\":1077,\"height\":373,\"caption\":\"gRoods.de\"},\"image\":{\"@id\":\"https:\/\/www.groods.de\/#\/schema\/logo\/image\/\"}}]}<\/script>\n<!-- \/ Yoast SEO plugin. -->","yoast_head_json":{"title":"YJ Mini Bread Cube 3x3 - 3.5 cm - gRoods","robots":{"index":"index","follow":"follow","max-snippet":"max-snippet:-1","max-image-preview":"max-image-preview:large","max-video-preview":"max-video-preview:-1"},"canonical":"https:\/\/www.groods.de\/index.php\/produkt\/yj-mini-bread-cube-3x3-3-5-cm\/","og_locale":"de_DE","og_type":"article","og_title":"YJ Mini Bread Cube 3x3 - 3.5 cm - gRoods","og_description":"YJ Mini Bread Cube 3&#215;3 &#8211; 3.5 cm Der YJ Mini 3.5cm 3&#215;3 ist ein gut drehender 3&#215;3 in einer tragbareren, kleineren Gr\u00f6\u00dfe! Er ist extrem leicht und hat abgerundete Ecken, durch die er auch ideal f\u00fcr die Hosentasche geeignet ist. F\u00fcr einen so kleinen W\u00fcrfel verf\u00fcgt er \u00fcber einen robusten internen Mechanismus und l\u00e4sst [&hellip;]","og_url":"https:\/\/www.groods.de\/index.php\/produkt\/yj-mini-bread-cube-3x3-3-5-cm\/","og_site_name":"gRoods","article_modified_time":"2025-11-19T21:18:25+00:00","og_image":[{"width":1000,"height":1000,"url":"https:\/\/www.groods.de\/wp-content\/uploads\/2019\/05\/YJ_Mini_Bread_Cube_3_5_cm_3x3_7_1024.jpeg","type":"image\/jpeg"}],"twitter_card":"summary_large_image","twitter_misc":{"Gesch\u00e4tzte Lesezeit":"1\u00a0Minute"},"schema":{"@context":"https:\/\/schema.org","@graph":[{"@type":"WebPage","@id":"https:\/\/www.groods.de\/index.php\/produkt\/yj-mini-bread-cube-3x3-3-5-cm\/","url":"https:\/\/www.groods.de\/index.php\/produkt\/yj-mini-bread-cube-3x3-3-5-cm\/","name":"YJ Mini Bread Cube 3x3 - 3.5 cm - gRoods","isPartOf":{"@id":"https:\/\/www.groods.de\/#website"},"primaryImageOfPage":{"@id":"https:\/\/www.groods.de\/index.php\/produkt\/yj-mini-bread-cube-3x3-3-5-cm\/#primaryimage"},"image":{"@id":"https:\/\/www.groods.de\/index.php\/produkt\/yj-mini-bread-cube-3x3-3-5-cm\/#primaryimage"},"thumbnailUrl":"https:\/\/www.groods.de\/wp-content\/uploads\/2019\/05\/YJ_Mini_Bread_Cube_3_5_cm_3x3_7_1024.jpeg","datePublished":"2019-05-08T09:00:03+00:00","dateModified":"2025-11-19T21:18:25+00:00","breadcrumb":{"@id":"https:\/\/www.groods.de\/index.php\/produkt\/yj-mini-bread-cube-3x3-3-5-cm\/#breadcrumb"},"inLanguage":"de","potentialAction":[{"@type":"ReadAction","target":["https:\/\/www.groods.de\/index.php\/produkt\/yj-mini-bread-cube-3x3-3-5-cm\/"]}]},{"@type":"ImageObject","inLanguage":"de","@id":"https:\/\/www.groods.de\/index.php\/produkt\/yj-mini-bread-cube-3x3-3-5-cm\/#primaryimage","url":"https:\/\/www.groods.de\/wp-content\/uploads\/2019\/05\/YJ_Mini_Bread_Cube_3_5_cm_3x3_7_1024.jpeg","contentUrl":"https:\/\/www.groods.de\/wp-content\/uploads\/2019\/05\/YJ_Mini_Bread_Cube_3_5_cm_3x3_7_1024.jpeg","width":1000,"height":1000},{"@type":"BreadcrumbList","@id":"https:\/\/www.groods.de\/index.php\/produkt\/yj-mini-bread-cube-3x3-3-5-cm\/#breadcrumb","itemListElement":[{"@type":"ListItem","position":1,"name":"Startseite","item":"https:\/\/www.groods.de\/"},{"@type":"ListItem","position":2,"name":"Shop","item":"https:\/\/www.groods.de\/index.php\/shop\/"},{"@type":"ListItem","position":3,"name":"YJ Mini Bread Cube 3&#215;3 &#8211; 3.5 cm"}]},{"@type":"WebSite","@id":"https:\/\/www.groods.de\/#website","url":"https:\/\/www.groods.de\/","name":"gRoods.de","description":"Entdecke die Welt der Speedcubes","publisher":{"@id":"https:\/\/www.groods.de\/#organization"},"potentialAction":[{"@type":"SearchAction","target":{"@type":"EntryPoint","urlTemplate":"https:\/\/www.groods.de\/?s={search_term_string}"},"query-input":{"@type":"PropertyValueSpecification","valueRequired":true,"valueName":"search_term_string"}}],"inLanguage":"de"},{"@type":"Organization","@id":"https:\/\/www.groods.de\/#organization","name":"gRoods.de","url":"https:\/\/www.groods.de\/","logo":{"@type":"ImageObject","inLanguage":"de","@id":"https:\/\/www.groods.de\/#\/schema\/logo\/image\/","url":"https:\/\/www.groods.de\/wp-content\/uploads\/2018\/08\/logo.png","contentUrl":"https:\/\/www.groods.de\/wp-content\/uploads\/2018\/08\/logo.png","width":1077,"height":373,"caption":"gRoods.de"},"image":{"@id":"https:\/\/www.groods.de\/#\/schema\/logo\/image\/"}}]}},"_links":{"self":[{"href":"https:\/\/www.groods.de\/index.php\/wp-json\/wp\/v2\/product\/1631","targetHints":{"allow":["GET"]}}],"collection":[{"href":"https:\/\/www.groods.de\/index.php\/wp-json\/wp\/v2\/product"}],"about":[{"href":"https:\/\/www.groods.de\/index.php\/wp-json\/wp\/v2\/types\/product"}],"replies":[{"embeddable":true,"href":"https:\/\/www.groods.de\/index.php\/wp-json\/wp\/v2\/comments?post=1631"}],"wp:featuredmedia":[{"embeddable":true,"href":"https:\/\/www.groods.de\/index.php\/wp-json\/wp\/v2\/media\/1632"}],"wp:attachment":[{"href":"https:\/\/www.groods.de\/index.php\/wp-json\/wp\/v2\/media?parent=1631"}],"wp:term":[{"taxonomy":"product_brand","embeddable":true,"href":"https:\/\/www.groods.de\/index.php\/wp-json\/wp\/v2\/product_brand?post=1631"},{"taxonomy":"product_cat","embeddable":true,"href":"https:\/\/www.groods.de\/index.php\/wp-json\/wp\/v2\/product_cat?post=1631"},{"taxonomy":"product_tag","embeddable":true,"href":"https:\/\/www.groods.de\/index.php\/wp-json\/wp\/v2\/product_tag?post=1631"}],"curies":[{"name":"wp","href":"https:\/\/api.w.org\/{rel}","templated":true}]}}