{"id":1619,"date":"2019-05-07T23:08:37","date_gmt":"2019-05-07T21:08:37","guid":{"rendered":"https:\/\/www.groods.de\/?post_type=product&#038;p=1619"},"modified":"2025-11-19T22:20:43","modified_gmt":"2025-11-19T21:20:43","slug":"yj-mgc-v2-magnetic-cube-3x3-schwarz","status":"publish","type":"product","link":"https:\/\/www.groods.de\/index.php\/produkt\/yj-mgc-v2-magnetic-cube-3x3-schwarz\/","title":{"rendered":"YJ MGC V2 Magnetic Cube 3&#215;3 &#8211; schwarz"},"content":{"rendered":"<h1>YJ MGC V2 Magnetic Cube 3&#215;3 &#8211; schwarz<\/h1>\n<p>Der MGC V2 ist der derzeit beste verf\u00fcgbare Magnetw\u00fcrfel <span class=\"md-expand\">vom erfahrenen Cube-Produzenten YJ\u00a0<\/span>und bietet sehr viele Anpassungsm\u00f6glichkeiten, die den MGC V2 f\u00fcr Speedcuber noch attraktiver machen. Es stehen drei Federoptionen zur Verf\u00fcgung &#8211; Leicht (Gelb), Mittel (vorinstalliert) und Stark (Blau) -, mit denen Sie die Flexibilit\u00e4t und das Gesamtgef\u00fchl Ihres MGC ver\u00e4ndern k\u00f6nnen.\u00a0<span class=\"md-expand\">Die Leistung des MGC V2 ist sensationell und konkurriert mit den besten W\u00fcrfeln auf dem Markt.<\/span><\/p>\n<p class=\"md-end-block\">Ein einzigartiges Design erm\u00f6glicht die Platzierung der Magnete in den Zentren jedes Teiles. Durch das magnetisches Positionierungssystem, hat er eine hervorragende Allround-Leistung, f\u00fchlt sich glatt und geschmeidig an. Er bietet viele Eigenschaften, die man sonst nur von den Flaggschiffw\u00fcrfeln kennt. Der MGC kommt in einer kompakten Gr\u00f6\u00dfe von 55 mm und im klassischen Design mit einem transluzenten Inneren.\u00a0Mittelfeste Magnete werden von YJ pr\u00e4zise installiert und verhindern ein \u00dcberdrehen und erh\u00f6hen die Stabilit\u00e4t. Butterweiches sanftes Drehen und sehr gutes Corner Cutting machen den MGC V2 zur Wahl vieler professioneller Speedcuber.<\/p>\n<p class=\"md-end-block\"><span class=\"\">In unserem Test stellen wir fest, dass das Puzzle in der Tat sehr schnell ist. Die Magnete werden auff\u00e4llig pr\u00e4sentiert. Der Kunststoff ist angenehm weich und der W\u00fcrfel hat einen sehr ruhigen und ged\u00e4mpften Klang. Es ist eine absolute Freude, diesen W\u00fcrfel zu drehen. Selbst ohne Gleitmittel gelingt es diesem W\u00fcrfel, ein sehr glattes und taktiles Drehen beizubehalten.<\/span><\/p>\n<h4>Lieferumfang:<\/h4>\n<ul>\n<li>1x YJ MGC V2 Magnetic Cube 3x3x3<\/li>\n<li>12 zus\u00e4tzliche Federn zur individuellen Anpassung Ihres YJ MGC V2 Magnetic Cube<\/li>\n<li>6x Ersatzmagnete f\u00fcr\u00a0YJ MGC V2 Magnetic Cube<\/li>\n<li>1x Schraubendreher zum pr\u00e4zisen Einstellen der Federn<\/li>\n<li>1x Anleitung zum l\u00f6sen des W\u00fcrfels<\/li>\n<\/ul>\n<h4>Eigenschaften:<\/h4>\n<ul>\n<li class=\"md-end-block\">neu und Originalverpackt<\/li>\n<li class=\"md-end-block\">hohe Qualit\u00e4t<\/li>\n<li class=\"md-end-block\">aus hochwertigem ABS Material, das umweltfreundlich, ungiftig und langlebig ist<\/li>\n<li class=\"md-end-block\">geschmeidige Rotation und komfortables Spielgef\u00fchl<\/li>\n<li class=\"md-end-block\">ausgezeichnete Fehlertoleranz f\u00fcr besonders schnelle Zeiten<\/li>\n<li class=\"md-end-block\">geeignet f\u00fcr Speedcube Wettbewerbe<\/li>\n<\/ul>\n<h4 class=\"md-end-block md-heading\">Spezifikationen:<\/h4>\n<ul>\n<li class=\"md-end-block\"><span class=\"\">Farbe: schwarz mit Stickern<\/span><\/li>\n<li class=\"md-end-block\">Material: Kunststoff (ABS)<\/li>\n<li class=\"md-end-block\"><span class=\"\">Produkt Abmessungen: 56 x 56 x 56 mm<\/span><\/li>\n<li class=\"md-end-block\"><span class=\"\">Gewicht: 78g<\/span><\/li>\n<li class=\"md-end-block md-focus\"><span class=\"md-expand\">Verpackung: hochwertige Karton Box<\/span><\/li>\n<\/ul>\n","protected":false},"excerpt":{"rendered":"<p>Der YJ MGC V2 ist ein neuer, qualitativ hochwertiger 3&#215;3 vom erfahrenen Cube-Produzenten YJ.<\/p>\n","protected":false},"featured_media":1620,"comment_status":"open","ping_status":"closed","template":"","meta":[],"product_brand":[],"product_cat":[53,40,42,19],"product_tag":[],"class_list":{"0":"post-1619","1":"product","2":"type-product","3":"status-publish","4":"has-post-thumbnail","6":"product_cat-3x3","7":"product_cat-magnetische-zauberwuerfel","8":"product_cat-yj","9":"product_cat-zauberwuerfel","11":"first","12":"instock","13":"sale","14":"taxable","15":"shipping-taxable","16":"purchasable","17":"product-type-simple"},"yoast_head":"<!-- This site is optimized with the Yoast SEO plugin v26.7 - https:\/\/yoast.com\/wordpress\/plugins\/seo\/ -->\n<title>YJ MGC V2 Magnetic Cube 3x3 - schwarz - gRoods<\/title>\n<meta name=\"robots\" content=\"index, follow, max-snippet:-1, max-image-preview:large, max-video-preview:-1\" \/>\n<link rel=\"canonical\" href=\"https:\/\/www.groods.de\/index.php\/produkt\/yj-mgc-v2-magnetic-cube-3x3-schwarz\/\" \/>\n<meta property=\"og:locale\" content=\"de_DE\" \/>\n<meta property=\"og:type\" content=\"article\" \/>\n<meta property=\"og:title\" content=\"YJ MGC V2 Magnetic Cube 3x3 - schwarz - gRoods\" \/>\n<meta property=\"og:description\" content=\"Der YJ MGC V2 ist ein neuer, qualitativ hochwertiger 3x3 vom erfahrenen Cube-Produzenten YJ.\" \/>\n<meta property=\"og:url\" content=\"https:\/\/www.groods.de\/index.php\/produkt\/yj-mgc-v2-magnetic-cube-3x3-schwarz\/\" \/>\n<meta property=\"og:site_name\" content=\"gRoods\" \/>\n<meta property=\"article:modified_time\" content=\"2025-11-19T21:20:43+00:00\" \/>\n<meta property=\"og:image\" content=\"https:\/\/www.groods.de\/wp-content\/uploads\/2019\/05\/YJ_MGC_V2_black_8_1024.jpg\" \/>\n\t<meta property=\"og:image:width\" content=\"1000\" \/>\n\t<meta property=\"og:image:height\" content=\"1000\" \/>\n\t<meta property=\"og:image:type\" content=\"image\/jpeg\" \/>\n<meta name=\"twitter:card\" content=\"summary_large_image\" \/>\n<meta name=\"twitter:label1\" content=\"Gesch\u00e4tzte Lesezeit\" \/>\n\t<meta name=\"twitter:data1\" content=\"2\u00a0Minuten\" \/>\n<script type=\"application\/ld+json\" class=\"yoast-schema-graph\">{\"@context\":\"https:\/\/schema.org\",\"@graph\":[{\"@type\":\"WebPage\",\"@id\":\"https:\/\/www.groods.de\/index.php\/produkt\/yj-mgc-v2-magnetic-cube-3x3-schwarz\/\",\"url\":\"https:\/\/www.groods.de\/index.php\/produkt\/yj-mgc-v2-magnetic-cube-3x3-schwarz\/\",\"name\":\"YJ MGC V2 Magnetic Cube 3x3 - schwarz - gRoods\",\"isPartOf\":{\"@id\":\"https:\/\/www.groods.de\/#website\"},\"primaryImageOfPage\":{\"@id\":\"https:\/\/www.groods.de\/index.php\/produkt\/yj-mgc-v2-magnetic-cube-3x3-schwarz\/#primaryimage\"},\"image\":{\"@id\":\"https:\/\/www.groods.de\/index.php\/produkt\/yj-mgc-v2-magnetic-cube-3x3-schwarz\/#primaryimage\"},\"thumbnailUrl\":\"https:\/\/www.groods.de\/wp-content\/uploads\/2019\/05\/YJ_MGC_V2_black_8_1024.jpg\",\"datePublished\":\"2019-05-07T21:08:37+00:00\",\"dateModified\":\"2025-11-19T21:20:43+00:00\",\"breadcrumb\":{\"@id\":\"https:\/\/www.groods.de\/index.php\/produkt\/yj-mgc-v2-magnetic-cube-3x3-schwarz\/#breadcrumb\"},\"inLanguage\":\"de\",\"potentialAction\":[{\"@type\":\"ReadAction\",\"target\":[\"https:\/\/www.groods.de\/index.php\/produkt\/yj-mgc-v2-magnetic-cube-3x3-schwarz\/\"]}]},{\"@type\":\"ImageObject\",\"inLanguage\":\"de\",\"@id\":\"https:\/\/www.groods.de\/index.php\/produkt\/yj-mgc-v2-magnetic-cube-3x3-schwarz\/#primaryimage\",\"url\":\"https:\/\/www.groods.de\/wp-content\/uploads\/2019\/05\/YJ_MGC_V2_black_8_1024.jpg\",\"contentUrl\":\"https:\/\/www.groods.de\/wp-content\/uploads\/2019\/05\/YJ_MGC_V2_black_8_1024.jpg\",\"width\":1000,\"height\":1000},{\"@type\":\"BreadcrumbList\",\"@id\":\"https:\/\/www.groods.de\/index.php\/produkt\/yj-mgc-v2-magnetic-cube-3x3-schwarz\/#breadcrumb\",\"itemListElement\":[{\"@type\":\"ListItem\",\"position\":1,\"name\":\"Startseite\",\"item\":\"https:\/\/www.groods.de\/\"},{\"@type\":\"ListItem\",\"position\":2,\"name\":\"Shop\",\"item\":\"https:\/\/www.groods.de\/index.php\/shop\/\"},{\"@type\":\"ListItem\",\"position\":3,\"name\":\"YJ MGC V2 Magnetic Cube 3&#215;3 &#8211; schwarz\"}]},{\"@type\":\"WebSite\",\"@id\":\"https:\/\/www.groods.de\/#website\",\"url\":\"https:\/\/www.groods.de\/\",\"name\":\"gRoods.de\",\"description\":\"Entdecke die Welt der Speedcubes\",\"publisher\":{\"@id\":\"https:\/\/www.groods.de\/#organization\"},\"potentialAction\":[{\"@type\":\"SearchAction\",\"target\":{\"@type\":\"EntryPoint\",\"urlTemplate\":\"https:\/\/www.groods.de\/?s={search_term_string}\"},\"query-input\":{\"@type\":\"PropertyValueSpecification\",\"valueRequired\":true,\"valueName\":\"search_term_string\"}}],\"inLanguage\":\"de\"},{\"@type\":\"Organization\",\"@id\":\"https:\/\/www.groods.de\/#organization\",\"name\":\"gRoods.de\",\"url\":\"https:\/\/www.groods.de\/\",\"logo\":{\"@type\":\"ImageObject\",\"inLanguage\":\"de\",\"@id\":\"https:\/\/www.groods.de\/#\/schema\/logo\/image\/\",\"url\":\"https:\/\/www.groods.de\/wp-content\/uploads\/2018\/08\/logo.png\",\"contentUrl\":\"https:\/\/www.groods.de\/wp-content\/uploads\/2018\/08\/logo.png\",\"width\":1077,\"height\":373,\"caption\":\"gRoods.de\"},\"image\":{\"@id\":\"https:\/\/www.groods.de\/#\/schema\/logo\/image\/\"}}]}<\/script>\n<!-- \/ Yoast SEO plugin. -->","yoast_head_json":{"title":"YJ MGC V2 Magnetic Cube 3x3 - schwarz - gRoods","robots":{"index":"index","follow":"follow","max-snippet":"max-snippet:-1","max-image-preview":"max-image-preview:large","max-video-preview":"max-video-preview:-1"},"canonical":"https:\/\/www.groods.de\/index.php\/produkt\/yj-mgc-v2-magnetic-cube-3x3-schwarz\/","og_locale":"de_DE","og_type":"article","og_title":"YJ MGC V2 Magnetic Cube 3x3 - schwarz - gRoods","og_description":"Der YJ MGC V2 ist ein neuer, qualitativ hochwertiger 3x3 vom erfahrenen Cube-Produzenten YJ.","og_url":"https:\/\/www.groods.de\/index.php\/produkt\/yj-mgc-v2-magnetic-cube-3x3-schwarz\/","og_site_name":"gRoods","article_modified_time":"2025-11-19T21:20:43+00:00","og_image":[{"width":1000,"height":1000,"url":"https:\/\/www.groods.de\/wp-content\/uploads\/2019\/05\/YJ_MGC_V2_black_8_1024.jpg","type":"image\/jpeg"}],"twitter_card":"summary_large_image","twitter_misc":{"Gesch\u00e4tzte Lesezeit":"2\u00a0Minuten"},"schema":{"@context":"https:\/\/schema.org","@graph":[{"@type":"WebPage","@id":"https:\/\/www.groods.de\/index.php\/produkt\/yj-mgc-v2-magnetic-cube-3x3-schwarz\/","url":"https:\/\/www.groods.de\/index.php\/produkt\/yj-mgc-v2-magnetic-cube-3x3-schwarz\/","name":"YJ MGC V2 Magnetic Cube 3x3 - schwarz - gRoods","isPartOf":{"@id":"https:\/\/www.groods.de\/#website"},"primaryImageOfPage":{"@id":"https:\/\/www.groods.de\/index.php\/produkt\/yj-mgc-v2-magnetic-cube-3x3-schwarz\/#primaryimage"},"image":{"@id":"https:\/\/www.groods.de\/index.php\/produkt\/yj-mgc-v2-magnetic-cube-3x3-schwarz\/#primaryimage"},"thumbnailUrl":"https:\/\/www.groods.de\/wp-content\/uploads\/2019\/05\/YJ_MGC_V2_black_8_1024.jpg","datePublished":"2019-05-07T21:08:37+00:00","dateModified":"2025-11-19T21:20:43+00:00","breadcrumb":{"@id":"https:\/\/www.groods.de\/index.php\/produkt\/yj-mgc-v2-magnetic-cube-3x3-schwarz\/#breadcrumb"},"inLanguage":"de","potentialAction":[{"@type":"ReadAction","target":["https:\/\/www.groods.de\/index.php\/produkt\/yj-mgc-v2-magnetic-cube-3x3-schwarz\/"]}]},{"@type":"ImageObject","inLanguage":"de","@id":"https:\/\/www.groods.de\/index.php\/produkt\/yj-mgc-v2-magnetic-cube-3x3-schwarz\/#primaryimage","url":"https:\/\/www.groods.de\/wp-content\/uploads\/2019\/05\/YJ_MGC_V2_black_8_1024.jpg","contentUrl":"https:\/\/www.groods.de\/wp-content\/uploads\/2019\/05\/YJ_MGC_V2_black_8_1024.jpg","width":1000,"height":1000},{"@type":"BreadcrumbList","@id":"https:\/\/www.groods.de\/index.php\/produkt\/yj-mgc-v2-magnetic-cube-3x3-schwarz\/#breadcrumb","itemListElement":[{"@type":"ListItem","position":1,"name":"Startseite","item":"https:\/\/www.groods.de\/"},{"@type":"ListItem","position":2,"name":"Shop","item":"https:\/\/www.groods.de\/index.php\/shop\/"},{"@type":"ListItem","position":3,"name":"YJ MGC V2 Magnetic Cube 3&#215;3 &#8211; schwarz"}]},{"@type":"WebSite","@id":"https:\/\/www.groods.de\/#website","url":"https:\/\/www.groods.de\/","name":"gRoods.de","description":"Entdecke die Welt der Speedcubes","publisher":{"@id":"https:\/\/www.groods.de\/#organization"},"potentialAction":[{"@type":"SearchAction","target":{"@type":"EntryPoint","urlTemplate":"https:\/\/www.groods.de\/?s={search_term_string}"},"query-input":{"@type":"PropertyValueSpecification","valueRequired":true,"valueName":"search_term_string"}}],"inLanguage":"de"},{"@type":"Organization","@id":"https:\/\/www.groods.de\/#organization","name":"gRoods.de","url":"https:\/\/www.groods.de\/","logo":{"@type":"ImageObject","inLanguage":"de","@id":"https:\/\/www.groods.de\/#\/schema\/logo\/image\/","url":"https:\/\/www.groods.de\/wp-content\/uploads\/2018\/08\/logo.png","contentUrl":"https:\/\/www.groods.de\/wp-content\/uploads\/2018\/08\/logo.png","width":1077,"height":373,"caption":"gRoods.de"},"image":{"@id":"https:\/\/www.groods.de\/#\/schema\/logo\/image\/"}}]}},"_links":{"self":[{"href":"https:\/\/www.groods.de\/index.php\/wp-json\/wp\/v2\/product\/1619","targetHints":{"allow":["GET"]}}],"collection":[{"href":"https:\/\/www.groods.de\/index.php\/wp-json\/wp\/v2\/product"}],"about":[{"href":"https:\/\/www.groods.de\/index.php\/wp-json\/wp\/v2\/types\/product"}],"replies":[{"embeddable":true,"href":"https:\/\/www.groods.de\/index.php\/wp-json\/wp\/v2\/comments?post=1619"}],"wp:featuredmedia":[{"embeddable":true,"href":"https:\/\/www.groods.de\/index.php\/wp-json\/wp\/v2\/media\/1620"}],"wp:attachment":[{"href":"https:\/\/www.groods.de\/index.php\/wp-json\/wp\/v2\/media?parent=1619"}],"wp:term":[{"taxonomy":"product_brand","embeddable":true,"href":"https:\/\/www.groods.de\/index.php\/wp-json\/wp\/v2\/product_brand?post=1619"},{"taxonomy":"product_cat","embeddable":true,"href":"https:\/\/www.groods.de\/index.php\/wp-json\/wp\/v2\/product_cat?post=1619"},{"taxonomy":"product_tag","embeddable":true,"href":"https:\/\/www.groods.de\/index.php\/wp-json\/wp\/v2\/product_tag?post=1619"}],"curies":[{"name":"wp","href":"https:\/\/api.w.org\/{rel}","templated":true}]}}