{"id":1602,"date":"2019-05-03T12:20:06","date_gmt":"2019-05-03T10:20:06","guid":{"rendered":"https:\/\/www.groods.de\/?post_type=product&#038;p=1602"},"modified":"2025-11-19T22:19:06","modified_gmt":"2025-11-19T21:19:06","slug":"moyu-megaminx-3x3-carbon","status":"publish","type":"product","link":"https:\/\/www.groods.de\/index.php\/produkt\/moyu-megaminx-3x3-carbon\/","title":{"rendered":"MoYu Megaminx 3&#215;3 &#8211; carbon"},"content":{"rendered":"<h1><strong data-spm-anchor-id=\"a2g0x.10010108.1000023.i0.3d0af4b4DKar3l\">MoYu Megaminx<\/strong><strong data-spm-anchor-id=\"a2g0x.10010108.1000023.i0.3d0af4b4DKar3l\"> 3&#215;3\u00a0<\/strong><strong data-spm-anchor-id=\"a2g0x.10010108.1000023.i0.3d0af4b4DKar3l\">&#8211; carbon<\/strong><\/h1>\n<p>Der Megaminx ist ein mechanisches, dreidimensionales Geduldsspiel mit einer H\u00f6he von ca. acht und einer Kantenl\u00e4nge von ca. drei Zentimetern und ist vergleichbar mit dem Zauberw\u00fcrfel. Der Megaminx ist ein regelm\u00e4\u00dfiges Dodekaeder mit zw\u00f6lf Seitenfl\u00e4chen in Form von regelm\u00e4\u00dfigen F\u00fcnfecken. Jede der Seitenfl\u00e4chen ist durch ein pentagramm\u00e4hnliches Sternmuster in elf Segmente unterteilt, die pro Seitenfl\u00e4che die gleiche Farbe tragen.<\/p>\n<p>Mit dem internen Drehmechanismus k\u00f6nnen die Seitenfl\u00e4chen durch 72\u00b0-Drehungen auf f\u00fcnf Positionen um ihre Mittelachsen wieder in Deckung gebracht werden. Auf diese Weise ver\u00e4ndern die beweglichen Teile ihre Lage zueinander und k\u00f6nnen nahezu jede beliebige Position annehmen. Ziel ist es, den Megaminx aus einer Stellung, in der die Farben vermischt sind, mittels Drehungen der Seitenfl\u00e4chen zur\u00fcck in seine geordnete Grundstellung zu bringen.<\/p>\n<p>Der MoYu AoHun Megaminx (stickerless) ist der neue Speedcube f\u00fcr Competitions von MoYu. Dabei wurde das Design eines 3&#215;3 Cubes als Vorlage verwendet. Durch das neue Design liegt der Megaminx viel besser in der Hand, das Corner-Cutting wurde entscheidend verbessert. Dadurch sind deutlich bessere Zeiten m\u00f6glich als bei den alten Megaminx.<\/p>\n<h3><strong data-spm-anchor-id=\"a2g0x.10010108.1000023.i0.3d0af4b4DKar3l\">Eigenschaften:<\/strong><\/h3>\n<ul>\n<li>MoYu Megaminx 3&#215;3 &#8211; carbon<\/li>\n<li>glatte und schnelle Oberfl\u00e4che<\/li>\n<li class=\"md-end-block\">neu und Originalverpackt<\/li>\n<li class=\"md-end-block\">aus hochwertigem ABS Material, das umweltfreundlich, ungiftig und langlebig ist<\/li>\n<li class=\"md-end-block\">geschmeidige Rotation und komfortables Spielgef\u00fchl<\/li>\n<li class=\"md-end-block\">ausgezeichnete Fehlertoleranz f\u00fcr besonders schnelle Zeiten<\/li>\n<li>Viele Stunden Spa\u00df und Kopfzerbrechen mit Freunden und Familie sind garantiert<\/li>\n<\/ul>\n<h3>Spezifikationen:<\/h3>\n<ul>\n<li>Farbe: carbon<\/li>\n<li>Material: Kunststoff<\/li>\n<li>Produkt Abmessungen: 8,0*8,0*8,0\u00a0cm<\/li>\n<li>Produkt Gewicht: 192g<\/li>\n<li>Verpackung: Karton Box<\/li>\n<\/ul>\n","protected":false},"excerpt":{"rendered":"<p>MoYu Megaminx 3&#215;3\u00a0&#8211; carbon Der Megaminx ist ein mechanisches, dreidimensionales Geduldsspiel mit einer H\u00f6he von ca. acht und einer Kantenl\u00e4nge von ca. drei Zentimetern und ist vergleichbar mit dem Zauberw\u00fcrfel. Der Megaminx ist ein regelm\u00e4\u00dfiges Dodekaeder mit zw\u00f6lf Seitenfl\u00e4chen in Form von regelm\u00e4\u00dfigen F\u00fcnfecken. Jede der Seitenfl\u00e4chen ist durch ein pentagramm\u00e4hnliches Sternmuster in elf Segmente [&hellip;]<\/p>\n","protected":false},"featured_media":1923,"comment_status":"open","ping_status":"closed","template":"","meta":[],"product_brand":[],"product_cat":[45,101,38],"product_tag":[46,47],"class_list":{"0":"post-1602","1":"product","2":"type-product","3":"status-publish","4":"has-post-thumbnail","6":"product_cat-andere-formen","7":"product_cat-megaminx","8":"product_cat-moyu","9":"product_tag-mastermorphix","10":"product_tag-moyu","12":"first","13":"instock","14":"taxable","15":"shipping-taxable","16":"purchasable","17":"product-type-simple"},"yoast_head":"<!-- This site is optimized with the Yoast SEO plugin v26.7 - https:\/\/yoast.com\/wordpress\/plugins\/seo\/ -->\n<title>MoYu Megaminx 3x3 - carbon - gRoods<\/title>\n<meta name=\"robots\" content=\"index, follow, max-snippet:-1, max-image-preview:large, max-video-preview:-1\" \/>\n<link rel=\"canonical\" href=\"https:\/\/www.groods.de\/index.php\/produkt\/moyu-megaminx-3x3-carbon\/\" \/>\n<meta property=\"og:locale\" content=\"de_DE\" \/>\n<meta property=\"og:type\" content=\"article\" \/>\n<meta property=\"og:title\" content=\"MoYu Megaminx 3x3 - carbon - gRoods\" \/>\n<meta property=\"og:description\" content=\"MoYu Megaminx 3&#215;3\u00a0&#8211; carbon Der Megaminx ist ein mechanisches, dreidimensionales Geduldsspiel mit einer H\u00f6he von ca. acht und einer Kantenl\u00e4nge von ca. drei Zentimetern und ist vergleichbar mit dem Zauberw\u00fcrfel. Der Megaminx ist ein regelm\u00e4\u00dfiges Dodekaeder mit zw\u00f6lf Seitenfl\u00e4chen in Form von regelm\u00e4\u00dfigen F\u00fcnfecken. Jede der Seitenfl\u00e4chen ist durch ein pentagramm\u00e4hnliches Sternmuster in elf Segmente [&hellip;]\" \/>\n<meta property=\"og:url\" content=\"https:\/\/www.groods.de\/index.php\/produkt\/moyu-megaminx-3x3-carbon\/\" \/>\n<meta property=\"og:site_name\" content=\"gRoods\" \/>\n<meta property=\"article:modified_time\" content=\"2025-11-19T21:19:06+00:00\" \/>\n<meta property=\"og:image\" content=\"https:\/\/www.groods.de\/wp-content\/uploads\/2019\/05\/MoYu_Megaminx_3\u00d73_carbon.jpg\" \/>\n\t<meta property=\"og:image:width\" content=\"1000\" \/>\n\t<meta property=\"og:image:height\" content=\"1000\" \/>\n\t<meta property=\"og:image:type\" content=\"image\/jpeg\" \/>\n<meta name=\"twitter:card\" content=\"summary_large_image\" \/>\n<meta name=\"twitter:label1\" content=\"Gesch\u00e4tzte Lesezeit\" \/>\n\t<meta name=\"twitter:data1\" content=\"2\u00a0Minuten\" \/>\n<script type=\"application\/ld+json\" class=\"yoast-schema-graph\">{\"@context\":\"https:\/\/schema.org\",\"@graph\":[{\"@type\":\"WebPage\",\"@id\":\"https:\/\/www.groods.de\/index.php\/produkt\/moyu-megaminx-3x3-carbon\/\",\"url\":\"https:\/\/www.groods.de\/index.php\/produkt\/moyu-megaminx-3x3-carbon\/\",\"name\":\"MoYu Megaminx 3x3 - carbon - gRoods\",\"isPartOf\":{\"@id\":\"https:\/\/www.groods.de\/#website\"},\"primaryImageOfPage\":{\"@id\":\"https:\/\/www.groods.de\/index.php\/produkt\/moyu-megaminx-3x3-carbon\/#primaryimage\"},\"image\":{\"@id\":\"https:\/\/www.groods.de\/index.php\/produkt\/moyu-megaminx-3x3-carbon\/#primaryimage\"},\"thumbnailUrl\":\"https:\/\/www.groods.de\/wp-content\/uploads\/2019\/05\/MoYu_Megaminx_3\u00d73_carbon.jpg\",\"datePublished\":\"2019-05-03T10:20:06+00:00\",\"dateModified\":\"2025-11-19T21:19:06+00:00\",\"breadcrumb\":{\"@id\":\"https:\/\/www.groods.de\/index.php\/produkt\/moyu-megaminx-3x3-carbon\/#breadcrumb\"},\"inLanguage\":\"de\",\"potentialAction\":[{\"@type\":\"ReadAction\",\"target\":[\"https:\/\/www.groods.de\/index.php\/produkt\/moyu-megaminx-3x3-carbon\/\"]}]},{\"@type\":\"ImageObject\",\"inLanguage\":\"de\",\"@id\":\"https:\/\/www.groods.de\/index.php\/produkt\/moyu-megaminx-3x3-carbon\/#primaryimage\",\"url\":\"https:\/\/www.groods.de\/wp-content\/uploads\/2019\/05\/MoYu_Megaminx_3\u00d73_carbon.jpg\",\"contentUrl\":\"https:\/\/www.groods.de\/wp-content\/uploads\/2019\/05\/MoYu_Megaminx_3\u00d73_carbon.jpg\",\"width\":1000,\"height\":1000},{\"@type\":\"BreadcrumbList\",\"@id\":\"https:\/\/www.groods.de\/index.php\/produkt\/moyu-megaminx-3x3-carbon\/#breadcrumb\",\"itemListElement\":[{\"@type\":\"ListItem\",\"position\":1,\"name\":\"Startseite\",\"item\":\"https:\/\/www.groods.de\/\"},{\"@type\":\"ListItem\",\"position\":2,\"name\":\"Shop\",\"item\":\"https:\/\/www.groods.de\/index.php\/shop\/\"},{\"@type\":\"ListItem\",\"position\":3,\"name\":\"MoYu Megaminx 3&#215;3 &#8211; carbon\"}]},{\"@type\":\"WebSite\",\"@id\":\"https:\/\/www.groods.de\/#website\",\"url\":\"https:\/\/www.groods.de\/\",\"name\":\"gRoods.de\",\"description\":\"Entdecke die Welt der Speedcubes\",\"publisher\":{\"@id\":\"https:\/\/www.groods.de\/#organization\"},\"potentialAction\":[{\"@type\":\"SearchAction\",\"target\":{\"@type\":\"EntryPoint\",\"urlTemplate\":\"https:\/\/www.groods.de\/?s={search_term_string}\"},\"query-input\":{\"@type\":\"PropertyValueSpecification\",\"valueRequired\":true,\"valueName\":\"search_term_string\"}}],\"inLanguage\":\"de\"},{\"@type\":\"Organization\",\"@id\":\"https:\/\/www.groods.de\/#organization\",\"name\":\"gRoods.de\",\"url\":\"https:\/\/www.groods.de\/\",\"logo\":{\"@type\":\"ImageObject\",\"inLanguage\":\"de\",\"@id\":\"https:\/\/www.groods.de\/#\/schema\/logo\/image\/\",\"url\":\"https:\/\/www.groods.de\/wp-content\/uploads\/2018\/08\/logo.png\",\"contentUrl\":\"https:\/\/www.groods.de\/wp-content\/uploads\/2018\/08\/logo.png\",\"width\":1077,\"height\":373,\"caption\":\"gRoods.de\"},\"image\":{\"@id\":\"https:\/\/www.groods.de\/#\/schema\/logo\/image\/\"}}]}<\/script>\n<!-- \/ Yoast SEO plugin. -->","yoast_head_json":{"title":"MoYu Megaminx 3x3 - carbon - gRoods","robots":{"index":"index","follow":"follow","max-snippet":"max-snippet:-1","max-image-preview":"max-image-preview:large","max-video-preview":"max-video-preview:-1"},"canonical":"https:\/\/www.groods.de\/index.php\/produkt\/moyu-megaminx-3x3-carbon\/","og_locale":"de_DE","og_type":"article","og_title":"MoYu Megaminx 3x3 - carbon - gRoods","og_description":"MoYu Megaminx 3&#215;3\u00a0&#8211; carbon Der Megaminx ist ein mechanisches, dreidimensionales Geduldsspiel mit einer H\u00f6he von ca. acht und einer Kantenl\u00e4nge von ca. drei Zentimetern und ist vergleichbar mit dem Zauberw\u00fcrfel. Der Megaminx ist ein regelm\u00e4\u00dfiges Dodekaeder mit zw\u00f6lf Seitenfl\u00e4chen in Form von regelm\u00e4\u00dfigen F\u00fcnfecken. Jede der Seitenfl\u00e4chen ist durch ein pentagramm\u00e4hnliches Sternmuster in elf Segmente [&hellip;]","og_url":"https:\/\/www.groods.de\/index.php\/produkt\/moyu-megaminx-3x3-carbon\/","og_site_name":"gRoods","article_modified_time":"2025-11-19T21:19:06+00:00","og_image":[{"width":1000,"height":1000,"url":"https:\/\/www.groods.de\/wp-content\/uploads\/2019\/05\/MoYu_Megaminx_3\u00d73_carbon.jpg","type":"image\/jpeg"}],"twitter_card":"summary_large_image","twitter_misc":{"Gesch\u00e4tzte Lesezeit":"2\u00a0Minuten"},"schema":{"@context":"https:\/\/schema.org","@graph":[{"@type":"WebPage","@id":"https:\/\/www.groods.de\/index.php\/produkt\/moyu-megaminx-3x3-carbon\/","url":"https:\/\/www.groods.de\/index.php\/produkt\/moyu-megaminx-3x3-carbon\/","name":"MoYu Megaminx 3x3 - carbon - gRoods","isPartOf":{"@id":"https:\/\/www.groods.de\/#website"},"primaryImageOfPage":{"@id":"https:\/\/www.groods.de\/index.php\/produkt\/moyu-megaminx-3x3-carbon\/#primaryimage"},"image":{"@id":"https:\/\/www.groods.de\/index.php\/produkt\/moyu-megaminx-3x3-carbon\/#primaryimage"},"thumbnailUrl":"https:\/\/www.groods.de\/wp-content\/uploads\/2019\/05\/MoYu_Megaminx_3\u00d73_carbon.jpg","datePublished":"2019-05-03T10:20:06+00:00","dateModified":"2025-11-19T21:19:06+00:00","breadcrumb":{"@id":"https:\/\/www.groods.de\/index.php\/produkt\/moyu-megaminx-3x3-carbon\/#breadcrumb"},"inLanguage":"de","potentialAction":[{"@type":"ReadAction","target":["https:\/\/www.groods.de\/index.php\/produkt\/moyu-megaminx-3x3-carbon\/"]}]},{"@type":"ImageObject","inLanguage":"de","@id":"https:\/\/www.groods.de\/index.php\/produkt\/moyu-megaminx-3x3-carbon\/#primaryimage","url":"https:\/\/www.groods.de\/wp-content\/uploads\/2019\/05\/MoYu_Megaminx_3\u00d73_carbon.jpg","contentUrl":"https:\/\/www.groods.de\/wp-content\/uploads\/2019\/05\/MoYu_Megaminx_3\u00d73_carbon.jpg","width":1000,"height":1000},{"@type":"BreadcrumbList","@id":"https:\/\/www.groods.de\/index.php\/produkt\/moyu-megaminx-3x3-carbon\/#breadcrumb","itemListElement":[{"@type":"ListItem","position":1,"name":"Startseite","item":"https:\/\/www.groods.de\/"},{"@type":"ListItem","position":2,"name":"Shop","item":"https:\/\/www.groods.de\/index.php\/shop\/"},{"@type":"ListItem","position":3,"name":"MoYu Megaminx 3&#215;3 &#8211; carbon"}]},{"@type":"WebSite","@id":"https:\/\/www.groods.de\/#website","url":"https:\/\/www.groods.de\/","name":"gRoods.de","description":"Entdecke die Welt der Speedcubes","publisher":{"@id":"https:\/\/www.groods.de\/#organization"},"potentialAction":[{"@type":"SearchAction","target":{"@type":"EntryPoint","urlTemplate":"https:\/\/www.groods.de\/?s={search_term_string}"},"query-input":{"@type":"PropertyValueSpecification","valueRequired":true,"valueName":"search_term_string"}}],"inLanguage":"de"},{"@type":"Organization","@id":"https:\/\/www.groods.de\/#organization","name":"gRoods.de","url":"https:\/\/www.groods.de\/","logo":{"@type":"ImageObject","inLanguage":"de","@id":"https:\/\/www.groods.de\/#\/schema\/logo\/image\/","url":"https:\/\/www.groods.de\/wp-content\/uploads\/2018\/08\/logo.png","contentUrl":"https:\/\/www.groods.de\/wp-content\/uploads\/2018\/08\/logo.png","width":1077,"height":373,"caption":"gRoods.de"},"image":{"@id":"https:\/\/www.groods.de\/#\/schema\/logo\/image\/"}}]}},"_links":{"self":[{"href":"https:\/\/www.groods.de\/index.php\/wp-json\/wp\/v2\/product\/1602","targetHints":{"allow":["GET"]}}],"collection":[{"href":"https:\/\/www.groods.de\/index.php\/wp-json\/wp\/v2\/product"}],"about":[{"href":"https:\/\/www.groods.de\/index.php\/wp-json\/wp\/v2\/types\/product"}],"replies":[{"embeddable":true,"href":"https:\/\/www.groods.de\/index.php\/wp-json\/wp\/v2\/comments?post=1602"}],"wp:featuredmedia":[{"embeddable":true,"href":"https:\/\/www.groods.de\/index.php\/wp-json\/wp\/v2\/media\/1923"}],"wp:attachment":[{"href":"https:\/\/www.groods.de\/index.php\/wp-json\/wp\/v2\/media?parent=1602"}],"wp:term":[{"taxonomy":"product_brand","embeddable":true,"href":"https:\/\/www.groods.de\/index.php\/wp-json\/wp\/v2\/product_brand?post=1602"},{"taxonomy":"product_cat","embeddable":true,"href":"https:\/\/www.groods.de\/index.php\/wp-json\/wp\/v2\/product_cat?post=1602"},{"taxonomy":"product_tag","embeddable":true,"href":"https:\/\/www.groods.de\/index.php\/wp-json\/wp\/v2\/product_tag?post=1602"}],"curies":[{"name":"wp","href":"https:\/\/api.w.org\/{rel}","templated":true}]}}