{"id":1482,"date":"2019-04-22T09:25:16","date_gmt":"2019-04-22T07:25:16","guid":{"rendered":"https:\/\/www.groods.de\/?post_type=product&#038;p=1482"},"modified":"2025-12-03T12:26:06","modified_gmt":"2025-12-03T11:26:06","slug":"magnetisches-ladekabel-usb-c-lightning-ios-micro-usb-iphonesamsunghuawei-3a","status":"publish","type":"product","link":"https:\/\/www.groods.de\/index.php\/produkt\/magnetisches-ladekabel-usb-c-lightning-ios-micro-usb-iphonesamsunghuawei-3a\/","title":{"rendered":"3A LED Magnet Ladekabel USB C, Lightning iOS, Micro USB, iPhone,Samsung,Huawei"},"content":{"rendered":"<ul>\n<li class=\"md-end-block md-focus\">Neues originalverpaktes magnetisches Ladekabel f\u00fcr alle g\u00e4ngigen Smartphones, Tablets, Navis, Kameras, etc.<\/li>\n<li>Magnetischer Aufsatz (Plug) f\u00fcr USB C, Lightning iOS und Micro USB<\/li>\n<li>Deutscher H\u00e4ndler<\/li>\n<li class=\"md-end-block\">Versand aus Deutschland via Gro\u00dfbrief der\u00a0Deutschen Post<\/li>\n<li class=\"md-end-block\"><strong>Merkmale &amp; Details<\/strong>\n<ul>\n<li class=\"md-end-block\">Magnetisches USB Ladekabel zur einfachen und leichten Verbindung mit dem Lightning, USB C oder micro-USB Anschluss am Smartphone, Tablet, Navi, Kamera etc.<\/li>\n<li class=\"md-end-block\">Einfach zu verbinden und einfach zu trennen (einh\u00e4ndig).<\/li>\n<li class=\"md-end-block\">Die Magnettechnik sch\u00fctzt den USB Anschluss am Ger\u00e4t und verhindert den typischen Verschlei\u00df an der Buchse<\/li>\n<li class=\"md-end-block\">Der Micro USB Stecker kann in der Buchse verbleiben und verbindet sich magnetisch mit dem Ladekabel, sobald es in der N\u00e4he des Steckers ist.<\/li>\n<li class=\"md-end-block\">Kein Drehen des Steckers notwendig<\/li>\n<li class=\"md-end-block\">Da der micro USB Stecker dauerhaft in der Buchse bleibt, sch\u00fctzt er den Ladeanschluss vor Staub und Schmutz.<\/li>\n<li class=\"md-end-block\"><span class=\"md-expand\">Das Kabel ist aus robustem Nylongewebe mit Metallgeh\u00e4use und dadurch sehr strapazierf\u00e4hig und langlebig.<\/span><\/li>\n<li>LED Leuchte am Kabel zur Pr\u00fcfung ob Strom anliegt und bessern Sichtbarkeit im Dunklen.<\/li>\n<li class=\"md-end-block\"><span class=\"md-expand\">neueste Version speziell isoliert!<\/span><\/li>\n<li class=\"md-end-block\"><span class=\"md-expand\">f\u00fcr alle Smartphones und Tablets geeignet<\/span><\/li>\n<\/ul>\n<\/li>\n<\/ul>\n","protected":false},"excerpt":{"rendered":"<p>Neues originalverpaktes magnetisches Ladekabel f\u00fcr alle g\u00e4ngigen Smartphones, Tablets, Navis, Kameras, etc. Magnetischer Aufsatz (Plug) f\u00fcr USB C, Lightning iOS und Micro USB Deutscher H\u00e4ndler Versand aus Deutschland via Gro\u00dfbrief der\u00a0Deutschen Post Merkmale &amp; Details Magnetisches USB Ladekabel zur einfachen und leichten Verbindung mit dem Lightning, USB C oder micro-USB Anschluss am Smartphone, Tablet, Navi, [&hellip;]<\/p>\n","protected":false},"featured_media":1483,"comment_status":"open","ping_status":"closed","template":"","meta":[],"product_brand":[],"product_cat":[79],"product_tag":[],"class_list":{"0":"post-1482","1":"product","2":"type-product","3":"status-publish","4":"has-post-thumbnail","6":"product_cat-weitere-produkte","8":"first","9":"instock","10":"taxable","11":"shipping-taxable","12":"purchasable","13":"product-type-variable"},"yoast_head":"<!-- This site is optimized with the Yoast SEO plugin v26.7 - https:\/\/yoast.com\/wordpress\/plugins\/seo\/ -->\n<title>3A LED Magnet Ladekabel USB C, Lightning iOS, Micro USB, iPhone,Samsung,Huawei - gRoods<\/title>\n<meta name=\"robots\" content=\"index, follow, max-snippet:-1, max-image-preview:large, max-video-preview:-1\" \/>\n<link rel=\"canonical\" href=\"https:\/\/www.groods.de\/index.php\/produkt\/magnetisches-ladekabel-usb-c-lightning-ios-micro-usb-iphonesamsunghuawei-3a\/\" \/>\n<meta property=\"og:locale\" content=\"de_DE\" \/>\n<meta property=\"og:type\" content=\"article\" \/>\n<meta property=\"og:title\" content=\"3A LED Magnet Ladekabel USB C, Lightning iOS, Micro USB, iPhone,Samsung,Huawei - gRoods\" \/>\n<meta property=\"og:description\" content=\"Neues originalverpaktes magnetisches Ladekabel f\u00fcr alle g\u00e4ngigen Smartphones, Tablets, Navis, Kameras, etc. Magnetischer Aufsatz (Plug) f\u00fcr USB C, Lightning iOS und Micro USB Deutscher H\u00e4ndler Versand aus Deutschland via Gro\u00dfbrief der\u00a0Deutschen Post Merkmale &amp; Details Magnetisches USB Ladekabel zur einfachen und leichten Verbindung mit dem Lightning, USB C oder micro-USB Anschluss am Smartphone, Tablet, Navi, [&hellip;]\" \/>\n<meta property=\"og:url\" content=\"https:\/\/www.groods.de\/index.php\/produkt\/magnetisches-ladekabel-usb-c-lightning-ios-micro-usb-iphonesamsunghuawei-3a\/\" \/>\n<meta property=\"og:site_name\" content=\"gRoods\" \/>\n<meta property=\"article:modified_time\" content=\"2025-12-03T11:26:06+00:00\" \/>\n<meta property=\"og:image\" content=\"https:\/\/www.groods.de\/wp-content\/uploads\/2019\/04\/x_IMG_4335.jpg\" \/>\n\t<meta property=\"og:image:width\" content=\"1000\" \/>\n\t<meta property=\"og:image:height\" content=\"1270\" \/>\n\t<meta property=\"og:image:type\" content=\"image\/jpeg\" \/>\n<meta name=\"twitter:card\" content=\"summary_large_image\" \/>\n<meta name=\"twitter:label1\" content=\"Gesch\u00e4tzte Lesezeit\" \/>\n\t<meta name=\"twitter:data1\" content=\"1\u00a0Minute\" \/>\n<script type=\"application\/ld+json\" class=\"yoast-schema-graph\">{\"@context\":\"https:\/\/schema.org\",\"@graph\":[{\"@type\":\"WebPage\",\"@id\":\"https:\/\/www.groods.de\/index.php\/produkt\/magnetisches-ladekabel-usb-c-lightning-ios-micro-usb-iphonesamsunghuawei-3a\/\",\"url\":\"https:\/\/www.groods.de\/index.php\/produkt\/magnetisches-ladekabel-usb-c-lightning-ios-micro-usb-iphonesamsunghuawei-3a\/\",\"name\":\"3A LED Magnet Ladekabel USB C, Lightning iOS, Micro USB, iPhone,Samsung,Huawei - gRoods\",\"isPartOf\":{\"@id\":\"https:\/\/www.groods.de\/#website\"},\"primaryImageOfPage\":{\"@id\":\"https:\/\/www.groods.de\/index.php\/produkt\/magnetisches-ladekabel-usb-c-lightning-ios-micro-usb-iphonesamsunghuawei-3a\/#primaryimage\"},\"image\":{\"@id\":\"https:\/\/www.groods.de\/index.php\/produkt\/magnetisches-ladekabel-usb-c-lightning-ios-micro-usb-iphonesamsunghuawei-3a\/#primaryimage\"},\"thumbnailUrl\":\"https:\/\/www.groods.de\/wp-content\/uploads\/2019\/04\/x_IMG_4335.jpg\",\"datePublished\":\"2019-04-22T07:25:16+00:00\",\"dateModified\":\"2025-12-03T11:26:06+00:00\",\"breadcrumb\":{\"@id\":\"https:\/\/www.groods.de\/index.php\/produkt\/magnetisches-ladekabel-usb-c-lightning-ios-micro-usb-iphonesamsunghuawei-3a\/#breadcrumb\"},\"inLanguage\":\"de\",\"potentialAction\":[{\"@type\":\"ReadAction\",\"target\":[\"https:\/\/www.groods.de\/index.php\/produkt\/magnetisches-ladekabel-usb-c-lightning-ios-micro-usb-iphonesamsunghuawei-3a\/\"]}]},{\"@type\":\"ImageObject\",\"inLanguage\":\"de\",\"@id\":\"https:\/\/www.groods.de\/index.php\/produkt\/magnetisches-ladekabel-usb-c-lightning-ios-micro-usb-iphonesamsunghuawei-3a\/#primaryimage\",\"url\":\"https:\/\/www.groods.de\/wp-content\/uploads\/2019\/04\/x_IMG_4335.jpg\",\"contentUrl\":\"https:\/\/www.groods.de\/wp-content\/uploads\/2019\/04\/x_IMG_4335.jpg\",\"width\":1000,\"height\":1270},{\"@type\":\"BreadcrumbList\",\"@id\":\"https:\/\/www.groods.de\/index.php\/produkt\/magnetisches-ladekabel-usb-c-lightning-ios-micro-usb-iphonesamsunghuawei-3a\/#breadcrumb\",\"itemListElement\":[{\"@type\":\"ListItem\",\"position\":1,\"name\":\"Startseite\",\"item\":\"https:\/\/www.groods.de\/\"},{\"@type\":\"ListItem\",\"position\":2,\"name\":\"Shop\",\"item\":\"https:\/\/www.groods.de\/index.php\/shop\/\"},{\"@type\":\"ListItem\",\"position\":3,\"name\":\"3A LED Magnet Ladekabel USB C, Lightning iOS, Micro USB, iPhone,Samsung,Huawei\"}]},{\"@type\":\"WebSite\",\"@id\":\"https:\/\/www.groods.de\/#website\",\"url\":\"https:\/\/www.groods.de\/\",\"name\":\"gRoods.de\",\"description\":\"Entdecke die Welt der Speedcubes\",\"publisher\":{\"@id\":\"https:\/\/www.groods.de\/#organization\"},\"potentialAction\":[{\"@type\":\"SearchAction\",\"target\":{\"@type\":\"EntryPoint\",\"urlTemplate\":\"https:\/\/www.groods.de\/?s={search_term_string}\"},\"query-input\":{\"@type\":\"PropertyValueSpecification\",\"valueRequired\":true,\"valueName\":\"search_term_string\"}}],\"inLanguage\":\"de\"},{\"@type\":\"Organization\",\"@id\":\"https:\/\/www.groods.de\/#organization\",\"name\":\"gRoods.de\",\"url\":\"https:\/\/www.groods.de\/\",\"logo\":{\"@type\":\"ImageObject\",\"inLanguage\":\"de\",\"@id\":\"https:\/\/www.groods.de\/#\/schema\/logo\/image\/\",\"url\":\"https:\/\/www.groods.de\/wp-content\/uploads\/2018\/08\/logo.png\",\"contentUrl\":\"https:\/\/www.groods.de\/wp-content\/uploads\/2018\/08\/logo.png\",\"width\":1077,\"height\":373,\"caption\":\"gRoods.de\"},\"image\":{\"@id\":\"https:\/\/www.groods.de\/#\/schema\/logo\/image\/\"}}]}<\/script>\n<!-- \/ Yoast SEO plugin. -->","yoast_head_json":{"title":"3A LED Magnet Ladekabel USB C, Lightning iOS, Micro USB, iPhone,Samsung,Huawei - gRoods","robots":{"index":"index","follow":"follow","max-snippet":"max-snippet:-1","max-image-preview":"max-image-preview:large","max-video-preview":"max-video-preview:-1"},"canonical":"https:\/\/www.groods.de\/index.php\/produkt\/magnetisches-ladekabel-usb-c-lightning-ios-micro-usb-iphonesamsunghuawei-3a\/","og_locale":"de_DE","og_type":"article","og_title":"3A LED Magnet Ladekabel USB C, Lightning iOS, Micro USB, iPhone,Samsung,Huawei - gRoods","og_description":"Neues originalverpaktes magnetisches Ladekabel f\u00fcr alle g\u00e4ngigen Smartphones, Tablets, Navis, Kameras, etc. Magnetischer Aufsatz (Plug) f\u00fcr USB C, Lightning iOS und Micro USB Deutscher H\u00e4ndler Versand aus Deutschland via Gro\u00dfbrief der\u00a0Deutschen Post Merkmale &amp; Details Magnetisches USB Ladekabel zur einfachen und leichten Verbindung mit dem Lightning, USB C oder micro-USB Anschluss am Smartphone, Tablet, Navi, [&hellip;]","og_url":"https:\/\/www.groods.de\/index.php\/produkt\/magnetisches-ladekabel-usb-c-lightning-ios-micro-usb-iphonesamsunghuawei-3a\/","og_site_name":"gRoods","article_modified_time":"2025-12-03T11:26:06+00:00","og_image":[{"width":1000,"height":1270,"url":"https:\/\/www.groods.de\/wp-content\/uploads\/2019\/04\/x_IMG_4335.jpg","type":"image\/jpeg"}],"twitter_card":"summary_large_image","twitter_misc":{"Gesch\u00e4tzte Lesezeit":"1\u00a0Minute"},"schema":{"@context":"https:\/\/schema.org","@graph":[{"@type":"WebPage","@id":"https:\/\/www.groods.de\/index.php\/produkt\/magnetisches-ladekabel-usb-c-lightning-ios-micro-usb-iphonesamsunghuawei-3a\/","url":"https:\/\/www.groods.de\/index.php\/produkt\/magnetisches-ladekabel-usb-c-lightning-ios-micro-usb-iphonesamsunghuawei-3a\/","name":"3A LED Magnet Ladekabel USB C, Lightning iOS, Micro USB, iPhone,Samsung,Huawei - gRoods","isPartOf":{"@id":"https:\/\/www.groods.de\/#website"},"primaryImageOfPage":{"@id":"https:\/\/www.groods.de\/index.php\/produkt\/magnetisches-ladekabel-usb-c-lightning-ios-micro-usb-iphonesamsunghuawei-3a\/#primaryimage"},"image":{"@id":"https:\/\/www.groods.de\/index.php\/produkt\/magnetisches-ladekabel-usb-c-lightning-ios-micro-usb-iphonesamsunghuawei-3a\/#primaryimage"},"thumbnailUrl":"https:\/\/www.groods.de\/wp-content\/uploads\/2019\/04\/x_IMG_4335.jpg","datePublished":"2019-04-22T07:25:16+00:00","dateModified":"2025-12-03T11:26:06+00:00","breadcrumb":{"@id":"https:\/\/www.groods.de\/index.php\/produkt\/magnetisches-ladekabel-usb-c-lightning-ios-micro-usb-iphonesamsunghuawei-3a\/#breadcrumb"},"inLanguage":"de","potentialAction":[{"@type":"ReadAction","target":["https:\/\/www.groods.de\/index.php\/produkt\/magnetisches-ladekabel-usb-c-lightning-ios-micro-usb-iphonesamsunghuawei-3a\/"]}]},{"@type":"ImageObject","inLanguage":"de","@id":"https:\/\/www.groods.de\/index.php\/produkt\/magnetisches-ladekabel-usb-c-lightning-ios-micro-usb-iphonesamsunghuawei-3a\/#primaryimage","url":"https:\/\/www.groods.de\/wp-content\/uploads\/2019\/04\/x_IMG_4335.jpg","contentUrl":"https:\/\/www.groods.de\/wp-content\/uploads\/2019\/04\/x_IMG_4335.jpg","width":1000,"height":1270},{"@type":"BreadcrumbList","@id":"https:\/\/www.groods.de\/index.php\/produkt\/magnetisches-ladekabel-usb-c-lightning-ios-micro-usb-iphonesamsunghuawei-3a\/#breadcrumb","itemListElement":[{"@type":"ListItem","position":1,"name":"Startseite","item":"https:\/\/www.groods.de\/"},{"@type":"ListItem","position":2,"name":"Shop","item":"https:\/\/www.groods.de\/index.php\/shop\/"},{"@type":"ListItem","position":3,"name":"3A LED Magnet Ladekabel USB C, Lightning iOS, Micro USB, iPhone,Samsung,Huawei"}]},{"@type":"WebSite","@id":"https:\/\/www.groods.de\/#website","url":"https:\/\/www.groods.de\/","name":"gRoods.de","description":"Entdecke die Welt der Speedcubes","publisher":{"@id":"https:\/\/www.groods.de\/#organization"},"potentialAction":[{"@type":"SearchAction","target":{"@type":"EntryPoint","urlTemplate":"https:\/\/www.groods.de\/?s={search_term_string}"},"query-input":{"@type":"PropertyValueSpecification","valueRequired":true,"valueName":"search_term_string"}}],"inLanguage":"de"},{"@type":"Organization","@id":"https:\/\/www.groods.de\/#organization","name":"gRoods.de","url":"https:\/\/www.groods.de\/","logo":{"@type":"ImageObject","inLanguage":"de","@id":"https:\/\/www.groods.de\/#\/schema\/logo\/image\/","url":"https:\/\/www.groods.de\/wp-content\/uploads\/2018\/08\/logo.png","contentUrl":"https:\/\/www.groods.de\/wp-content\/uploads\/2018\/08\/logo.png","width":1077,"height":373,"caption":"gRoods.de"},"image":{"@id":"https:\/\/www.groods.de\/#\/schema\/logo\/image\/"}}]}},"_links":{"self":[{"href":"https:\/\/www.groods.de\/index.php\/wp-json\/wp\/v2\/product\/1482","targetHints":{"allow":["GET"]}}],"collection":[{"href":"https:\/\/www.groods.de\/index.php\/wp-json\/wp\/v2\/product"}],"about":[{"href":"https:\/\/www.groods.de\/index.php\/wp-json\/wp\/v2\/types\/product"}],"replies":[{"embeddable":true,"href":"https:\/\/www.groods.de\/index.php\/wp-json\/wp\/v2\/comments?post=1482"}],"wp:featuredmedia":[{"embeddable":true,"href":"https:\/\/www.groods.de\/index.php\/wp-json\/wp\/v2\/media\/1483"}],"wp:attachment":[{"href":"https:\/\/www.groods.de\/index.php\/wp-json\/wp\/v2\/media?parent=1482"}],"wp:term":[{"taxonomy":"product_brand","embeddable":true,"href":"https:\/\/www.groods.de\/index.php\/wp-json\/wp\/v2\/product_brand?post=1482"},{"taxonomy":"product_cat","embeddable":true,"href":"https:\/\/www.groods.de\/index.php\/wp-json\/wp\/v2\/product_cat?post=1482"},{"taxonomy":"product_tag","embeddable":true,"href":"https:\/\/www.groods.de\/index.php\/wp-json\/wp\/v2\/product_tag?post=1482"}],"curies":[{"name":"wp","href":"https:\/\/api.w.org\/{rel}","templated":true}]}}