{"id":1257,"date":"2019-02-10T13:37:23","date_gmt":"2019-02-10T12:37:23","guid":{"rendered":"https:\/\/www.groods.de\/?post_type=product&#038;p=1257"},"modified":"2025-11-19T22:17:32","modified_gmt":"2025-11-19T21:17:32","slug":"yuxin-kylin-v2m-3x3-magnetic","status":"publish","type":"product","link":"https:\/\/www.groods.de\/index.php\/produkt\/yuxin-kylin-v2m-3x3-magnetic\/","title":{"rendered":"YuXin KYLIN V2M 3&#215;3 magnetic"},"content":{"rendered":"<h1 class=\"md-end-block\">YuXin KYLIN V2M 3&#215;3 magnetic<\/h1>\n<p>Der YuXin Kylin V2 M 3&#215;3 ist die zweite Version und verbesserte Version des sehr beliebten Kylin (QILIN) 3&#215;3 Puzzles von YuXin, mit dem der fr\u00fchere Weltrekord von 5,25 Sekunden (Collin Burns) aufgestellt wurde. Der V2 nimmt alle gro\u00dfartigen Funktionen des Originals auf und verbessert sie. Au\u00dferdem werden Magnete mit mittlerer St\u00e4rke hinzugef\u00fcgt, um Stabilit\u00e4t und Kontrolle zu unterst\u00fctzen. Eines unserer beliebtesten Features des Kylin V2 sind die vorinstallierten, dynamischen Kacheln. Diese Fliesen werden niemals splittern, sch\u00e4len oder verblassen und sehen toll aus!\u00a0Damit geh\u00f6rt die Zeit besch\u00e4digter Sticker (normal bei h\u00e4ufigem schnellen drehen des W\u00fcrfels) endg\u00fcltig der Vergangenheit an.<\/p>\n<p>Dieses Puzzle ist eine der beeindruckendsten Ver\u00f6ffentlichungen der letzten Zeit. F\u00fcr den Preis ist dieser W\u00fcrfel derzeit eine der besten Optionen!<\/p>\n<p class=\"md-end-block\">Der YuXin Kylin V2 M verwendet 48 Neodym-Magnete, die das Drehgef\u00fchl dahingehend verbessern, dass man leicht sp\u00fcrt, wenn die jeweilige Drehung perfekt ausgerichtet ist. Alle Magnete sind sorgf\u00e4ltig, genau platziert, so dass sehr genau und pr\u00e4zise dreht.<\/p>\n<p>Fazit:<\/p>\n<p>Eine der angenehmsten L\u00f6sungserfahrung seit langem. YuXin ist es gelungen ein rundum ausgewogenes und sehr angenehmes und Pr\u00e4zises Puzzle zu entwickeln. Der YuXin Kylin V2 M hat sch\u00f6ne kr\u00e4ftige Farben und eine griffige Oberfl\u00e4che. Die Magnete sind f\u00fcr meinen Geschmack perfekt (nicht zu stark und nicht zu schwach). Das Drehgef\u00fchl und Performance sind sehr gut. Dieser W\u00fcrfel bietet nicht nur einen sehr g\u00fcnstigen Einstieg in die Welt der magnetischen Speedcubes, sondern auch eine sehr gute Qualit\u00e4t und herausragende Performance. Ein definitives Muss!!!<\/p>\n<p class=\"md-end-block\"><span class=\"\"><strong>Eigenschaften<\/strong><\/span>:<\/p>\n<ul>\n<li class=\"md-end-block\">neu und Originalverpackt<\/li>\n<li class=\"md-end-block\">hohe Qualit\u00e4t<\/li>\n<li class=\"md-end-block\">aus hochwertigem ABS Material, das umweltfreundlich, ungiftig und langlebig ist<\/li>\n<li class=\"md-end-block\">schwarz mit PVC Kacheln anstatt Stickern<\/li>\n<li class=\"md-end-block\">geschmeidige Rotation und komfortables Spielgef\u00fchl<\/li>\n<li class=\"md-end-block\">ausgezeichnete Fehlertoleranz f\u00fcr besonders schnelle Zeiten<\/li>\n<li class=\"md-end-block\">geeignet f\u00fcr Speedcube Wettbewerbe<\/li>\n<\/ul>\n<p class=\"md-end-block\"><span class=\"\"><strong>Spezifikationen<\/strong><\/span>:<\/p>\n<ul>\n<li class=\"md-end-block\">Farbe: Schwarz\u00a0mit PVC Kacheln anstatt Stickern<\/li>\n<li class=\"md-end-block\">Material: Kunststoff (ABS)<\/li>\n<li class=\"md-end-block\">Produkt Abmessungen: 5,6 x\u00a0<span class=\"\">5,6 x\u00a0<\/span>5,6 cm<\/li>\n<li class=\"md-end-block\">Gewicht: 93g<\/li>\n<\/ul>\n","protected":false},"excerpt":{"rendered":"<p>YuXin KYLIN V2M 3&#215;3 magnetic Der YuXin Kylin V2 M 3&#215;3 ist die zweite Version und verbesserte Version des sehr beliebten Kylin (QILIN) 3&#215;3 Puzzles von YuXin, mit dem der fr\u00fchere Weltrekord von 5,25 Sekunden (Collin Burns) aufgestellt wurde. Der V2 nimmt alle gro\u00dfartigen Funktionen des Originals auf und verbessert sie. Au\u00dferdem werden Magnete mit [&hellip;]<\/p>\n","protected":false},"featured_media":1258,"comment_status":"open","ping_status":"closed","template":"","meta":[],"product_brand":[],"product_cat":[53,40,51,19],"product_tag":[],"class_list":{"0":"post-1257","1":"product","2":"type-product","3":"status-publish","4":"has-post-thumbnail","6":"product_cat-3x3","7":"product_cat-magnetische-zauberwuerfel","8":"product_cat-yuxin","9":"product_cat-zauberwuerfel","11":"first","12":"instock","13":"taxable","14":"shipping-taxable","15":"purchasable","16":"product-type-simple"},"yoast_head":"<!-- This site is optimized with the Yoast SEO plugin v26.7 - https:\/\/yoast.com\/wordpress\/plugins\/seo\/ -->\n<title>YuXin KYLIN V2M 3x3 magnetic - gRoods<\/title>\n<meta name=\"robots\" content=\"index, follow, max-snippet:-1, max-image-preview:large, max-video-preview:-1\" \/>\n<link rel=\"canonical\" href=\"https:\/\/www.groods.de\/index.php\/produkt\/yuxin-kylin-v2m-3x3-magnetic\/\" \/>\n<meta property=\"og:locale\" content=\"de_DE\" \/>\n<meta property=\"og:type\" content=\"article\" \/>\n<meta property=\"og:title\" content=\"YuXin KYLIN V2M 3x3 magnetic - gRoods\" \/>\n<meta property=\"og:description\" content=\"YuXin KYLIN V2M 3&#215;3 magnetic Der YuXin Kylin V2 M 3&#215;3 ist die zweite Version und verbesserte Version des sehr beliebten Kylin (QILIN) 3&#215;3 Puzzles von YuXin, mit dem der fr\u00fchere Weltrekord von 5,25 Sekunden (Collin Burns) aufgestellt wurde. Der V2 nimmt alle gro\u00dfartigen Funktionen des Originals auf und verbessert sie. Au\u00dferdem werden Magnete mit [&hellip;]\" \/>\n<meta property=\"og:url\" content=\"https:\/\/www.groods.de\/index.php\/produkt\/yuxin-kylin-v2m-3x3-magnetic\/\" \/>\n<meta property=\"og:site_name\" content=\"gRoods\" \/>\n<meta property=\"article:modified_time\" content=\"2025-11-19T21:17:32+00:00\" \/>\n<meta property=\"og:image\" content=\"https:\/\/www.groods.de\/wp-content\/uploads\/2019\/02\/YuXin-Kylin-V2M-black_10_1024.jpeg\" \/>\n\t<meta property=\"og:image:width\" content=\"1024\" \/>\n\t<meta property=\"og:image:height\" content=\"1024\" \/>\n\t<meta property=\"og:image:type\" content=\"image\/jpeg\" \/>\n<meta name=\"twitter:card\" content=\"summary_large_image\" \/>\n<meta name=\"twitter:label1\" content=\"Gesch\u00e4tzte Lesezeit\" \/>\n\t<meta name=\"twitter:data1\" content=\"2\u00a0Minuten\" \/>\n<script type=\"application\/ld+json\" class=\"yoast-schema-graph\">{\"@context\":\"https:\/\/schema.org\",\"@graph\":[{\"@type\":\"WebPage\",\"@id\":\"https:\/\/www.groods.de\/index.php\/produkt\/yuxin-kylin-v2m-3x3-magnetic\/\",\"url\":\"https:\/\/www.groods.de\/index.php\/produkt\/yuxin-kylin-v2m-3x3-magnetic\/\",\"name\":\"YuXin KYLIN V2M 3x3 magnetic - gRoods\",\"isPartOf\":{\"@id\":\"https:\/\/www.groods.de\/#website\"},\"primaryImageOfPage\":{\"@id\":\"https:\/\/www.groods.de\/index.php\/produkt\/yuxin-kylin-v2m-3x3-magnetic\/#primaryimage\"},\"image\":{\"@id\":\"https:\/\/www.groods.de\/index.php\/produkt\/yuxin-kylin-v2m-3x3-magnetic\/#primaryimage\"},\"thumbnailUrl\":\"https:\/\/www.groods.de\/wp-content\/uploads\/2019\/02\/YuXin-Kylin-V2M-black_10_1024.jpeg\",\"datePublished\":\"2019-02-10T12:37:23+00:00\",\"dateModified\":\"2025-11-19T21:17:32+00:00\",\"breadcrumb\":{\"@id\":\"https:\/\/www.groods.de\/index.php\/produkt\/yuxin-kylin-v2m-3x3-magnetic\/#breadcrumb\"},\"inLanguage\":\"de\",\"potentialAction\":[{\"@type\":\"ReadAction\",\"target\":[\"https:\/\/www.groods.de\/index.php\/produkt\/yuxin-kylin-v2m-3x3-magnetic\/\"]}]},{\"@type\":\"ImageObject\",\"inLanguage\":\"de\",\"@id\":\"https:\/\/www.groods.de\/index.php\/produkt\/yuxin-kylin-v2m-3x3-magnetic\/#primaryimage\",\"url\":\"https:\/\/www.groods.de\/wp-content\/uploads\/2019\/02\/YuXin-Kylin-V2M-black_10_1024.jpeg\",\"contentUrl\":\"https:\/\/www.groods.de\/wp-content\/uploads\/2019\/02\/YuXin-Kylin-V2M-black_10_1024.jpeg\",\"width\":1024,\"height\":1024},{\"@type\":\"BreadcrumbList\",\"@id\":\"https:\/\/www.groods.de\/index.php\/produkt\/yuxin-kylin-v2m-3x3-magnetic\/#breadcrumb\",\"itemListElement\":[{\"@type\":\"ListItem\",\"position\":1,\"name\":\"Startseite\",\"item\":\"https:\/\/www.groods.de\/\"},{\"@type\":\"ListItem\",\"position\":2,\"name\":\"Shop\",\"item\":\"https:\/\/www.groods.de\/index.php\/shop\/\"},{\"@type\":\"ListItem\",\"position\":3,\"name\":\"YuXin KYLIN V2M 3&#215;3 magnetic\"}]},{\"@type\":\"WebSite\",\"@id\":\"https:\/\/www.groods.de\/#website\",\"url\":\"https:\/\/www.groods.de\/\",\"name\":\"gRoods.de\",\"description\":\"Entdecke die Welt der Speedcubes\",\"publisher\":{\"@id\":\"https:\/\/www.groods.de\/#organization\"},\"potentialAction\":[{\"@type\":\"SearchAction\",\"target\":{\"@type\":\"EntryPoint\",\"urlTemplate\":\"https:\/\/www.groods.de\/?s={search_term_string}\"},\"query-input\":{\"@type\":\"PropertyValueSpecification\",\"valueRequired\":true,\"valueName\":\"search_term_string\"}}],\"inLanguage\":\"de\"},{\"@type\":\"Organization\",\"@id\":\"https:\/\/www.groods.de\/#organization\",\"name\":\"gRoods.de\",\"url\":\"https:\/\/www.groods.de\/\",\"logo\":{\"@type\":\"ImageObject\",\"inLanguage\":\"de\",\"@id\":\"https:\/\/www.groods.de\/#\/schema\/logo\/image\/\",\"url\":\"https:\/\/www.groods.de\/wp-content\/uploads\/2018\/08\/logo.png\",\"contentUrl\":\"https:\/\/www.groods.de\/wp-content\/uploads\/2018\/08\/logo.png\",\"width\":1077,\"height\":373,\"caption\":\"gRoods.de\"},\"image\":{\"@id\":\"https:\/\/www.groods.de\/#\/schema\/logo\/image\/\"}}]}<\/script>\n<!-- \/ Yoast SEO plugin. -->","yoast_head_json":{"title":"YuXin KYLIN V2M 3x3 magnetic - gRoods","robots":{"index":"index","follow":"follow","max-snippet":"max-snippet:-1","max-image-preview":"max-image-preview:large","max-video-preview":"max-video-preview:-1"},"canonical":"https:\/\/www.groods.de\/index.php\/produkt\/yuxin-kylin-v2m-3x3-magnetic\/","og_locale":"de_DE","og_type":"article","og_title":"YuXin KYLIN V2M 3x3 magnetic - gRoods","og_description":"YuXin KYLIN V2M 3&#215;3 magnetic Der YuXin Kylin V2 M 3&#215;3 ist die zweite Version und verbesserte Version des sehr beliebten Kylin (QILIN) 3&#215;3 Puzzles von YuXin, mit dem der fr\u00fchere Weltrekord von 5,25 Sekunden (Collin Burns) aufgestellt wurde. Der V2 nimmt alle gro\u00dfartigen Funktionen des Originals auf und verbessert sie. Au\u00dferdem werden Magnete mit [&hellip;]","og_url":"https:\/\/www.groods.de\/index.php\/produkt\/yuxin-kylin-v2m-3x3-magnetic\/","og_site_name":"gRoods","article_modified_time":"2025-11-19T21:17:32+00:00","og_image":[{"width":1024,"height":1024,"url":"https:\/\/www.groods.de\/wp-content\/uploads\/2019\/02\/YuXin-Kylin-V2M-black_10_1024.jpeg","type":"image\/jpeg"}],"twitter_card":"summary_large_image","twitter_misc":{"Gesch\u00e4tzte Lesezeit":"2\u00a0Minuten"},"schema":{"@context":"https:\/\/schema.org","@graph":[{"@type":"WebPage","@id":"https:\/\/www.groods.de\/index.php\/produkt\/yuxin-kylin-v2m-3x3-magnetic\/","url":"https:\/\/www.groods.de\/index.php\/produkt\/yuxin-kylin-v2m-3x3-magnetic\/","name":"YuXin KYLIN V2M 3x3 magnetic - gRoods","isPartOf":{"@id":"https:\/\/www.groods.de\/#website"},"primaryImageOfPage":{"@id":"https:\/\/www.groods.de\/index.php\/produkt\/yuxin-kylin-v2m-3x3-magnetic\/#primaryimage"},"image":{"@id":"https:\/\/www.groods.de\/index.php\/produkt\/yuxin-kylin-v2m-3x3-magnetic\/#primaryimage"},"thumbnailUrl":"https:\/\/www.groods.de\/wp-content\/uploads\/2019\/02\/YuXin-Kylin-V2M-black_10_1024.jpeg","datePublished":"2019-02-10T12:37:23+00:00","dateModified":"2025-11-19T21:17:32+00:00","breadcrumb":{"@id":"https:\/\/www.groods.de\/index.php\/produkt\/yuxin-kylin-v2m-3x3-magnetic\/#breadcrumb"},"inLanguage":"de","potentialAction":[{"@type":"ReadAction","target":["https:\/\/www.groods.de\/index.php\/produkt\/yuxin-kylin-v2m-3x3-magnetic\/"]}]},{"@type":"ImageObject","inLanguage":"de","@id":"https:\/\/www.groods.de\/index.php\/produkt\/yuxin-kylin-v2m-3x3-magnetic\/#primaryimage","url":"https:\/\/www.groods.de\/wp-content\/uploads\/2019\/02\/YuXin-Kylin-V2M-black_10_1024.jpeg","contentUrl":"https:\/\/www.groods.de\/wp-content\/uploads\/2019\/02\/YuXin-Kylin-V2M-black_10_1024.jpeg","width":1024,"height":1024},{"@type":"BreadcrumbList","@id":"https:\/\/www.groods.de\/index.php\/produkt\/yuxin-kylin-v2m-3x3-magnetic\/#breadcrumb","itemListElement":[{"@type":"ListItem","position":1,"name":"Startseite","item":"https:\/\/www.groods.de\/"},{"@type":"ListItem","position":2,"name":"Shop","item":"https:\/\/www.groods.de\/index.php\/shop\/"},{"@type":"ListItem","position":3,"name":"YuXin KYLIN V2M 3&#215;3 magnetic"}]},{"@type":"WebSite","@id":"https:\/\/www.groods.de\/#website","url":"https:\/\/www.groods.de\/","name":"gRoods.de","description":"Entdecke die Welt der Speedcubes","publisher":{"@id":"https:\/\/www.groods.de\/#organization"},"potentialAction":[{"@type":"SearchAction","target":{"@type":"EntryPoint","urlTemplate":"https:\/\/www.groods.de\/?s={search_term_string}"},"query-input":{"@type":"PropertyValueSpecification","valueRequired":true,"valueName":"search_term_string"}}],"inLanguage":"de"},{"@type":"Organization","@id":"https:\/\/www.groods.de\/#organization","name":"gRoods.de","url":"https:\/\/www.groods.de\/","logo":{"@type":"ImageObject","inLanguage":"de","@id":"https:\/\/www.groods.de\/#\/schema\/logo\/image\/","url":"https:\/\/www.groods.de\/wp-content\/uploads\/2018\/08\/logo.png","contentUrl":"https:\/\/www.groods.de\/wp-content\/uploads\/2018\/08\/logo.png","width":1077,"height":373,"caption":"gRoods.de"},"image":{"@id":"https:\/\/www.groods.de\/#\/schema\/logo\/image\/"}}]}},"_links":{"self":[{"href":"https:\/\/www.groods.de\/index.php\/wp-json\/wp\/v2\/product\/1257","targetHints":{"allow":["GET"]}}],"collection":[{"href":"https:\/\/www.groods.de\/index.php\/wp-json\/wp\/v2\/product"}],"about":[{"href":"https:\/\/www.groods.de\/index.php\/wp-json\/wp\/v2\/types\/product"}],"replies":[{"embeddable":true,"href":"https:\/\/www.groods.de\/index.php\/wp-json\/wp\/v2\/comments?post=1257"}],"wp:featuredmedia":[{"embeddable":true,"href":"https:\/\/www.groods.de\/index.php\/wp-json\/wp\/v2\/media\/1258"}],"wp:attachment":[{"href":"https:\/\/www.groods.de\/index.php\/wp-json\/wp\/v2\/media?parent=1257"}],"wp:term":[{"taxonomy":"product_brand","embeddable":true,"href":"https:\/\/www.groods.de\/index.php\/wp-json\/wp\/v2\/product_brand?post=1257"},{"taxonomy":"product_cat","embeddable":true,"href":"https:\/\/www.groods.de\/index.php\/wp-json\/wp\/v2\/product_cat?post=1257"},{"taxonomy":"product_tag","embeddable":true,"href":"https:\/\/www.groods.de\/index.php\/wp-json\/wp\/v2\/product_tag?post=1257"}],"curies":[{"name":"wp","href":"https:\/\/api.w.org\/{rel}","templated":true}]}}