{"id":12441,"date":"2025-12-11T00:07:01","date_gmt":"2025-12-10T23:07:01","guid":{"rendered":"https:\/\/www.groods.de\/index.php\/produkt\/apple-watch-ecoweave-sport-loop\/"},"modified":"2025-12-11T00:13:01","modified_gmt":"2025-12-10T23:13:01","slug":"apple-watch-ecoweave-sport-loop","status":"publish","type":"product","link":"https:\/\/www.groods.de\/index.php\/produkt\/apple-watch-ecoweave-sport-loop\/","title":{"rendered":"Apple Watch &#8211; EcoWeave Sport Loop"},"content":{"rendered":"<p>Das EcoWeave Sport Loop f\u00fcr die Apple Watch \u2013 Nachhaltigkeit trifft auf Performance!<\/p>\n<p>Unser EcoWeave Sport Loop ist das Ergebnis einer innovativen \u00dcberarbeitung, bei der Garnreste aus vorherigen Saisons in ein hochwertiges, weiches und atmungsaktives Armband umgewandelt wurden. Dieses Band besticht nicht nur durch sein auff\u00e4lliges Muster, sondern auch durch seine einzigartige Konstruktion aus recycelten Materialien.<\/p>\n<p>Hergestellt aus einem Nylongewebe mit zwei Lagen, bietet das EcoWeave Sport Loop nicht nur hervorragende Strapazierf\u00e4higkeit, sondern auch ein angenehmes Tragegef\u00fchl. Die dichten Maschen auf der Innenseite dienen als weiches Polster und erm\u00f6glichen gleichzeitig eine effektive Feuchtigkeitsregulierung, indem sie Feuchtigkeit nach au\u00dfen leiten \u2013 perfekt f\u00fcr intensive Workouts und den t\u00e4glichen Gebrauch.<\/p>\n<p>Mit einem praktischen Klettverschluss und einer gewebten Zuglasche, l\u00e4sst sich das Armband m\u00fchelos anpassen und bietet unterwegs eine optimale Passform.<\/p>\n<p>Das EcoWeave Sport Loop setzt ein Zeichen f\u00fcr Nachhaltigkeit, indem es mindestens 66 % Garnreste aus vorherigen Saisons verwendet, wodurch \u00fcber 3 Tonnen Prim\u00e4rgarn eingespart werden. Ein Statement f\u00fcr Umweltbewusstsein ohne Kompromisse bei Leistung und Stil.<\/p>\n<p>Entdecke das EcoWeave Sport Loop und trage mit Stolz ein Armband, das nicht nur deine Apple Watch schm\u00fcckt, sondern auch einen Beitrag zum Schutz unserer Umwelt leistet \u2013 f\u00fcr ein nachhaltiges und stilvolles Handgelenkserlebnis.<\/p>\n","protected":false},"excerpt":{"rendered":"<p>Das EcoWeave Sport Loop f\u00fcr die Apple Watch \u2013 Nachhaltigkeit trifft auf Performance! Unser EcoWeave Sport Loop ist das Ergebnis einer innovativen \u00dcberarbeitung, bei der Garnreste aus vorherigen Saisons in ein hochwertiges, weiches und atmungsaktives Armband umgewandelt wurden. Dieses Band besticht nicht nur durch sein auff\u00e4lliges Muster, sondern auch durch seine einzigartige Konstruktion aus recycelten [&hellip;]<\/p>\n","protected":false},"featured_media":12436,"comment_status":"open","ping_status":"closed","template":"","meta":[],"product_brand":[],"product_cat":[128,163,154],"product_tag":[],"class_list":{"0":"post-12441","1":"product","2":"type-product","3":"status-publish","4":"has-post-thumbnail","6":"product_cat-armbaender","7":"product_cat-ecoweave-sport-loop","8":"product_cat-xiaomi","10":"first","11":"instock","12":"taxable","13":"shipping-taxable","14":"purchasable","15":"product-type-variable"},"yoast_head":"<!-- This site is optimized with the Yoast SEO plugin v26.7 - https:\/\/yoast.com\/wordpress\/plugins\/seo\/ -->\n<title>Apple Watch - EcoWeave Sport Loop - gRoods<\/title>\n<meta name=\"robots\" content=\"index, follow, max-snippet:-1, max-image-preview:large, max-video-preview:-1\" \/>\n<link rel=\"canonical\" href=\"https:\/\/www.groods.de\/index.php\/produkt\/apple-watch-ecoweave-sport-loop\/\" \/>\n<meta property=\"og:locale\" content=\"de_DE\" \/>\n<meta property=\"og:type\" content=\"article\" \/>\n<meta property=\"og:title\" content=\"Apple Watch - EcoWeave Sport Loop - gRoods\" \/>\n<meta property=\"og:description\" content=\"Das EcoWeave Sport Loop f\u00fcr die Apple Watch \u2013 Nachhaltigkeit trifft auf Performance! Unser EcoWeave Sport Loop ist das Ergebnis einer innovativen \u00dcberarbeitung, bei der Garnreste aus vorherigen Saisons in ein hochwertiges, weiches und atmungsaktives Armband umgewandelt wurden. Dieses Band besticht nicht nur durch sein auff\u00e4lliges Muster, sondern auch durch seine einzigartige Konstruktion aus recycelten [&hellip;]\" \/>\n<meta property=\"og:url\" content=\"https:\/\/www.groods.de\/index.php\/produkt\/apple-watch-ecoweave-sport-loop\/\" \/>\n<meta property=\"og:site_name\" content=\"gRoods\" \/>\n<meta property=\"article:modified_time\" content=\"2025-12-10T23:13:01+00:00\" \/>\n<meta property=\"og:image\" content=\"https:\/\/www.groods.de\/wp-content\/uploads\/2025\/12\/AWSLN-EcoWeave20Sport20Loop20color20chart-scaled.jpg\" \/>\n\t<meta property=\"og:image:width\" content=\"2460\" \/>\n\t<meta property=\"og:image:height\" content=\"2560\" \/>\n\t<meta property=\"og:image:type\" content=\"image\/jpeg\" \/>\n<meta name=\"twitter:card\" content=\"summary_large_image\" \/>\n<meta name=\"twitter:label1\" content=\"Gesch\u00e4tzte Lesezeit\" \/>\n\t<meta name=\"twitter:data1\" content=\"2\u00a0Minuten\" \/>\n<script type=\"application\/ld+json\" class=\"yoast-schema-graph\">{\"@context\":\"https:\/\/schema.org\",\"@graph\":[{\"@type\":\"WebPage\",\"@id\":\"https:\/\/www.groods.de\/index.php\/produkt\/apple-watch-ecoweave-sport-loop\/\",\"url\":\"https:\/\/www.groods.de\/index.php\/produkt\/apple-watch-ecoweave-sport-loop\/\",\"name\":\"Apple Watch - EcoWeave Sport Loop - gRoods\",\"isPartOf\":{\"@id\":\"https:\/\/www.groods.de\/#website\"},\"primaryImageOfPage\":{\"@id\":\"https:\/\/www.groods.de\/index.php\/produkt\/apple-watch-ecoweave-sport-loop\/#primaryimage\"},\"image\":{\"@id\":\"https:\/\/www.groods.de\/index.php\/produkt\/apple-watch-ecoweave-sport-loop\/#primaryimage\"},\"thumbnailUrl\":\"https:\/\/www.groods.de\/wp-content\/uploads\/2025\/12\/AWSLN-EcoWeave20Sport20Loop20color20chart-scaled.jpg\",\"datePublished\":\"2025-12-10T23:07:01+00:00\",\"dateModified\":\"2025-12-10T23:13:01+00:00\",\"breadcrumb\":{\"@id\":\"https:\/\/www.groods.de\/index.php\/produkt\/apple-watch-ecoweave-sport-loop\/#breadcrumb\"},\"inLanguage\":\"de\",\"potentialAction\":[{\"@type\":\"ReadAction\",\"target\":[\"https:\/\/www.groods.de\/index.php\/produkt\/apple-watch-ecoweave-sport-loop\/\"]}]},{\"@type\":\"ImageObject\",\"inLanguage\":\"de\",\"@id\":\"https:\/\/www.groods.de\/index.php\/produkt\/apple-watch-ecoweave-sport-loop\/#primaryimage\",\"url\":\"https:\/\/www.groods.de\/wp-content\/uploads\/2025\/12\/AWSLN-EcoWeave20Sport20Loop20color20chart-scaled.jpg\",\"contentUrl\":\"https:\/\/www.groods.de\/wp-content\/uploads\/2025\/12\/AWSLN-EcoWeave20Sport20Loop20color20chart-scaled.jpg\",\"width\":2460,\"height\":2560},{\"@type\":\"BreadcrumbList\",\"@id\":\"https:\/\/www.groods.de\/index.php\/produkt\/apple-watch-ecoweave-sport-loop\/#breadcrumb\",\"itemListElement\":[{\"@type\":\"ListItem\",\"position\":1,\"name\":\"Startseite\",\"item\":\"https:\/\/www.groods.de\/\"},{\"@type\":\"ListItem\",\"position\":2,\"name\":\"Shop\",\"item\":\"https:\/\/www.groods.de\/index.php\/shop\/\"},{\"@type\":\"ListItem\",\"position\":3,\"name\":\"Apple Watch &#8211; EcoWeave Sport Loop\"}]},{\"@type\":\"WebSite\",\"@id\":\"https:\/\/www.groods.de\/#website\",\"url\":\"https:\/\/www.groods.de\/\",\"name\":\"gRoods.de\",\"description\":\"Entdecke die Welt der Speedcubes\",\"publisher\":{\"@id\":\"https:\/\/www.groods.de\/#organization\"},\"potentialAction\":[{\"@type\":\"SearchAction\",\"target\":{\"@type\":\"EntryPoint\",\"urlTemplate\":\"https:\/\/www.groods.de\/?s={search_term_string}\"},\"query-input\":{\"@type\":\"PropertyValueSpecification\",\"valueRequired\":true,\"valueName\":\"search_term_string\"}}],\"inLanguage\":\"de\"},{\"@type\":\"Organization\",\"@id\":\"https:\/\/www.groods.de\/#organization\",\"name\":\"gRoods.de\",\"url\":\"https:\/\/www.groods.de\/\",\"logo\":{\"@type\":\"ImageObject\",\"inLanguage\":\"de\",\"@id\":\"https:\/\/www.groods.de\/#\/schema\/logo\/image\/\",\"url\":\"https:\/\/www.groods.de\/wp-content\/uploads\/2018\/08\/logo.png\",\"contentUrl\":\"https:\/\/www.groods.de\/wp-content\/uploads\/2018\/08\/logo.png\",\"width\":1077,\"height\":373,\"caption\":\"gRoods.de\"},\"image\":{\"@id\":\"https:\/\/www.groods.de\/#\/schema\/logo\/image\/\"}}]}<\/script>\n<!-- \/ Yoast SEO plugin. -->","yoast_head_json":{"title":"Apple Watch - EcoWeave Sport Loop - gRoods","robots":{"index":"index","follow":"follow","max-snippet":"max-snippet:-1","max-image-preview":"max-image-preview:large","max-video-preview":"max-video-preview:-1"},"canonical":"https:\/\/www.groods.de\/index.php\/produkt\/apple-watch-ecoweave-sport-loop\/","og_locale":"de_DE","og_type":"article","og_title":"Apple Watch - EcoWeave Sport Loop - gRoods","og_description":"Das EcoWeave Sport Loop f\u00fcr die Apple Watch \u2013 Nachhaltigkeit trifft auf Performance! Unser EcoWeave Sport Loop ist das Ergebnis einer innovativen \u00dcberarbeitung, bei der Garnreste aus vorherigen Saisons in ein hochwertiges, weiches und atmungsaktives Armband umgewandelt wurden. Dieses Band besticht nicht nur durch sein auff\u00e4lliges Muster, sondern auch durch seine einzigartige Konstruktion aus recycelten [&hellip;]","og_url":"https:\/\/www.groods.de\/index.php\/produkt\/apple-watch-ecoweave-sport-loop\/","og_site_name":"gRoods","article_modified_time":"2025-12-10T23:13:01+00:00","og_image":[{"width":2460,"height":2560,"url":"https:\/\/www.groods.de\/wp-content\/uploads\/2025\/12\/AWSLN-EcoWeave20Sport20Loop20color20chart-scaled.jpg","type":"image\/jpeg"}],"twitter_card":"summary_large_image","twitter_misc":{"Gesch\u00e4tzte Lesezeit":"2\u00a0Minuten"},"schema":{"@context":"https:\/\/schema.org","@graph":[{"@type":"WebPage","@id":"https:\/\/www.groods.de\/index.php\/produkt\/apple-watch-ecoweave-sport-loop\/","url":"https:\/\/www.groods.de\/index.php\/produkt\/apple-watch-ecoweave-sport-loop\/","name":"Apple Watch - EcoWeave Sport Loop - gRoods","isPartOf":{"@id":"https:\/\/www.groods.de\/#website"},"primaryImageOfPage":{"@id":"https:\/\/www.groods.de\/index.php\/produkt\/apple-watch-ecoweave-sport-loop\/#primaryimage"},"image":{"@id":"https:\/\/www.groods.de\/index.php\/produkt\/apple-watch-ecoweave-sport-loop\/#primaryimage"},"thumbnailUrl":"https:\/\/www.groods.de\/wp-content\/uploads\/2025\/12\/AWSLN-EcoWeave20Sport20Loop20color20chart-scaled.jpg","datePublished":"2025-12-10T23:07:01+00:00","dateModified":"2025-12-10T23:13:01+00:00","breadcrumb":{"@id":"https:\/\/www.groods.de\/index.php\/produkt\/apple-watch-ecoweave-sport-loop\/#breadcrumb"},"inLanguage":"de","potentialAction":[{"@type":"ReadAction","target":["https:\/\/www.groods.de\/index.php\/produkt\/apple-watch-ecoweave-sport-loop\/"]}]},{"@type":"ImageObject","inLanguage":"de","@id":"https:\/\/www.groods.de\/index.php\/produkt\/apple-watch-ecoweave-sport-loop\/#primaryimage","url":"https:\/\/www.groods.de\/wp-content\/uploads\/2025\/12\/AWSLN-EcoWeave20Sport20Loop20color20chart-scaled.jpg","contentUrl":"https:\/\/www.groods.de\/wp-content\/uploads\/2025\/12\/AWSLN-EcoWeave20Sport20Loop20color20chart-scaled.jpg","width":2460,"height":2560},{"@type":"BreadcrumbList","@id":"https:\/\/www.groods.de\/index.php\/produkt\/apple-watch-ecoweave-sport-loop\/#breadcrumb","itemListElement":[{"@type":"ListItem","position":1,"name":"Startseite","item":"https:\/\/www.groods.de\/"},{"@type":"ListItem","position":2,"name":"Shop","item":"https:\/\/www.groods.de\/index.php\/shop\/"},{"@type":"ListItem","position":3,"name":"Apple Watch &#8211; EcoWeave Sport Loop"}]},{"@type":"WebSite","@id":"https:\/\/www.groods.de\/#website","url":"https:\/\/www.groods.de\/","name":"gRoods.de","description":"Entdecke die Welt der Speedcubes","publisher":{"@id":"https:\/\/www.groods.de\/#organization"},"potentialAction":[{"@type":"SearchAction","target":{"@type":"EntryPoint","urlTemplate":"https:\/\/www.groods.de\/?s={search_term_string}"},"query-input":{"@type":"PropertyValueSpecification","valueRequired":true,"valueName":"search_term_string"}}],"inLanguage":"de"},{"@type":"Organization","@id":"https:\/\/www.groods.de\/#organization","name":"gRoods.de","url":"https:\/\/www.groods.de\/","logo":{"@type":"ImageObject","inLanguage":"de","@id":"https:\/\/www.groods.de\/#\/schema\/logo\/image\/","url":"https:\/\/www.groods.de\/wp-content\/uploads\/2018\/08\/logo.png","contentUrl":"https:\/\/www.groods.de\/wp-content\/uploads\/2018\/08\/logo.png","width":1077,"height":373,"caption":"gRoods.de"},"image":{"@id":"https:\/\/www.groods.de\/#\/schema\/logo\/image\/"}}]}},"_links":{"self":[{"href":"https:\/\/www.groods.de\/index.php\/wp-json\/wp\/v2\/product\/12441","targetHints":{"allow":["GET"]}}],"collection":[{"href":"https:\/\/www.groods.de\/index.php\/wp-json\/wp\/v2\/product"}],"about":[{"href":"https:\/\/www.groods.de\/index.php\/wp-json\/wp\/v2\/types\/product"}],"replies":[{"embeddable":true,"href":"https:\/\/www.groods.de\/index.php\/wp-json\/wp\/v2\/comments?post=12441"}],"wp:featuredmedia":[{"embeddable":true,"href":"https:\/\/www.groods.de\/index.php\/wp-json\/wp\/v2\/media\/12436"}],"wp:attachment":[{"href":"https:\/\/www.groods.de\/index.php\/wp-json\/wp\/v2\/media?parent=12441"}],"wp:term":[{"taxonomy":"product_brand","embeddable":true,"href":"https:\/\/www.groods.de\/index.php\/wp-json\/wp\/v2\/product_brand?post=12441"},{"taxonomy":"product_cat","embeddable":true,"href":"https:\/\/www.groods.de\/index.php\/wp-json\/wp\/v2\/product_cat?post=12441"},{"taxonomy":"product_tag","embeddable":true,"href":"https:\/\/www.groods.de\/index.php\/wp-json\/wp\/v2\/product_tag?post=12441"}],"curies":[{"name":"wp","href":"https:\/\/api.w.org\/{rel}","templated":true}]}}