{"id":1179,"date":"2019-02-10T10:43:13","date_gmt":"2019-02-10T09:43:13","guid":{"rendered":"https:\/\/www.groods.de\/?post_type=product&#038;p=1179"},"modified":"2025-11-19T22:21:03","modified_gmt":"2025-11-19T21:21:03","slug":"shengshou-mr-m-magnetic-4er-set-2x2-3x3-4x4-5x5-black","status":"publish","type":"product","link":"https:\/\/www.groods.de\/index.php\/produkt\/shengshou-mr-m-magnetic-4er-set-2x2-3x3-4x4-5x5-black\/","title":{"rendered":"ShengShou Mr. M Magnet Speedcube 4er Set 2&#215;2 3&#215;3 4&#215;4 5&#215;5 &#8211; schwarz"},"content":{"rendered":"<h1 class=\"md-end-block\">ShengShou Mr. M Magnet Speedcube 4er Set 2&#215;2 3&#215;3 4&#215;4 5&#215;5 &#8211; schwarz<\/h1>\n<p class=\"md-end-block\">Der ShengShou Mr. M ist der erste magnetische W\u00fcrfel von ShengShou. Der Mr. M &#8211; Black hat sehr sch\u00f6ne kr\u00e4ftige Farben und eine griffige Oberfl\u00e4che. Die Magnete sind st\u00e4rker als bei anderen magnetischen W\u00fcrfeln. Das\u00a0f\u00fchrt zu einem deutlichen Einrasten der Drehungen. Das Drehgef\u00fchl und Performance sind sehr gut. Dieser W\u00fcrfel bietet nicht nur einen sehr g\u00fcnstigen Einstieg in die Welt der magnetischen Speedcubes, sondern auch eine sehr gute Qualit\u00e4t. Wir freuen uns Ihnen diese Set zum unschlagbaren Preis anbieten zu k\u00f6nnen. F\u00fcr diesen Preis k\u00f6nnen Sie nichts falsch machen!<\/p>\n<p class=\"md-end-block\">Der ShengShou Mr. M verwendet 48 Neodym-Magnete, die das Drehgef\u00fchl dahingehend verbessern, dass man leicht sp\u00fcrt, wenn die jeweilige Drehung perfekt ausgerichtet ist. Alle Magnete sind sorgf\u00e4ltig, genau platziert, so dass sehr genau und pr\u00e4zise dreht.<\/p>\n<p class=\"md-end-block\"><span class=\"\"><strong>Eigenschaften<\/strong><\/span>:<\/p>\n<ul>\n<li class=\"md-end-block\">neu und Originalverpackt<\/li>\n<li class=\"md-end-block\">hohe Qualit\u00e4t<\/li>\n<li class=\"md-end-block\">aus hochwertigem ABS Material, das umweltfreundlich, ungiftig und langlebig ist<\/li>\n<li class=\"md-end-block\">geschmeidige Rotation und komfortables Spielgef\u00fchl<\/li>\n<li class=\"md-end-block\">ausgezeichnete Fehlertoleranz f\u00fcr besonders schnelle Zeiten<\/li>\n<li class=\"md-end-block\">geeignet f\u00fcr Speedcube Wettbewerbe<\/li>\n<\/ul>\n<p class=\"md-end-block\"><span class=\"\"><strong>Spezifikationen<\/strong><\/span>:<\/p>\n<ul>\n<li class=\"md-end-block\">Farbe: Schwarz mit Stickern<\/li>\n<li class=\"md-end-block\">Material: Kunststoff (ABS)<\/li>\n<li>2&#215;2\n<ul>\n<li class=\"md-end-block\">Produkt Abmessungen: 5,0 x\u00a05,0\u00a0<span class=\"\">x\u00a05,0<\/span>\u00a0cm<\/li>\n<li class=\"md-end-block\">Gewicht: 65g<\/li>\n<\/ul>\n<\/li>\n<li>3&#215;3\n<ul>\n<li class=\"md-end-block\">Produkt Abmessungen: 5,6 x\u00a05,6\u00a0<span class=\"\">x\u00a05,6<\/span>\u00a0cm<\/li>\n<li class=\"md-end-block\">Gewicht: 110g<\/li>\n<\/ul>\n<\/li>\n<li>4&#215;4\n<ul>\n<li class=\"md-end-block\">Produkt Abmessungen: 6,2 x\u00a06,2\u00a0<span class=\"\">x\u00a06,2<\/span>\u00a0cm<\/li>\n<li class=\"md-end-block\">Gewicht: 173g<\/li>\n<\/ul>\n<\/li>\n<li>5&#215;5\n<ul>\n<li class=\"md-end-block\">Produkt Abmessungen: 6,4 x\u00a06,4\u00a0<span class=\"\">x\u00a06,4<\/span>\u00a0cm<\/li>\n<li class=\"md-end-block\">Gewicht: 179g<\/li>\n<\/ul>\n<\/li>\n<\/ul>\n","protected":false},"excerpt":{"rendered":"<p>Der ShengShou Mr. M ist der erste magnetische W\u00fcrfel von ShengShou. Der Mr. M hat sehr sch\u00f6ne kr\u00e4ftige Farben und eine griffige Oberfl\u00e4che. Die Magnete sind sehr stark was zu einem deutlichen einrasten der Drehungen f\u00fchrt. Drehgef\u00fchl und Performance sind sehr gut. Dieser W\u00fcrfel bietet einen sehr g\u00fcnstigen Einstieg in die Welt der magnetischen Speedcubes. F\u00fcr diesen Preis k\u00f6nnen Sie nichts falsch machen!<\/p>\n","protected":false},"featured_media":1180,"comment_status":"open","ping_status":"closed","template":"","meta":[],"product_brand":[],"product_cat":[52,53,54,55,40,60,39,19],"product_tag":[],"class_list":{"0":"post-1179","1":"product","2":"type-product","3":"status-publish","4":"has-post-thumbnail","6":"product_cat-2x2","7":"product_cat-3x3","8":"product_cat-4x4","9":"product_cat-5x5","10":"product_cat-magnetische-zauberwuerfel","11":"product_cat-sets","12":"product_cat-shengshou","13":"product_cat-zauberwuerfel","15":"first","16":"instock","17":"taxable","18":"shipping-taxable","19":"purchasable","20":"product-type-simple"},"yoast_head":"<!-- This site is optimized with the Yoast SEO plugin v26.7 - https:\/\/yoast.com\/wordpress\/plugins\/seo\/ -->\n<title>ShengShou Mr. M Magnet Speedcube 4er Set 2x2 3x3 4x4 5x5 - schwarz - gRoods<\/title>\n<meta name=\"robots\" content=\"index, follow, max-snippet:-1, max-image-preview:large, max-video-preview:-1\" \/>\n<link rel=\"canonical\" href=\"https:\/\/www.groods.de\/index.php\/produkt\/shengshou-mr-m-magnetic-4er-set-2x2-3x3-4x4-5x5-black\/\" \/>\n<meta property=\"og:locale\" content=\"de_DE\" \/>\n<meta property=\"og:type\" content=\"article\" \/>\n<meta property=\"og:title\" content=\"ShengShou Mr. M Magnet Speedcube 4er Set 2x2 3x3 4x4 5x5 - schwarz - gRoods\" \/>\n<meta property=\"og:description\" content=\"Der ShengShou Mr. M ist der erste magnetische W\u00fcrfel von ShengShou. Der Mr. M hat sehr sch\u00f6ne kr\u00e4ftige Farben und eine griffige Oberfl\u00e4che. Die Magnete sind sehr stark was zu einem deutlichen einrasten der Drehungen f\u00fchrt. Drehgef\u00fchl und Performance sind sehr gut. Dieser W\u00fcrfel bietet einen sehr g\u00fcnstigen Einstieg in die Welt der magnetischen Speedcubes. F\u00fcr diesen Preis k\u00f6nnen Sie nichts falsch machen!\" \/>\n<meta property=\"og:url\" content=\"https:\/\/www.groods.de\/index.php\/produkt\/shengshou-mr-m-magnetic-4er-set-2x2-3x3-4x4-5x5-black\/\" \/>\n<meta property=\"og:site_name\" content=\"gRoods\" \/>\n<meta property=\"article:modified_time\" content=\"2025-11-19T21:21:03+00:00\" \/>\n<meta property=\"og:image\" content=\"https:\/\/www.groods.de\/wp-content\/uploads\/2019\/02\/ShengShou-Mr-M-Set-2x2-3x3-4x4-5x5-schwarz_27_1024.jpeg\" \/>\n\t<meta property=\"og:image:width\" content=\"1024\" \/>\n\t<meta property=\"og:image:height\" content=\"1024\" \/>\n\t<meta property=\"og:image:type\" content=\"image\/jpeg\" \/>\n<meta name=\"twitter:card\" content=\"summary_large_image\" \/>\n<meta name=\"twitter:label1\" content=\"Gesch\u00e4tzte Lesezeit\" \/>\n\t<meta name=\"twitter:data1\" content=\"2\u00a0Minuten\" \/>\n<script type=\"application\/ld+json\" class=\"yoast-schema-graph\">{\"@context\":\"https:\/\/schema.org\",\"@graph\":[{\"@type\":\"WebPage\",\"@id\":\"https:\/\/www.groods.de\/index.php\/produkt\/shengshou-mr-m-magnetic-4er-set-2x2-3x3-4x4-5x5-black\/\",\"url\":\"https:\/\/www.groods.de\/index.php\/produkt\/shengshou-mr-m-magnetic-4er-set-2x2-3x3-4x4-5x5-black\/\",\"name\":\"ShengShou Mr. M Magnet Speedcube 4er Set 2x2 3x3 4x4 5x5 - schwarz - gRoods\",\"isPartOf\":{\"@id\":\"https:\/\/www.groods.de\/#website\"},\"primaryImageOfPage\":{\"@id\":\"https:\/\/www.groods.de\/index.php\/produkt\/shengshou-mr-m-magnetic-4er-set-2x2-3x3-4x4-5x5-black\/#primaryimage\"},\"image\":{\"@id\":\"https:\/\/www.groods.de\/index.php\/produkt\/shengshou-mr-m-magnetic-4er-set-2x2-3x3-4x4-5x5-black\/#primaryimage\"},\"thumbnailUrl\":\"https:\/\/www.groods.de\/wp-content\/uploads\/2019\/02\/ShengShou-Mr-M-Set-2x2-3x3-4x4-5x5-schwarz_27_1024.jpeg\",\"datePublished\":\"2019-02-10T09:43:13+00:00\",\"dateModified\":\"2025-11-19T21:21:03+00:00\",\"breadcrumb\":{\"@id\":\"https:\/\/www.groods.de\/index.php\/produkt\/shengshou-mr-m-magnetic-4er-set-2x2-3x3-4x4-5x5-black\/#breadcrumb\"},\"inLanguage\":\"de\",\"potentialAction\":[{\"@type\":\"ReadAction\",\"target\":[\"https:\/\/www.groods.de\/index.php\/produkt\/shengshou-mr-m-magnetic-4er-set-2x2-3x3-4x4-5x5-black\/\"]}]},{\"@type\":\"ImageObject\",\"inLanguage\":\"de\",\"@id\":\"https:\/\/www.groods.de\/index.php\/produkt\/shengshou-mr-m-magnetic-4er-set-2x2-3x3-4x4-5x5-black\/#primaryimage\",\"url\":\"https:\/\/www.groods.de\/wp-content\/uploads\/2019\/02\/ShengShou-Mr-M-Set-2x2-3x3-4x4-5x5-schwarz_27_1024.jpeg\",\"contentUrl\":\"https:\/\/www.groods.de\/wp-content\/uploads\/2019\/02\/ShengShou-Mr-M-Set-2x2-3x3-4x4-5x5-schwarz_27_1024.jpeg\",\"width\":1024,\"height\":1024},{\"@type\":\"BreadcrumbList\",\"@id\":\"https:\/\/www.groods.de\/index.php\/produkt\/shengshou-mr-m-magnetic-4er-set-2x2-3x3-4x4-5x5-black\/#breadcrumb\",\"itemListElement\":[{\"@type\":\"ListItem\",\"position\":1,\"name\":\"Startseite\",\"item\":\"https:\/\/www.groods.de\/\"},{\"@type\":\"ListItem\",\"position\":2,\"name\":\"Shop\",\"item\":\"https:\/\/www.groods.de\/index.php\/shop\/\"},{\"@type\":\"ListItem\",\"position\":3,\"name\":\"ShengShou Mr. M Magnet Speedcube 4er Set 2&#215;2 3&#215;3 4&#215;4 5&#215;5 &#8211; schwarz\"}]},{\"@type\":\"WebSite\",\"@id\":\"https:\/\/www.groods.de\/#website\",\"url\":\"https:\/\/www.groods.de\/\",\"name\":\"gRoods.de\",\"description\":\"Entdecke die Welt der Speedcubes\",\"publisher\":{\"@id\":\"https:\/\/www.groods.de\/#organization\"},\"potentialAction\":[{\"@type\":\"SearchAction\",\"target\":{\"@type\":\"EntryPoint\",\"urlTemplate\":\"https:\/\/www.groods.de\/?s={search_term_string}\"},\"query-input\":{\"@type\":\"PropertyValueSpecification\",\"valueRequired\":true,\"valueName\":\"search_term_string\"}}],\"inLanguage\":\"de\"},{\"@type\":\"Organization\",\"@id\":\"https:\/\/www.groods.de\/#organization\",\"name\":\"gRoods.de\",\"url\":\"https:\/\/www.groods.de\/\",\"logo\":{\"@type\":\"ImageObject\",\"inLanguage\":\"de\",\"@id\":\"https:\/\/www.groods.de\/#\/schema\/logo\/image\/\",\"url\":\"https:\/\/www.groods.de\/wp-content\/uploads\/2018\/08\/logo.png\",\"contentUrl\":\"https:\/\/www.groods.de\/wp-content\/uploads\/2018\/08\/logo.png\",\"width\":1077,\"height\":373,\"caption\":\"gRoods.de\"},\"image\":{\"@id\":\"https:\/\/www.groods.de\/#\/schema\/logo\/image\/\"}}]}<\/script>\n<!-- \/ Yoast SEO plugin. -->","yoast_head_json":{"title":"ShengShou Mr. M Magnet Speedcube 4er Set 2x2 3x3 4x4 5x5 - schwarz - gRoods","robots":{"index":"index","follow":"follow","max-snippet":"max-snippet:-1","max-image-preview":"max-image-preview:large","max-video-preview":"max-video-preview:-1"},"canonical":"https:\/\/www.groods.de\/index.php\/produkt\/shengshou-mr-m-magnetic-4er-set-2x2-3x3-4x4-5x5-black\/","og_locale":"de_DE","og_type":"article","og_title":"ShengShou Mr. M Magnet Speedcube 4er Set 2x2 3x3 4x4 5x5 - schwarz - gRoods","og_description":"Der ShengShou Mr. M ist der erste magnetische W\u00fcrfel von ShengShou. Der Mr. M hat sehr sch\u00f6ne kr\u00e4ftige Farben und eine griffige Oberfl\u00e4che. Die Magnete sind sehr stark was zu einem deutlichen einrasten der Drehungen f\u00fchrt. Drehgef\u00fchl und Performance sind sehr gut. Dieser W\u00fcrfel bietet einen sehr g\u00fcnstigen Einstieg in die Welt der magnetischen Speedcubes. F\u00fcr diesen Preis k\u00f6nnen Sie nichts falsch machen!","og_url":"https:\/\/www.groods.de\/index.php\/produkt\/shengshou-mr-m-magnetic-4er-set-2x2-3x3-4x4-5x5-black\/","og_site_name":"gRoods","article_modified_time":"2025-11-19T21:21:03+00:00","og_image":[{"width":1024,"height":1024,"url":"https:\/\/www.groods.de\/wp-content\/uploads\/2019\/02\/ShengShou-Mr-M-Set-2x2-3x3-4x4-5x5-schwarz_27_1024.jpeg","type":"image\/jpeg"}],"twitter_card":"summary_large_image","twitter_misc":{"Gesch\u00e4tzte Lesezeit":"2\u00a0Minuten"},"schema":{"@context":"https:\/\/schema.org","@graph":[{"@type":"WebPage","@id":"https:\/\/www.groods.de\/index.php\/produkt\/shengshou-mr-m-magnetic-4er-set-2x2-3x3-4x4-5x5-black\/","url":"https:\/\/www.groods.de\/index.php\/produkt\/shengshou-mr-m-magnetic-4er-set-2x2-3x3-4x4-5x5-black\/","name":"ShengShou Mr. M Magnet Speedcube 4er Set 2x2 3x3 4x4 5x5 - schwarz - gRoods","isPartOf":{"@id":"https:\/\/www.groods.de\/#website"},"primaryImageOfPage":{"@id":"https:\/\/www.groods.de\/index.php\/produkt\/shengshou-mr-m-magnetic-4er-set-2x2-3x3-4x4-5x5-black\/#primaryimage"},"image":{"@id":"https:\/\/www.groods.de\/index.php\/produkt\/shengshou-mr-m-magnetic-4er-set-2x2-3x3-4x4-5x5-black\/#primaryimage"},"thumbnailUrl":"https:\/\/www.groods.de\/wp-content\/uploads\/2019\/02\/ShengShou-Mr-M-Set-2x2-3x3-4x4-5x5-schwarz_27_1024.jpeg","datePublished":"2019-02-10T09:43:13+00:00","dateModified":"2025-11-19T21:21:03+00:00","breadcrumb":{"@id":"https:\/\/www.groods.de\/index.php\/produkt\/shengshou-mr-m-magnetic-4er-set-2x2-3x3-4x4-5x5-black\/#breadcrumb"},"inLanguage":"de","potentialAction":[{"@type":"ReadAction","target":["https:\/\/www.groods.de\/index.php\/produkt\/shengshou-mr-m-magnetic-4er-set-2x2-3x3-4x4-5x5-black\/"]}]},{"@type":"ImageObject","inLanguage":"de","@id":"https:\/\/www.groods.de\/index.php\/produkt\/shengshou-mr-m-magnetic-4er-set-2x2-3x3-4x4-5x5-black\/#primaryimage","url":"https:\/\/www.groods.de\/wp-content\/uploads\/2019\/02\/ShengShou-Mr-M-Set-2x2-3x3-4x4-5x5-schwarz_27_1024.jpeg","contentUrl":"https:\/\/www.groods.de\/wp-content\/uploads\/2019\/02\/ShengShou-Mr-M-Set-2x2-3x3-4x4-5x5-schwarz_27_1024.jpeg","width":1024,"height":1024},{"@type":"BreadcrumbList","@id":"https:\/\/www.groods.de\/index.php\/produkt\/shengshou-mr-m-magnetic-4er-set-2x2-3x3-4x4-5x5-black\/#breadcrumb","itemListElement":[{"@type":"ListItem","position":1,"name":"Startseite","item":"https:\/\/www.groods.de\/"},{"@type":"ListItem","position":2,"name":"Shop","item":"https:\/\/www.groods.de\/index.php\/shop\/"},{"@type":"ListItem","position":3,"name":"ShengShou Mr. M Magnet Speedcube 4er Set 2&#215;2 3&#215;3 4&#215;4 5&#215;5 &#8211; schwarz"}]},{"@type":"WebSite","@id":"https:\/\/www.groods.de\/#website","url":"https:\/\/www.groods.de\/","name":"gRoods.de","description":"Entdecke die Welt der Speedcubes","publisher":{"@id":"https:\/\/www.groods.de\/#organization"},"potentialAction":[{"@type":"SearchAction","target":{"@type":"EntryPoint","urlTemplate":"https:\/\/www.groods.de\/?s={search_term_string}"},"query-input":{"@type":"PropertyValueSpecification","valueRequired":true,"valueName":"search_term_string"}}],"inLanguage":"de"},{"@type":"Organization","@id":"https:\/\/www.groods.de\/#organization","name":"gRoods.de","url":"https:\/\/www.groods.de\/","logo":{"@type":"ImageObject","inLanguage":"de","@id":"https:\/\/www.groods.de\/#\/schema\/logo\/image\/","url":"https:\/\/www.groods.de\/wp-content\/uploads\/2018\/08\/logo.png","contentUrl":"https:\/\/www.groods.de\/wp-content\/uploads\/2018\/08\/logo.png","width":1077,"height":373,"caption":"gRoods.de"},"image":{"@id":"https:\/\/www.groods.de\/#\/schema\/logo\/image\/"}}]}},"_links":{"self":[{"href":"https:\/\/www.groods.de\/index.php\/wp-json\/wp\/v2\/product\/1179","targetHints":{"allow":["GET"]}}],"collection":[{"href":"https:\/\/www.groods.de\/index.php\/wp-json\/wp\/v2\/product"}],"about":[{"href":"https:\/\/www.groods.de\/index.php\/wp-json\/wp\/v2\/types\/product"}],"replies":[{"embeddable":true,"href":"https:\/\/www.groods.de\/index.php\/wp-json\/wp\/v2\/comments?post=1179"}],"wp:featuredmedia":[{"embeddable":true,"href":"https:\/\/www.groods.de\/index.php\/wp-json\/wp\/v2\/media\/1180"}],"wp:attachment":[{"href":"https:\/\/www.groods.de\/index.php\/wp-json\/wp\/v2\/media?parent=1179"}],"wp:term":[{"taxonomy":"product_brand","embeddable":true,"href":"https:\/\/www.groods.de\/index.php\/wp-json\/wp\/v2\/product_brand?post=1179"},{"taxonomy":"product_cat","embeddable":true,"href":"https:\/\/www.groods.de\/index.php\/wp-json\/wp\/v2\/product_cat?post=1179"},{"taxonomy":"product_tag","embeddable":true,"href":"https:\/\/www.groods.de\/index.php\/wp-json\/wp\/v2\/product_tag?post=1179"}],"curies":[{"name":"wp","href":"https:\/\/api.w.org\/{rel}","templated":true}]}}