{"id":11656,"date":"2023-10-31T22:47:01","date_gmt":"2023-10-31T21:47:01","guid":{"rendered":"https:\/\/www.groods.de\/index.php\/produkt\/apple-watch-ocean-loop\/"},"modified":"2025-12-21T21:33:40","modified_gmt":"2025-12-21T20:33:40","slug":"apple-watch-ocean-loop","status":"publish","type":"product","link":"https:\/\/www.groods.de\/index.php\/produkt\/apple-watch-ocean-loop\/","title":{"rendered":"Apple Watch &#8211; Ocean Loop"},"content":{"rendered":"<p>Das Ocean Armband ist aus einem leistungs\u00adf\u00e4higen Elastomer in einer r\u00f6hren\u00adf\u00f6rmigen Struktur geformt. Damit kannst du es dehnen, bis es optimal sitzt. Mit der Schlie\u00dfe aus Metall und einer verstellbaren \u00d6se sitzt das Armband auch bei Wassersport mit hohen Geschwindigkeiten sicher.<\/p>\n<p>Material: Fluorelastomer<\/p>\n","protected":false},"excerpt":{"rendered":"<p>Das Ocean Armband ist aus einem leistungs\u00adf\u00e4higen Elastomer in einer r\u00f6hren\u00adf\u00f6rmigen Struktur geformt. Damit kannst du es dehnen, bis es optimal sitzt. Mit der Schlie\u00dfe aus Metall und einer verstellbaren \u00d6se sitzt das Armband auch bei Wassersport mit hohen Geschwindigkeiten sicher. Material: Fluorelastomer<\/p>\n","protected":false},"featured_media":11771,"comment_status":"open","ping_status":"closed","template":"","meta":[],"product_brand":[],"product_cat":[129,128,136],"product_tag":[],"class_list":{"0":"post-11656","1":"product","2":"type-product","3":"status-publish","4":"has-post-thumbnail","6":"product_cat-apple-watch","7":"product_cat-armbaender","8":"product_cat-ocean-loop","10":"first","11":"instock","12":"taxable","13":"shipping-taxable","14":"purchasable","15":"product-type-variable"},"yoast_head":"<!-- This site is optimized with the Yoast SEO plugin v26.7 - https:\/\/yoast.com\/wordpress\/plugins\/seo\/ -->\n<title>Apple Watch - Ocean Loop - gRoods<\/title>\n<meta name=\"robots\" content=\"index, follow, max-snippet:-1, max-image-preview:large, max-video-preview:-1\" \/>\n<link rel=\"canonical\" href=\"https:\/\/www.groods.de\/index.php\/produkt\/apple-watch-ocean-loop\/\" \/>\n<meta property=\"og:locale\" content=\"de_DE\" \/>\n<meta property=\"og:type\" content=\"article\" \/>\n<meta property=\"og:title\" content=\"Apple Watch - Ocean Loop - gRoods\" \/>\n<meta property=\"og:description\" content=\"Das Ocean Armband ist aus einem leistungs\u00adf\u00e4higen Elastomer in einer r\u00f6hren\u00adf\u00f6rmigen Struktur geformt. Damit kannst du es dehnen, bis es optimal sitzt. Mit der Schlie\u00dfe aus Metall und einer verstellbaren \u00d6se sitzt das Armband auch bei Wassersport mit hohen Geschwindigkeiten sicher. Material: Fluorelastomer\" \/>\n<meta property=\"og:url\" content=\"https:\/\/www.groods.de\/index.php\/produkt\/apple-watch-ocean-loop\/\" \/>\n<meta property=\"og:site_name\" content=\"gRoods\" \/>\n<meta property=\"article:modified_time\" content=\"2025-12-21T20:33:40+00:00\" \/>\n<meta property=\"og:image\" content=\"https:\/\/www.groods.de\/wp-content\/uploads\/2023\/11\/AWOL-Apple20Watch20-20Oceal20Loop.jpg\" \/>\n\t<meta property=\"og:image:width\" content=\"960\" \/>\n\t<meta property=\"og:image:height\" content=\"960\" \/>\n\t<meta property=\"og:image:type\" content=\"image\/jpeg\" \/>\n<meta name=\"twitter:card\" content=\"summary_large_image\" \/>\n<meta name=\"twitter:label1\" content=\"Gesch\u00e4tzte Lesezeit\" \/>\n\t<meta name=\"twitter:data1\" content=\"1\u00a0Minute\" \/>\n<script type=\"application\/ld+json\" class=\"yoast-schema-graph\">{\"@context\":\"https:\/\/schema.org\",\"@graph\":[{\"@type\":\"WebPage\",\"@id\":\"https:\/\/www.groods.de\/index.php\/produkt\/apple-watch-ocean-loop\/\",\"url\":\"https:\/\/www.groods.de\/index.php\/produkt\/apple-watch-ocean-loop\/\",\"name\":\"Apple Watch - Ocean Loop - gRoods\",\"isPartOf\":{\"@id\":\"https:\/\/www.groods.de\/#website\"},\"primaryImageOfPage\":{\"@id\":\"https:\/\/www.groods.de\/index.php\/produkt\/apple-watch-ocean-loop\/#primaryimage\"},\"image\":{\"@id\":\"https:\/\/www.groods.de\/index.php\/produkt\/apple-watch-ocean-loop\/#primaryimage\"},\"thumbnailUrl\":\"https:\/\/www.groods.de\/wp-content\/uploads\/2023\/11\/AWOL-Apple20Watch20-20Oceal20Loop.jpg\",\"datePublished\":\"2023-10-31T21:47:01+00:00\",\"dateModified\":\"2025-12-21T20:33:40+00:00\",\"breadcrumb\":{\"@id\":\"https:\/\/www.groods.de\/index.php\/produkt\/apple-watch-ocean-loop\/#breadcrumb\"},\"inLanguage\":\"de\",\"potentialAction\":[{\"@type\":\"ReadAction\",\"target\":[\"https:\/\/www.groods.de\/index.php\/produkt\/apple-watch-ocean-loop\/\"]}]},{\"@type\":\"ImageObject\",\"inLanguage\":\"de\",\"@id\":\"https:\/\/www.groods.de\/index.php\/produkt\/apple-watch-ocean-loop\/#primaryimage\",\"url\":\"https:\/\/www.groods.de\/wp-content\/uploads\/2023\/11\/AWOL-Apple20Watch20-20Oceal20Loop.jpg\",\"contentUrl\":\"https:\/\/www.groods.de\/wp-content\/uploads\/2023\/11\/AWOL-Apple20Watch20-20Oceal20Loop.jpg\",\"width\":960,\"height\":960},{\"@type\":\"BreadcrumbList\",\"@id\":\"https:\/\/www.groods.de\/index.php\/produkt\/apple-watch-ocean-loop\/#breadcrumb\",\"itemListElement\":[{\"@type\":\"ListItem\",\"position\":1,\"name\":\"Startseite\",\"item\":\"https:\/\/www.groods.de\/\"},{\"@type\":\"ListItem\",\"position\":2,\"name\":\"Shop\",\"item\":\"https:\/\/www.groods.de\/index.php\/shop\/\"},{\"@type\":\"ListItem\",\"position\":3,\"name\":\"Apple Watch &#8211; Ocean Loop\"}]},{\"@type\":\"WebSite\",\"@id\":\"https:\/\/www.groods.de\/#website\",\"url\":\"https:\/\/www.groods.de\/\",\"name\":\"gRoods.de\",\"description\":\"Entdecke die Welt der Speedcubes\",\"publisher\":{\"@id\":\"https:\/\/www.groods.de\/#organization\"},\"potentialAction\":[{\"@type\":\"SearchAction\",\"target\":{\"@type\":\"EntryPoint\",\"urlTemplate\":\"https:\/\/www.groods.de\/?s={search_term_string}\"},\"query-input\":{\"@type\":\"PropertyValueSpecification\",\"valueRequired\":true,\"valueName\":\"search_term_string\"}}],\"inLanguage\":\"de\"},{\"@type\":\"Organization\",\"@id\":\"https:\/\/www.groods.de\/#organization\",\"name\":\"gRoods.de\",\"url\":\"https:\/\/www.groods.de\/\",\"logo\":{\"@type\":\"ImageObject\",\"inLanguage\":\"de\",\"@id\":\"https:\/\/www.groods.de\/#\/schema\/logo\/image\/\",\"url\":\"https:\/\/www.groods.de\/wp-content\/uploads\/2018\/08\/logo.png\",\"contentUrl\":\"https:\/\/www.groods.de\/wp-content\/uploads\/2018\/08\/logo.png\",\"width\":1077,\"height\":373,\"caption\":\"gRoods.de\"},\"image\":{\"@id\":\"https:\/\/www.groods.de\/#\/schema\/logo\/image\/\"}}]}<\/script>\n<!-- \/ Yoast SEO plugin. -->","yoast_head_json":{"title":"Apple Watch - Ocean Loop - gRoods","robots":{"index":"index","follow":"follow","max-snippet":"max-snippet:-1","max-image-preview":"max-image-preview:large","max-video-preview":"max-video-preview:-1"},"canonical":"https:\/\/www.groods.de\/index.php\/produkt\/apple-watch-ocean-loop\/","og_locale":"de_DE","og_type":"article","og_title":"Apple Watch - Ocean Loop - gRoods","og_description":"Das Ocean Armband ist aus einem leistungs\u00adf\u00e4higen Elastomer in einer r\u00f6hren\u00adf\u00f6rmigen Struktur geformt. Damit kannst du es dehnen, bis es optimal sitzt. Mit der Schlie\u00dfe aus Metall und einer verstellbaren \u00d6se sitzt das Armband auch bei Wassersport mit hohen Geschwindigkeiten sicher. Material: Fluorelastomer","og_url":"https:\/\/www.groods.de\/index.php\/produkt\/apple-watch-ocean-loop\/","og_site_name":"gRoods","article_modified_time":"2025-12-21T20:33:40+00:00","og_image":[{"width":960,"height":960,"url":"https:\/\/www.groods.de\/wp-content\/uploads\/2023\/11\/AWOL-Apple20Watch20-20Oceal20Loop.jpg","type":"image\/jpeg"}],"twitter_card":"summary_large_image","twitter_misc":{"Gesch\u00e4tzte Lesezeit":"1\u00a0Minute"},"schema":{"@context":"https:\/\/schema.org","@graph":[{"@type":"WebPage","@id":"https:\/\/www.groods.de\/index.php\/produkt\/apple-watch-ocean-loop\/","url":"https:\/\/www.groods.de\/index.php\/produkt\/apple-watch-ocean-loop\/","name":"Apple Watch - Ocean Loop - gRoods","isPartOf":{"@id":"https:\/\/www.groods.de\/#website"},"primaryImageOfPage":{"@id":"https:\/\/www.groods.de\/index.php\/produkt\/apple-watch-ocean-loop\/#primaryimage"},"image":{"@id":"https:\/\/www.groods.de\/index.php\/produkt\/apple-watch-ocean-loop\/#primaryimage"},"thumbnailUrl":"https:\/\/www.groods.de\/wp-content\/uploads\/2023\/11\/AWOL-Apple20Watch20-20Oceal20Loop.jpg","datePublished":"2023-10-31T21:47:01+00:00","dateModified":"2025-12-21T20:33:40+00:00","breadcrumb":{"@id":"https:\/\/www.groods.de\/index.php\/produkt\/apple-watch-ocean-loop\/#breadcrumb"},"inLanguage":"de","potentialAction":[{"@type":"ReadAction","target":["https:\/\/www.groods.de\/index.php\/produkt\/apple-watch-ocean-loop\/"]}]},{"@type":"ImageObject","inLanguage":"de","@id":"https:\/\/www.groods.de\/index.php\/produkt\/apple-watch-ocean-loop\/#primaryimage","url":"https:\/\/www.groods.de\/wp-content\/uploads\/2023\/11\/AWOL-Apple20Watch20-20Oceal20Loop.jpg","contentUrl":"https:\/\/www.groods.de\/wp-content\/uploads\/2023\/11\/AWOL-Apple20Watch20-20Oceal20Loop.jpg","width":960,"height":960},{"@type":"BreadcrumbList","@id":"https:\/\/www.groods.de\/index.php\/produkt\/apple-watch-ocean-loop\/#breadcrumb","itemListElement":[{"@type":"ListItem","position":1,"name":"Startseite","item":"https:\/\/www.groods.de\/"},{"@type":"ListItem","position":2,"name":"Shop","item":"https:\/\/www.groods.de\/index.php\/shop\/"},{"@type":"ListItem","position":3,"name":"Apple Watch &#8211; Ocean Loop"}]},{"@type":"WebSite","@id":"https:\/\/www.groods.de\/#website","url":"https:\/\/www.groods.de\/","name":"gRoods.de","description":"Entdecke die Welt der Speedcubes","publisher":{"@id":"https:\/\/www.groods.de\/#organization"},"potentialAction":[{"@type":"SearchAction","target":{"@type":"EntryPoint","urlTemplate":"https:\/\/www.groods.de\/?s={search_term_string}"},"query-input":{"@type":"PropertyValueSpecification","valueRequired":true,"valueName":"search_term_string"}}],"inLanguage":"de"},{"@type":"Organization","@id":"https:\/\/www.groods.de\/#organization","name":"gRoods.de","url":"https:\/\/www.groods.de\/","logo":{"@type":"ImageObject","inLanguage":"de","@id":"https:\/\/www.groods.de\/#\/schema\/logo\/image\/","url":"https:\/\/www.groods.de\/wp-content\/uploads\/2018\/08\/logo.png","contentUrl":"https:\/\/www.groods.de\/wp-content\/uploads\/2018\/08\/logo.png","width":1077,"height":373,"caption":"gRoods.de"},"image":{"@id":"https:\/\/www.groods.de\/#\/schema\/logo\/image\/"}}]}},"_links":{"self":[{"href":"https:\/\/www.groods.de\/index.php\/wp-json\/wp\/v2\/product\/11656","targetHints":{"allow":["GET"]}}],"collection":[{"href":"https:\/\/www.groods.de\/index.php\/wp-json\/wp\/v2\/product"}],"about":[{"href":"https:\/\/www.groods.de\/index.php\/wp-json\/wp\/v2\/types\/product"}],"replies":[{"embeddable":true,"href":"https:\/\/www.groods.de\/index.php\/wp-json\/wp\/v2\/comments?post=11656"}],"wp:featuredmedia":[{"embeddable":true,"href":"https:\/\/www.groods.de\/index.php\/wp-json\/wp\/v2\/media\/11771"}],"wp:attachment":[{"href":"https:\/\/www.groods.de\/index.php\/wp-json\/wp\/v2\/media?parent=11656"}],"wp:term":[{"taxonomy":"product_brand","embeddable":true,"href":"https:\/\/www.groods.de\/index.php\/wp-json\/wp\/v2\/product_brand?post=11656"},{"taxonomy":"product_cat","embeddable":true,"href":"https:\/\/www.groods.de\/index.php\/wp-json\/wp\/v2\/product_cat?post=11656"},{"taxonomy":"product_tag","embeddable":true,"href":"https:\/\/www.groods.de\/index.php\/wp-json\/wp\/v2\/product_tag?post=11656"}],"curies":[{"name":"wp","href":"https:\/\/api.w.org\/{rel}","templated":true}]}}