{"id":308,"date":"2018-08-26T17:56:07","date_gmt":"2018-08-26T15:56:07","guid":{"rendered":"https:\/\/www.groods.de\/index.php\/versandarten\/"},"modified":"2021-12-01T13:17:56","modified_gmt":"2021-12-01T12:17:56","slug":"versandarten","status":"publish","type":"page","link":"https:\/\/www.groods.de\/index.php\/versandarten\/","title":{"rendered":"Versand"},"content":{"rendered":"\n<h3 class=\"wp-block-heading\">Versandbedingungen<\/h3>\n\n\n\n<h4 class=\"wp-block-heading\">Informationen zu den Lieferzeiten<\/h4>\n\n\n\n<p>1-4 Werktage nach Zahlungseingang (au\u00dfer wenn auf der Produktseite anders angegeben)<br><\/p>\n\n\n\n<h4 class=\"wp-block-heading\">Versandkosten<\/h4>\n\n\n\n<p>Die Versandkosten betragen pauschal <strong>4,90 \u20ac<\/strong> f\u00fcr den Versand als versichertes DHL Paket.<\/p>\n\n\n\n<p><strong>K<\/strong><strong>ostenlose Lieferung ab 80 Euro Warenwert!<\/strong><\/p>\n\n\n\n<p>Der Versand ist derzeit ausschlie\u00dflich an deutsche Adressen m\u00f6glich! <\/p>\n\n\n\n<p><strong>Versanddienstleister<\/strong><\/p>\n\n\n\n<p>Der Versand erfolgt entweder generell als versichertes Paket mit Sendungsverfolgung an die vom Besteller angegebene Anschrift.<\/p>\n\n\n\n<p>Jede Sendung wird professionell verpackt und in einem Luftpolsterumschlag oder einem stabilen Versandkarton verschickt. Sie bekommen sobald Ihr Paket unterwegs ist eine E-Mail inkl. des Trackingcodes zur Sendungsverfolgung. So k\u00f6nnen Sie jederzeit den Status Ihrer Sendung online nachverfolgen.<\/p>\n\n\n\n<h4 class=\"wp-block-heading\">Retouren \/ R\u00fccksendungen<\/h4>\n\n\n\n<p>Wenn Sie die bereits erhaltene Ware zur\u00fccksenden m\u00f6chten, schicken Sie uns bitte eine Mail an service@groods.de. Sie erhalten dann ein Retourenformular von uns. Wir bitten Sie h\u00f6flichst, uns immer vorab zu informieren, und nichts unfrei (ohne Porto) an uns zu senden. Unfreie und unangemeldete Waren k\u00f6nnen nicht entgegengenommen werden!<br><\/p>\n\n\n\n<p><strong>Abholung<\/strong><\/p>\n\n\n\n<p>Eine Abholung online bestellter Ware ist aus logistischen Gr\u00fcnden nicht m\u00f6glich.<\/p>\n","protected":false},"excerpt":{"rendered":"<p>Versandbedingungen Informationen zu den Lieferzeiten 1-4 Werktage nach Zahlungseingang (au\u00dfer wenn auf der Produktseite anders angegeben) Versandkosten Die Versandkosten betragen pauschal 4,90 \u20ac f\u00fcr den Versand als versichertes DHL Paket. Kostenlose Lieferung ab 80 Euro Warenwert! Der Versand ist derzeit ausschlie\u00dflich an deutsche Adressen m\u00f6glich! Versanddienstleister Der Versand erfolgt entweder generell als versichertes Paket mit [&hellip;]<\/p>\n","protected":false},"author":1,"featured_media":0,"parent":0,"menu_order":0,"comment_status":"closed","ping_status":"closed","template":"","meta":{"footnotes":""},"class_list":["post-308","page","type-page","status-publish","hentry"],"yoast_head":"<!-- This site is optimized with the Yoast SEO plugin v26.7 - https:\/\/yoast.com\/wordpress\/plugins\/seo\/ -->\n<title>Versand - gRoods<\/title>\n<meta name=\"robots\" content=\"index, follow, max-snippet:-1, max-image-preview:large, max-video-preview:-1\" \/>\n<link rel=\"canonical\" href=\"https:\/\/www.groods.de\/index.php\/versandarten\/\" \/>\n<meta property=\"og:locale\" content=\"de_DE\" \/>\n<meta property=\"og:type\" content=\"article\" \/>\n<meta property=\"og:title\" content=\"Versand - gRoods\" \/>\n<meta property=\"og:description\" content=\"Versandbedingungen Informationen zu den Lieferzeiten 1-4 Werktage nach Zahlungseingang (au\u00dfer wenn auf der Produktseite anders angegeben) Versandkosten Die Versandkosten betragen pauschal 4,90 \u20ac f\u00fcr den Versand als versichertes DHL Paket. Kostenlose Lieferung ab 80 Euro Warenwert! Der Versand ist derzeit ausschlie\u00dflich an deutsche Adressen m\u00f6glich! Versanddienstleister Der Versand erfolgt entweder generell als versichertes Paket mit [&hellip;]\" \/>\n<meta property=\"og:url\" content=\"https:\/\/www.groods.de\/index.php\/versandarten\/\" \/>\n<meta property=\"og:site_name\" content=\"gRoods\" \/>\n<meta property=\"article:modified_time\" content=\"2021-12-01T12:17:56+00:00\" \/>\n<meta name=\"twitter:card\" content=\"summary_large_image\" \/>\n<meta name=\"twitter:label1\" content=\"Gesch\u00e4tzte Lesezeit\" \/>\n\t<meta name=\"twitter:data1\" content=\"1\u00a0Minute\" \/>\n<script type=\"application\/ld+json\" class=\"yoast-schema-graph\">{\"@context\":\"https:\/\/schema.org\",\"@graph\":[{\"@type\":\"WebPage\",\"@id\":\"https:\/\/www.groods.de\/index.php\/versandarten\/\",\"url\":\"https:\/\/www.groods.de\/index.php\/versandarten\/\",\"name\":\"Versand - gRoods\",\"isPartOf\":{\"@id\":\"https:\/\/www.groods.de\/#website\"},\"datePublished\":\"2018-08-26T15:56:07+00:00\",\"dateModified\":\"2021-12-01T12:17:56+00:00\",\"breadcrumb\":{\"@id\":\"https:\/\/www.groods.de\/index.php\/versandarten\/#breadcrumb\"},\"inLanguage\":\"de\",\"potentialAction\":[{\"@type\":\"ReadAction\",\"target\":[\"https:\/\/www.groods.de\/index.php\/versandarten\/\"]}]},{\"@type\":\"BreadcrumbList\",\"@id\":\"https:\/\/www.groods.de\/index.php\/versandarten\/#breadcrumb\",\"itemListElement\":[{\"@type\":\"ListItem\",\"position\":1,\"name\":\"Startseite\",\"item\":\"https:\/\/www.groods.de\/\"},{\"@type\":\"ListItem\",\"position\":2,\"name\":\"Versand\"}]},{\"@type\":\"WebSite\",\"@id\":\"https:\/\/www.groods.de\/#website\",\"url\":\"https:\/\/www.groods.de\/\",\"name\":\"gRoods.de\",\"description\":\"Entdecke die Welt der Speedcubes\",\"publisher\":{\"@id\":\"https:\/\/www.groods.de\/#organization\"},\"potentialAction\":[{\"@type\":\"SearchAction\",\"target\":{\"@type\":\"EntryPoint\",\"urlTemplate\":\"https:\/\/www.groods.de\/?s={search_term_string}\"},\"query-input\":{\"@type\":\"PropertyValueSpecification\",\"valueRequired\":true,\"valueName\":\"search_term_string\"}}],\"inLanguage\":\"de\"},{\"@type\":\"Organization\",\"@id\":\"https:\/\/www.groods.de\/#organization\",\"name\":\"gRoods.de\",\"url\":\"https:\/\/www.groods.de\/\",\"logo\":{\"@type\":\"ImageObject\",\"inLanguage\":\"de\",\"@id\":\"https:\/\/www.groods.de\/#\/schema\/logo\/image\/\",\"url\":\"https:\/\/www.groods.de\/wp-content\/uploads\/2018\/08\/logo.png\",\"contentUrl\":\"https:\/\/www.groods.de\/wp-content\/uploads\/2018\/08\/logo.png\",\"width\":1077,\"height\":373,\"caption\":\"gRoods.de\"},\"image\":{\"@id\":\"https:\/\/www.groods.de\/#\/schema\/logo\/image\/\"}}]}<\/script>\n<!-- \/ Yoast SEO plugin. -->","yoast_head_json":{"title":"Versand - gRoods","robots":{"index":"index","follow":"follow","max-snippet":"max-snippet:-1","max-image-preview":"max-image-preview:large","max-video-preview":"max-video-preview:-1"},"canonical":"https:\/\/www.groods.de\/index.php\/versandarten\/","og_locale":"de_DE","og_type":"article","og_title":"Versand - gRoods","og_description":"Versandbedingungen Informationen zu den Lieferzeiten 1-4 Werktage nach Zahlungseingang (au\u00dfer wenn auf der Produktseite anders angegeben) Versandkosten Die Versandkosten betragen pauschal 4,90 \u20ac f\u00fcr den Versand als versichertes DHL Paket. Kostenlose Lieferung ab 80 Euro Warenwert! Der Versand ist derzeit ausschlie\u00dflich an deutsche Adressen m\u00f6glich! Versanddienstleister Der Versand erfolgt entweder generell als versichertes Paket mit [&hellip;]","og_url":"https:\/\/www.groods.de\/index.php\/versandarten\/","og_site_name":"gRoods","article_modified_time":"2021-12-01T12:17:56+00:00","twitter_card":"summary_large_image","twitter_misc":{"Gesch\u00e4tzte Lesezeit":"1\u00a0Minute"},"schema":{"@context":"https:\/\/schema.org","@graph":[{"@type":"WebPage","@id":"https:\/\/www.groods.de\/index.php\/versandarten\/","url":"https:\/\/www.groods.de\/index.php\/versandarten\/","name":"Versand - gRoods","isPartOf":{"@id":"https:\/\/www.groods.de\/#website"},"datePublished":"2018-08-26T15:56:07+00:00","dateModified":"2021-12-01T12:17:56+00:00","breadcrumb":{"@id":"https:\/\/www.groods.de\/index.php\/versandarten\/#breadcrumb"},"inLanguage":"de","potentialAction":[{"@type":"ReadAction","target":["https:\/\/www.groods.de\/index.php\/versandarten\/"]}]},{"@type":"BreadcrumbList","@id":"https:\/\/www.groods.de\/index.php\/versandarten\/#breadcrumb","itemListElement":[{"@type":"ListItem","position":1,"name":"Startseite","item":"https:\/\/www.groods.de\/"},{"@type":"ListItem","position":2,"name":"Versand"}]},{"@type":"WebSite","@id":"https:\/\/www.groods.de\/#website","url":"https:\/\/www.groods.de\/","name":"gRoods.de","description":"Entdecke die Welt der Speedcubes","publisher":{"@id":"https:\/\/www.groods.de\/#organization"},"potentialAction":[{"@type":"SearchAction","target":{"@type":"EntryPoint","urlTemplate":"https:\/\/www.groods.de\/?s={search_term_string}"},"query-input":{"@type":"PropertyValueSpecification","valueRequired":true,"valueName":"search_term_string"}}],"inLanguage":"de"},{"@type":"Organization","@id":"https:\/\/www.groods.de\/#organization","name":"gRoods.de","url":"https:\/\/www.groods.de\/","logo":{"@type":"ImageObject","inLanguage":"de","@id":"https:\/\/www.groods.de\/#\/schema\/logo\/image\/","url":"https:\/\/www.groods.de\/wp-content\/uploads\/2018\/08\/logo.png","contentUrl":"https:\/\/www.groods.de\/wp-content\/uploads\/2018\/08\/logo.png","width":1077,"height":373,"caption":"gRoods.de"},"image":{"@id":"https:\/\/www.groods.de\/#\/schema\/logo\/image\/"}}]}},"_links":{"self":[{"href":"https:\/\/www.groods.de\/index.php\/wp-json\/wp\/v2\/pages\/308","targetHints":{"allow":["GET"]}}],"collection":[{"href":"https:\/\/www.groods.de\/index.php\/wp-json\/wp\/v2\/pages"}],"about":[{"href":"https:\/\/www.groods.de\/index.php\/wp-json\/wp\/v2\/types\/page"}],"author":[{"embeddable":true,"href":"https:\/\/www.groods.de\/index.php\/wp-json\/wp\/v2\/users\/1"}],"replies":[{"embeddable":true,"href":"https:\/\/www.groods.de\/index.php\/wp-json\/wp\/v2\/comments?post=308"}],"version-history":[{"count":8,"href":"https:\/\/www.groods.de\/index.php\/wp-json\/wp\/v2\/pages\/308\/revisions"}],"predecessor-version":[{"id":7850,"href":"https:\/\/www.groods.de\/index.php\/wp-json\/wp\/v2\/pages\/308\/revisions\/7850"}],"wp:attachment":[{"href":"https:\/\/www.groods.de\/index.php\/wp-json\/wp\/v2\/media?parent=308"}],"curies":[{"name":"wp","href":"https:\/\/api.w.org\/{rel}","templated":true}]}}