{"id":307,"date":"2018-08-26T17:56:07","date_gmt":"2018-08-26T15:56:07","guid":{"rendered":"https:\/\/www.groods.de\/index.php\/widerrufsbelehrung\/"},"modified":"2019-04-06T10:09:46","modified_gmt":"2019-04-06T08:09:46","slug":"widerrufsbelehrung","status":"publish","type":"page","link":"https:\/\/www.groods.de\/index.php\/widerrufsbelehrung\/","title":{"rendered":"Widerrufsbelehrung"},"content":{"rendered":"\n<h3 class=\"wp-block-heading\">Widerrufsrecht<\/h3>\n\n\n\n<p>Sie haben das Recht, binnen vierzehn Tagen ohne Angabe von Gr\u00fcnden diesen Vertrag zu widerrufen.<\/p>\n\n\n\n<p>Die  Widerrufsfrist betr\u00e4gt vierzehn Tage ab dem Tag an dem Sie oder ein von  Ihnen benannter Dritter, der nicht der Bef\u00f6rderer ist, die Waren in  Besitz genommen haben bzw. hat.<\/p>\n\n\n\n<p>Um Ihr Widerrufsrecht auszu\u00fcben, m\u00fcssen Sie uns ( Stefan Grumpelt Georginenweg 20 01169 Dresden,&nbsp;E-Mail: <a href=\"mailto:info@groods.de\">info@groods.de<\/a> ) mittels einer eindeutigen Erkl\u00e4rung (z. B. ein mit der Post versandter Brief, Telefax oder E-Mail) \u00fcber Ihren Entschluss, diesen Vertrag zu widerrufen, informieren. Sie k\u00f6nnen daf\u00fcr das beigef\u00fcgte Muster-Widerrufsformular verwenden, das jedoch nicht vorgeschrieben ist.<\/p>\n\n\n\n<p>Zur Wahrung der  Widerrufsfrist reicht es aus, dass Sie die Mitteilung \u00fcber die Aus\u00fcbung  des Widerrufsrechts vor Ablauf der Widerrufsfrist absenden.<\/p>\n\n\n\n<h3 class=\"wp-block-heading\">Folgen des Widerrufs<\/h3>\n\n\n\n<p>Wenn  Sie diesen Vertrag widerrufen, haben wir Ihnen alle Zahlungen, die wir  von Ihnen erhalten haben, einschlie\u00dflich der Lieferkosten (mit Ausnahme  der zus\u00e4tzlichen Kosten, die sich daraus ergeben, dass Sie eine andere  Art der Lieferung als die von uns angebotene, g\u00fcnstigste  Standardlieferung gew\u00e4hlt haben), unverz\u00fcglich und sp\u00e4testens binnen  vierzehn Tagen ab dem Tag zur\u00fcckzuzahlen, an dem die Mitteilung \u00fcber  Ihren Widerruf dieses Vertrags bei uns eingegangen ist. F\u00fcr diese  R\u00fcckzahlung verwenden wir dasselbe Zahlungsmittel, das Sie bei der  urspr\u00fcnglichen Transaktion eingesetzt haben, es sei denn, mit Ihnen  wurde ausdr\u00fccklich etwas anderes vereinbart; in keinem Fall werden Ihnen  wegen dieser R\u00fcckzahlung Entgelte berechnet. Wir k\u00f6nnen die R\u00fcckzahlung  verweigern, bis wir die Waren wieder zur\u00fcckerhalten haben oder bis Sie  den Nachweis erbracht haben, dass Sie die Waren zur\u00fcckgesandt haben, je  nachdem, welches der fr\u00fchere Zeitpunkt ist.<\/p>\n\n\n\n<p>Sie haben die Waren  unverz\u00fcglich und in jedem Fall sp\u00e4testens binnen vierzehn Tagen ab dem  Tag, an dem Sie uns \u00fcber den Widerruf dieses Vertrags unterrichten, an  uns zur\u00fcckzusenden oder zu \u00fcbergeben. Die Frist ist gewahrt, wenn Sie  die Waren vor Ablauf der Frist von vierzehn Tagen absenden.  Sie tragen die unmittelbaren Kosten der R\u00fccksendung der Waren. Sie  m\u00fcssen f\u00fcr einen etwaigen Wertverlust der Waren nur aufkommen, wenn  dieser Wertverlust auf einen zur Pr\u00fcfung der Beschaffenheit,  Eigenschaften und Funktionsweise der Waren nicht notwendigen Umgang mit  ihnen zur\u00fcckzuf\u00fchren ist.<\/p>\n\n\n\n<p>Wir k\u00f6nnen die R\u00fcckzahlung verweigern, bis wir die Waren wieder zur\u00fcckerhalten haben oder bis Sie den Nachweis erbracht haben, dass Sie die Waren zur\u00fcckgesandt haben, je nachdem, welches der fr\u00fchere Zeitpunkt ist. Sie tragen die unmittelbaren Kosten der R\u00fccksendung der Waren.<\/p>\n\n\n\n<p>Das beizuf\u00fcgende Muster-Widerrufsformular:<\/p>\n\n\n\n<h3 class=\"wp-block-heading\">Muster Widerrufsformular<\/h3>\n\n\n\n<p>(Wenn Sie den Vertrag widerrufen wollen, dann f\u00fcllen Sie bitte dieses Formular aus und senden Sie es zur\u00fcck.)<\/p>\n\n\n\n<ul class=\"wp-block-list\"><li>An:\n Stefan Grumpelt\nGeorginenweg 20\n01169 Dresden<\/li><li>Hiermit  widerrufe(n) ich (<strong>*<\/strong>) den von mir\/uns (<strong>*<\/strong>) abgeschlossenen Vertrag  \u00fcber den Kauf der folgenden Waren (<strong>*<\/strong>)\/die Erbringung der folgenden  Dienstleistung (<strong>*<\/strong>)<\/li><li>Bestellt am (<em>)\/erhalten am (<\/em>)<\/li><li>Name des\/der Verbraucher(s)<\/li><li>Anschrift des\/der Verbraucher(s)<\/li><li>Unterschrift des\/der Verbraucher(s) (nur bei Mitteilung auf Papier)<\/li><li>Datum<\/li><\/ul>\n\n\n\n<p><strong>__<\/strong><strong>_<\/strong><\/p>\n\n\n\n<p>(*) Unzutreffendes streichen.<\/p>\n","protected":false},"excerpt":{"rendered":"<p>Widerrufsrecht Sie haben das Recht, binnen vierzehn Tagen ohne Angabe von Gr\u00fcnden diesen Vertrag zu widerrufen. Die Widerrufsfrist betr\u00e4gt vierzehn Tage ab dem Tag an dem Sie oder ein von Ihnen benannter Dritter, der nicht der Bef\u00f6rderer ist, die Waren in Besitz genommen haben bzw. hat. Um Ihr Widerrufsrecht auszu\u00fcben, m\u00fcssen Sie uns ( Stefan [&hellip;]<\/p>\n","protected":false},"author":1,"featured_media":0,"parent":0,"menu_order":0,"comment_status":"closed","ping_status":"closed","template":"","meta":{"footnotes":""},"class_list":["post-307","page","type-page","status-publish","hentry"],"yoast_head":"<!-- This site is optimized with the Yoast SEO plugin v26.7 - https:\/\/yoast.com\/wordpress\/plugins\/seo\/ -->\n<title>Widerrufsbelehrung - gRoods<\/title>\n<meta name=\"robots\" content=\"index, follow, max-snippet:-1, max-image-preview:large, max-video-preview:-1\" \/>\n<link rel=\"canonical\" href=\"https:\/\/www.groods.de\/index.php\/widerrufsbelehrung\/\" \/>\n<meta property=\"og:locale\" content=\"de_DE\" \/>\n<meta property=\"og:type\" content=\"article\" \/>\n<meta property=\"og:title\" content=\"Widerrufsbelehrung - gRoods\" \/>\n<meta property=\"og:description\" content=\"Widerrufsrecht Sie haben das Recht, binnen vierzehn Tagen ohne Angabe von Gr\u00fcnden diesen Vertrag zu widerrufen. Die Widerrufsfrist betr\u00e4gt vierzehn Tage ab dem Tag an dem Sie oder ein von Ihnen benannter Dritter, der nicht der Bef\u00f6rderer ist, die Waren in Besitz genommen haben bzw. hat. Um Ihr Widerrufsrecht auszu\u00fcben, m\u00fcssen Sie uns ( Stefan [&hellip;]\" \/>\n<meta property=\"og:url\" content=\"https:\/\/www.groods.de\/index.php\/widerrufsbelehrung\/\" \/>\n<meta property=\"og:site_name\" content=\"gRoods\" \/>\n<meta property=\"article:modified_time\" content=\"2019-04-06T08:09:46+00:00\" \/>\n<meta name=\"twitter:card\" content=\"summary_large_image\" \/>\n<meta name=\"twitter:label1\" content=\"Gesch\u00e4tzte Lesezeit\" \/>\n\t<meta name=\"twitter:data1\" content=\"3\u00a0Minuten\" \/>\n<script type=\"application\/ld+json\" class=\"yoast-schema-graph\">{\"@context\":\"https:\/\/schema.org\",\"@graph\":[{\"@type\":\"WebPage\",\"@id\":\"https:\/\/www.groods.de\/index.php\/widerrufsbelehrung\/\",\"url\":\"https:\/\/www.groods.de\/index.php\/widerrufsbelehrung\/\",\"name\":\"Widerrufsbelehrung - gRoods\",\"isPartOf\":{\"@id\":\"https:\/\/www.groods.de\/#website\"},\"datePublished\":\"2018-08-26T15:56:07+00:00\",\"dateModified\":\"2019-04-06T08:09:46+00:00\",\"breadcrumb\":{\"@id\":\"https:\/\/www.groods.de\/index.php\/widerrufsbelehrung\/#breadcrumb\"},\"inLanguage\":\"de\",\"potentialAction\":[{\"@type\":\"ReadAction\",\"target\":[\"https:\/\/www.groods.de\/index.php\/widerrufsbelehrung\/\"]}]},{\"@type\":\"BreadcrumbList\",\"@id\":\"https:\/\/www.groods.de\/index.php\/widerrufsbelehrung\/#breadcrumb\",\"itemListElement\":[{\"@type\":\"ListItem\",\"position\":1,\"name\":\"Startseite\",\"item\":\"https:\/\/www.groods.de\/\"},{\"@type\":\"ListItem\",\"position\":2,\"name\":\"Widerrufsbelehrung\"}]},{\"@type\":\"WebSite\",\"@id\":\"https:\/\/www.groods.de\/#website\",\"url\":\"https:\/\/www.groods.de\/\",\"name\":\"gRoods.de\",\"description\":\"Entdecke die Welt der Speedcubes\",\"publisher\":{\"@id\":\"https:\/\/www.groods.de\/#organization\"},\"potentialAction\":[{\"@type\":\"SearchAction\",\"target\":{\"@type\":\"EntryPoint\",\"urlTemplate\":\"https:\/\/www.groods.de\/?s={search_term_string}\"},\"query-input\":{\"@type\":\"PropertyValueSpecification\",\"valueRequired\":true,\"valueName\":\"search_term_string\"}}],\"inLanguage\":\"de\"},{\"@type\":\"Organization\",\"@id\":\"https:\/\/www.groods.de\/#organization\",\"name\":\"gRoods.de\",\"url\":\"https:\/\/www.groods.de\/\",\"logo\":{\"@type\":\"ImageObject\",\"inLanguage\":\"de\",\"@id\":\"https:\/\/www.groods.de\/#\/schema\/logo\/image\/\",\"url\":\"https:\/\/www.groods.de\/wp-content\/uploads\/2018\/08\/logo.png\",\"contentUrl\":\"https:\/\/www.groods.de\/wp-content\/uploads\/2018\/08\/logo.png\",\"width\":1077,\"height\":373,\"caption\":\"gRoods.de\"},\"image\":{\"@id\":\"https:\/\/www.groods.de\/#\/schema\/logo\/image\/\"}}]}<\/script>\n<!-- \/ Yoast SEO plugin. -->","yoast_head_json":{"title":"Widerrufsbelehrung - gRoods","robots":{"index":"index","follow":"follow","max-snippet":"max-snippet:-1","max-image-preview":"max-image-preview:large","max-video-preview":"max-video-preview:-1"},"canonical":"https:\/\/www.groods.de\/index.php\/widerrufsbelehrung\/","og_locale":"de_DE","og_type":"article","og_title":"Widerrufsbelehrung - gRoods","og_description":"Widerrufsrecht Sie haben das Recht, binnen vierzehn Tagen ohne Angabe von Gr\u00fcnden diesen Vertrag zu widerrufen. Die Widerrufsfrist betr\u00e4gt vierzehn Tage ab dem Tag an dem Sie oder ein von Ihnen benannter Dritter, der nicht der Bef\u00f6rderer ist, die Waren in Besitz genommen haben bzw. hat. Um Ihr Widerrufsrecht auszu\u00fcben, m\u00fcssen Sie uns ( Stefan [&hellip;]","og_url":"https:\/\/www.groods.de\/index.php\/widerrufsbelehrung\/","og_site_name":"gRoods","article_modified_time":"2019-04-06T08:09:46+00:00","twitter_card":"summary_large_image","twitter_misc":{"Gesch\u00e4tzte Lesezeit":"3\u00a0Minuten"},"schema":{"@context":"https:\/\/schema.org","@graph":[{"@type":"WebPage","@id":"https:\/\/www.groods.de\/index.php\/widerrufsbelehrung\/","url":"https:\/\/www.groods.de\/index.php\/widerrufsbelehrung\/","name":"Widerrufsbelehrung - gRoods","isPartOf":{"@id":"https:\/\/www.groods.de\/#website"},"datePublished":"2018-08-26T15:56:07+00:00","dateModified":"2019-04-06T08:09:46+00:00","breadcrumb":{"@id":"https:\/\/www.groods.de\/index.php\/widerrufsbelehrung\/#breadcrumb"},"inLanguage":"de","potentialAction":[{"@type":"ReadAction","target":["https:\/\/www.groods.de\/index.php\/widerrufsbelehrung\/"]}]},{"@type":"BreadcrumbList","@id":"https:\/\/www.groods.de\/index.php\/widerrufsbelehrung\/#breadcrumb","itemListElement":[{"@type":"ListItem","position":1,"name":"Startseite","item":"https:\/\/www.groods.de\/"},{"@type":"ListItem","position":2,"name":"Widerrufsbelehrung"}]},{"@type":"WebSite","@id":"https:\/\/www.groods.de\/#website","url":"https:\/\/www.groods.de\/","name":"gRoods.de","description":"Entdecke die Welt der Speedcubes","publisher":{"@id":"https:\/\/www.groods.de\/#organization"},"potentialAction":[{"@type":"SearchAction","target":{"@type":"EntryPoint","urlTemplate":"https:\/\/www.groods.de\/?s={search_term_string}"},"query-input":{"@type":"PropertyValueSpecification","valueRequired":true,"valueName":"search_term_string"}}],"inLanguage":"de"},{"@type":"Organization","@id":"https:\/\/www.groods.de\/#organization","name":"gRoods.de","url":"https:\/\/www.groods.de\/","logo":{"@type":"ImageObject","inLanguage":"de","@id":"https:\/\/www.groods.de\/#\/schema\/logo\/image\/","url":"https:\/\/www.groods.de\/wp-content\/uploads\/2018\/08\/logo.png","contentUrl":"https:\/\/www.groods.de\/wp-content\/uploads\/2018\/08\/logo.png","width":1077,"height":373,"caption":"gRoods.de"},"image":{"@id":"https:\/\/www.groods.de\/#\/schema\/logo\/image\/"}}]}},"_links":{"self":[{"href":"https:\/\/www.groods.de\/index.php\/wp-json\/wp\/v2\/pages\/307","targetHints":{"allow":["GET"]}}],"collection":[{"href":"https:\/\/www.groods.de\/index.php\/wp-json\/wp\/v2\/pages"}],"about":[{"href":"https:\/\/www.groods.de\/index.php\/wp-json\/wp\/v2\/types\/page"}],"author":[{"embeddable":true,"href":"https:\/\/www.groods.de\/index.php\/wp-json\/wp\/v2\/users\/1"}],"replies":[{"embeddable":true,"href":"https:\/\/www.groods.de\/index.php\/wp-json\/wp\/v2\/comments?post=307"}],"version-history":[{"count":5,"href":"https:\/\/www.groods.de\/index.php\/wp-json\/wp\/v2\/pages\/307\/revisions"}],"predecessor-version":[{"id":8429,"href":"https:\/\/www.groods.de\/index.php\/wp-json\/wp\/v2\/pages\/307\/revisions\/8429"}],"wp:attachment":[{"href":"https:\/\/www.groods.de\/index.php\/wp-json\/wp\/v2\/media?parent=307"}],"curies":[{"name":"wp","href":"https:\/\/api.w.org\/{rel}","templated":true}]}}