{"id":306,"date":"2018-08-26T17:56:07","date_gmt":"2018-08-26T15:56:07","guid":{"rendered":"https:\/\/www.groods.de\/index.php\/agb\/"},"modified":"2018-09-03T07:51:47","modified_gmt":"2018-09-03T05:51:47","slug":"agb","status":"publish","type":"page","link":"https:\/\/www.groods.de\/index.php\/agb\/","title":{"rendered":"AGB"},"content":{"rendered":"\n<h2 class=\"wp-block-heading\">Allgemeine Gesch\u00e4ftsbedingungen  <\/h2>\n\n\n\n<p><strong>1. Allgemeines:<\/strong><\/p>\n\n\n\n<p>1.1. Unsere Lieferungen, Leistungen und Angebote erfolgen ausschlie\u00dflich aufgrund unserer nachstehenden Gesch\u00e4ftsbedingungen. Entgegenstehende oder hiervon abweichende Bedingungen des Bestellers bed\u00fcrfen zu ihrer Geltung unserer ausdr\u00fccklichen schriftlichen Anerkennung. Unsere Gesch\u00e4ftsbedingungen gelten auch dann, wenn wir in Kenntnis entgegenstehender oder hiervon abweichender Bedingungen des Bestellers vorbehaltlos liefern. Die vorliegenden Allgemeinen Verkaufsbedingungen (AVB) gelten f\u00fcr alle Gesch\u00e4ftsbeziehungen mit unseren Kunden, wenn der Kunde Unternehmer (\u00a7 14 BGB), eine juristische Person des \u00f6ffentlichen Rechts oder ein \u00f6ffentlich-rechtliches Sonderverm\u00f6gen ist. <\/p>\n\n\n\n<p>1.2. Abweichende Vereinbarungen zwischen uns und dem Besteller bed\u00fcrfen der Schriftform<\/p>\n\n\n\n<p>1.3. Diese Gesch\u00e4ftsbedingungen treten an die Stelle fr\u00fcherer Gesch\u00e4ftsbedingungen und gelten auch f\u00fcr alle k\u00fcnftigen Gesch\u00e4fte mit dem Besteller.<\/p>\n\n\n\n<p><strong>2. Angebote und Preise:<\/strong><\/p>\n\n\n\n<p>2.1. Unsere Angebote sind freibleibend. Dies gilt auch, wenn wir Ihnen Kataloge, sonstige Produktbeschreibungen oder Unterlagen \u2013 auch in elektronischer Form \u2013 \u00fcberlassen haben, an denen wir uns Eigentums- und Urheberrechte vorbehalten.<\/p>\n\n\n\n<p>Bestellungen sind f\u00fcr uns nur verbindlich, sofern wir sie best\u00e4tigen oder ihnen durch \u00dcbersendung der Ware nachkommen.<\/p>\n\n\n\n<p>2.3. Alle Verf\u00fcgbarkeitsangaben von Artikeln in unserem Onlineshop k\u00f6nnen aus technischen Gr\u00fcnden von der tats\u00e4chlichen Lagermenge abweichen. Diese Angaben sind daher keine Gew\u00e4hr auf Lieferbarkeit.<\/p>\n\n\n\n<p>2.4. Durch Ver\u00e4nderungen auf dem Devisen- und\/oder Rohstoffmarkt behalten wir uns m\u00f6gliche Preis\u00e4nderungen vor.<\/p>\n\n\n\n<p><strong>3. Lieferung:<\/strong><\/p>\n\n\n\n<p>3.1. Wir beliefern ausschlie\u00dflich gegen Vorkasse, au\u00dfer es sind andere individuelle Zahlungsbedingungen vereinbart. Auslandslieferungen erfolgen generell gegen Vorkasse.\n3.2. Die Einhaltung einer Lieferfrist setzt die rechtzeitige und ordnungsgem\u00e4\u00dfe Erf\u00fcllung der Vertragspflichten des Bestellers voraus. Die Lieferfrist ist eingehalten, wenn bis zu deren Ablauf der Liefergegenstand unser &#8222;Werk&#8220; verlassen hat oder Versandbereitschaft angezeigt ist.\n3.3. F\u00e4lle h\u00f6herer Gewalt &#8211; als solche gelten Umst\u00e4nde und Vorkommnisse, die mit der Sorgfalt einer ordentlichen Betriebsf\u00fchrung nicht verhindert werden k\u00f6nnen &#8211; suspendieren die Vertragsverpflichtungen der Parteien f\u00fcr die Dauer der St\u00f6rung und im Umfang ihrer Wirkung. Dies gilt auch, wenn die vorgenannten Umst\u00e4nde w\u00e4hrend eines bereits gegebenen Verzuges eintreten. \u00dcberschreiten sich daraus ergebende Verz\u00f6gerungen im Zeitraum von 3 Monaten, ist jede der Parteien berechtigt, hinsichtlich des betroffenen Leistungsumfanges vom Vertrag zur\u00fcckzutreten. Sonstige Anspr\u00fcche bestehen nicht.\n3.4.Teillieferungen in zumutbarem Umfang sind zul\u00e4ssig. Unseren Mindestabnahmemengen bzw. Verpackungseinheiten entsprechende Mehr- oder Minderlieferungen sind bei hiervon abweichenden Bestellungen zul\u00e4ssig.<\/p>\n\n\n\n<p><strong>4. Versand und Gefahr\u00fcbergang:<\/strong><\/p>\n\n\n\n<p>Verladung und Versand erfolgen &#8222;ab Werk&#8220; unversichert auf Kosten und Gefahr des Bestellers, und zwar auch dann, wenn Teillieferungen erfolgen oder wir andere Leistungen, z.B. Versandkosten oder Anfuhr \u00fcbernommen haben.\nVerz\u00f6gert sich der Versand aus Gr\u00fcnden, die der Besteller zu vertreten hat, geht die Gefahr mit Anzeige der Versandbereitschaft auf den Besteller \u00fcber.\nMangels anderweitiger Vereinbarung w\u00e4hlen wir den Bef\u00f6rderer. Auf Wunsch des Bestellers decken wir die Lieferung auf seine Kosten durch eine Transportversicherung.<\/p>\n\n\n\n<p><strong>5. Zahlung:<\/strong><\/p>\n\n\n\n<p>5.1.Eine Belieferung gegen Rechnung ist nur nach schriftlicher Vereinbarung und nach Bonit\u00e4tspr\u00fcfung m\u00f6glich. Unsere Rechnungen sind ohne Abzug sofort zahlbar. Auslandslieferungen erfolgen generell gegen Vorkasse.\n5.2. Bei Zahlungsverzug sind wir unter Vorbehalt der Geltendmachung eines weiteren Schadens berechtigt, Verzugszinsen in H\u00f6he von 8% \u00fcber dem Basiszinssatz zu verlangen.\n5.3. Bei Zahlungsverzug sind wir berechtigt, s\u00e4mtliche Anspr\u00fcche aus der Gesch\u00e4ftsverbindung f\u00e4llig zu stellen.\n5.4. Aufrechnungs- oder Zur\u00fcckbehaltungsrechte stehen dem Besteller nur zu, wenn seine Gegenanspr\u00fcche rechtskr\u00e4ftig festgestellt, unbestritten oder von uns anerkannt sind.<\/p>\n\n\n\n<p><strong>6. M\u00e4ngelgew\u00e4hrleistung:<\/strong><\/p>\n\n\n\n<p>6.1. Wir vertreiben keine Produkte, von denen wir wissen, dass sie mit Rechten Dritter, insbesondere mit gewerblichen Schutzrechten (Patente, Gebrauchsmuster, Geschmacksmuster, Marke) belastet sind. Wir \u00fcbernehmen jedoch keinerlei Haftung daf\u00fcr, dass die von uns gelieferte Ware nicht frei von Rechten Dritter ist. Insbesondere haben wir die Waren nicht auf die Freiheit von Rechten Dritter gepr\u00fcft. Wir schlie\u00dfen jede Verantwortung gegen\u00fcber dem Besteller f\u00fcr F\u00e4lle aus, in denen dieser wegen angeblicher oder tats\u00e4chlicher Verletzung von gewerblichen Schutzrechten Dritter in Anspruch genommen wird. F\u00fcr den Fall, dass ein Verletzungsfall auftritt, haben wir das Recht, die Lieferung der verletzenden Produkte sofort einzustellen.\n6.2. Gew\u00e4hrleistungsrechte des Bestellers setzen voraus, dass dieser seinen nach \u00a7377 HGB geschuldeten Untersuchungs- und R\u00fcgeobliegenheiten ordnungsgem\u00e4\u00df nachgekommen ist. Beanstandungen werden nur ber\u00fccksichtigt, wenn sie uns unverz\u00fcglich nach Erhalt der Ware &#8211; bei verborgenen M\u00e4ngeln nach deren Entdeckung &#8211; schriftlich angezeigt werden.\n6.3. F\u00fcr Neuware leisten wir unter den Voraussetzungen von Ziff. 6.1. wie folgt Gew\u00e4hr:\n6.3.1. Soweit ein von uns zu vertretender Mangel der Ware vorliegt, sind wir nach unserer Wahl zur M\u00e4ngelbeseitigung oder Nachlieferung berechtigt. Beanstandete Ware ist uns zu einem vereinbarten Termin an einem vereinbarten Ort zur Verf\u00fcgung zu stellen. Wurde die Ware bereits weitergeliefert oder an mehrere Empf\u00e4nger verteilt, gehen die Kosten f\u00fcr das Zusammenstellen der beanstandeten Ware nicht zu unseren Lasten. Die beanstandete Ware darf nur mit unserem ausdr\u00fccklichen Einverst\u00e4ndnis zur\u00fcckgesandt werden.\n6.3.2. Sind wir zur M\u00e4ngelbeseitigung oder Nachlieferung nicht bereit, nicht in der Lage, verz\u00f6gert sie sich \u00fcber eine angemessene Frist hinaus aus Gr\u00fcnden, die wir zu vertreten haben, oder schl\u00e4gt sie in sonstiger Weise fehl, ist der Besteller berechtigt, R\u00fcckg\u00e4ngigmachung des Vertrages oder Herabsetzung des Kaufpreises zu verlangen.\n6.3.3. Soweit sich nachstehend (Ziffer 6.3.4. und 6.3.5) nichts anderes ergibt, sind weitergehende Anspr\u00fcche des Bestellers ausgeschlossen. Wir haften daher nicht f\u00fcr Sch\u00e4den, die nicht am Liefergegenstand selbst entstanden sind, insbesondere nicht f\u00fcr entgangenen Gewinn oder sonstige Verm\u00f6genssch\u00e4den des Bestellers.\n6.3.4. Vorstehende Haftungsfreizeichnung gilt nicht, soweit die Schadensursache auf Vorsatz oder grober Fahrl\u00e4ssigkeit beruht.<\/p>\n\n\n\n<p>6.3.5. Im Fall der schuldhaften Verletzung einer wesentlichen Vertragspflicht ist die Haftung auf den vertragstypischen, vern\u00fcnftigerweise vorhersehbaren Schaden begrenzt. Im \u00fcbrigen ist sie gem\u00e4\u00df Ziffer 6.3.3 ausgeschlossen.<\/p>\n\n\n\n<p>6.3.6. Bei Ma\u00dfanfertigungen, Veredelung nach Kundenw\u00fcnschen oder Einzelanfertigungen von Waren nach Kundenspezifikationen ist eine R\u00fcckgabe bzw. Umtausch nur bei M\u00e4ngeln entsprechend den gesetzlichen Vorschriften m\u00f6glich <\/p>\n\n\n\n<p><strong>7. Gesamthaftung:<\/strong><\/p>\n\n\n\n<p>7.1. Eine weitergehende Haftung auf Schadensersatz als in Ziffer 6.3.3 bis 6.3.5. vorgesehen, ist ausgeschlossen. Dies gilt nicht, f\u00fcr Anspr\u00fcche nach dem ProdHaftG sowie bei anf\u00e4nglichem Unverm\u00f6gen oder von uns zu vertretender Unm\u00f6glichkeit.\n7.2. Soweit unsere Haftung ausgeschlossen oder beschr\u00e4nkt ist, gilt dies auch f\u00fcr die pers\u00f6nliche Haftung unserer Angestellten, Arbeitnehmer, Mitarbeiter, Vertreter und Erf\u00fcllungsgehilfen.\nWegen einer Pflichtverletzung, die nicht in einem Mangel besteht, kann der K\u00e4ufer nur zur\u00fccktreten oder k\u00fcndigen, wenn wir die Pflichtverletzung zu vertreten haben. Ein freies K\u00fcndigungsrecht des K\u00e4ufers (insbesondere gem \u00a7\u00a7 651, 649 BGB) wird ausgeschlossen<\/p>\n\n\n\n<p><strong>8. Datenschutz<\/strong>\nHinweis nach \u00a733 BDSG: Die elektronische Speicherung und Verarbeitung der Kundendaten erfolgt unter strikter Beachtung des Bundesdatenschutzgesetzes. Wir gew\u00e4hrleisten, dass das System und die vom Kunden \u00fcbermittelten Daten nach dem derzeitigen Stand der Technik ausreichend gesichert werden. Aufgrund der zur Verf\u00fcgungsstellung \u00fcber Internet l\u00e4sst sich aber ein fremdes Einwirken auf die Systemumgebung nicht ausschlie\u00dfen. Aus diesem Grund gilt f\u00fcr den Verlust und die Zerst\u00f6rung von Daten die Haftungsbegrenzung in Ziffer 7 (siehe Gesamthaftung)<\/p>\n\n\n\n<p><strong>9. Eigentumsvorbehalt:<\/strong><\/p>\n\n\n\n<p>9.1. Von uns gelieferte Ware bleibt unser Eigentum, bis alle Verbindlichkeiten des Bestellers aus dem Liefervertrag mit uns vollst\u00e4ndig erf\u00fcllt sind. Bei vertragswidrigem Verhalten des Bestellers, insbesondere bei Zahlungsverzug, sind wir berechtigt, die von uns gelieferte Ware zur\u00fcckzunehmen. In der R\u00fccknahme oder Pf\u00e4ndung der Ware liegt kein R\u00fccktritt vom Vertrag.\n9.2. Der Besteller ist berechtigt, die Ware im ordentlichen Gesch\u00e4ftsgang weiterzuver\u00e4u\u00dfern. Er tritt jedoch bereits jetzt alle Forderungen i. H. des mit uns vereinbarten Rechnungsendbetrages einschl. Mehrwertsteuer ab, die ihm aus der Weiterver\u00e4u\u00dferung entstehen. Ungeachtet dieser Abtretung ist er bis auf Widerruf, der nur bei Zahlungsverzug oder -einstellung zul\u00e4ssig ist, zur Einziehung der Forderung erm\u00e4chtigt.<\/p>\n\n\n\n<p><strong>10. Gesetzliche Vorschriften:<\/strong>Es liegt in der Verantwortung des Kunden, die gesetzlichen Vorschriften hinsichtlich des Im- und Exportes sowie des Verkaufs der von uns gelieferten Waren zu beachten.<\/p>\n\n\n\n<p><strong>11. Farbbezeichnungen und Gr\u00f6\u00dfenangaben<\/strong><\/p>\n\n\n\n<p>Die in unseren Publikationen (Katalog, Internet etc.) angegebenen Farbbezeichnungen und Gr\u00f6\u00dfenangaben unterliegen keinen Normen. R\u00fcckschl\u00fcsse auf bestimmte Abmessungen oder Farbvorstellungen sind aufgrund dieser Angaben nicht m\u00f6glich. Selbst innerhalb einer Marke k\u00f6nnen unterschiedliche Artikel (z.B. Poloshirt und T-Shirt) bei gleicher Gr\u00f6\u00dfenangabe v\u00f6llig unterschiedliche Abmessungen haben. Insbesondere bei sog. Slim-Fit\/Body-Fit-Shirts m\u00fcssen die Gr\u00f6\u00dfenl\u00e4ufe nicht mit den Unisex-Artikeln der gleichen Marke \u00fcbereinstimmen. \u00c4hnliches gilt f\u00fcr Damen- und Herrenshirts des gleichen Herstellers. Es ist selbstverst\u00e4ndlich, dass Damenshirts anders geschnitten sind als die entsprechenden Herrenshirts obwohl die Gr\u00f6\u00dfenangabe v\u00f6llig identisch ist.\nDieselbe Farbbezeichnung kann bei unterschiedlichen Marken oder auch unterschiedlichen Artikeln einer Marke v\u00f6llig anders aussehen. Leider l\u00e4sst sich dieses Problem auch nicht durch die im Katalog abgedruckten Farbbalken l\u00f6sen. Jeder abgedruckte Farbbalken im Katalog erscheint unter verschiedenen Lichtquellen anders und eine Textilfarbgebung zu 100% im Papierdruck darzustellen ist nahezu unm\u00f6glich.\nAbweichungen in Gr\u00f6\u00dfe und Farbe begr\u00fcnden deshalb in der Regel keine Mangelanspr\u00fcche. Eindringlich hingewiesen werden soll hier auch darauf, dass jeder Textilartikel aus Baumwolle bzw. Baumwoll- Polyestergemisch vor dem ersten Tragen gewaschen werden muss. Aufgrund der (v\u00f6llig unbedenklichen und ungef\u00e4hrlichen) chemischen R\u00fcckst\u00e4nde bei Textilien kann bei es bei sofortigem ungewaschenen Tragen insbesondere unter UV-\nEinwirkung zu chemischen Reaktionen zwischen K\u00f6rperschwei\u00df und den R\u00fcckst\u00e4nden kommen. Die dadurch entstehenden Farbbeeintr\u00e4chtigungen bleiben auch nach sp\u00e4teren W\u00e4schen bestehen. Beanstandungen bzw. Reklamationen hierf\u00fcr sind in der Regel ausgeschlossen.<\/p>\n\n\n\n<p><strong>12. Urheberrecht<\/strong><\/p>\n\n\n\n<p>Als Auftraggeber haften Sie allein, wenn durch die Ausf\u00fchrung Ihres Auftrags Rechte, insbesondere Urheberrechte Dritter verletzt werden. Sie haben den Auftragnehmer von allen Anspr\u00fcchen Dritter wegen solcher Rechtsverletzung freizustellen.<\/p>\n\n\n\n<p><strong>13. Erf\u00fcllungsort und Gerichtstand:<\/strong>\n10.1. Erf\u00fcllungsort ist Dresden\/Deutschland. F\u00fcr alle durch das Vertragsverh\u00e4ltnis begr\u00fcndeten oder mit ihm zusammenh\u00e4ngenden Rechtsverh\u00e4ltnisse gilt ausschlie\u00dflich deutsches Recht, unter Ausschluss des UN-Kaufrechts.\n10.2 F\u00fcr alle Streitigkeiten zwischen den Parteien ist Dresden\/Deutschland Gerichtsstand, Art. 6 Nr. 2 EuGVVO findet keine Anwendung.<\/p>\n\n\n\n<p><strong>Hinweis:<\/strong>\nDie EU-Kommission bietet die M\u00f6glichkeit zur Online-Streitbeilegung auf einer von ihr betriebenen Online-Plattform. Diese Plattform ist \u00fcber nachfolgenden externen Link zu erreichen:\nPlattform der EU-Kommission zur Online-Streitbeilegung:<a href=\"http:\/\/ec.europa.eu\/consumers\/odr\/\"> http:\/\/ec.europa.eu\/consumers\/odr\/<\/a><\/p>\n","protected":false},"excerpt":{"rendered":"<p>Allgemeine Gesch\u00e4ftsbedingungen 1. Allgemeines: 1.1. Unsere Lieferungen, Leistungen und Angebote erfolgen ausschlie\u00dflich aufgrund unserer nachstehenden Gesch\u00e4ftsbedingungen. Entgegenstehende oder hiervon abweichende Bedingungen des Bestellers bed\u00fcrfen zu ihrer Geltung unserer ausdr\u00fccklichen schriftlichen Anerkennung. Unsere Gesch\u00e4ftsbedingungen gelten auch dann, wenn wir in Kenntnis entgegenstehender oder hiervon abweichender Bedingungen des Bestellers vorbehaltlos liefern. Die vorliegenden Allgemeinen Verkaufsbedingungen (AVB) gelten [&hellip;]<\/p>\n","protected":false},"author":1,"featured_media":0,"parent":0,"menu_order":0,"comment_status":"closed","ping_status":"closed","template":"","meta":{"footnotes":""},"class_list":["post-306","page","type-page","status-publish","hentry"],"yoast_head":"<!-- This site is optimized with the Yoast SEO plugin v26.7 - https:\/\/yoast.com\/wordpress\/plugins\/seo\/ -->\n<title>AGB - gRoods<\/title>\n<meta name=\"robots\" content=\"index, follow, max-snippet:-1, max-image-preview:large, max-video-preview:-1\" \/>\n<link rel=\"canonical\" href=\"https:\/\/www.groods.de\/index.php\/agb\/\" \/>\n<meta property=\"og:locale\" content=\"de_DE\" \/>\n<meta property=\"og:type\" content=\"article\" \/>\n<meta property=\"og:title\" content=\"AGB - gRoods\" \/>\n<meta property=\"og:description\" content=\"Allgemeine Gesch\u00e4ftsbedingungen 1. Allgemeines: 1.1. Unsere Lieferungen, Leistungen und Angebote erfolgen ausschlie\u00dflich aufgrund unserer nachstehenden Gesch\u00e4ftsbedingungen. Entgegenstehende oder hiervon abweichende Bedingungen des Bestellers bed\u00fcrfen zu ihrer Geltung unserer ausdr\u00fccklichen schriftlichen Anerkennung. Unsere Gesch\u00e4ftsbedingungen gelten auch dann, wenn wir in Kenntnis entgegenstehender oder hiervon abweichender Bedingungen des Bestellers vorbehaltlos liefern. Die vorliegenden Allgemeinen Verkaufsbedingungen (AVB) gelten [&hellip;]\" \/>\n<meta property=\"og:url\" content=\"https:\/\/www.groods.de\/index.php\/agb\/\" \/>\n<meta property=\"og:site_name\" content=\"gRoods\" \/>\n<meta property=\"article:modified_time\" content=\"2018-09-03T05:51:47+00:00\" \/>\n<meta name=\"twitter:card\" content=\"summary_large_image\" \/>\n<meta name=\"twitter:label1\" content=\"Gesch\u00e4tzte Lesezeit\" \/>\n\t<meta name=\"twitter:data1\" content=\"8\u00a0Minuten\" \/>\n<script type=\"application\/ld+json\" class=\"yoast-schema-graph\">{\"@context\":\"https:\/\/schema.org\",\"@graph\":[{\"@type\":\"WebPage\",\"@id\":\"https:\/\/www.groods.de\/index.php\/agb\/\",\"url\":\"https:\/\/www.groods.de\/index.php\/agb\/\",\"name\":\"AGB - gRoods\",\"isPartOf\":{\"@id\":\"https:\/\/www.groods.de\/#website\"},\"datePublished\":\"2018-08-26T15:56:07+00:00\",\"dateModified\":\"2018-09-03T05:51:47+00:00\",\"breadcrumb\":{\"@id\":\"https:\/\/www.groods.de\/index.php\/agb\/#breadcrumb\"},\"inLanguage\":\"de\",\"potentialAction\":[{\"@type\":\"ReadAction\",\"target\":[\"https:\/\/www.groods.de\/index.php\/agb\/\"]}]},{\"@type\":\"BreadcrumbList\",\"@id\":\"https:\/\/www.groods.de\/index.php\/agb\/#breadcrumb\",\"itemListElement\":[{\"@type\":\"ListItem\",\"position\":1,\"name\":\"Startseite\",\"item\":\"https:\/\/www.groods.de\/\"},{\"@type\":\"ListItem\",\"position\":2,\"name\":\"AGB\"}]},{\"@type\":\"WebSite\",\"@id\":\"https:\/\/www.groods.de\/#website\",\"url\":\"https:\/\/www.groods.de\/\",\"name\":\"gRoods.de\",\"description\":\"Entdecke die Welt der Speedcubes\",\"publisher\":{\"@id\":\"https:\/\/www.groods.de\/#organization\"},\"potentialAction\":[{\"@type\":\"SearchAction\",\"target\":{\"@type\":\"EntryPoint\",\"urlTemplate\":\"https:\/\/www.groods.de\/?s={search_term_string}\"},\"query-input\":{\"@type\":\"PropertyValueSpecification\",\"valueRequired\":true,\"valueName\":\"search_term_string\"}}],\"inLanguage\":\"de\"},{\"@type\":\"Organization\",\"@id\":\"https:\/\/www.groods.de\/#organization\",\"name\":\"gRoods.de\",\"url\":\"https:\/\/www.groods.de\/\",\"logo\":{\"@type\":\"ImageObject\",\"inLanguage\":\"de\",\"@id\":\"https:\/\/www.groods.de\/#\/schema\/logo\/image\/\",\"url\":\"https:\/\/www.groods.de\/wp-content\/uploads\/2018\/08\/logo.png\",\"contentUrl\":\"https:\/\/www.groods.de\/wp-content\/uploads\/2018\/08\/logo.png\",\"width\":1077,\"height\":373,\"caption\":\"gRoods.de\"},\"image\":{\"@id\":\"https:\/\/www.groods.de\/#\/schema\/logo\/image\/\"}}]}<\/script>\n<!-- \/ Yoast SEO plugin. -->","yoast_head_json":{"title":"AGB - gRoods","robots":{"index":"index","follow":"follow","max-snippet":"max-snippet:-1","max-image-preview":"max-image-preview:large","max-video-preview":"max-video-preview:-1"},"canonical":"https:\/\/www.groods.de\/index.php\/agb\/","og_locale":"de_DE","og_type":"article","og_title":"AGB - gRoods","og_description":"Allgemeine Gesch\u00e4ftsbedingungen 1. Allgemeines: 1.1. Unsere Lieferungen, Leistungen und Angebote erfolgen ausschlie\u00dflich aufgrund unserer nachstehenden Gesch\u00e4ftsbedingungen. Entgegenstehende oder hiervon abweichende Bedingungen des Bestellers bed\u00fcrfen zu ihrer Geltung unserer ausdr\u00fccklichen schriftlichen Anerkennung. Unsere Gesch\u00e4ftsbedingungen gelten auch dann, wenn wir in Kenntnis entgegenstehender oder hiervon abweichender Bedingungen des Bestellers vorbehaltlos liefern. Die vorliegenden Allgemeinen Verkaufsbedingungen (AVB) gelten [&hellip;]","og_url":"https:\/\/www.groods.de\/index.php\/agb\/","og_site_name":"gRoods","article_modified_time":"2018-09-03T05:51:47+00:00","twitter_card":"summary_large_image","twitter_misc":{"Gesch\u00e4tzte Lesezeit":"8\u00a0Minuten"},"schema":{"@context":"https:\/\/schema.org","@graph":[{"@type":"WebPage","@id":"https:\/\/www.groods.de\/index.php\/agb\/","url":"https:\/\/www.groods.de\/index.php\/agb\/","name":"AGB - gRoods","isPartOf":{"@id":"https:\/\/www.groods.de\/#website"},"datePublished":"2018-08-26T15:56:07+00:00","dateModified":"2018-09-03T05:51:47+00:00","breadcrumb":{"@id":"https:\/\/www.groods.de\/index.php\/agb\/#breadcrumb"},"inLanguage":"de","potentialAction":[{"@type":"ReadAction","target":["https:\/\/www.groods.de\/index.php\/agb\/"]}]},{"@type":"BreadcrumbList","@id":"https:\/\/www.groods.de\/index.php\/agb\/#breadcrumb","itemListElement":[{"@type":"ListItem","position":1,"name":"Startseite","item":"https:\/\/www.groods.de\/"},{"@type":"ListItem","position":2,"name":"AGB"}]},{"@type":"WebSite","@id":"https:\/\/www.groods.de\/#website","url":"https:\/\/www.groods.de\/","name":"gRoods.de","description":"Entdecke die Welt der Speedcubes","publisher":{"@id":"https:\/\/www.groods.de\/#organization"},"potentialAction":[{"@type":"SearchAction","target":{"@type":"EntryPoint","urlTemplate":"https:\/\/www.groods.de\/?s={search_term_string}"},"query-input":{"@type":"PropertyValueSpecification","valueRequired":true,"valueName":"search_term_string"}}],"inLanguage":"de"},{"@type":"Organization","@id":"https:\/\/www.groods.de\/#organization","name":"gRoods.de","url":"https:\/\/www.groods.de\/","logo":{"@type":"ImageObject","inLanguage":"de","@id":"https:\/\/www.groods.de\/#\/schema\/logo\/image\/","url":"https:\/\/www.groods.de\/wp-content\/uploads\/2018\/08\/logo.png","contentUrl":"https:\/\/www.groods.de\/wp-content\/uploads\/2018\/08\/logo.png","width":1077,"height":373,"caption":"gRoods.de"},"image":{"@id":"https:\/\/www.groods.de\/#\/schema\/logo\/image\/"}}]}},"_links":{"self":[{"href":"https:\/\/www.groods.de\/index.php\/wp-json\/wp\/v2\/pages\/306","targetHints":{"allow":["GET"]}}],"collection":[{"href":"https:\/\/www.groods.de\/index.php\/wp-json\/wp\/v2\/pages"}],"about":[{"href":"https:\/\/www.groods.de\/index.php\/wp-json\/wp\/v2\/types\/page"}],"author":[{"embeddable":true,"href":"https:\/\/www.groods.de\/index.php\/wp-json\/wp\/v2\/users\/1"}],"replies":[{"embeddable":true,"href":"https:\/\/www.groods.de\/index.php\/wp-json\/wp\/v2\/comments?post=306"}],"version-history":[{"count":1,"href":"https:\/\/www.groods.de\/index.php\/wp-json\/wp\/v2\/pages\/306\/revisions"}],"predecessor-version":[{"id":528,"href":"https:\/\/www.groods.de\/index.php\/wp-json\/wp\/v2\/pages\/306\/revisions\/528"}],"wp:attachment":[{"href":"https:\/\/www.groods.de\/index.php\/wp-json\/wp\/v2\/media?parent=306"}],"curies":[{"name":"wp","href":"https:\/\/api.w.org\/{rel}","templated":true}]}}